{"id":23704,"date":"2026-04-20T18:47:15","date_gmt":"2026-04-20T21:47:15","guid":{"rendered":"https:\/\/fluxolimpo.ia.br\/loja\/produto\/calca-de-ioga-esportiva-de-alta-resistencia-cintura-alta-modeladora-e-de-secagem-rapida\/"},"modified":"2026-04-20T18:47:28","modified_gmt":"2026-04-20T21:47:28","slug":"calca-de-ioga-esportiva-de-alta-resistencia-cintura-alta-modeladora-e-de-secagem-rapida","status":"publish","type":"product","link":"https:\/\/fluxolimpo.ia.br\/loja\/produto\/calca-de-ioga-esportiva-de-alta-resistencia-cintura-alta-modeladora-e-de-secagem-rapida\/","title":{"rendered":"Cal\u00e7a de ioga esportiva de alta resist\u00eancia, cintura alta, modeladora e de secagem r\u00e1pida"},"content":{"rendered":"<p> <b> <font dir=\"auto\" style=\"vertical-align: inherit\"> <font dir=\"auto\" style=\"vertical-align: inherit\">Informa\u00e7\u00f5es do produto:<\/font> <\/font> <\/b> <br \/> <font dir=\"auto\" style=\"vertical-align: inherit\"> <font dir=\"auto\" style=\"vertical-align: inherit\"> Cores: branco e cinza, azul marinho, azul marinho, preto, rosa, c\u00e1qui, cinza escuro, azul escuro, cinza grafite, cinza tit\u00e2nio <\/font> <\/font> <br \/> <font dir=\"auto\" style=\"vertical-align: inherit\"> <font dir=\"auto\" style=\"vertical-align: inherit\">Comprimento da cal\u00e7a: cropped <\/font> <\/font> <br \/> <font dir=\"auto\" style=\"vertical-align: inherit\"> <font dir=\"auto\" style=\"vertical-align: inherit\">Tamanhos: P, M, G, GG <\/font> <\/font> <br \/> <font dir=\"auto\" style=\"vertical-align: inherit\"> <font dir=\"auto\" style=\"vertical-align: inherit\">Composi\u00e7\u00e3o do forro: elastano <\/font> <\/font> <br \/> <font dir=\"auto\" style=\"vertical-align: inherit\"> <font dir=\"auto\" style=\"vertical-align: inherit\">Nome do tecido: mistura de algod\u00e3o <\/font> <\/font> <br \/> <font dir=\"auto\" style=\"vertical-align: inherit\"> <font dir=\"auto\" style=\"vertical-align: inherit\">Cen\u00e1rios de uso: equipamentos de gin\u00e1stica, fitness, moda esportiva, ciclismo <\/font> <\/font> <br \/> <font dir=\"auto\" style=\"vertical-align: inherit\"> <font dir=\"auto\" style=\"vertical-align: inherit\">Fun\u00e7\u00e3o: respir\u00e1vel <\/font> <\/font> <br \/> <font dir=\"auto\" style=\"vertical-align: inherit\"> <font dir=\"auto\" style=\"vertical-align: inherit\">Composi\u00e7\u00e3o do tecido: nylon <\/font> <\/font> <br \/> <font dir=\"auto\" style=\"vertical-align: inherit\"> <font dir=\"auto\" style=\"vertical-align: inherit\">Estilo da roupa: justa<\/font> <\/font> <\/p>\n<p><b> <font dir=\"auto\" style=\"vertical-align: inherit\"> <font dir=\"auto\" style=\"vertical-align: inherit\">Nota:<\/font> <\/font> <\/b><br \/>\n<font dir=\"auto\" style=\"vertical-align: inherit\"> <font dir=\"auto\" style=\"vertical-align: inherit\"> 1. Os tamanhos asi\u00e1ticos s\u00e3o de 1 a 2 tamanhos menores que os tamanhos europeus e americanos. Escolha o tamanho maior se o seu tamanho estiver entre dois tamanhos. Por favor, permita uma diferen\u00e7a de 2 a 3 cm devido \u00e0 medi\u00e7\u00e3o manual. 2. Por favor, verifique a tabela de tamanhos cuidadosamente antes de comprar o item. Se voc\u00ea n\u00e3o souber como escolher o tamanho, entre em contato com nosso atendimento ao cliente. 3. Como voc\u00ea sabe, os diferentes computadores exibem cores de maneira diferente, a cor do item real pode variar ligeiramente das imagens a seguir. <\/font> <\/font><br \/>\n<b> <font dir=\"auto\" style=\"vertical-align: inherit\"> <font dir=\"auto\" style=\"vertical-align: inherit\">Lista de embalagem:<\/font> <\/font> <\/b><br \/>\n<br \/> <br \/>\n<font dir=\"auto\" style=\"vertical-align: inherit\"> <font dir=\"auto\" style=\"vertical-align: inherit\"> Cal\u00e7a de ioga * 1&nbsp; <\/font> <\/font><br \/>\n<b> <font dir=\"auto\" style=\"vertical-align: inherit\"> <font dir=\"auto\" style=\"vertical-align: inherit\">Imagem do produto:<\/font> <\/font> <\/b> &nbsp;<br \/>\n<img decoding=\"async\" src=\"https:\/\/oss-cf.cjdropshipping.com\/product\/2024\/09\/20\/10\/3c8c8507-ec48-4500-b658-4ae12059bfaa_trans.jpeg\"><br \/>\n<img decoding=\"async\" src=\"https:\/\/cf.cjdropshipping.com\/quick\/product\/d46fc0e5-5552-4ec4-8f47-c7cab73caf6e.jpg\"><br \/>\n<img decoding=\"async\" src=\"https:\/\/cf.cjdropshipping.com\/quick\/product\/4f434eef-0d8f-4921-8c0e-601ffbe64268.jpg\"><br \/>\n<img decoding=\"async\" src=\"https:\/\/cf.cjdropshipping.com\/quick\/product\/52a9b087-130f-4f5b-9118-ef142df6ac9d.jpg\"><br \/>\n<img decoding=\"async\" src=\"https:\/\/cf.cjdropshipping.com\/quick\/product\/a7ab3e43-4156-446f-99ba-f59fa0382459.jpg\"><br \/>\n<img decoding=\"async\" src=\"https:\/\/cf.cjdropshipping.com\/quick\/product\/a3f70c9c-78b1-4b31-9036-3448d4af480e.jpg\"><br \/>\n<img decoding=\"async\" src=\"https:\/\/cf.cjdropshipping.com\/quick\/product\/e406c90b-5e6d-4d8a-baa4-0f169e93682c.jpg\"><br \/>\n<img decoding=\"async\" src=\"https:\/\/cf.cjdropshipping.com\/quick\/product\/de4e1fbe-25b8-4bf4-8059-4a21213cc8da.jpg\"><br \/>\n<img decoding=\"async\" src=\"https:\/\/cf.cjdropshipping.com\/quick\/product\/0590b609-e944-4681-9bc9-ad3dbf9c6fba.jpg\"><br \/>\n<img decoding=\"async\" src=\"https:\/\/cf.cjdropshipping.com\/quick\/product\/33e13ada-8fd2-4ad1-9397-b5b3fc710abb.jpg\"><br \/>\n<img decoding=\"async\" src=\"https:\/\/cf.cjdropshipping.com\/quick\/product\/2e332abe-8a40-46a9-9233-2496a93f40c6.jpg\"><br \/>\n<img decoding=\"async\" src=\"https:\/\/cf.cjdropshipping.com\/quick\/product\/614de3b1-b537-47a0-8f1a-726c432b6229.jpg\"><br \/>\n<img decoding=\"async\" src=\"https:\/\/cf.cjdropshipping.com\/quick\/product\/f53fb49c-bc2d-4c22-92fb-83e3d19e7159.jpg\"><br \/>\n<img decoding=\"async\" src=\"https:\/\/cf.cjdropshipping.com\/quick\/product\/b365cbf6-9431-4750-8c93-85988fba5db0.jpg\"><br \/>\n<img decoding=\"async\" src=\"https:\/\/cf.cjdropshipping.com\/quick\/product\/cb200a77-3698-4728-af28-84ad4d9a012d.jpg\"><br \/>\n<img decoding=\"async\" src=\"https:\/\/cf.cjdropshipping.com\/quick\/product\/9c30bb3c-4ead-49c3-8b48-28f6796c61f0.jpg\"><br \/>\n<img decoding=\"async\" src=\"https:\/\/cf.cjdropshipping.com\/quick\/product\/d56c0020-91fa-4758-9037-52b500ea2a0b.jpg\"><br \/>\n<img decoding=\"async\" src=\"https:\/\/cf.cjdropshipping.com\/quick\/product\/bcb6ec87-644f-4904-8157-4dde8876935c.jpg\"><br \/>\n<img decoding=\"async\" src=\"https:\/\/cf.cjdropshipping.com\/quick\/product\/c2f01fc5-9ff9-4daa-b789-35ba7959b52c.jpg\"><br \/>\n<img decoding=\"async\" src=\"https:\/\/cf.cjdropshipping.com\/quick\/product\/3f63386f-cf48-4f89-a010-5b6ebdf05ab4.jpg\"><br \/>\n<img decoding=\"async\" src=\"https:\/\/cf.cjdropshipping.com\/quick\/product\/8fda9656-c605-40da-8c0c-fcab5b11f0b9.jpg\"><br \/>\n<img decoding=\"async\" src=\"https:\/\/cf.cjdropshipping.com\/quick\/product\/4c0a94bb-9ced-46eb-a54d-8e91eab47d77.jpg\"><\/p>\n","protected":false},"excerpt":{"rendered":"<p>Informa\u00e7\u00f5es do produto: Cores: branco e cinza, azul marinho, azul marinho, preto, rosa, c\u00e1qui, cinza escuro, azul escuro, cinza grafite, cinza tit\u00e2nio Comprimento da cal\u00e7a: cropped Tamanhos: P, M, G, GG Composi\u00e7\u00e3o do forro: elastano Nome do tecido: mistura de algod\u00e3o Cen\u00e1rios de uso: equipamentos de gin\u00e1stica, fitness, moda esportiva, ciclismo Fun\u00e7\u00e3o: respir\u00e1vel Composi\u00e7\u00e3o do [&hellip;]<\/p>\n","protected":false},"featured_media":23694,"template":"","meta":{"inline_featured_image":false,"_monsterinsights_skip_tracking":false,"_monsterinsights_sitenote_active":false,"_monsterinsights_sitenote_note":"","_monsterinsights_sitenote_category":0,"_mbp_gutenberg_autopost":false},"product_brand":[],"product_cat":[662],"product_tag":[742,743],"class_list":{"0":"post-23704","1":"product","2":"type-product","3":"status-publish","4":"has-post-thumbnail","6":"product_cat-importados-china","7":"product_tag-calca-de-ioga","8":"product_tag-cintura-alta","10":"first","11":"instock","12":"shipping-taxable","13":"purchasable","14":"product-type-variable"},"yoast_head":"<!-- This site is optimized with the Yoast SEO plugin v27.4 - https:\/\/yoast.com\/product\/yoast-seo-wordpress\/ -->\n<title>Cal\u00e7a de ioga esportiva de alta resist\u00eancia, cintura alta, modeladora e de secagem r\u00e1pida - Fluxo limpo Tech - Loja Virtual<\/title>\n<meta name=\"robots\" content=\"index, follow, max-snippet:-1, max-image-preview:large, max-video-preview:-1\" \/>\n<link rel=\"canonical\" href=\"https:\/\/fluxolimpo.ia.br\/loja\/produto\/calca-de-ioga-esportiva-de-alta-resistencia-cintura-alta-modeladora-e-de-secagem-rapida\/\" \/>\n<meta property=\"og:locale\" content=\"pt_BR\" \/>\n<meta property=\"og:type\" content=\"article\" \/>\n<meta property=\"og:title\" content=\"Cal\u00e7a de ioga esportiva de alta resist\u00eancia, cintura alta, modeladora e de secagem r\u00e1pida - Fluxo limpo Tech - Loja Virtual\" \/>\n<meta property=\"og:description\" content=\"Informa\u00e7\u00f5es do produto: Cores: branco e cinza, azul marinho, azul marinho, preto, rosa, c\u00e1qui, cinza escuro, azul escuro, cinza grafite, cinza tit\u00e2nio Comprimento da cal\u00e7a: cropped Tamanhos: P, M, G, GG Composi\u00e7\u00e3o do forro: elastano Nome do tecido: mistura de algod\u00e3o Cen\u00e1rios de uso: equipamentos de gin\u00e1stica, fitness, moda esportiva, ciclismo Fun\u00e7\u00e3o: respir\u00e1vel Composi\u00e7\u00e3o do [&hellip;]\" \/>\n<meta property=\"og:url\" content=\"https:\/\/fluxolimpo.ia.br\/loja\/produto\/calca-de-ioga-esportiva-de-alta-resistencia-cintura-alta-modeladora-e-de-secagem-rapida\/\" \/>\n<meta property=\"og:site_name\" content=\"Fluxo limpo Tech - Loja Virtual\" \/>\n<meta property=\"article:modified_time\" content=\"2026-04-20T21:47:28+00:00\" \/>\n<meta property=\"og:image\" content=\"https:\/\/fluxolimpo.ia.br\/loja\/wp-content\/uploads\/2026\/04\/9a46fc0a-e81e-4213-be44-c42f94703b8b_trans.jpeg\" \/>\n\t<meta property=\"og:image:width\" content=\"1200\" \/>\n\t<meta property=\"og:image:height\" content=\"1200\" \/>\n\t<meta property=\"og:image:type\" content=\"image\/jpeg\" \/>\n<meta name=\"twitter:card\" content=\"summary_large_image\" \/>\n<meta name=\"twitter:label1\" content=\"Est. tempo de leitura\" \/>\n\t<meta name=\"twitter:data1\" content=\"1 minuto\" \/>\n<script type=\"application\/ld+json\" class=\"yoast-schema-graph\">{\"@context\":\"https:\\\/\\\/schema.org\",\"@graph\":[{\"@type\":\"WebPage\",\"@id\":\"https:\\\/\\\/fluxolimpo.ia.br\\\/loja\\\/produto\\\/calca-de-ioga-esportiva-de-alta-resistencia-cintura-alta-modeladora-e-de-secagem-rapida\\\/\",\"url\":\"https:\\\/\\\/fluxolimpo.ia.br\\\/loja\\\/produto\\\/calca-de-ioga-esportiva-de-alta-resistencia-cintura-alta-modeladora-e-de-secagem-rapida\\\/\",\"name\":\"Cal\u00e7a de ioga esportiva de alta resist\u00eancia, cintura alta, modeladora e de secagem r\u00e1pida - Fluxo limpo Tech - Loja Virtual\",\"isPartOf\":{\"@id\":\"https:\\\/\\\/fluxolimpo.ia.br\\\/loja\\\/#website\"},\"primaryImageOfPage\":{\"@id\":\"https:\\\/\\\/fluxolimpo.ia.br\\\/loja\\\/produto\\\/calca-de-ioga-esportiva-de-alta-resistencia-cintura-alta-modeladora-e-de-secagem-rapida\\\/#primaryimage\"},\"image\":{\"@id\":\"https:\\\/\\\/fluxolimpo.ia.br\\\/loja\\\/produto\\\/calca-de-ioga-esportiva-de-alta-resistencia-cintura-alta-modeladora-e-de-secagem-rapida\\\/#primaryimage\"},\"thumbnailUrl\":\"https:\\\/\\\/fluxolimpo.ia.br\\\/loja\\\/wp-content\\\/uploads\\\/2026\\\/04\\\/9a46fc0a-e81e-4213-be44-c42f94703b8b_trans.jpeg\",\"datePublished\":\"2026-04-20T21:47:15+00:00\",\"dateModified\":\"2026-04-20T21:47:28+00:00\",\"breadcrumb\":{\"@id\":\"https:\\\/\\\/fluxolimpo.ia.br\\\/loja\\\/produto\\\/calca-de-ioga-esportiva-de-alta-resistencia-cintura-alta-modeladora-e-de-secagem-rapida\\\/#breadcrumb\"},\"inLanguage\":\"pt-BR\",\"potentialAction\":[{\"@type\":\"ReadAction\",\"target\":[\"https:\\\/\\\/fluxolimpo.ia.br\\\/loja\\\/produto\\\/calca-de-ioga-esportiva-de-alta-resistencia-cintura-alta-modeladora-e-de-secagem-rapida\\\/\"]}]},{\"@type\":\"ImageObject\",\"inLanguage\":\"pt-BR\",\"@id\":\"https:\\\/\\\/fluxolimpo.ia.br\\\/loja\\\/produto\\\/calca-de-ioga-esportiva-de-alta-resistencia-cintura-alta-modeladora-e-de-secagem-rapida\\\/#primaryimage\",\"url\":\"https:\\\/\\\/fluxolimpo.ia.br\\\/loja\\\/wp-content\\\/uploads\\\/2026\\\/04\\\/9a46fc0a-e81e-4213-be44-c42f94703b8b_trans.jpeg\",\"contentUrl\":\"https:\\\/\\\/fluxolimpo.ia.br\\\/loja\\\/wp-content\\\/uploads\\\/2026\\\/04\\\/9a46fc0a-e81e-4213-be44-c42f94703b8b_trans.jpeg\",\"width\":1200,\"height\":1200},{\"@type\":\"BreadcrumbList\",\"@id\":\"https:\\\/\\\/fluxolimpo.ia.br\\\/loja\\\/produto\\\/calca-de-ioga-esportiva-de-alta-resistencia-cintura-alta-modeladora-e-de-secagem-rapida\\\/#breadcrumb\",\"itemListElement\":[{\"@type\":\"ListItem\",\"position\":1,\"name\":\"In\u00edcio\",\"item\":\"https:\\\/\\\/fluxolimpo.ia.br\\\/loja\\\/\"},{\"@type\":\"ListItem\",\"position\":2,\"name\":\"Shop\",\"item\":\"https:\\\/\\\/fluxolimpo.ia.br\\\/loja\\\/\"},{\"@type\":\"ListItem\",\"position\":3,\"name\":\"Cal\u00e7a de ioga esportiva de alta resist\u00eancia, cintura alta, modeladora e de secagem r\u00e1pida\"}]},{\"@type\":\"WebSite\",\"@id\":\"https:\\\/\\\/fluxolimpo.ia.br\\\/loja\\\/#website\",\"url\":\"https:\\\/\\\/fluxolimpo.ia.br\\\/loja\\\/\",\"name\":\"Fluxo limpo Tech - Loja Virtual\",\"description\":\"AppS, Scripts e Produtos Importados Exclusivos\",\"publisher\":{\"@id\":\"https:\\\/\\\/fluxolimpo.ia.br\\\/loja\\\/#organization\"},\"potentialAction\":[{\"@type\":\"SearchAction\",\"target\":{\"@type\":\"EntryPoint\",\"urlTemplate\":\"https:\\\/\\\/fluxolimpo.ia.br\\\/loja\\\/?s={search_term_string}\"},\"query-input\":{\"@type\":\"PropertyValueSpecification\",\"valueRequired\":true,\"valueName\":\"search_term_string\"}}],\"inLanguage\":\"pt-BR\"},{\"@type\":\"Organization\",\"@id\":\"https:\\\/\\\/fluxolimpo.ia.br\\\/loja\\\/#organization\",\"name\":\"Fluxo limpo Tech - Loja Virtual\",\"url\":\"https:\\\/\\\/fluxolimpo.ia.br\\\/loja\\\/\",\"logo\":{\"@type\":\"ImageObject\",\"inLanguage\":\"pt-BR\",\"@id\":\"https:\\\/\\\/fluxolimpo.ia.br\\\/loja\\\/#\\\/schema\\\/logo\\\/image\\\/\",\"url\":\"https:\\\/\\\/fluxolimpo.ia.br\\\/loja\\\/wp-content\\\/uploads\\\/2026\\\/03\\\/cropped-logolojamini-1.png\",\"contentUrl\":\"https:\\\/\\\/fluxolimpo.ia.br\\\/loja\\\/wp-content\\\/uploads\\\/2026\\\/03\\\/cropped-logolojamini-1.png\",\"width\":321,\"height\":87,\"caption\":\"Fluxo limpo Tech - Loja Virtual\"},\"image\":{\"@id\":\"https:\\\/\\\/fluxolimpo.ia.br\\\/loja\\\/#\\\/schema\\\/logo\\\/image\\\/\"}}]}<\/script>\n<!-- \/ Yoast SEO plugin. -->","yoast_head_json":{"title":"Cal\u00e7a de ioga esportiva de alta resist\u00eancia, cintura alta, modeladora e de secagem r\u00e1pida - Fluxo limpo Tech - Loja Virtual","robots":{"index":"index","follow":"follow","max-snippet":"max-snippet:-1","max-image-preview":"max-image-preview:large","max-video-preview":"max-video-preview:-1"},"canonical":"https:\/\/fluxolimpo.ia.br\/loja\/produto\/calca-de-ioga-esportiva-de-alta-resistencia-cintura-alta-modeladora-e-de-secagem-rapida\/","og_locale":"pt_BR","og_type":"article","og_title":"Cal\u00e7a de ioga esportiva de alta resist\u00eancia, cintura alta, modeladora e de secagem r\u00e1pida - Fluxo limpo Tech - Loja Virtual","og_description":"Informa\u00e7\u00f5es do produto: Cores: branco e cinza, azul marinho, azul marinho, preto, rosa, c\u00e1qui, cinza escuro, azul escuro, cinza grafite, cinza tit\u00e2nio Comprimento da cal\u00e7a: cropped Tamanhos: P, M, G, GG Composi\u00e7\u00e3o do forro: elastano Nome do tecido: mistura de algod\u00e3o Cen\u00e1rios de uso: equipamentos de gin\u00e1stica, fitness, moda esportiva, ciclismo Fun\u00e7\u00e3o: respir\u00e1vel Composi\u00e7\u00e3o do [&hellip;]","og_url":"https:\/\/fluxolimpo.ia.br\/loja\/produto\/calca-de-ioga-esportiva-de-alta-resistencia-cintura-alta-modeladora-e-de-secagem-rapida\/","og_site_name":"Fluxo limpo Tech - Loja Virtual","article_modified_time":"2026-04-20T21:47:28+00:00","og_image":[{"width":1200,"height":1200,"url":"https:\/\/fluxolimpo.ia.br\/loja\/wp-content\/uploads\/2026\/04\/9a46fc0a-e81e-4213-be44-c42f94703b8b_trans.jpeg","type":"image\/jpeg"}],"twitter_card":"summary_large_image","twitter_misc":{"Est. tempo de leitura":"1 minuto"},"schema":{"@context":"https:\/\/schema.org","@graph":[{"@type":"WebPage","@id":"https:\/\/fluxolimpo.ia.br\/loja\/produto\/calca-de-ioga-esportiva-de-alta-resistencia-cintura-alta-modeladora-e-de-secagem-rapida\/","url":"https:\/\/fluxolimpo.ia.br\/loja\/produto\/calca-de-ioga-esportiva-de-alta-resistencia-cintura-alta-modeladora-e-de-secagem-rapida\/","name":"Cal\u00e7a de ioga esportiva de alta resist\u00eancia, cintura alta, modeladora e de secagem r\u00e1pida - Fluxo limpo Tech - Loja Virtual","isPartOf":{"@id":"https:\/\/fluxolimpo.ia.br\/loja\/#website"},"primaryImageOfPage":{"@id":"https:\/\/fluxolimpo.ia.br\/loja\/produto\/calca-de-ioga-esportiva-de-alta-resistencia-cintura-alta-modeladora-e-de-secagem-rapida\/#primaryimage"},"image":{"@id":"https:\/\/fluxolimpo.ia.br\/loja\/produto\/calca-de-ioga-esportiva-de-alta-resistencia-cintura-alta-modeladora-e-de-secagem-rapida\/#primaryimage"},"thumbnailUrl":"https:\/\/fluxolimpo.ia.br\/loja\/wp-content\/uploads\/2026\/04\/9a46fc0a-e81e-4213-be44-c42f94703b8b_trans.jpeg","datePublished":"2026-04-20T21:47:15+00:00","dateModified":"2026-04-20T21:47:28+00:00","breadcrumb":{"@id":"https:\/\/fluxolimpo.ia.br\/loja\/produto\/calca-de-ioga-esportiva-de-alta-resistencia-cintura-alta-modeladora-e-de-secagem-rapida\/#breadcrumb"},"inLanguage":"pt-BR","potentialAction":[{"@type":"ReadAction","target":["https:\/\/fluxolimpo.ia.br\/loja\/produto\/calca-de-ioga-esportiva-de-alta-resistencia-cintura-alta-modeladora-e-de-secagem-rapida\/"]}]},{"@type":"ImageObject","inLanguage":"pt-BR","@id":"https:\/\/fluxolimpo.ia.br\/loja\/produto\/calca-de-ioga-esportiva-de-alta-resistencia-cintura-alta-modeladora-e-de-secagem-rapida\/#primaryimage","url":"https:\/\/fluxolimpo.ia.br\/loja\/wp-content\/uploads\/2026\/04\/9a46fc0a-e81e-4213-be44-c42f94703b8b_trans.jpeg","contentUrl":"https:\/\/fluxolimpo.ia.br\/loja\/wp-content\/uploads\/2026\/04\/9a46fc0a-e81e-4213-be44-c42f94703b8b_trans.jpeg","width":1200,"height":1200},{"@type":"BreadcrumbList","@id":"https:\/\/fluxolimpo.ia.br\/loja\/produto\/calca-de-ioga-esportiva-de-alta-resistencia-cintura-alta-modeladora-e-de-secagem-rapida\/#breadcrumb","itemListElement":[{"@type":"ListItem","position":1,"name":"In\u00edcio","item":"https:\/\/fluxolimpo.ia.br\/loja\/"},{"@type":"ListItem","position":2,"name":"Shop","item":"https:\/\/fluxolimpo.ia.br\/loja\/"},{"@type":"ListItem","position":3,"name":"Cal\u00e7a de ioga esportiva de alta resist\u00eancia, cintura alta, modeladora e de secagem r\u00e1pida"}]},{"@type":"WebSite","@id":"https:\/\/fluxolimpo.ia.br\/loja\/#website","url":"https:\/\/fluxolimpo.ia.br\/loja\/","name":"Fluxo limpo Tech - Loja Virtual","description":"AppS, Scripts e Produtos Importados Exclusivos","publisher":{"@id":"https:\/\/fluxolimpo.ia.br\/loja\/#organization"},"potentialAction":[{"@type":"SearchAction","target":{"@type":"EntryPoint","urlTemplate":"https:\/\/fluxolimpo.ia.br\/loja\/?s={search_term_string}"},"query-input":{"@type":"PropertyValueSpecification","valueRequired":true,"valueName":"search_term_string"}}],"inLanguage":"pt-BR"},{"@type":"Organization","@id":"https:\/\/fluxolimpo.ia.br\/loja\/#organization","name":"Fluxo limpo Tech - Loja Virtual","url":"https:\/\/fluxolimpo.ia.br\/loja\/","logo":{"@type":"ImageObject","inLanguage":"pt-BR","@id":"https:\/\/fluxolimpo.ia.br\/loja\/#\/schema\/logo\/image\/","url":"https:\/\/fluxolimpo.ia.br\/loja\/wp-content\/uploads\/2026\/03\/cropped-logolojamini-1.png","contentUrl":"https:\/\/fluxolimpo.ia.br\/loja\/wp-content\/uploads\/2026\/03\/cropped-logolojamini-1.png","width":321,"height":87,"caption":"Fluxo limpo Tech - Loja Virtual"},"image":{"@id":"https:\/\/fluxolimpo.ia.br\/loja\/#\/schema\/logo\/image\/"}}]}},"_links":{"self":[{"href":"https:\/\/fluxolimpo.ia.br\/loja\/wp-json\/wp\/v2\/product\/23704","targetHints":{"allow":["GET"]}}],"collection":[{"href":"https:\/\/fluxolimpo.ia.br\/loja\/wp-json\/wp\/v2\/product"}],"about":[{"href":"https:\/\/fluxolimpo.ia.br\/loja\/wp-json\/wp\/v2\/types\/product"}],"wp:featuredmedia":[{"embeddable":true,"href":"https:\/\/fluxolimpo.ia.br\/loja\/wp-json\/wp\/v2\/media\/23694"}],"wp:attachment":[{"href":"https:\/\/fluxolimpo.ia.br\/loja\/wp-json\/wp\/v2\/media?parent=23704"}],"wp:term":[{"taxonomy":"product_brand","embeddable":true,"href":"https:\/\/fluxolimpo.ia.br\/loja\/wp-json\/wp\/v2\/product_brand?post=23704"},{"taxonomy":"product_cat","embeddable":true,"href":"https:\/\/fluxolimpo.ia.br\/loja\/wp-json\/wp\/v2\/product_cat?post=23704"},{"taxonomy":"product_tag","embeddable":true,"href":"https:\/\/fluxolimpo.ia.br\/loja\/wp-json\/wp\/v2\/product_tag?post=23704"}],"curies":[{"name":"wp","href":"https:\/\/api.w.org\/{rel}","templated":true}]}}