{"id":23503,"date":"2026-04-20T18:24:31","date_gmt":"2026-04-20T21:24:31","guid":{"rendered":"https:\/\/fluxolimpo.ia.br\/loja\/produto\/calcas-de-ioga-vazadas-e-sem-costura-para-treino-e-fitness\/"},"modified":"2026-04-20T18:25:51","modified_gmt":"2026-04-20T21:25:51","slug":"calcas-de-ioga-vazadas-e-sem-costura-para-treino-e-fitness","status":"publish","type":"product","link":"https:\/\/fluxolimpo.ia.br\/loja\/produto\/calcas-de-ioga-vazadas-e-sem-costura-para-treino-e-fitness\/","title":{"rendered":"Cal\u00e7as de ioga vazadas e sem costura para treino e fitness"},"content":{"rendered":"<p> <b> <font dir=\"auto\" style=\"vertical-align: inherit\"> <font dir=\"auto\" style=\"vertical-align: inherit\">Informa\u00e7\u00f5es do produto:<\/font> <\/font> <\/b> <br \/> <font dir=\"auto\" style=\"vertical-align: inherit\"> <font dir=\"auto\" style=\"vertical-align: inherit\"> Cor: Rosa-avermelhado, azul-escuro, preto, verde-escuro, verde-\u00e1gua, roxo, branco-creme <\/font> <\/font> <br \/> <font dir=\"auto\" style=\"vertical-align: inherit\"> <font dir=\"auto\" style=\"vertical-align: inherit\">Tamanho: P, M, G <\/font> <\/font> <br \/> <font dir=\"auto\" style=\"vertical-align: inherit\"> <font dir=\"auto\" style=\"vertical-align: inherit\">Composi\u00e7\u00e3o do forro: Elastano <\/font> <\/font> <br \/> <font dir=\"auto\" style=\"vertical-align: inherit\"> <font dir=\"auto\" style=\"vertical-align: inherit\">Conte\u00fado dos ingredientes do forro: 10% <\/font> <\/font> <br \/> <font dir=\"auto\" style=\"vertical-align: inherit\"> <font dir=\"auto\" style=\"vertical-align: inherit\">Nome do forro: Mistura de fibras sint\u00e9ticas <\/font> <\/font> <br \/> <font dir=\"auto\" style=\"vertical-align: inherit\"> <font dir=\"auto\" style=\"vertical-align: inherit\">Nome do tecido: Mistura de fibras sint\u00e9ticas <\/font> <\/font> <br \/> <font dir=\"auto\" style=\"vertical-align: inherit\"> <font dir=\"auto\" style=\"vertical-align: inherit\">Cen\u00e1rios de uso: Fitness, moda esportiva <\/font> <\/font> <br \/> <font dir=\"auto\" style=\"vertical-align: inherit\"> <font dir=\"auto\" style=\"vertical-align: inherit\">P\u00fablico-alvo: Geral <\/font> <\/font> <br \/> <font dir=\"auto\" style=\"vertical-align: inherit\"> <font dir=\"auto\" style=\"vertical-align: inherit\">Estilo de uso: Pul\u00f4ver <\/font> <\/font> <br \/> <font dir=\"auto\" style=\"vertical-align: inherit\"> <font dir=\"auto\" style=\"vertical-align: inherit\">Fun\u00e7\u00e3o: Super elasticidade <\/font> <\/font> <br \/> <font dir=\"auto\" style=\"vertical-align: inherit\"> <font dir=\"auto\" style=\"vertical-align: inherit\">Composi\u00e7\u00e3o do tecido: Nylon\/nylon <\/font> <\/font> <br \/> <font dir=\"auto\" style=\"vertical-align: inherit\"> <font dir=\"auto\" style=\"vertical-align: inherit\">Comprimento da manga: Sem mangas<\/font> <\/font> <\/p>\n<p> <br \/>\n<b> <font dir=\"auto\" style=\"vertical-align: inherit\"> <font dir=\"auto\" style=\"vertical-align: inherit\">Lista de embalagem:<\/font> <\/font> <\/b><br \/>\n<br \/> <br \/>\n<font dir=\"auto\" style=\"vertical-align: inherit\"> <font dir=\"auto\" style=\"vertical-align: inherit\"> CAL\u00c7A*1 <\/font> <\/font><br \/>\n<br \/> <br \/>\n<b> <font dir=\"auto\" style=\"vertical-align: inherit\"> <font dir=\"auto\" style=\"vertical-align: inherit\">Imagem do produto:<\/font> <\/font> <\/b><br \/>\n<br \/> <br \/>\n<img decoding=\"async\" src=\"https:\/\/cf.cjdropshipping.com\/17131392\/2404150600010327700.jpg\"><br \/>\n<img decoding=\"async\" src=\"https:\/\/cf.cjdropshipping.com\/17131392\/2404150600020321300.jpg\"><br \/>\n<img decoding=\"async\" src=\"https:\/\/cf.cjdropshipping.com\/17131392\/2404150600020324700.jpg\"><br \/>\n<img decoding=\"async\" src=\"https:\/\/cf.cjdropshipping.com\/17131392\/2404150600020328600.jpg\"><br \/>\n<img decoding=\"async\" src=\"https:\/\/cf.cjdropshipping.com\/17131392\/2404150600030322300.jpg\"><br \/>\n<img decoding=\"async\" src=\"https:\/\/cf.cjdropshipping.com\/17131392\/2404150600030326300.jpg\"><br \/>\n<img decoding=\"async\" src=\"https:\/\/cf.cjdropshipping.com\/17131392\/2404150600040322400.jpg\"><br \/>\n<img decoding=\"async\" src=\"https:\/\/cf.cjdropshipping.com\/17131392\/2404150600040324500.jpg\"><br \/>\n<img decoding=\"async\" src=\"https:\/\/cf.cjdropshipping.com\/17131392\/2404150600040327000.jpg\"><br \/>\n<img decoding=\"async\" src=\"https:\/\/cf.cjdropshipping.com\/17131392\/2404150600040329300.jpg\"><br \/>\n<img decoding=\"async\" src=\"https:\/\/cf.cjdropshipping.com\/17131392\/2404150600050322000.jpg\"><br \/>\n<img decoding=\"async\" src=\"https:\/\/cf.cjdropshipping.com\/17131392\/2404150600050325900.jpg\"><br \/>\n<img decoding=\"async\" src=\"https:\/\/cf.cjdropshipping.com\/17131392\/2404150600050328300.jpg\"><br \/>\n<img decoding=\"async\" src=\"https:\/\/cf.cjdropshipping.com\/17131392\/2404150600060322500.jpg\"><br \/>\n<img decoding=\"async\" src=\"https:\/\/cf.cjdropshipping.com\/17131392\/2404150600060325600.jpg\"><br \/>\n<img decoding=\"async\" src=\"https:\/\/cf.cjdropshipping.com\/17131392\/2404150600060328500.jpg\"><\/p>\n","protected":false},"excerpt":{"rendered":"<p>Informa\u00e7\u00f5es do produto: Cor: Rosa-avermelhado, azul-escuro, preto, verde-escuro, verde-\u00e1gua, roxo, branco-creme Tamanho: P, M, G Composi\u00e7\u00e3o do forro: Elastano Conte\u00fado dos ingredientes do forro: 10% Nome do forro: Mistura de fibras sint\u00e9ticas Nome do tecido: Mistura de fibras sint\u00e9ticas Cen\u00e1rios de uso: Fitness, moda esportiva P\u00fablico-alvo: Geral Estilo de uso: Pul\u00f4ver Fun\u00e7\u00e3o: Super elasticidade Composi\u00e7\u00e3o [&hellip;]<\/p>\n","protected":false},"featured_media":23493,"template":"","meta":{"inline_featured_image":false,"_monsterinsights_skip_tracking":false,"_monsterinsights_sitenote_active":false,"_monsterinsights_sitenote_note":"","_monsterinsights_sitenote_category":0,"_mbp_gutenberg_autopost":false},"product_brand":[],"product_cat":[662],"product_tag":[],"class_list":{"0":"post-23503","1":"product","2":"type-product","3":"status-publish","4":"has-post-thumbnail","6":"product_cat-importados-china","8":"first","9":"instock","10":"shipping-taxable","11":"purchasable","12":"product-type-variable"},"yoast_head":"<!-- This site is optimized with the Yoast SEO plugin v27.4 - https:\/\/yoast.com\/product\/yoast-seo-wordpress\/ -->\n<title>Cal\u00e7as de ioga vazadas e sem costura para treino e fitness - Fluxo limpo Tech - Loja Virtual<\/title>\n<meta name=\"robots\" content=\"index, follow, max-snippet:-1, max-image-preview:large, max-video-preview:-1\" \/>\n<link rel=\"canonical\" href=\"https:\/\/fluxolimpo.ia.br\/loja\/produto\/calcas-de-ioga-vazadas-e-sem-costura-para-treino-e-fitness\/\" \/>\n<meta property=\"og:locale\" content=\"pt_BR\" \/>\n<meta property=\"og:type\" content=\"article\" \/>\n<meta property=\"og:title\" content=\"Cal\u00e7as de ioga vazadas e sem costura para treino e fitness - Fluxo limpo Tech - Loja Virtual\" \/>\n<meta property=\"og:description\" content=\"Informa\u00e7\u00f5es do produto: Cor: Rosa-avermelhado, azul-escuro, preto, verde-escuro, verde-\u00e1gua, roxo, branco-creme Tamanho: P, M, G Composi\u00e7\u00e3o do forro: Elastano Conte\u00fado dos ingredientes do forro: 10% Nome do forro: Mistura de fibras sint\u00e9ticas Nome do tecido: Mistura de fibras sint\u00e9ticas Cen\u00e1rios de uso: Fitness, moda esportiva P\u00fablico-alvo: Geral Estilo de uso: Pul\u00f4ver Fun\u00e7\u00e3o: Super elasticidade Composi\u00e7\u00e3o [&hellip;]\" \/>\n<meta property=\"og:url\" content=\"https:\/\/fluxolimpo.ia.br\/loja\/produto\/calcas-de-ioga-vazadas-e-sem-costura-para-treino-e-fitness\/\" \/>\n<meta property=\"og:site_name\" content=\"Fluxo limpo Tech - Loja Virtual\" \/>\n<meta property=\"article:modified_time\" content=\"2026-04-20T21:25:51+00:00\" \/>\n<meta property=\"og:image\" content=\"https:\/\/fluxolimpo.ia.br\/loja\/wp-content\/uploads\/2026\/04\/b6fcede1-2d12-40d6-8c31-b294cfabc1cd.jpg\" \/>\n\t<meta property=\"og:image:width\" content=\"800\" \/>\n\t<meta property=\"og:image:height\" content=\"800\" \/>\n\t<meta property=\"og:image:type\" content=\"image\/jpeg\" \/>\n<meta name=\"twitter:card\" content=\"summary_large_image\" \/>\n<script type=\"application\/ld+json\" class=\"yoast-schema-graph\">{\"@context\":\"https:\\\/\\\/schema.org\",\"@graph\":[{\"@type\":\"WebPage\",\"@id\":\"https:\\\/\\\/fluxolimpo.ia.br\\\/loja\\\/produto\\\/calcas-de-ioga-vazadas-e-sem-costura-para-treino-e-fitness\\\/\",\"url\":\"https:\\\/\\\/fluxolimpo.ia.br\\\/loja\\\/produto\\\/calcas-de-ioga-vazadas-e-sem-costura-para-treino-e-fitness\\\/\",\"name\":\"Cal\u00e7as de ioga vazadas e sem costura para treino e fitness - Fluxo limpo Tech - Loja Virtual\",\"isPartOf\":{\"@id\":\"https:\\\/\\\/fluxolimpo.ia.br\\\/loja\\\/#website\"},\"primaryImageOfPage\":{\"@id\":\"https:\\\/\\\/fluxolimpo.ia.br\\\/loja\\\/produto\\\/calcas-de-ioga-vazadas-e-sem-costura-para-treino-e-fitness\\\/#primaryimage\"},\"image\":{\"@id\":\"https:\\\/\\\/fluxolimpo.ia.br\\\/loja\\\/produto\\\/calcas-de-ioga-vazadas-e-sem-costura-para-treino-e-fitness\\\/#primaryimage\"},\"thumbnailUrl\":\"https:\\\/\\\/fluxolimpo.ia.br\\\/loja\\\/wp-content\\\/uploads\\\/2026\\\/04\\\/b6fcede1-2d12-40d6-8c31-b294cfabc1cd.jpg\",\"datePublished\":\"2026-04-20T21:24:31+00:00\",\"dateModified\":\"2026-04-20T21:25:51+00:00\",\"breadcrumb\":{\"@id\":\"https:\\\/\\\/fluxolimpo.ia.br\\\/loja\\\/produto\\\/calcas-de-ioga-vazadas-e-sem-costura-para-treino-e-fitness\\\/#breadcrumb\"},\"inLanguage\":\"pt-BR\",\"potentialAction\":[{\"@type\":\"ReadAction\",\"target\":[\"https:\\\/\\\/fluxolimpo.ia.br\\\/loja\\\/produto\\\/calcas-de-ioga-vazadas-e-sem-costura-para-treino-e-fitness\\\/\"]}]},{\"@type\":\"ImageObject\",\"inLanguage\":\"pt-BR\",\"@id\":\"https:\\\/\\\/fluxolimpo.ia.br\\\/loja\\\/produto\\\/calcas-de-ioga-vazadas-e-sem-costura-para-treino-e-fitness\\\/#primaryimage\",\"url\":\"https:\\\/\\\/fluxolimpo.ia.br\\\/loja\\\/wp-content\\\/uploads\\\/2026\\\/04\\\/b6fcede1-2d12-40d6-8c31-b294cfabc1cd.jpg\",\"contentUrl\":\"https:\\\/\\\/fluxolimpo.ia.br\\\/loja\\\/wp-content\\\/uploads\\\/2026\\\/04\\\/b6fcede1-2d12-40d6-8c31-b294cfabc1cd.jpg\",\"width\":800,\"height\":800},{\"@type\":\"BreadcrumbList\",\"@id\":\"https:\\\/\\\/fluxolimpo.ia.br\\\/loja\\\/produto\\\/calcas-de-ioga-vazadas-e-sem-costura-para-treino-e-fitness\\\/#breadcrumb\",\"itemListElement\":[{\"@type\":\"ListItem\",\"position\":1,\"name\":\"In\u00edcio\",\"item\":\"https:\\\/\\\/fluxolimpo.ia.br\\\/loja\\\/\"},{\"@type\":\"ListItem\",\"position\":2,\"name\":\"Shop\",\"item\":\"https:\\\/\\\/fluxolimpo.ia.br\\\/loja\\\/\"},{\"@type\":\"ListItem\",\"position\":3,\"name\":\"Cal\u00e7as de ioga vazadas e sem costura para treino e fitness\"}]},{\"@type\":\"WebSite\",\"@id\":\"https:\\\/\\\/fluxolimpo.ia.br\\\/loja\\\/#website\",\"url\":\"https:\\\/\\\/fluxolimpo.ia.br\\\/loja\\\/\",\"name\":\"Fluxo limpo Tech - Loja Virtual\",\"description\":\"AppS, Scripts e Produtos Importados Exclusivos\",\"publisher\":{\"@id\":\"https:\\\/\\\/fluxolimpo.ia.br\\\/loja\\\/#organization\"},\"potentialAction\":[{\"@type\":\"SearchAction\",\"target\":{\"@type\":\"EntryPoint\",\"urlTemplate\":\"https:\\\/\\\/fluxolimpo.ia.br\\\/loja\\\/?s={search_term_string}\"},\"query-input\":{\"@type\":\"PropertyValueSpecification\",\"valueRequired\":true,\"valueName\":\"search_term_string\"}}],\"inLanguage\":\"pt-BR\"},{\"@type\":\"Organization\",\"@id\":\"https:\\\/\\\/fluxolimpo.ia.br\\\/loja\\\/#organization\",\"name\":\"Fluxo limpo Tech - Loja Virtual\",\"url\":\"https:\\\/\\\/fluxolimpo.ia.br\\\/loja\\\/\",\"logo\":{\"@type\":\"ImageObject\",\"inLanguage\":\"pt-BR\",\"@id\":\"https:\\\/\\\/fluxolimpo.ia.br\\\/loja\\\/#\\\/schema\\\/logo\\\/image\\\/\",\"url\":\"https:\\\/\\\/fluxolimpo.ia.br\\\/loja\\\/wp-content\\\/uploads\\\/2026\\\/03\\\/cropped-logolojamini-1.png\",\"contentUrl\":\"https:\\\/\\\/fluxolimpo.ia.br\\\/loja\\\/wp-content\\\/uploads\\\/2026\\\/03\\\/cropped-logolojamini-1.png\",\"width\":321,\"height\":87,\"caption\":\"Fluxo limpo Tech - Loja Virtual\"},\"image\":{\"@id\":\"https:\\\/\\\/fluxolimpo.ia.br\\\/loja\\\/#\\\/schema\\\/logo\\\/image\\\/\"}}]}<\/script>\n<!-- \/ Yoast SEO plugin. -->","yoast_head_json":{"title":"Cal\u00e7as de ioga vazadas e sem costura para treino e fitness - Fluxo limpo Tech - Loja Virtual","robots":{"index":"index","follow":"follow","max-snippet":"max-snippet:-1","max-image-preview":"max-image-preview:large","max-video-preview":"max-video-preview:-1"},"canonical":"https:\/\/fluxolimpo.ia.br\/loja\/produto\/calcas-de-ioga-vazadas-e-sem-costura-para-treino-e-fitness\/","og_locale":"pt_BR","og_type":"article","og_title":"Cal\u00e7as de ioga vazadas e sem costura para treino e fitness - Fluxo limpo Tech - Loja Virtual","og_description":"Informa\u00e7\u00f5es do produto: Cor: Rosa-avermelhado, azul-escuro, preto, verde-escuro, verde-\u00e1gua, roxo, branco-creme Tamanho: P, M, G Composi\u00e7\u00e3o do forro: Elastano Conte\u00fado dos ingredientes do forro: 10% Nome do forro: Mistura de fibras sint\u00e9ticas Nome do tecido: Mistura de fibras sint\u00e9ticas Cen\u00e1rios de uso: Fitness, moda esportiva P\u00fablico-alvo: Geral Estilo de uso: Pul\u00f4ver Fun\u00e7\u00e3o: Super elasticidade Composi\u00e7\u00e3o [&hellip;]","og_url":"https:\/\/fluxolimpo.ia.br\/loja\/produto\/calcas-de-ioga-vazadas-e-sem-costura-para-treino-e-fitness\/","og_site_name":"Fluxo limpo Tech - Loja Virtual","article_modified_time":"2026-04-20T21:25:51+00:00","og_image":[{"width":800,"height":800,"url":"https:\/\/fluxolimpo.ia.br\/loja\/wp-content\/uploads\/2026\/04\/b6fcede1-2d12-40d6-8c31-b294cfabc1cd.jpg","type":"image\/jpeg"}],"twitter_card":"summary_large_image","schema":{"@context":"https:\/\/schema.org","@graph":[{"@type":"WebPage","@id":"https:\/\/fluxolimpo.ia.br\/loja\/produto\/calcas-de-ioga-vazadas-e-sem-costura-para-treino-e-fitness\/","url":"https:\/\/fluxolimpo.ia.br\/loja\/produto\/calcas-de-ioga-vazadas-e-sem-costura-para-treino-e-fitness\/","name":"Cal\u00e7as de ioga vazadas e sem costura para treino e fitness - Fluxo limpo Tech - Loja Virtual","isPartOf":{"@id":"https:\/\/fluxolimpo.ia.br\/loja\/#website"},"primaryImageOfPage":{"@id":"https:\/\/fluxolimpo.ia.br\/loja\/produto\/calcas-de-ioga-vazadas-e-sem-costura-para-treino-e-fitness\/#primaryimage"},"image":{"@id":"https:\/\/fluxolimpo.ia.br\/loja\/produto\/calcas-de-ioga-vazadas-e-sem-costura-para-treino-e-fitness\/#primaryimage"},"thumbnailUrl":"https:\/\/fluxolimpo.ia.br\/loja\/wp-content\/uploads\/2026\/04\/b6fcede1-2d12-40d6-8c31-b294cfabc1cd.jpg","datePublished":"2026-04-20T21:24:31+00:00","dateModified":"2026-04-20T21:25:51+00:00","breadcrumb":{"@id":"https:\/\/fluxolimpo.ia.br\/loja\/produto\/calcas-de-ioga-vazadas-e-sem-costura-para-treino-e-fitness\/#breadcrumb"},"inLanguage":"pt-BR","potentialAction":[{"@type":"ReadAction","target":["https:\/\/fluxolimpo.ia.br\/loja\/produto\/calcas-de-ioga-vazadas-e-sem-costura-para-treino-e-fitness\/"]}]},{"@type":"ImageObject","inLanguage":"pt-BR","@id":"https:\/\/fluxolimpo.ia.br\/loja\/produto\/calcas-de-ioga-vazadas-e-sem-costura-para-treino-e-fitness\/#primaryimage","url":"https:\/\/fluxolimpo.ia.br\/loja\/wp-content\/uploads\/2026\/04\/b6fcede1-2d12-40d6-8c31-b294cfabc1cd.jpg","contentUrl":"https:\/\/fluxolimpo.ia.br\/loja\/wp-content\/uploads\/2026\/04\/b6fcede1-2d12-40d6-8c31-b294cfabc1cd.jpg","width":800,"height":800},{"@type":"BreadcrumbList","@id":"https:\/\/fluxolimpo.ia.br\/loja\/produto\/calcas-de-ioga-vazadas-e-sem-costura-para-treino-e-fitness\/#breadcrumb","itemListElement":[{"@type":"ListItem","position":1,"name":"In\u00edcio","item":"https:\/\/fluxolimpo.ia.br\/loja\/"},{"@type":"ListItem","position":2,"name":"Shop","item":"https:\/\/fluxolimpo.ia.br\/loja\/"},{"@type":"ListItem","position":3,"name":"Cal\u00e7as de ioga vazadas e sem costura para treino e fitness"}]},{"@type":"WebSite","@id":"https:\/\/fluxolimpo.ia.br\/loja\/#website","url":"https:\/\/fluxolimpo.ia.br\/loja\/","name":"Fluxo limpo Tech - Loja Virtual","description":"AppS, Scripts e Produtos Importados Exclusivos","publisher":{"@id":"https:\/\/fluxolimpo.ia.br\/loja\/#organization"},"potentialAction":[{"@type":"SearchAction","target":{"@type":"EntryPoint","urlTemplate":"https:\/\/fluxolimpo.ia.br\/loja\/?s={search_term_string}"},"query-input":{"@type":"PropertyValueSpecification","valueRequired":true,"valueName":"search_term_string"}}],"inLanguage":"pt-BR"},{"@type":"Organization","@id":"https:\/\/fluxolimpo.ia.br\/loja\/#organization","name":"Fluxo limpo Tech - Loja Virtual","url":"https:\/\/fluxolimpo.ia.br\/loja\/","logo":{"@type":"ImageObject","inLanguage":"pt-BR","@id":"https:\/\/fluxolimpo.ia.br\/loja\/#\/schema\/logo\/image\/","url":"https:\/\/fluxolimpo.ia.br\/loja\/wp-content\/uploads\/2026\/03\/cropped-logolojamini-1.png","contentUrl":"https:\/\/fluxolimpo.ia.br\/loja\/wp-content\/uploads\/2026\/03\/cropped-logolojamini-1.png","width":321,"height":87,"caption":"Fluxo limpo Tech - Loja Virtual"},"image":{"@id":"https:\/\/fluxolimpo.ia.br\/loja\/#\/schema\/logo\/image\/"}}]}},"_links":{"self":[{"href":"https:\/\/fluxolimpo.ia.br\/loja\/wp-json\/wp\/v2\/product\/23503","targetHints":{"allow":["GET"]}}],"collection":[{"href":"https:\/\/fluxolimpo.ia.br\/loja\/wp-json\/wp\/v2\/product"}],"about":[{"href":"https:\/\/fluxolimpo.ia.br\/loja\/wp-json\/wp\/v2\/types\/product"}],"wp:featuredmedia":[{"embeddable":true,"href":"https:\/\/fluxolimpo.ia.br\/loja\/wp-json\/wp\/v2\/media\/23493"}],"wp:attachment":[{"href":"https:\/\/fluxolimpo.ia.br\/loja\/wp-json\/wp\/v2\/media?parent=23503"}],"wp:term":[{"taxonomy":"product_brand","embeddable":true,"href":"https:\/\/fluxolimpo.ia.br\/loja\/wp-json\/wp\/v2\/product_brand?post=23503"},{"taxonomy":"product_cat","embeddable":true,"href":"https:\/\/fluxolimpo.ia.br\/loja\/wp-json\/wp\/v2\/product_cat?post=23503"},{"taxonomy":"product_tag","embeddable":true,"href":"https:\/\/fluxolimpo.ia.br\/loja\/wp-json\/wp\/v2\/product_tag?post=23503"}],"curies":[{"name":"wp","href":"https:\/\/api.w.org\/{rel}","templated":true}]}}