{"id":23436,"date":"2026-04-20T18:21:40","date_gmt":"2026-04-20T21:21:40","guid":{"rendered":"https:\/\/fluxolimpo.ia.br\/loja\/produto\/calcas-de-ginastica-com-estampa-natalina-calcas-de-ioga\/"},"modified":"2026-04-20T18:23:28","modified_gmt":"2026-04-20T21:23:28","slug":"calcas-de-ginastica-com-estampa-natalina-calcas-de-ioga","status":"publish","type":"product","link":"https:\/\/fluxolimpo.ia.br\/loja\/produto\/calcas-de-ginastica-com-estampa-natalina-calcas-de-ioga\/","title":{"rendered":"Cal\u00e7as de gin\u00e1stica com estampa natalina, cal\u00e7as de ioga"},"content":{"rendered":"<div id=\"offer-template-0\"><\/div>\n<p> <font dir=\"auto\" style=\"vertical-align: inherit\"> <font dir=\"auto\" style=\"vertical-align: inherit\">Composi\u00e7\u00e3o principal do tecido: fibra de poli\u00e9ster (poli\u00e9ster)<\/font> <\/font> <\/p>\n<p> <img decoding=\"async\" src=\"https:\/\/cf.cjdropshipping.com\/15711552\/3629033665985.png\"> <\/p>\n<p> <font dir=\"auto\" style=\"vertical-align: inherit\"> <font dir=\"auto\" style=\"vertical-align: inherit\">&nbsp; 1. Os tamanhos asi\u00e1ticos s\u00e3o de 1 a 2 tamanhos menores que os tamanhos europeus e americanos. Escolha o tamanho maior se o seu tamanho estiver entre dois tamanhos. Por favor, permita uma diferen\u00e7a de 2 a 3 cm devido \u00e0 medi\u00e7\u00e3o manual.&nbsp; <\/font> <\/font> <\/p>\n<p> <font dir=\"auto\" style=\"vertical-align: inherit\"> <font dir=\"auto\" style=\"vertical-align: inherit\">2. Por favor, verifique a tabela de tamanhos cuidadosamente antes de comprar o item. Se voc\u00ea n\u00e3o souber como escolher o tamanho, entre em contato com nosso servi\u00e7o de atendimento ao cliente. <\/font> <\/font> <\/p>\n<p> <font dir=\"auto\" style=\"vertical-align: inherit\"> <font dir=\"auto\" style=\"vertical-align: inherit\">3. Como voc\u00ea sabe, os diferentes computadores exibem cores de maneira diferente, portanto, a cor do item real pode variar ligeiramente das imagens a seguir.&nbsp;&nbsp;<\/font> <\/font>  <\/p>\n<p> <\/p>\n<p> <img loading=\"lazy\" decoding=\"async\" alt=\"indefinido\" height=\"790\" src=\"https:\/\/cf.cjdropshipping.com\/16778016\/1631678393722474496.jpg\" width=\"790\"> <\/p>\n<p> <img loading=\"lazy\" decoding=\"async\" alt=\"indefinido\" height=\"790\" src=\"https:\/\/cf.cjdropshipping.com\/16778016\/1631678395245006848.jpg\" width=\"790\"> <\/p>\n<p> <img loading=\"lazy\" decoding=\"async\" alt=\"indefinido\" height=\"790\" src=\"https:\/\/cf.cjdropshipping.com\/16778016\/1631678396733984768.jpg\" width=\"790\"> <\/p>\n<p> <img loading=\"lazy\" decoding=\"async\" alt=\"indefinido\" height=\"790\" src=\"https:\/\/cf.cjdropshipping.com\/16778016\/1631678402270466048.jpg\" width=\"790\"> <\/p>\n<p> <img loading=\"lazy\" decoding=\"async\" alt=\"indefinido\" height=\"790\" src=\"https:\/\/cf.cjdropshipping.com\/16778016\/1631678407672729600.jpg\" width=\"790\"> <\/p>\n<p> <img loading=\"lazy\" decoding=\"async\" alt=\"indefinido\" height=\"790\" src=\"https:\/\/cf.cjdropshipping.com\/16778016\/1631678412970135552.jpg\" width=\"790\"> <\/p>\n<p> <img loading=\"lazy\" decoding=\"async\" alt=\"indefinido\" height=\"790\" src=\"https:\/\/cf.cjdropshipping.com\/16778016\/1631678414635274240.jpg\" width=\"790\"> <\/p>\n<p> <img loading=\"lazy\" decoding=\"async\" alt=\"indefinido\" height=\"790\" src=\"https:\/\/cf.cjdropshipping.com\/16778016\/1631678416241692672.jpg\" width=\"790\">  <\/p>\n<p> <strong> <img decoding=\"async\" alt=\"QQ20181012215158\" src=\"https:\/\/cf.cjdropshipping.com\/16778016\/1631678417860694016.jpg\"> <img decoding=\"async\" alt=\"QQ20181012215228\" src=\"https:\/\/cf.cjdropshipping.com\/16778016\/1631678419429363712.jpg\"> <\/strong> <\/p>\n<p> <strong> <font dir=\"auto\" style=\"vertical-align: inherit\"> <font dir=\"auto\" style=\"vertical-align: inherit\">NX<\/font> <\/font> <\/strong> <\/p>\n<p> <strong> <img decoding=\"async\" alt=\"NX\" src=\"https:\/\/cf.cjdropshipping.com\/16778016\/1631678422424096768.jpg\"> <img decoding=\"async\" alt=\"HTB1byu8XODxK1Rjy1zcq6yGeXXaw\" src=\"https:\/\/cf.cjdropshipping.com\/16778016\/1631678423665610752.jpg\"> <img decoding=\"async\" alt=\"HTB1_XS8XTHuK1RkSndVq6xVwpXae\" src=\"https:\/\/cf.cjdropshipping.com\/16778016\/1631678426366742528.jpg\"> <img decoding=\"async\" alt=\"HTB13j9_XOzxK1RjSspjq6AS.pXag\" src=\"https:\/\/cf.cjdropshipping.com\/16778016\/1631678428874936320.jpg\"> <\/strong> <\/p>\n<p> <strong> <font dir=\"auto\" style=\"vertical-align: inherit\"> <font dir=\"auto\" style=\"vertical-align: inherit\">NX059<\/font> <\/font> <\/strong> <\/p>\n<p> <img decoding=\"async\" src=\"https:\/\/cf.cjdropshipping.com\/15711552\/3094826758970.png\"> <strong> <img decoding=\"async\" alt=\"HTB1wO1.XUzrK1RjSspmq6AOdFXaE\" src=\"https:\/\/cf.cjdropshipping.com\/16778016\/1631678441717895168.jpg\"> <img decoding=\"async\" alt=\"HTB1C9K9XOHrK1Rjy0Flq6AsaFXaR\" src=\"https:\/\/cf.cjdropshipping.com\/16778016\/1631678443483697152.jpg\"> <\/strong> <\/p>\n","protected":false},"excerpt":{"rendered":"<p>Composi\u00e7\u00e3o principal do tecido: fibra de poli\u00e9ster (poli\u00e9ster) &nbsp; 1. Os tamanhos asi\u00e1ticos s\u00e3o de 1 a 2 tamanhos menores que os tamanhos europeus e americanos. Escolha o tamanho maior se o seu tamanho estiver entre dois tamanhos. Por favor, permita uma diferen\u00e7a de 2 a 3 cm devido \u00e0 medi\u00e7\u00e3o manual.&nbsp; 2. Por favor, [&hellip;]<\/p>\n","protected":false},"featured_media":23432,"template":"","meta":{"inline_featured_image":false,"_monsterinsights_skip_tracking":false,"_monsterinsights_sitenote_active":false,"_monsterinsights_sitenote_note":"","_monsterinsights_sitenote_category":0,"_mbp_gutenberg_autopost":false},"product_brand":[],"product_cat":[662],"product_tag":[731],"class_list":{"0":"post-23436","1":"product","2":"type-product","3":"status-publish","4":"has-post-thumbnail","6":"product_cat-importados-china","7":"product_tag-calcas-de-ginastica","9":"first","10":"instock","11":"shipping-taxable","12":"purchasable","13":"product-type-variable"},"yoast_head":"<!-- This site is optimized with the Yoast SEO plugin v27.4 - https:\/\/yoast.com\/product\/yoast-seo-wordpress\/ -->\n<title>Cal\u00e7as de gin\u00e1stica com estampa natalina, cal\u00e7as de ioga - Fluxo limpo Tech - Loja Virtual<\/title>\n<meta name=\"robots\" content=\"index, follow, max-snippet:-1, max-image-preview:large, max-video-preview:-1\" \/>\n<link rel=\"canonical\" href=\"https:\/\/fluxolimpo.ia.br\/loja\/produto\/calcas-de-ginastica-com-estampa-natalina-calcas-de-ioga\/\" \/>\n<meta property=\"og:locale\" content=\"pt_BR\" \/>\n<meta property=\"og:type\" content=\"article\" \/>\n<meta property=\"og:title\" content=\"Cal\u00e7as de gin\u00e1stica com estampa natalina, cal\u00e7as de ioga - Fluxo limpo Tech - Loja Virtual\" \/>\n<meta property=\"og:description\" content=\"Composi\u00e7\u00e3o principal do tecido: fibra de poli\u00e9ster (poli\u00e9ster) &nbsp; 1. Os tamanhos asi\u00e1ticos s\u00e3o de 1 a 2 tamanhos menores que os tamanhos europeus e americanos. Escolha o tamanho maior se o seu tamanho estiver entre dois tamanhos. Por favor, permita uma diferen\u00e7a de 2 a 3 cm devido \u00e0 medi\u00e7\u00e3o manual.&nbsp; 2. Por favor, [&hellip;]\" \/>\n<meta property=\"og:url\" content=\"https:\/\/fluxolimpo.ia.br\/loja\/produto\/calcas-de-ginastica-com-estampa-natalina-calcas-de-ioga\/\" \/>\n<meta property=\"og:site_name\" content=\"Fluxo limpo Tech - Loja Virtual\" \/>\n<meta property=\"article:modified_time\" content=\"2026-04-20T21:23:28+00:00\" \/>\n<meta property=\"og:image\" content=\"https:\/\/fluxolimpo.ia.br\/loja\/wp-content\/uploads\/2026\/04\/4481805017898.jpg\" \/>\n\t<meta property=\"og:image:width\" content=\"800\" \/>\n\t<meta property=\"og:image:height\" content=\"800\" \/>\n\t<meta property=\"og:image:type\" content=\"image\/jpeg\" \/>\n<meta name=\"twitter:card\" content=\"summary_large_image\" \/>\n<meta name=\"twitter:label1\" content=\"Est. tempo de leitura\" \/>\n\t<meta name=\"twitter:data1\" content=\"1 minuto\" \/>\n<script type=\"application\/ld+json\" class=\"yoast-schema-graph\">{\"@context\":\"https:\\\/\\\/schema.org\",\"@graph\":[{\"@type\":\"WebPage\",\"@id\":\"https:\\\/\\\/fluxolimpo.ia.br\\\/loja\\\/produto\\\/calcas-de-ginastica-com-estampa-natalina-calcas-de-ioga\\\/\",\"url\":\"https:\\\/\\\/fluxolimpo.ia.br\\\/loja\\\/produto\\\/calcas-de-ginastica-com-estampa-natalina-calcas-de-ioga\\\/\",\"name\":\"Cal\u00e7as de gin\u00e1stica com estampa natalina, cal\u00e7as de ioga - Fluxo limpo Tech - Loja Virtual\",\"isPartOf\":{\"@id\":\"https:\\\/\\\/fluxolimpo.ia.br\\\/loja\\\/#website\"},\"primaryImageOfPage\":{\"@id\":\"https:\\\/\\\/fluxolimpo.ia.br\\\/loja\\\/produto\\\/calcas-de-ginastica-com-estampa-natalina-calcas-de-ioga\\\/#primaryimage\"},\"image\":{\"@id\":\"https:\\\/\\\/fluxolimpo.ia.br\\\/loja\\\/produto\\\/calcas-de-ginastica-com-estampa-natalina-calcas-de-ioga\\\/#primaryimage\"},\"thumbnailUrl\":\"https:\\\/\\\/fluxolimpo.ia.br\\\/loja\\\/wp-content\\\/uploads\\\/2026\\\/04\\\/4481805017898.jpg\",\"datePublished\":\"2026-04-20T21:21:40+00:00\",\"dateModified\":\"2026-04-20T21:23:28+00:00\",\"breadcrumb\":{\"@id\":\"https:\\\/\\\/fluxolimpo.ia.br\\\/loja\\\/produto\\\/calcas-de-ginastica-com-estampa-natalina-calcas-de-ioga\\\/#breadcrumb\"},\"inLanguage\":\"pt-BR\",\"potentialAction\":[{\"@type\":\"ReadAction\",\"target\":[\"https:\\\/\\\/fluxolimpo.ia.br\\\/loja\\\/produto\\\/calcas-de-ginastica-com-estampa-natalina-calcas-de-ioga\\\/\"]}]},{\"@type\":\"ImageObject\",\"inLanguage\":\"pt-BR\",\"@id\":\"https:\\\/\\\/fluxolimpo.ia.br\\\/loja\\\/produto\\\/calcas-de-ginastica-com-estampa-natalina-calcas-de-ioga\\\/#primaryimage\",\"url\":\"https:\\\/\\\/fluxolimpo.ia.br\\\/loja\\\/wp-content\\\/uploads\\\/2026\\\/04\\\/4481805017898.jpg\",\"contentUrl\":\"https:\\\/\\\/fluxolimpo.ia.br\\\/loja\\\/wp-content\\\/uploads\\\/2026\\\/04\\\/4481805017898.jpg\",\"width\":800,\"height\":800},{\"@type\":\"BreadcrumbList\",\"@id\":\"https:\\\/\\\/fluxolimpo.ia.br\\\/loja\\\/produto\\\/calcas-de-ginastica-com-estampa-natalina-calcas-de-ioga\\\/#breadcrumb\",\"itemListElement\":[{\"@type\":\"ListItem\",\"position\":1,\"name\":\"In\u00edcio\",\"item\":\"https:\\\/\\\/fluxolimpo.ia.br\\\/loja\\\/\"},{\"@type\":\"ListItem\",\"position\":2,\"name\":\"Shop\",\"item\":\"https:\\\/\\\/fluxolimpo.ia.br\\\/loja\\\/\"},{\"@type\":\"ListItem\",\"position\":3,\"name\":\"Cal\u00e7as de gin\u00e1stica com estampa natalina, cal\u00e7as de ioga\"}]},{\"@type\":\"WebSite\",\"@id\":\"https:\\\/\\\/fluxolimpo.ia.br\\\/loja\\\/#website\",\"url\":\"https:\\\/\\\/fluxolimpo.ia.br\\\/loja\\\/\",\"name\":\"Fluxo limpo Tech - Loja Virtual\",\"description\":\"AppS, Scripts e Produtos Importados Exclusivos\",\"publisher\":{\"@id\":\"https:\\\/\\\/fluxolimpo.ia.br\\\/loja\\\/#organization\"},\"potentialAction\":[{\"@type\":\"SearchAction\",\"target\":{\"@type\":\"EntryPoint\",\"urlTemplate\":\"https:\\\/\\\/fluxolimpo.ia.br\\\/loja\\\/?s={search_term_string}\"},\"query-input\":{\"@type\":\"PropertyValueSpecification\",\"valueRequired\":true,\"valueName\":\"search_term_string\"}}],\"inLanguage\":\"pt-BR\"},{\"@type\":\"Organization\",\"@id\":\"https:\\\/\\\/fluxolimpo.ia.br\\\/loja\\\/#organization\",\"name\":\"Fluxo limpo Tech - Loja Virtual\",\"url\":\"https:\\\/\\\/fluxolimpo.ia.br\\\/loja\\\/\",\"logo\":{\"@type\":\"ImageObject\",\"inLanguage\":\"pt-BR\",\"@id\":\"https:\\\/\\\/fluxolimpo.ia.br\\\/loja\\\/#\\\/schema\\\/logo\\\/image\\\/\",\"url\":\"https:\\\/\\\/fluxolimpo.ia.br\\\/loja\\\/wp-content\\\/uploads\\\/2026\\\/03\\\/cropped-logolojamini-1.png\",\"contentUrl\":\"https:\\\/\\\/fluxolimpo.ia.br\\\/loja\\\/wp-content\\\/uploads\\\/2026\\\/03\\\/cropped-logolojamini-1.png\",\"width\":321,\"height\":87,\"caption\":\"Fluxo limpo Tech - Loja Virtual\"},\"image\":{\"@id\":\"https:\\\/\\\/fluxolimpo.ia.br\\\/loja\\\/#\\\/schema\\\/logo\\\/image\\\/\"}}]}<\/script>\n<!-- \/ Yoast SEO plugin. -->","yoast_head_json":{"title":"Cal\u00e7as de gin\u00e1stica com estampa natalina, cal\u00e7as de ioga - Fluxo limpo Tech - Loja Virtual","robots":{"index":"index","follow":"follow","max-snippet":"max-snippet:-1","max-image-preview":"max-image-preview:large","max-video-preview":"max-video-preview:-1"},"canonical":"https:\/\/fluxolimpo.ia.br\/loja\/produto\/calcas-de-ginastica-com-estampa-natalina-calcas-de-ioga\/","og_locale":"pt_BR","og_type":"article","og_title":"Cal\u00e7as de gin\u00e1stica com estampa natalina, cal\u00e7as de ioga - Fluxo limpo Tech - Loja Virtual","og_description":"Composi\u00e7\u00e3o principal do tecido: fibra de poli\u00e9ster (poli\u00e9ster) &nbsp; 1. Os tamanhos asi\u00e1ticos s\u00e3o de 1 a 2 tamanhos menores que os tamanhos europeus e americanos. Escolha o tamanho maior se o seu tamanho estiver entre dois tamanhos. Por favor, permita uma diferen\u00e7a de 2 a 3 cm devido \u00e0 medi\u00e7\u00e3o manual.&nbsp; 2. Por favor, [&hellip;]","og_url":"https:\/\/fluxolimpo.ia.br\/loja\/produto\/calcas-de-ginastica-com-estampa-natalina-calcas-de-ioga\/","og_site_name":"Fluxo limpo Tech - Loja Virtual","article_modified_time":"2026-04-20T21:23:28+00:00","og_image":[{"width":800,"height":800,"url":"https:\/\/fluxolimpo.ia.br\/loja\/wp-content\/uploads\/2026\/04\/4481805017898.jpg","type":"image\/jpeg"}],"twitter_card":"summary_large_image","twitter_misc":{"Est. tempo de leitura":"1 minuto"},"schema":{"@context":"https:\/\/schema.org","@graph":[{"@type":"WebPage","@id":"https:\/\/fluxolimpo.ia.br\/loja\/produto\/calcas-de-ginastica-com-estampa-natalina-calcas-de-ioga\/","url":"https:\/\/fluxolimpo.ia.br\/loja\/produto\/calcas-de-ginastica-com-estampa-natalina-calcas-de-ioga\/","name":"Cal\u00e7as de gin\u00e1stica com estampa natalina, cal\u00e7as de ioga - Fluxo limpo Tech - Loja Virtual","isPartOf":{"@id":"https:\/\/fluxolimpo.ia.br\/loja\/#website"},"primaryImageOfPage":{"@id":"https:\/\/fluxolimpo.ia.br\/loja\/produto\/calcas-de-ginastica-com-estampa-natalina-calcas-de-ioga\/#primaryimage"},"image":{"@id":"https:\/\/fluxolimpo.ia.br\/loja\/produto\/calcas-de-ginastica-com-estampa-natalina-calcas-de-ioga\/#primaryimage"},"thumbnailUrl":"https:\/\/fluxolimpo.ia.br\/loja\/wp-content\/uploads\/2026\/04\/4481805017898.jpg","datePublished":"2026-04-20T21:21:40+00:00","dateModified":"2026-04-20T21:23:28+00:00","breadcrumb":{"@id":"https:\/\/fluxolimpo.ia.br\/loja\/produto\/calcas-de-ginastica-com-estampa-natalina-calcas-de-ioga\/#breadcrumb"},"inLanguage":"pt-BR","potentialAction":[{"@type":"ReadAction","target":["https:\/\/fluxolimpo.ia.br\/loja\/produto\/calcas-de-ginastica-com-estampa-natalina-calcas-de-ioga\/"]}]},{"@type":"ImageObject","inLanguage":"pt-BR","@id":"https:\/\/fluxolimpo.ia.br\/loja\/produto\/calcas-de-ginastica-com-estampa-natalina-calcas-de-ioga\/#primaryimage","url":"https:\/\/fluxolimpo.ia.br\/loja\/wp-content\/uploads\/2026\/04\/4481805017898.jpg","contentUrl":"https:\/\/fluxolimpo.ia.br\/loja\/wp-content\/uploads\/2026\/04\/4481805017898.jpg","width":800,"height":800},{"@type":"BreadcrumbList","@id":"https:\/\/fluxolimpo.ia.br\/loja\/produto\/calcas-de-ginastica-com-estampa-natalina-calcas-de-ioga\/#breadcrumb","itemListElement":[{"@type":"ListItem","position":1,"name":"In\u00edcio","item":"https:\/\/fluxolimpo.ia.br\/loja\/"},{"@type":"ListItem","position":2,"name":"Shop","item":"https:\/\/fluxolimpo.ia.br\/loja\/"},{"@type":"ListItem","position":3,"name":"Cal\u00e7as de gin\u00e1stica com estampa natalina, cal\u00e7as de ioga"}]},{"@type":"WebSite","@id":"https:\/\/fluxolimpo.ia.br\/loja\/#website","url":"https:\/\/fluxolimpo.ia.br\/loja\/","name":"Fluxo limpo Tech - Loja Virtual","description":"AppS, Scripts e Produtos Importados Exclusivos","publisher":{"@id":"https:\/\/fluxolimpo.ia.br\/loja\/#organization"},"potentialAction":[{"@type":"SearchAction","target":{"@type":"EntryPoint","urlTemplate":"https:\/\/fluxolimpo.ia.br\/loja\/?s={search_term_string}"},"query-input":{"@type":"PropertyValueSpecification","valueRequired":true,"valueName":"search_term_string"}}],"inLanguage":"pt-BR"},{"@type":"Organization","@id":"https:\/\/fluxolimpo.ia.br\/loja\/#organization","name":"Fluxo limpo Tech - Loja Virtual","url":"https:\/\/fluxolimpo.ia.br\/loja\/","logo":{"@type":"ImageObject","inLanguage":"pt-BR","@id":"https:\/\/fluxolimpo.ia.br\/loja\/#\/schema\/logo\/image\/","url":"https:\/\/fluxolimpo.ia.br\/loja\/wp-content\/uploads\/2026\/03\/cropped-logolojamini-1.png","contentUrl":"https:\/\/fluxolimpo.ia.br\/loja\/wp-content\/uploads\/2026\/03\/cropped-logolojamini-1.png","width":321,"height":87,"caption":"Fluxo limpo Tech - Loja Virtual"},"image":{"@id":"https:\/\/fluxolimpo.ia.br\/loja\/#\/schema\/logo\/image\/"}}]}},"_links":{"self":[{"href":"https:\/\/fluxolimpo.ia.br\/loja\/wp-json\/wp\/v2\/product\/23436","targetHints":{"allow":["GET"]}}],"collection":[{"href":"https:\/\/fluxolimpo.ia.br\/loja\/wp-json\/wp\/v2\/product"}],"about":[{"href":"https:\/\/fluxolimpo.ia.br\/loja\/wp-json\/wp\/v2\/types\/product"}],"wp:featuredmedia":[{"embeddable":true,"href":"https:\/\/fluxolimpo.ia.br\/loja\/wp-json\/wp\/v2\/media\/23432"}],"wp:attachment":[{"href":"https:\/\/fluxolimpo.ia.br\/loja\/wp-json\/wp\/v2\/media?parent=23436"}],"wp:term":[{"taxonomy":"product_brand","embeddable":true,"href":"https:\/\/fluxolimpo.ia.br\/loja\/wp-json\/wp\/v2\/product_brand?post=23436"},{"taxonomy":"product_cat","embeddable":true,"href":"https:\/\/fluxolimpo.ia.br\/loja\/wp-json\/wp\/v2\/product_cat?post=23436"},{"taxonomy":"product_tag","embeddable":true,"href":"https:\/\/fluxolimpo.ia.br\/loja\/wp-json\/wp\/v2\/product_tag?post=23436"}],"curies":[{"name":"wp","href":"https:\/\/api.w.org\/{rel}","templated":true}]}}