{"id":23371,"date":"2026-04-18T22:17:37","date_gmt":"2026-04-19T01:17:37","guid":{"rendered":"https:\/\/fluxolimpo.ia.br\/loja\/produto\/carregador-sem-fio-dobravel-magnetico-3-em-1-estacao-de-carregamento-para-varios-dispositivos-carregador-sem-fio-dobravel-para-celular\/"},"modified":"2026-04-20T16:42:13","modified_gmt":"2026-04-20T19:42:13","slug":"carregador-sem-fio-dobravel-magnetico-3-em-1-estacao-de-carregamento-para-varios-dispositivos-carregador-sem-fio-dobravel-para-celular","status":"publish","type":"product","link":"https:\/\/fluxolimpo.ia.br\/loja\/produto\/carregador-sem-fio-dobravel-magnetico-3-em-1-estacao-de-carregamento-para-varios-dispositivos-carregador-sem-fio-dobravel-para-celular\/","title":{"rendered":"Carregador sem fio dobr\u00e1vel magn\u00e9tico 3 em 1, esta\u00e7\u00e3o de carregamento para v\u00e1rios dispositivos, carregador sem fio dobr\u00e1vel para celular"},"content":{"rendered":"<p>Vis\u00e3o geral:<\/p>\n<p>*Carregador sem fio 3 em 1 FD-308 atualizado, de alta qualidade, carregamento em velocidade m\u00e1xima com capa protetora, carregamento r\u00e1pido de 15 W, interrompe o carregamento quando a bateria estiver cheia, carregamento em baixa temperatura mais seguro.<\/p>\n<p>*Compat\u00edvel com todos os tipos de celulares, Android, Apple, Samsung, f\u00e1cil de guardar, com forte \u00edm\u00e3 embutido para alinhamento preciso.<\/p>\n<p>Modo de carga lenta, prote\u00e7\u00e3o contra sobrecarga da bateria, desligamento autom\u00e1tico, carga completa, mais seguran\u00e7a sem precisar recarregar<\/p>\n<p>*Carregamento r\u00e1pido de 15W em baixa temperatura, seguro e pr\u00e1tico, ideal para viagens. \u00d3timo para atividades ao ar livre.<\/p>\n<p><b>\u00a0<\/b><\/p>\n<div class=\"gtx-body\"><strong>Informa\u00e7\u00f5es sobre o produto:<\/strong><\/div>\n<div class=\"gtx-body\">\n<div class=\"gtx-body\">Tipo: carregamento sem fio<\/div>\n<div class=\"gtx-body\">Corrente de carregamento: 2000 (mA)<\/div>\n<div class=\"gtx-body\">Tipo de bateria: bateria de l\u00edtio<\/div>\n<div class=\"gtx-body\">Fun\u00e7\u00e3o de indica\u00e7\u00e3o: sem fun\u00e7\u00e3o de indica\u00e7\u00e3o<\/div>\n<div class=\"gtx-body\">Interface: TYPE-C<\/div>\n<p>Product certification: ce<br \/>\nPot\u00eancia de sa\u00edda dos fones de ouvido: 3W<\/p>\n<\/div>\n<div class=\"gtx-body\">\n<p>Material do produto: couro de microfibra PU + ABS<\/p>\n<div class=\"gtx-body\">Sa\u00edda de pot\u00eancia do rel\u00f3gio: 2W<\/div>\n<div class=\"gtx-body\">Sa\u00edda para celular: 1 5W\/10W\/7,5W\/5W<\/div>\n<div class=\"gtx-body\">Entrada do produto: 9V2A<\/div>\n<\/div>\n<p>Vantagens:<\/p>\n<p>1. Resistente e potente<\/p>\n<p>2. Leve e compacto<\/p>\n<p>3. Desligamento seguro<\/p>\n<p>4. Baixa temperatura<\/p>\n<p>Embalagem: Carregador sem fio x1 unidade, cabo de dados x1 unidade<\/p>\n<p><img decoding=\"async\" src=\"https:\/\/cf.cjdropshipping.com\/17117568\/2403300956190328100.jpg\" \/> <img decoding=\"async\" src=\"https:\/\/cf.cjdropshipping.com\/17117568\/2403300956190329000.jpg\" \/> <img decoding=\"async\" src=\"https:\/\/cf.cjdropshipping.com\/17117568\/2403300956190329500.jpg\" \/> <img decoding=\"async\" src=\"https:\/\/cf.cjdropshipping.com\/17117568\/2403300956200320700.jpg\" \/> <img decoding=\"async\" src=\"https:\/\/cf.cjdropshipping.com\/17117568\/2403300956200321600.jpg\" \/> <img decoding=\"async\" src=\"https:\/\/cf.cjdropshipping.com\/17117568\/2403300956200322600.jpg\" \/> <img decoding=\"async\" src=\"https:\/\/cf.cjdropshipping.com\/17117568\/2403300956200323200.jpg\" \/> <img decoding=\"async\" src=\"https:\/\/cf.cjdropshipping.com\/17117568\/2403300956200323800.jpg\" \/> <img decoding=\"async\" src=\"https:\/\/cf.cjdropshipping.com\/17117568\/2403300956200324400.jpg\" \/><\/p>\n","protected":false},"excerpt":{"rendered":"[video width=\"960\" height=\"960\" mp4=\"https:\/\/fluxolimpo.ia.br\/loja\/wp-content\/uploads\/2026\/04\/Carregador-sem-fio-magnetico-3-em-1-estacao-de-carregamento-para-varios-dispositivos-carregador-sem-fio-dobravel-para-celular-CJdropshipping.mp4\"][\/video]\n","protected":false},"featured_media":23361,"template":"","meta":{"inline_featured_image":false,"_monsterinsights_skip_tracking":false,"_monsterinsights_sitenote_active":false,"_monsterinsights_sitenote_note":"","_monsterinsights_sitenote_category":0,"_mbp_gutenberg_autopost":false},"product_brand":[],"product_cat":[663],"product_tag":[725],"class_list":{"0":"post-23371","1":"product","2":"type-product","3":"status-publish","4":"has-post-thumbnail","6":"product_cat-eletronicos-consumo","7":"product_tag-carregador-sem-fio","9":"first","10":"instock","11":"shipping-taxable","12":"purchasable","13":"product-type-variable"},"yoast_head":"<!-- This site is optimized with the Yoast SEO plugin v27.4 - https:\/\/yoast.com\/product\/yoast-seo-wordpress\/ -->\n<title>Carregador sem fio dobr\u00e1vel magn\u00e9tico 3 em 1, esta\u00e7\u00e3o de carregamento para v\u00e1rios dispositivos, carregador sem fio dobr\u00e1vel para celular - Fluxo limpo Tech - Loja Virtual<\/title>\n<meta name=\"robots\" content=\"index, follow, max-snippet:-1, max-image-preview:large, max-video-preview:-1\" \/>\n<link rel=\"canonical\" href=\"https:\/\/fluxolimpo.ia.br\/loja\/produto\/carregador-sem-fio-dobravel-magnetico-3-em-1-estacao-de-carregamento-para-varios-dispositivos-carregador-sem-fio-dobravel-para-celular\/\" \/>\n<meta property=\"og:locale\" content=\"pt_BR\" \/>\n<meta property=\"og:type\" content=\"article\" \/>\n<meta property=\"og:title\" content=\"Carregador sem fio dobr\u00e1vel magn\u00e9tico 3 em 1, esta\u00e7\u00e3o de carregamento para v\u00e1rios dispositivos, carregador sem fio dobr\u00e1vel para celular - Fluxo limpo Tech - Loja Virtual\" \/>\n<meta property=\"og:url\" content=\"https:\/\/fluxolimpo.ia.br\/loja\/produto\/carregador-sem-fio-dobravel-magnetico-3-em-1-estacao-de-carregamento-para-varios-dispositivos-carregador-sem-fio-dobravel-para-celular\/\" \/>\n<meta property=\"og:site_name\" content=\"Fluxo limpo Tech - Loja Virtual\" \/>\n<meta property=\"article:modified_time\" content=\"2026-04-20T19:42:13+00:00\" \/>\n<meta property=\"og:image\" content=\"https:\/\/fluxolimpo.ia.br\/loja\/wp-content\/uploads\/2026\/04\/73873978-3774-4732-897f-179e0dec507b.jpg\" \/>\n\t<meta property=\"og:image:width\" content=\"754\" \/>\n\t<meta property=\"og:image:height\" content=\"754\" \/>\n\t<meta property=\"og:image:type\" content=\"image\/jpeg\" \/>\n<meta name=\"twitter:card\" content=\"summary_large_image\" \/>\n<meta name=\"twitter:description\" content=\"[video width=&quot;960&quot; height=&quot;960&quot; mp4=&quot;https:\/\/fluxolimpo.ia.br\/loja\/wp-content\/uploads\/2026\/04\/Carregador-sem-fio-magnetico-3-em-1-estacao-de-carregamento-para-varios-dispositivos-carregador-sem-fio-dobravel-para-celular-CJdropshipping.mp4&quot;][\/video]\" \/>\n<meta name=\"twitter:label1\" content=\"Est. tempo de leitura\" \/>\n\t<meta name=\"twitter:data1\" content=\"1 minuto\" \/>\n<script type=\"application\/ld+json\" class=\"yoast-schema-graph\">{\"@context\":\"https:\\\/\\\/schema.org\",\"@graph\":[{\"@type\":\"WebPage\",\"@id\":\"https:\\\/\\\/fluxolimpo.ia.br\\\/loja\\\/produto\\\/carregador-sem-fio-dobravel-magnetico-3-em-1-estacao-de-carregamento-para-varios-dispositivos-carregador-sem-fio-dobravel-para-celular\\\/\",\"url\":\"https:\\\/\\\/fluxolimpo.ia.br\\\/loja\\\/produto\\\/carregador-sem-fio-dobravel-magnetico-3-em-1-estacao-de-carregamento-para-varios-dispositivos-carregador-sem-fio-dobravel-para-celular\\\/\",\"name\":\"Carregador sem fio dobr\u00e1vel magn\u00e9tico 3 em 1, esta\u00e7\u00e3o de carregamento para v\u00e1rios dispositivos, carregador sem fio dobr\u00e1vel para celular - Fluxo limpo Tech - Loja Virtual\",\"isPartOf\":{\"@id\":\"https:\\\/\\\/fluxolimpo.ia.br\\\/loja\\\/#website\"},\"primaryImageOfPage\":{\"@id\":\"https:\\\/\\\/fluxolimpo.ia.br\\\/loja\\\/produto\\\/carregador-sem-fio-dobravel-magnetico-3-em-1-estacao-de-carregamento-para-varios-dispositivos-carregador-sem-fio-dobravel-para-celular\\\/#primaryimage\"},\"image\":{\"@id\":\"https:\\\/\\\/fluxolimpo.ia.br\\\/loja\\\/produto\\\/carregador-sem-fio-dobravel-magnetico-3-em-1-estacao-de-carregamento-para-varios-dispositivos-carregador-sem-fio-dobravel-para-celular\\\/#primaryimage\"},\"thumbnailUrl\":\"https:\\\/\\\/fluxolimpo.ia.br\\\/loja\\\/wp-content\\\/uploads\\\/2026\\\/04\\\/73873978-3774-4732-897f-179e0dec507b.jpg\",\"datePublished\":\"2026-04-19T01:17:37+00:00\",\"dateModified\":\"2026-04-20T19:42:13+00:00\",\"breadcrumb\":{\"@id\":\"https:\\\/\\\/fluxolimpo.ia.br\\\/loja\\\/produto\\\/carregador-sem-fio-dobravel-magnetico-3-em-1-estacao-de-carregamento-para-varios-dispositivos-carregador-sem-fio-dobravel-para-celular\\\/#breadcrumb\"},\"inLanguage\":\"pt-BR\",\"potentialAction\":[{\"@type\":\"ReadAction\",\"target\":[\"https:\\\/\\\/fluxolimpo.ia.br\\\/loja\\\/produto\\\/carregador-sem-fio-dobravel-magnetico-3-em-1-estacao-de-carregamento-para-varios-dispositivos-carregador-sem-fio-dobravel-para-celular\\\/\"]}]},{\"@type\":\"ImageObject\",\"inLanguage\":\"pt-BR\",\"@id\":\"https:\\\/\\\/fluxolimpo.ia.br\\\/loja\\\/produto\\\/carregador-sem-fio-dobravel-magnetico-3-em-1-estacao-de-carregamento-para-varios-dispositivos-carregador-sem-fio-dobravel-para-celular\\\/#primaryimage\",\"url\":\"https:\\\/\\\/fluxolimpo.ia.br\\\/loja\\\/wp-content\\\/uploads\\\/2026\\\/04\\\/73873978-3774-4732-897f-179e0dec507b.jpg\",\"contentUrl\":\"https:\\\/\\\/fluxolimpo.ia.br\\\/loja\\\/wp-content\\\/uploads\\\/2026\\\/04\\\/73873978-3774-4732-897f-179e0dec507b.jpg\",\"width\":754,\"height\":754},{\"@type\":\"BreadcrumbList\",\"@id\":\"https:\\\/\\\/fluxolimpo.ia.br\\\/loja\\\/produto\\\/carregador-sem-fio-dobravel-magnetico-3-em-1-estacao-de-carregamento-para-varios-dispositivos-carregador-sem-fio-dobravel-para-celular\\\/#breadcrumb\",\"itemListElement\":[{\"@type\":\"ListItem\",\"position\":1,\"name\":\"In\u00edcio\",\"item\":\"https:\\\/\\\/fluxolimpo.ia.br\\\/loja\\\/\"},{\"@type\":\"ListItem\",\"position\":2,\"name\":\"Shop\",\"item\":\"https:\\\/\\\/fluxolimpo.ia.br\\\/loja\\\/\"},{\"@type\":\"ListItem\",\"position\":3,\"name\":\"Carregador sem fio dobr\u00e1vel magn\u00e9tico 3 em 1, esta\u00e7\u00e3o de carregamento para v\u00e1rios dispositivos, carregador sem fio dobr\u00e1vel para celular\"}]},{\"@type\":\"WebSite\",\"@id\":\"https:\\\/\\\/fluxolimpo.ia.br\\\/loja\\\/#website\",\"url\":\"https:\\\/\\\/fluxolimpo.ia.br\\\/loja\\\/\",\"name\":\"Fluxo limpo Tech - Loja Virtual\",\"description\":\"AppS, Scripts e Produtos Importados Exclusivos\",\"publisher\":{\"@id\":\"https:\\\/\\\/fluxolimpo.ia.br\\\/loja\\\/#organization\"},\"potentialAction\":[{\"@type\":\"SearchAction\",\"target\":{\"@type\":\"EntryPoint\",\"urlTemplate\":\"https:\\\/\\\/fluxolimpo.ia.br\\\/loja\\\/?s={search_term_string}\"},\"query-input\":{\"@type\":\"PropertyValueSpecification\",\"valueRequired\":true,\"valueName\":\"search_term_string\"}}],\"inLanguage\":\"pt-BR\"},{\"@type\":\"Organization\",\"@id\":\"https:\\\/\\\/fluxolimpo.ia.br\\\/loja\\\/#organization\",\"name\":\"Fluxo limpo Tech - Loja Virtual\",\"url\":\"https:\\\/\\\/fluxolimpo.ia.br\\\/loja\\\/\",\"logo\":{\"@type\":\"ImageObject\",\"inLanguage\":\"pt-BR\",\"@id\":\"https:\\\/\\\/fluxolimpo.ia.br\\\/loja\\\/#\\\/schema\\\/logo\\\/image\\\/\",\"url\":\"https:\\\/\\\/fluxolimpo.ia.br\\\/loja\\\/wp-content\\\/uploads\\\/2026\\\/03\\\/cropped-logolojamini-1.png\",\"contentUrl\":\"https:\\\/\\\/fluxolimpo.ia.br\\\/loja\\\/wp-content\\\/uploads\\\/2026\\\/03\\\/cropped-logolojamini-1.png\",\"width\":321,\"height\":87,\"caption\":\"Fluxo limpo Tech - Loja Virtual\"},\"image\":{\"@id\":\"https:\\\/\\\/fluxolimpo.ia.br\\\/loja\\\/#\\\/schema\\\/logo\\\/image\\\/\"}}]}<\/script>\n<!-- \/ Yoast SEO plugin. -->","yoast_head_json":{"title":"Carregador sem fio dobr\u00e1vel magn\u00e9tico 3 em 1, esta\u00e7\u00e3o de carregamento para v\u00e1rios dispositivos, carregador sem fio dobr\u00e1vel para celular - Fluxo limpo Tech - Loja Virtual","robots":{"index":"index","follow":"follow","max-snippet":"max-snippet:-1","max-image-preview":"max-image-preview:large","max-video-preview":"max-video-preview:-1"},"canonical":"https:\/\/fluxolimpo.ia.br\/loja\/produto\/carregador-sem-fio-dobravel-magnetico-3-em-1-estacao-de-carregamento-para-varios-dispositivos-carregador-sem-fio-dobravel-para-celular\/","og_locale":"pt_BR","og_type":"article","og_title":"Carregador sem fio dobr\u00e1vel magn\u00e9tico 3 em 1, esta\u00e7\u00e3o de carregamento para v\u00e1rios dispositivos, carregador sem fio dobr\u00e1vel para celular - Fluxo limpo Tech - Loja Virtual","og_url":"https:\/\/fluxolimpo.ia.br\/loja\/produto\/carregador-sem-fio-dobravel-magnetico-3-em-1-estacao-de-carregamento-para-varios-dispositivos-carregador-sem-fio-dobravel-para-celular\/","og_site_name":"Fluxo limpo Tech - Loja Virtual","article_modified_time":"2026-04-20T19:42:13+00:00","og_image":[{"width":754,"height":754,"url":"https:\/\/fluxolimpo.ia.br\/loja\/wp-content\/uploads\/2026\/04\/73873978-3774-4732-897f-179e0dec507b.jpg","type":"image\/jpeg"}],"twitter_card":"summary_large_image","twitter_description":"[video width=\"960\" height=\"960\" mp4=\"https:\/\/fluxolimpo.ia.br\/loja\/wp-content\/uploads\/2026\/04\/Carregador-sem-fio-magnetico-3-em-1-estacao-de-carregamento-para-varios-dispositivos-carregador-sem-fio-dobravel-para-celular-CJdropshipping.mp4\"][\/video]","twitter_misc":{"Est. tempo de leitura":"1 minuto"},"schema":{"@context":"https:\/\/schema.org","@graph":[{"@type":"WebPage","@id":"https:\/\/fluxolimpo.ia.br\/loja\/produto\/carregador-sem-fio-dobravel-magnetico-3-em-1-estacao-de-carregamento-para-varios-dispositivos-carregador-sem-fio-dobravel-para-celular\/","url":"https:\/\/fluxolimpo.ia.br\/loja\/produto\/carregador-sem-fio-dobravel-magnetico-3-em-1-estacao-de-carregamento-para-varios-dispositivos-carregador-sem-fio-dobravel-para-celular\/","name":"Carregador sem fio dobr\u00e1vel magn\u00e9tico 3 em 1, esta\u00e7\u00e3o de carregamento para v\u00e1rios dispositivos, carregador sem fio dobr\u00e1vel para celular - Fluxo limpo Tech - Loja Virtual","isPartOf":{"@id":"https:\/\/fluxolimpo.ia.br\/loja\/#website"},"primaryImageOfPage":{"@id":"https:\/\/fluxolimpo.ia.br\/loja\/produto\/carregador-sem-fio-dobravel-magnetico-3-em-1-estacao-de-carregamento-para-varios-dispositivos-carregador-sem-fio-dobravel-para-celular\/#primaryimage"},"image":{"@id":"https:\/\/fluxolimpo.ia.br\/loja\/produto\/carregador-sem-fio-dobravel-magnetico-3-em-1-estacao-de-carregamento-para-varios-dispositivos-carregador-sem-fio-dobravel-para-celular\/#primaryimage"},"thumbnailUrl":"https:\/\/fluxolimpo.ia.br\/loja\/wp-content\/uploads\/2026\/04\/73873978-3774-4732-897f-179e0dec507b.jpg","datePublished":"2026-04-19T01:17:37+00:00","dateModified":"2026-04-20T19:42:13+00:00","breadcrumb":{"@id":"https:\/\/fluxolimpo.ia.br\/loja\/produto\/carregador-sem-fio-dobravel-magnetico-3-em-1-estacao-de-carregamento-para-varios-dispositivos-carregador-sem-fio-dobravel-para-celular\/#breadcrumb"},"inLanguage":"pt-BR","potentialAction":[{"@type":"ReadAction","target":["https:\/\/fluxolimpo.ia.br\/loja\/produto\/carregador-sem-fio-dobravel-magnetico-3-em-1-estacao-de-carregamento-para-varios-dispositivos-carregador-sem-fio-dobravel-para-celular\/"]}]},{"@type":"ImageObject","inLanguage":"pt-BR","@id":"https:\/\/fluxolimpo.ia.br\/loja\/produto\/carregador-sem-fio-dobravel-magnetico-3-em-1-estacao-de-carregamento-para-varios-dispositivos-carregador-sem-fio-dobravel-para-celular\/#primaryimage","url":"https:\/\/fluxolimpo.ia.br\/loja\/wp-content\/uploads\/2026\/04\/73873978-3774-4732-897f-179e0dec507b.jpg","contentUrl":"https:\/\/fluxolimpo.ia.br\/loja\/wp-content\/uploads\/2026\/04\/73873978-3774-4732-897f-179e0dec507b.jpg","width":754,"height":754},{"@type":"BreadcrumbList","@id":"https:\/\/fluxolimpo.ia.br\/loja\/produto\/carregador-sem-fio-dobravel-magnetico-3-em-1-estacao-de-carregamento-para-varios-dispositivos-carregador-sem-fio-dobravel-para-celular\/#breadcrumb","itemListElement":[{"@type":"ListItem","position":1,"name":"In\u00edcio","item":"https:\/\/fluxolimpo.ia.br\/loja\/"},{"@type":"ListItem","position":2,"name":"Shop","item":"https:\/\/fluxolimpo.ia.br\/loja\/"},{"@type":"ListItem","position":3,"name":"Carregador sem fio dobr\u00e1vel magn\u00e9tico 3 em 1, esta\u00e7\u00e3o de carregamento para v\u00e1rios dispositivos, carregador sem fio dobr\u00e1vel para celular"}]},{"@type":"WebSite","@id":"https:\/\/fluxolimpo.ia.br\/loja\/#website","url":"https:\/\/fluxolimpo.ia.br\/loja\/","name":"Fluxo limpo Tech - Loja Virtual","description":"AppS, Scripts e Produtos Importados Exclusivos","publisher":{"@id":"https:\/\/fluxolimpo.ia.br\/loja\/#organization"},"potentialAction":[{"@type":"SearchAction","target":{"@type":"EntryPoint","urlTemplate":"https:\/\/fluxolimpo.ia.br\/loja\/?s={search_term_string}"},"query-input":{"@type":"PropertyValueSpecification","valueRequired":true,"valueName":"search_term_string"}}],"inLanguage":"pt-BR"},{"@type":"Organization","@id":"https:\/\/fluxolimpo.ia.br\/loja\/#organization","name":"Fluxo limpo Tech - Loja Virtual","url":"https:\/\/fluxolimpo.ia.br\/loja\/","logo":{"@type":"ImageObject","inLanguage":"pt-BR","@id":"https:\/\/fluxolimpo.ia.br\/loja\/#\/schema\/logo\/image\/","url":"https:\/\/fluxolimpo.ia.br\/loja\/wp-content\/uploads\/2026\/03\/cropped-logolojamini-1.png","contentUrl":"https:\/\/fluxolimpo.ia.br\/loja\/wp-content\/uploads\/2026\/03\/cropped-logolojamini-1.png","width":321,"height":87,"caption":"Fluxo limpo Tech - Loja Virtual"},"image":{"@id":"https:\/\/fluxolimpo.ia.br\/loja\/#\/schema\/logo\/image\/"}}]}},"_links":{"self":[{"href":"https:\/\/fluxolimpo.ia.br\/loja\/wp-json\/wp\/v2\/product\/23371","targetHints":{"allow":["GET"]}}],"collection":[{"href":"https:\/\/fluxolimpo.ia.br\/loja\/wp-json\/wp\/v2\/product"}],"about":[{"href":"https:\/\/fluxolimpo.ia.br\/loja\/wp-json\/wp\/v2\/types\/product"}],"wp:featuredmedia":[{"embeddable":true,"href":"https:\/\/fluxolimpo.ia.br\/loja\/wp-json\/wp\/v2\/media\/23361"}],"wp:attachment":[{"href":"https:\/\/fluxolimpo.ia.br\/loja\/wp-json\/wp\/v2\/media?parent=23371"}],"wp:term":[{"taxonomy":"product_brand","embeddable":true,"href":"https:\/\/fluxolimpo.ia.br\/loja\/wp-json\/wp\/v2\/product_brand?post=23371"},{"taxonomy":"product_cat","embeddable":true,"href":"https:\/\/fluxolimpo.ia.br\/loja\/wp-json\/wp\/v2\/product_cat?post=23371"},{"taxonomy":"product_tag","embeddable":true,"href":"https:\/\/fluxolimpo.ia.br\/loja\/wp-json\/wp\/v2\/product_tag?post=23371"}],"curies":[{"name":"wp","href":"https:\/\/api.w.org\/{rel}","templated":true}]}}