{"id":23356,"date":"2026-04-18T22:10:48","date_gmt":"2026-04-19T01:10:48","guid":{"rendered":"https:\/\/fluxolimpo.ia.br\/loja\/produto\/produtos-para-alivio-da-coceira-em-caes\/"},"modified":"2026-04-20T16:45:57","modified_gmt":"2026-04-20T19:45:57","slug":"produtos-para-alivio-da-coceira-em-caes","status":"publish","type":"product","link":"https:\/\/fluxolimpo.ia.br\/loja\/produto\/produtos-para-alivio-da-coceira-em-caes\/","title":{"rendered":"Produtos para al\u00edvio da coceira em c\u00e3es"},"content":{"rendered":"<p><b>Informa\u00e7\u00f5es sobre o produto:<br \/>\n<\/b><br \/>\nEspecifica\u00e7\u00f5es: 300g\/frasco (r\u00f3tulo em ingl\u00eas), 300g\/frasco (sem r\u00f3tulo) Composi\u00e7\u00e3o: glicerina, amido de mandioca amarga, farinha de ervilha, mela\u00e7o, gelatina, aroma natural, lecitina, glicose cultivada, \u00f3leo de girassol, sal, vinagre de ma\u00e7\u00e3, antioxidante natural Categoria: produtos de sa\u00fade para c\u00e3es<\/p>\n<p><b>Lista de embalagem: <\/b><\/p>\n<p>Suplementos para a sa\u00fade canina *1<\/p>\n<p><b>Imagem do produto:<\/b><\/p>\n<p><img decoding=\"async\" src=\"https:\/\/oss-cf.cjdropshipping.com\/product\/2025\/08\/06\/03\/58f6109f-785d-43a4-bd85-c5986a7fe30b.jpg\" \/><br \/>\n<img decoding=\"async\" src=\"https:\/\/oss-cf.cjdropshipping.com\/product\/2025\/08\/06\/03\/ce42d590-2726-45d7-b339-9830ecca64fe.jpg\" \/><br \/>\n<img decoding=\"async\" src=\"https:\/\/oss-cf.cjdropshipping.com\/product\/2025\/08\/06\/03\/6d65439a-1f79-4eca-a9c4-7f07486bebb9.jpg\" \/><br \/>\n<img decoding=\"async\" src=\"https:\/\/oss-cf.cjdropshipping.com\/product\/2025\/08\/06\/03\/1f788eed-6843-4e4c-a2c6-6a706d747cc9.jpg\" \/><br \/>\n<img decoding=\"async\" src=\"https:\/\/oss-cf.cjdropshipping.com\/product\/2025\/08\/06\/03\/e8c73b03-f2b1-4955-857d-6c726a9a7fdd.jpg\" \/><\/p>\n<div id=\"gtx-anchor\" style=\"position: absolute; visibility: hidden; left: 9.98932px; top: 28.539px; width: 177.335px; height: 17.9487px;\"><\/div>\n<div class=\"jfk-bubble gtx-bubble\" style=\"visibility: visible; left: 83px; top: 57px; opacity: 1;\" role=\"alertdialog\" aria-describedby=\"bubble-2\">\n<div id=\"bubble-2\" class=\"jfk-bubble-content-id\">\n<div id=\"gtx-host\" style=\"min-width: 200px; max-width: 400px;\"><\/div>\n<\/div>\n<div class=\"jfk-bubble-closebtn-id jfk-bubble-closebtn\" tabindex=\"0\" role=\"button\" aria-label=\"Close\"><\/div>\n<div class=\"jfk-bubble-arrow-id jfk-bubble-arrow jfk-bubble-arrowup\" style=\"left: 88.4866px;\">\n<div class=\"jfk-bubble-arrowimplbefore\"><\/div>\n<div class=\"jfk-bubble-arrowimplafter\"><\/div>\n<\/div>\n<\/div>\n","protected":false},"excerpt":{"rendered":"<p>Informa\u00e7\u00f5es sobre o produto: Especifica\u00e7\u00f5es: 300g\/frasco (r\u00f3tulo em ingl\u00eas), 300g\/frasco (sem r\u00f3tulo) Composi\u00e7\u00e3o: glicerina, amido de mandioca amarga, farinha de ervilha, mela\u00e7o, gelatina, aroma natural, lecitina, glicose cultivada, \u00f3leo de girassol, sal, vinagre de ma\u00e7\u00e3, antioxidante natural Categoria: produtos de sa\u00fade para c\u00e3es Lista de embalagem: Suplementos para a sa\u00fade canina *1 Imagem do produto:<\/p>\n","protected":false},"featured_media":23351,"template":"","meta":{"inline_featured_image":false,"_monsterinsights_skip_tracking":false,"_monsterinsights_sitenote_active":false,"_monsterinsights_sitenote_note":"","_monsterinsights_sitenote_category":0,"_mbp_gutenberg_autopost":false},"product_brand":[],"product_cat":[690],"product_tag":[677,727],"class_list":{"0":"post-23356","1":"product","2":"type-product","3":"status-publish","4":"has-post-thumbnail","6":"product_cat-tecnologia-para-pets","7":"product_tag-caes","8":"product_tag-coceira","10":"first","11":"instock","12":"shipping-taxable","13":"purchasable","14":"product-type-variable"},"yoast_head":"<!-- This site is optimized with the Yoast SEO plugin v27.4 - https:\/\/yoast.com\/product\/yoast-seo-wordpress\/ -->\n<title>Produtos para al\u00edvio da coceira em c\u00e3es - Fluxo limpo Tech - Loja Virtual<\/title>\n<meta name=\"robots\" content=\"index, follow, max-snippet:-1, max-image-preview:large, max-video-preview:-1\" \/>\n<link rel=\"canonical\" href=\"https:\/\/fluxolimpo.ia.br\/loja\/produto\/produtos-para-alivio-da-coceira-em-caes\/\" \/>\n<meta property=\"og:locale\" content=\"pt_BR\" \/>\n<meta property=\"og:type\" content=\"article\" \/>\n<meta property=\"og:title\" content=\"Produtos para al\u00edvio da coceira em c\u00e3es - Fluxo limpo Tech - Loja Virtual\" \/>\n<meta property=\"og:description\" content=\"Informa\u00e7\u00f5es sobre o produto: Especifica\u00e7\u00f5es: 300g\/frasco (r\u00f3tulo em ingl\u00eas), 300g\/frasco (sem r\u00f3tulo) Composi\u00e7\u00e3o: glicerina, amido de mandioca amarga, farinha de ervilha, mela\u00e7o, gelatina, aroma natural, lecitina, glicose cultivada, \u00f3leo de girassol, sal, vinagre de ma\u00e7\u00e3, antioxidante natural Categoria: produtos de sa\u00fade para c\u00e3es Lista de embalagem: Suplementos para a sa\u00fade canina *1 Imagem do produto:\" \/>\n<meta property=\"og:url\" content=\"https:\/\/fluxolimpo.ia.br\/loja\/produto\/produtos-para-alivio-da-coceira-em-caes\/\" \/>\n<meta property=\"og:site_name\" content=\"Fluxo limpo Tech - Loja Virtual\" \/>\n<meta property=\"article:modified_time\" content=\"2026-04-20T19:45:57+00:00\" \/>\n<meta property=\"og:image\" content=\"https:\/\/fluxolimpo.ia.br\/loja\/wp-content\/uploads\/2026\/04\/1146e3fb-a972-4df9-9b5e-4bb3cf83cff1_trans.jpeg\" \/>\n\t<meta property=\"og:image:width\" content=\"800\" \/>\n\t<meta property=\"og:image:height\" content=\"800\" \/>\n\t<meta property=\"og:image:type\" content=\"image\/jpeg\" \/>\n<meta name=\"twitter:card\" content=\"summary_large_image\" \/>\n<script type=\"application\/ld+json\" class=\"yoast-schema-graph\">{\"@context\":\"https:\\\/\\\/schema.org\",\"@graph\":[{\"@type\":\"WebPage\",\"@id\":\"https:\\\/\\\/fluxolimpo.ia.br\\\/loja\\\/produto\\\/produtos-para-alivio-da-coceira-em-caes\\\/\",\"url\":\"https:\\\/\\\/fluxolimpo.ia.br\\\/loja\\\/produto\\\/produtos-para-alivio-da-coceira-em-caes\\\/\",\"name\":\"Produtos para al\u00edvio da coceira em c\u00e3es - Fluxo limpo Tech - Loja Virtual\",\"isPartOf\":{\"@id\":\"https:\\\/\\\/fluxolimpo.ia.br\\\/loja\\\/#website\"},\"primaryImageOfPage\":{\"@id\":\"https:\\\/\\\/fluxolimpo.ia.br\\\/loja\\\/produto\\\/produtos-para-alivio-da-coceira-em-caes\\\/#primaryimage\"},\"image\":{\"@id\":\"https:\\\/\\\/fluxolimpo.ia.br\\\/loja\\\/produto\\\/produtos-para-alivio-da-coceira-em-caes\\\/#primaryimage\"},\"thumbnailUrl\":\"https:\\\/\\\/fluxolimpo.ia.br\\\/loja\\\/wp-content\\\/uploads\\\/2026\\\/04\\\/1146e3fb-a972-4df9-9b5e-4bb3cf83cff1_trans.jpeg\",\"datePublished\":\"2026-04-19T01:10:48+00:00\",\"dateModified\":\"2026-04-20T19:45:57+00:00\",\"breadcrumb\":{\"@id\":\"https:\\\/\\\/fluxolimpo.ia.br\\\/loja\\\/produto\\\/produtos-para-alivio-da-coceira-em-caes\\\/#breadcrumb\"},\"inLanguage\":\"pt-BR\",\"potentialAction\":[{\"@type\":\"ReadAction\",\"target\":[\"https:\\\/\\\/fluxolimpo.ia.br\\\/loja\\\/produto\\\/produtos-para-alivio-da-coceira-em-caes\\\/\"]}]},{\"@type\":\"ImageObject\",\"inLanguage\":\"pt-BR\",\"@id\":\"https:\\\/\\\/fluxolimpo.ia.br\\\/loja\\\/produto\\\/produtos-para-alivio-da-coceira-em-caes\\\/#primaryimage\",\"url\":\"https:\\\/\\\/fluxolimpo.ia.br\\\/loja\\\/wp-content\\\/uploads\\\/2026\\\/04\\\/1146e3fb-a972-4df9-9b5e-4bb3cf83cff1_trans.jpeg\",\"contentUrl\":\"https:\\\/\\\/fluxolimpo.ia.br\\\/loja\\\/wp-content\\\/uploads\\\/2026\\\/04\\\/1146e3fb-a972-4df9-9b5e-4bb3cf83cff1_trans.jpeg\",\"width\":800,\"height\":800},{\"@type\":\"BreadcrumbList\",\"@id\":\"https:\\\/\\\/fluxolimpo.ia.br\\\/loja\\\/produto\\\/produtos-para-alivio-da-coceira-em-caes\\\/#breadcrumb\",\"itemListElement\":[{\"@type\":\"ListItem\",\"position\":1,\"name\":\"In\u00edcio\",\"item\":\"https:\\\/\\\/fluxolimpo.ia.br\\\/loja\\\/\"},{\"@type\":\"ListItem\",\"position\":2,\"name\":\"Shop\",\"item\":\"https:\\\/\\\/fluxolimpo.ia.br\\\/loja\\\/\"},{\"@type\":\"ListItem\",\"position\":3,\"name\":\"Produtos para al\u00edvio da coceira em c\u00e3es\"}]},{\"@type\":\"WebSite\",\"@id\":\"https:\\\/\\\/fluxolimpo.ia.br\\\/loja\\\/#website\",\"url\":\"https:\\\/\\\/fluxolimpo.ia.br\\\/loja\\\/\",\"name\":\"Fluxo limpo Tech - Loja Virtual\",\"description\":\"AppS, Scripts e Produtos Importados Exclusivos\",\"publisher\":{\"@id\":\"https:\\\/\\\/fluxolimpo.ia.br\\\/loja\\\/#organization\"},\"potentialAction\":[{\"@type\":\"SearchAction\",\"target\":{\"@type\":\"EntryPoint\",\"urlTemplate\":\"https:\\\/\\\/fluxolimpo.ia.br\\\/loja\\\/?s={search_term_string}\"},\"query-input\":{\"@type\":\"PropertyValueSpecification\",\"valueRequired\":true,\"valueName\":\"search_term_string\"}}],\"inLanguage\":\"pt-BR\"},{\"@type\":\"Organization\",\"@id\":\"https:\\\/\\\/fluxolimpo.ia.br\\\/loja\\\/#organization\",\"name\":\"Fluxo limpo Tech - Loja Virtual\",\"url\":\"https:\\\/\\\/fluxolimpo.ia.br\\\/loja\\\/\",\"logo\":{\"@type\":\"ImageObject\",\"inLanguage\":\"pt-BR\",\"@id\":\"https:\\\/\\\/fluxolimpo.ia.br\\\/loja\\\/#\\\/schema\\\/logo\\\/image\\\/\",\"url\":\"https:\\\/\\\/fluxolimpo.ia.br\\\/loja\\\/wp-content\\\/uploads\\\/2026\\\/03\\\/cropped-logolojamini-1.png\",\"contentUrl\":\"https:\\\/\\\/fluxolimpo.ia.br\\\/loja\\\/wp-content\\\/uploads\\\/2026\\\/03\\\/cropped-logolojamini-1.png\",\"width\":321,\"height\":87,\"caption\":\"Fluxo limpo Tech - Loja Virtual\"},\"image\":{\"@id\":\"https:\\\/\\\/fluxolimpo.ia.br\\\/loja\\\/#\\\/schema\\\/logo\\\/image\\\/\"}}]}<\/script>\n<!-- \/ Yoast SEO plugin. -->","yoast_head_json":{"title":"Produtos para al\u00edvio da coceira em c\u00e3es - Fluxo limpo Tech - Loja Virtual","robots":{"index":"index","follow":"follow","max-snippet":"max-snippet:-1","max-image-preview":"max-image-preview:large","max-video-preview":"max-video-preview:-1"},"canonical":"https:\/\/fluxolimpo.ia.br\/loja\/produto\/produtos-para-alivio-da-coceira-em-caes\/","og_locale":"pt_BR","og_type":"article","og_title":"Produtos para al\u00edvio da coceira em c\u00e3es - Fluxo limpo Tech - Loja Virtual","og_description":"Informa\u00e7\u00f5es sobre o produto: Especifica\u00e7\u00f5es: 300g\/frasco (r\u00f3tulo em ingl\u00eas), 300g\/frasco (sem r\u00f3tulo) Composi\u00e7\u00e3o: glicerina, amido de mandioca amarga, farinha de ervilha, mela\u00e7o, gelatina, aroma natural, lecitina, glicose cultivada, \u00f3leo de girassol, sal, vinagre de ma\u00e7\u00e3, antioxidante natural Categoria: produtos de sa\u00fade para c\u00e3es Lista de embalagem: Suplementos para a sa\u00fade canina *1 Imagem do produto:","og_url":"https:\/\/fluxolimpo.ia.br\/loja\/produto\/produtos-para-alivio-da-coceira-em-caes\/","og_site_name":"Fluxo limpo Tech - Loja Virtual","article_modified_time":"2026-04-20T19:45:57+00:00","og_image":[{"width":800,"height":800,"url":"https:\/\/fluxolimpo.ia.br\/loja\/wp-content\/uploads\/2026\/04\/1146e3fb-a972-4df9-9b5e-4bb3cf83cff1_trans.jpeg","type":"image\/jpeg"}],"twitter_card":"summary_large_image","schema":{"@context":"https:\/\/schema.org","@graph":[{"@type":"WebPage","@id":"https:\/\/fluxolimpo.ia.br\/loja\/produto\/produtos-para-alivio-da-coceira-em-caes\/","url":"https:\/\/fluxolimpo.ia.br\/loja\/produto\/produtos-para-alivio-da-coceira-em-caes\/","name":"Produtos para al\u00edvio da coceira em c\u00e3es - Fluxo limpo Tech - Loja Virtual","isPartOf":{"@id":"https:\/\/fluxolimpo.ia.br\/loja\/#website"},"primaryImageOfPage":{"@id":"https:\/\/fluxolimpo.ia.br\/loja\/produto\/produtos-para-alivio-da-coceira-em-caes\/#primaryimage"},"image":{"@id":"https:\/\/fluxolimpo.ia.br\/loja\/produto\/produtos-para-alivio-da-coceira-em-caes\/#primaryimage"},"thumbnailUrl":"https:\/\/fluxolimpo.ia.br\/loja\/wp-content\/uploads\/2026\/04\/1146e3fb-a972-4df9-9b5e-4bb3cf83cff1_trans.jpeg","datePublished":"2026-04-19T01:10:48+00:00","dateModified":"2026-04-20T19:45:57+00:00","breadcrumb":{"@id":"https:\/\/fluxolimpo.ia.br\/loja\/produto\/produtos-para-alivio-da-coceira-em-caes\/#breadcrumb"},"inLanguage":"pt-BR","potentialAction":[{"@type":"ReadAction","target":["https:\/\/fluxolimpo.ia.br\/loja\/produto\/produtos-para-alivio-da-coceira-em-caes\/"]}]},{"@type":"ImageObject","inLanguage":"pt-BR","@id":"https:\/\/fluxolimpo.ia.br\/loja\/produto\/produtos-para-alivio-da-coceira-em-caes\/#primaryimage","url":"https:\/\/fluxolimpo.ia.br\/loja\/wp-content\/uploads\/2026\/04\/1146e3fb-a972-4df9-9b5e-4bb3cf83cff1_trans.jpeg","contentUrl":"https:\/\/fluxolimpo.ia.br\/loja\/wp-content\/uploads\/2026\/04\/1146e3fb-a972-4df9-9b5e-4bb3cf83cff1_trans.jpeg","width":800,"height":800},{"@type":"BreadcrumbList","@id":"https:\/\/fluxolimpo.ia.br\/loja\/produto\/produtos-para-alivio-da-coceira-em-caes\/#breadcrumb","itemListElement":[{"@type":"ListItem","position":1,"name":"In\u00edcio","item":"https:\/\/fluxolimpo.ia.br\/loja\/"},{"@type":"ListItem","position":2,"name":"Shop","item":"https:\/\/fluxolimpo.ia.br\/loja\/"},{"@type":"ListItem","position":3,"name":"Produtos para al\u00edvio da coceira em c\u00e3es"}]},{"@type":"WebSite","@id":"https:\/\/fluxolimpo.ia.br\/loja\/#website","url":"https:\/\/fluxolimpo.ia.br\/loja\/","name":"Fluxo limpo Tech - Loja Virtual","description":"AppS, Scripts e Produtos Importados Exclusivos","publisher":{"@id":"https:\/\/fluxolimpo.ia.br\/loja\/#organization"},"potentialAction":[{"@type":"SearchAction","target":{"@type":"EntryPoint","urlTemplate":"https:\/\/fluxolimpo.ia.br\/loja\/?s={search_term_string}"},"query-input":{"@type":"PropertyValueSpecification","valueRequired":true,"valueName":"search_term_string"}}],"inLanguage":"pt-BR"},{"@type":"Organization","@id":"https:\/\/fluxolimpo.ia.br\/loja\/#organization","name":"Fluxo limpo Tech - Loja Virtual","url":"https:\/\/fluxolimpo.ia.br\/loja\/","logo":{"@type":"ImageObject","inLanguage":"pt-BR","@id":"https:\/\/fluxolimpo.ia.br\/loja\/#\/schema\/logo\/image\/","url":"https:\/\/fluxolimpo.ia.br\/loja\/wp-content\/uploads\/2026\/03\/cropped-logolojamini-1.png","contentUrl":"https:\/\/fluxolimpo.ia.br\/loja\/wp-content\/uploads\/2026\/03\/cropped-logolojamini-1.png","width":321,"height":87,"caption":"Fluxo limpo Tech - Loja Virtual"},"image":{"@id":"https:\/\/fluxolimpo.ia.br\/loja\/#\/schema\/logo\/image\/"}}]}},"_links":{"self":[{"href":"https:\/\/fluxolimpo.ia.br\/loja\/wp-json\/wp\/v2\/product\/23356","targetHints":{"allow":["GET"]}}],"collection":[{"href":"https:\/\/fluxolimpo.ia.br\/loja\/wp-json\/wp\/v2\/product"}],"about":[{"href":"https:\/\/fluxolimpo.ia.br\/loja\/wp-json\/wp\/v2\/types\/product"}],"wp:featuredmedia":[{"embeddable":true,"href":"https:\/\/fluxolimpo.ia.br\/loja\/wp-json\/wp\/v2\/media\/23351"}],"wp:attachment":[{"href":"https:\/\/fluxolimpo.ia.br\/loja\/wp-json\/wp\/v2\/media?parent=23356"}],"wp:term":[{"taxonomy":"product_brand","embeddable":true,"href":"https:\/\/fluxolimpo.ia.br\/loja\/wp-json\/wp\/v2\/product_brand?post=23356"},{"taxonomy":"product_cat","embeddable":true,"href":"https:\/\/fluxolimpo.ia.br\/loja\/wp-json\/wp\/v2\/product_cat?post=23356"},{"taxonomy":"product_tag","embeddable":true,"href":"https:\/\/fluxolimpo.ia.br\/loja\/wp-json\/wp\/v2\/product_tag?post=23356"}],"curies":[{"name":"wp","href":"https:\/\/api.w.org\/{rel}","templated":true}]}}