{"id":23225,"date":"2026-04-16T22:08:07","date_gmt":"2026-04-17T01:08:07","guid":{"rendered":"https:\/\/fluxolimpo.ia.br\/loja\/produto\/kit-removedor-de-cravos-por-succao-limpador-eletrico-de-poros-faciais-limpador-de-acne\/"},"modified":"2026-04-16T23:18:48","modified_gmt":"2026-04-17T02:18:48","slug":"kit-removedor-de-cravos-por-succao-limpador-eletrico-de-poros-faciais-limpador-de-acne","status":"publish","type":"product","link":"https:\/\/fluxolimpo.ia.br\/loja\/produto\/kit-removedor-de-cravos-por-succao-limpador-eletrico-de-poros-faciais-limpador-de-acne\/","title":{"rendered":"Kit Removedor de Cravos por Suc\u00e7\u00e3o, Limpador El\u00e9trico de Poros Faciais, Limpador de Acne"},"content":{"rendered":"<h4><span style=\"color: #003366;\"><strong>Caracter\u00edsticas:<\/strong><\/span><\/h4>\n<p><span style=\"color: #000080;\"><em>Design avan\u00e7ado: A \u00faltima gera\u00e7\u00e3o de removedores de cravos possui suc\u00e7\u00e3o mais potente e capacidade de limpeza mais profunda da pele. Ap\u00f3s diversos testes, este aspirador de cravos comprovou-se que remove eficazmente cravos, espinhas, c\u00e9lulas mortas, oleosidade e res\u00edduos de maquiagem ap\u00f3s 2 a 5 semanas de uso cont\u00ednuo, suavizando rugas e firmando a pele. Qualidade garantida.<\/em><\/span><\/p>\n<p><span style=\"color: #000080;\"><em>Eficaz e seguro: O aspirador de cravos utiliza tecnologia inovadora de adsor\u00e7\u00e3o a v\u00e1cuo e n\u00e3o agride a pele. Esta ferramenta de limpeza de cravos \u00e9 mais pr\u00e1tica e eficaz do que usar m\u00e1scara ou agulha para acne. N\u00edvel 3 de for\u00e7a de suc\u00e7\u00e3o: O v\u00e1cuo nos poros \u00e9 adequado para diversos tipos de pele.<\/em><\/span><\/p>\n<div class=\"gtx-body\"><span style=\"color: #000080;\"><em>Forte poder de suc\u00e7\u00e3o, com intensidade ajust\u00e1vel, remove eficazmente os cravos do nariz. A pot\u00eancia de suc\u00e7\u00e3o \u00e9 superior \u00e0 dos extratores de cravos tradicionais.<\/em><\/span><\/div>\n<p><strong><span style=\"color: #ff0000;\">Aviso: Antes de usar, aplique a ess\u00eancia para cravos e acne com uma toalha quente. Pressione e segure para ligar o aparelho! Pressione e segure para ligar o aparelho! A fun\u00e7\u00e3o de suc\u00e7\u00e3o s\u00f3 funciona se a sonda estiver firmemente encaixada!<\/span><\/strong><\/p>\n<p><img decoding=\"async\" src=\"https:\/\/cf.cjdropshipping.com\/16880832\/1674607000148905984.jpg\" \/> <img decoding=\"async\" src=\"https:\/\/cf.cjdropshipping.com\/16880832\/1674607001591746560.jpg\" \/> <img decoding=\"async\" src=\"https:\/\/cf.cjdropshipping.com\/16880832\/1674607002455773184.jpg\" \/> <img decoding=\"async\" src=\"https:\/\/cf.cjdropshipping.com\/16880832\/1674607003391102976.jpg\" \/> <img decoding=\"async\" src=\"https:\/\/cf.cjdropshipping.com\/16880832\/1674607003823116288.jpg\" \/> <img decoding=\"async\" src=\"https:\/\/cf.cjdropshipping.com\/16880832\/1674607006989815808.jpg\" \/> <img decoding=\"async\" src=\"https:\/\/cf.cjdropshipping.com\/16880832\/1674607007547658240.jpg\" \/> <img decoding=\"async\" src=\"https:\/\/cf.cjdropshipping.com\/16880832\/1674607008915001344.jpg\" \/><\/p>\n","protected":false},"excerpt":{"rendered":"[video width=\"960\" height=\"544\" mp4=\"https:\/\/fluxolimpo.ia.br\/loja\/wp-content\/uploads\/2026\/04\/REMOVEDOR-DE-CRAVO-Acne.mp4\"][\/video]\n","protected":false},"featured_media":23217,"template":"","meta":{"inline_featured_image":false,"_monsterinsights_skip_tracking":false,"_monsterinsights_sitenote_active":false,"_monsterinsights_sitenote_note":"","_monsterinsights_sitenote_category":0,"_mbp_gutenberg_autopost":false},"product_brand":[],"product_cat":[663],"product_tag":[718,716,717,713],"class_list":{"0":"post-23225","1":"product","2":"type-product","3":"status-publish","4":"has-post-thumbnail","6":"product_cat-eletronicos-consumo","7":"product_tag-acne","8":"product_tag-cravos","9":"product_tag-poros-faciais","10":"product_tag-removedor","12":"first","13":"instock","14":"shipping-taxable","15":"purchasable","16":"product-type-variable"},"yoast_head":"<!-- This site is optimized with the Yoast SEO plugin v27.4 - https:\/\/yoast.com\/product\/yoast-seo-wordpress\/ -->\n<title>Kit Removedor de Cravos por Suc\u00e7\u00e3o, Limpador El\u00e9trico de Poros Faciais, Limpador de Acne - Fluxo limpo Tech - Loja Virtual<\/title>\n<meta name=\"robots\" content=\"index, follow, max-snippet:-1, max-image-preview:large, max-video-preview:-1\" \/>\n<link rel=\"canonical\" href=\"https:\/\/fluxolimpo.ia.br\/loja\/produto\/kit-removedor-de-cravos-por-succao-limpador-eletrico-de-poros-faciais-limpador-de-acne\/\" \/>\n<meta property=\"og:locale\" content=\"pt_BR\" \/>\n<meta property=\"og:type\" content=\"article\" \/>\n<meta property=\"og:title\" content=\"Kit Removedor de Cravos por Suc\u00e7\u00e3o, Limpador El\u00e9trico de Poros Faciais, Limpador de Acne - Fluxo limpo Tech - Loja Virtual\" \/>\n<meta property=\"og:url\" content=\"https:\/\/fluxolimpo.ia.br\/loja\/produto\/kit-removedor-de-cravos-por-succao-limpador-eletrico-de-poros-faciais-limpador-de-acne\/\" \/>\n<meta property=\"og:site_name\" content=\"Fluxo limpo Tech - Loja Virtual\" \/>\n<meta property=\"article:modified_time\" content=\"2026-04-17T02:18:48+00:00\" \/>\n<meta property=\"og:image\" content=\"https:\/\/fluxolimpo.ia.br\/loja\/wp-content\/uploads\/2026\/04\/4320324962336.jpg\" \/>\n\t<meta property=\"og:image:width\" content=\"800\" \/>\n\t<meta property=\"og:image:height\" content=\"800\" \/>\n\t<meta property=\"og:image:type\" content=\"image\/jpeg\" \/>\n<meta name=\"twitter:card\" content=\"summary_large_image\" \/>\n<meta name=\"twitter:description\" content=\"[video width=&quot;960&quot; height=&quot;544&quot; mp4=&quot;https:\/\/fluxolimpo.ia.br\/loja\/wp-content\/uploads\/2026\/04\/REMOVEDOR-DE-CRAVO-Acne.mp4&quot;][\/video]\" \/>\n<meta name=\"twitter:label1\" content=\"Est. tempo de leitura\" \/>\n\t<meta name=\"twitter:data1\" content=\"1 minuto\" \/>\n<script type=\"application\/ld+json\" class=\"yoast-schema-graph\">{\"@context\":\"https:\\\/\\\/schema.org\",\"@graph\":[{\"@type\":\"WebPage\",\"@id\":\"https:\\\/\\\/fluxolimpo.ia.br\\\/loja\\\/produto\\\/kit-removedor-de-cravos-por-succao-limpador-eletrico-de-poros-faciais-limpador-de-acne\\\/\",\"url\":\"https:\\\/\\\/fluxolimpo.ia.br\\\/loja\\\/produto\\\/kit-removedor-de-cravos-por-succao-limpador-eletrico-de-poros-faciais-limpador-de-acne\\\/\",\"name\":\"Kit Removedor de Cravos por Suc\u00e7\u00e3o, Limpador El\u00e9trico de Poros Faciais, Limpador de Acne - Fluxo limpo Tech - Loja Virtual\",\"isPartOf\":{\"@id\":\"https:\\\/\\\/fluxolimpo.ia.br\\\/loja\\\/#website\"},\"primaryImageOfPage\":{\"@id\":\"https:\\\/\\\/fluxolimpo.ia.br\\\/loja\\\/produto\\\/kit-removedor-de-cravos-por-succao-limpador-eletrico-de-poros-faciais-limpador-de-acne\\\/#primaryimage\"},\"image\":{\"@id\":\"https:\\\/\\\/fluxolimpo.ia.br\\\/loja\\\/produto\\\/kit-removedor-de-cravos-por-succao-limpador-eletrico-de-poros-faciais-limpador-de-acne\\\/#primaryimage\"},\"thumbnailUrl\":\"https:\\\/\\\/fluxolimpo.ia.br\\\/loja\\\/wp-content\\\/uploads\\\/2026\\\/04\\\/4320324962336.jpg\",\"datePublished\":\"2026-04-17T01:08:07+00:00\",\"dateModified\":\"2026-04-17T02:18:48+00:00\",\"breadcrumb\":{\"@id\":\"https:\\\/\\\/fluxolimpo.ia.br\\\/loja\\\/produto\\\/kit-removedor-de-cravos-por-succao-limpador-eletrico-de-poros-faciais-limpador-de-acne\\\/#breadcrumb\"},\"inLanguage\":\"pt-BR\",\"potentialAction\":[{\"@type\":\"ReadAction\",\"target\":[\"https:\\\/\\\/fluxolimpo.ia.br\\\/loja\\\/produto\\\/kit-removedor-de-cravos-por-succao-limpador-eletrico-de-poros-faciais-limpador-de-acne\\\/\"]}]},{\"@type\":\"ImageObject\",\"inLanguage\":\"pt-BR\",\"@id\":\"https:\\\/\\\/fluxolimpo.ia.br\\\/loja\\\/produto\\\/kit-removedor-de-cravos-por-succao-limpador-eletrico-de-poros-faciais-limpador-de-acne\\\/#primaryimage\",\"url\":\"https:\\\/\\\/fluxolimpo.ia.br\\\/loja\\\/wp-content\\\/uploads\\\/2026\\\/04\\\/4320324962336.jpg\",\"contentUrl\":\"https:\\\/\\\/fluxolimpo.ia.br\\\/loja\\\/wp-content\\\/uploads\\\/2026\\\/04\\\/4320324962336.jpg\",\"width\":800,\"height\":800},{\"@type\":\"BreadcrumbList\",\"@id\":\"https:\\\/\\\/fluxolimpo.ia.br\\\/loja\\\/produto\\\/kit-removedor-de-cravos-por-succao-limpador-eletrico-de-poros-faciais-limpador-de-acne\\\/#breadcrumb\",\"itemListElement\":[{\"@type\":\"ListItem\",\"position\":1,\"name\":\"In\u00edcio\",\"item\":\"https:\\\/\\\/fluxolimpo.ia.br\\\/loja\\\/\"},{\"@type\":\"ListItem\",\"position\":2,\"name\":\"Shop\",\"item\":\"https:\\\/\\\/fluxolimpo.ia.br\\\/loja\\\/\"},{\"@type\":\"ListItem\",\"position\":3,\"name\":\"Kit Removedor de Cravos por Suc\u00e7\u00e3o, Limpador El\u00e9trico de Poros Faciais, Limpador de Acne\"}]},{\"@type\":\"WebSite\",\"@id\":\"https:\\\/\\\/fluxolimpo.ia.br\\\/loja\\\/#website\",\"url\":\"https:\\\/\\\/fluxolimpo.ia.br\\\/loja\\\/\",\"name\":\"Fluxo limpo Tech - Loja Virtual\",\"description\":\"AppS, Scripts e Produtos Importados Exclusivos\",\"publisher\":{\"@id\":\"https:\\\/\\\/fluxolimpo.ia.br\\\/loja\\\/#organization\"},\"potentialAction\":[{\"@type\":\"SearchAction\",\"target\":{\"@type\":\"EntryPoint\",\"urlTemplate\":\"https:\\\/\\\/fluxolimpo.ia.br\\\/loja\\\/?s={search_term_string}\"},\"query-input\":{\"@type\":\"PropertyValueSpecification\",\"valueRequired\":true,\"valueName\":\"search_term_string\"}}],\"inLanguage\":\"pt-BR\"},{\"@type\":\"Organization\",\"@id\":\"https:\\\/\\\/fluxolimpo.ia.br\\\/loja\\\/#organization\",\"name\":\"Fluxo limpo Tech - Loja Virtual\",\"url\":\"https:\\\/\\\/fluxolimpo.ia.br\\\/loja\\\/\",\"logo\":{\"@type\":\"ImageObject\",\"inLanguage\":\"pt-BR\",\"@id\":\"https:\\\/\\\/fluxolimpo.ia.br\\\/loja\\\/#\\\/schema\\\/logo\\\/image\\\/\",\"url\":\"https:\\\/\\\/fluxolimpo.ia.br\\\/loja\\\/wp-content\\\/uploads\\\/2026\\\/03\\\/cropped-logolojamini-1.png\",\"contentUrl\":\"https:\\\/\\\/fluxolimpo.ia.br\\\/loja\\\/wp-content\\\/uploads\\\/2026\\\/03\\\/cropped-logolojamini-1.png\",\"width\":321,\"height\":87,\"caption\":\"Fluxo limpo Tech - Loja Virtual\"},\"image\":{\"@id\":\"https:\\\/\\\/fluxolimpo.ia.br\\\/loja\\\/#\\\/schema\\\/logo\\\/image\\\/\"}}]}<\/script>\n<!-- \/ Yoast SEO plugin. -->","yoast_head_json":{"title":"Kit Removedor de Cravos por Suc\u00e7\u00e3o, Limpador El\u00e9trico de Poros Faciais, Limpador de Acne - Fluxo limpo Tech - Loja Virtual","robots":{"index":"index","follow":"follow","max-snippet":"max-snippet:-1","max-image-preview":"max-image-preview:large","max-video-preview":"max-video-preview:-1"},"canonical":"https:\/\/fluxolimpo.ia.br\/loja\/produto\/kit-removedor-de-cravos-por-succao-limpador-eletrico-de-poros-faciais-limpador-de-acne\/","og_locale":"pt_BR","og_type":"article","og_title":"Kit Removedor de Cravos por Suc\u00e7\u00e3o, Limpador El\u00e9trico de Poros Faciais, Limpador de Acne - Fluxo limpo Tech - Loja Virtual","og_url":"https:\/\/fluxolimpo.ia.br\/loja\/produto\/kit-removedor-de-cravos-por-succao-limpador-eletrico-de-poros-faciais-limpador-de-acne\/","og_site_name":"Fluxo limpo Tech - Loja Virtual","article_modified_time":"2026-04-17T02:18:48+00:00","og_image":[{"width":800,"height":800,"url":"https:\/\/fluxolimpo.ia.br\/loja\/wp-content\/uploads\/2026\/04\/4320324962336.jpg","type":"image\/jpeg"}],"twitter_card":"summary_large_image","twitter_description":"[video width=\"960\" height=\"544\" mp4=\"https:\/\/fluxolimpo.ia.br\/loja\/wp-content\/uploads\/2026\/04\/REMOVEDOR-DE-CRAVO-Acne.mp4\"][\/video]","twitter_misc":{"Est. tempo de leitura":"1 minuto"},"schema":{"@context":"https:\/\/schema.org","@graph":[{"@type":"WebPage","@id":"https:\/\/fluxolimpo.ia.br\/loja\/produto\/kit-removedor-de-cravos-por-succao-limpador-eletrico-de-poros-faciais-limpador-de-acne\/","url":"https:\/\/fluxolimpo.ia.br\/loja\/produto\/kit-removedor-de-cravos-por-succao-limpador-eletrico-de-poros-faciais-limpador-de-acne\/","name":"Kit Removedor de Cravos por Suc\u00e7\u00e3o, Limpador El\u00e9trico de Poros Faciais, Limpador de Acne - Fluxo limpo Tech - Loja Virtual","isPartOf":{"@id":"https:\/\/fluxolimpo.ia.br\/loja\/#website"},"primaryImageOfPage":{"@id":"https:\/\/fluxolimpo.ia.br\/loja\/produto\/kit-removedor-de-cravos-por-succao-limpador-eletrico-de-poros-faciais-limpador-de-acne\/#primaryimage"},"image":{"@id":"https:\/\/fluxolimpo.ia.br\/loja\/produto\/kit-removedor-de-cravos-por-succao-limpador-eletrico-de-poros-faciais-limpador-de-acne\/#primaryimage"},"thumbnailUrl":"https:\/\/fluxolimpo.ia.br\/loja\/wp-content\/uploads\/2026\/04\/4320324962336.jpg","datePublished":"2026-04-17T01:08:07+00:00","dateModified":"2026-04-17T02:18:48+00:00","breadcrumb":{"@id":"https:\/\/fluxolimpo.ia.br\/loja\/produto\/kit-removedor-de-cravos-por-succao-limpador-eletrico-de-poros-faciais-limpador-de-acne\/#breadcrumb"},"inLanguage":"pt-BR","potentialAction":[{"@type":"ReadAction","target":["https:\/\/fluxolimpo.ia.br\/loja\/produto\/kit-removedor-de-cravos-por-succao-limpador-eletrico-de-poros-faciais-limpador-de-acne\/"]}]},{"@type":"ImageObject","inLanguage":"pt-BR","@id":"https:\/\/fluxolimpo.ia.br\/loja\/produto\/kit-removedor-de-cravos-por-succao-limpador-eletrico-de-poros-faciais-limpador-de-acne\/#primaryimage","url":"https:\/\/fluxolimpo.ia.br\/loja\/wp-content\/uploads\/2026\/04\/4320324962336.jpg","contentUrl":"https:\/\/fluxolimpo.ia.br\/loja\/wp-content\/uploads\/2026\/04\/4320324962336.jpg","width":800,"height":800},{"@type":"BreadcrumbList","@id":"https:\/\/fluxolimpo.ia.br\/loja\/produto\/kit-removedor-de-cravos-por-succao-limpador-eletrico-de-poros-faciais-limpador-de-acne\/#breadcrumb","itemListElement":[{"@type":"ListItem","position":1,"name":"In\u00edcio","item":"https:\/\/fluxolimpo.ia.br\/loja\/"},{"@type":"ListItem","position":2,"name":"Shop","item":"https:\/\/fluxolimpo.ia.br\/loja\/"},{"@type":"ListItem","position":3,"name":"Kit Removedor de Cravos por Suc\u00e7\u00e3o, Limpador El\u00e9trico de Poros Faciais, Limpador de Acne"}]},{"@type":"WebSite","@id":"https:\/\/fluxolimpo.ia.br\/loja\/#website","url":"https:\/\/fluxolimpo.ia.br\/loja\/","name":"Fluxo limpo Tech - Loja Virtual","description":"AppS, Scripts e Produtos Importados Exclusivos","publisher":{"@id":"https:\/\/fluxolimpo.ia.br\/loja\/#organization"},"potentialAction":[{"@type":"SearchAction","target":{"@type":"EntryPoint","urlTemplate":"https:\/\/fluxolimpo.ia.br\/loja\/?s={search_term_string}"},"query-input":{"@type":"PropertyValueSpecification","valueRequired":true,"valueName":"search_term_string"}}],"inLanguage":"pt-BR"},{"@type":"Organization","@id":"https:\/\/fluxolimpo.ia.br\/loja\/#organization","name":"Fluxo limpo Tech - Loja Virtual","url":"https:\/\/fluxolimpo.ia.br\/loja\/","logo":{"@type":"ImageObject","inLanguage":"pt-BR","@id":"https:\/\/fluxolimpo.ia.br\/loja\/#\/schema\/logo\/image\/","url":"https:\/\/fluxolimpo.ia.br\/loja\/wp-content\/uploads\/2026\/03\/cropped-logolojamini-1.png","contentUrl":"https:\/\/fluxolimpo.ia.br\/loja\/wp-content\/uploads\/2026\/03\/cropped-logolojamini-1.png","width":321,"height":87,"caption":"Fluxo limpo Tech - Loja Virtual"},"image":{"@id":"https:\/\/fluxolimpo.ia.br\/loja\/#\/schema\/logo\/image\/"}}]}},"_links":{"self":[{"href":"https:\/\/fluxolimpo.ia.br\/loja\/wp-json\/wp\/v2\/product\/23225","targetHints":{"allow":["GET"]}}],"collection":[{"href":"https:\/\/fluxolimpo.ia.br\/loja\/wp-json\/wp\/v2\/product"}],"about":[{"href":"https:\/\/fluxolimpo.ia.br\/loja\/wp-json\/wp\/v2\/types\/product"}],"wp:featuredmedia":[{"embeddable":true,"href":"https:\/\/fluxolimpo.ia.br\/loja\/wp-json\/wp\/v2\/media\/23217"}],"wp:attachment":[{"href":"https:\/\/fluxolimpo.ia.br\/loja\/wp-json\/wp\/v2\/media?parent=23225"}],"wp:term":[{"taxonomy":"product_brand","embeddable":true,"href":"https:\/\/fluxolimpo.ia.br\/loja\/wp-json\/wp\/v2\/product_brand?post=23225"},{"taxonomy":"product_cat","embeddable":true,"href":"https:\/\/fluxolimpo.ia.br\/loja\/wp-json\/wp\/v2\/product_cat?post=23225"},{"taxonomy":"product_tag","embeddable":true,"href":"https:\/\/fluxolimpo.ia.br\/loja\/wp-json\/wp\/v2\/product_tag?post=23225"}],"curies":[{"name":"wp","href":"https:\/\/api.w.org\/{rel}","templated":true}]}}