{"id":23096,"date":"2026-04-16T17:32:15","date_gmt":"2026-04-16T20:32:15","guid":{"rendered":"https:\/\/fluxolimpo.ia.br\/loja\/produto\/massageador-eletrico-sem-fio-para-musculos-do-pescoco-e-ombros-com-funcao-de-amassamento-para-ombros-e-costas-ideal-para-relaxar-e-aliviar-dores\/"},"modified":"2026-04-16T20:30:36","modified_gmt":"2026-04-16T23:30:36","slug":"massageador-eletrico-sem-fio-para-musculos-do-pescoco-e-ombros-com-funcao-de-amassamento-para-ombros-e-costas-ideal-para-relaxar-e-aliviar-dores","status":"publish","type":"product","link":"https:\/\/fluxolimpo.ia.br\/loja\/produto\/massageador-eletrico-sem-fio-para-musculos-do-pescoco-e-ombros-com-funcao-de-amassamento-para-ombros-e-costas-ideal-para-relaxar-e-aliviar-dores\/","title":{"rendered":"Massageador el\u00e9trico sem fio para m\u00fasculos do pesco\u00e7o e ombros, com fun\u00e7\u00e3o de amassamento, para ombros e costas. Ideal para relaxar e aliviar dores"},"content":{"rendered":"<div class=\"gtx-body\">Vis\u00e3o geral:<\/div>\n<div class=\"gtx-body\">1. Massagem de amassamento 4D para relaxar o pesco\u00e7o e os ombros: O massageador para pesco\u00e7o e costas proporciona uma massagem de amassamento 4D para uma experi\u00eancia confort\u00e1vel, aliviando a tens\u00e3o muscular no pesco\u00e7o.<\/div>\n<div><\/div>\n<div class=\"gtx-body\">2. Calor suave para maior conforto: O massageador para pesco\u00e7o e ombros oferece calor suave para relaxamento. Possui 2 n\u00edveis de aquecimento ajust\u00e1veis.<\/div>\n<div><\/div>\n<div class=\"gtx-body\">3. Design sem fio para f\u00e1cil utiliza\u00e7\u00e3o: O massageador para pesco\u00e7o \u00e9 sem fio, oferecendo praticidade. A bateria dura cerca de 70 minutos com uma \u00fanica carga.<\/div>\n<div><\/div>\n<div class=\"gtx-body\">4. Design ergon\u00f4mico: A almofada de massagem para pesco\u00e7o e ombros oferece 2 op\u00e7\u00f5es de uso: na m\u00e3o ou com as al\u00e7as, adaptando-se a diversas situa\u00e7\u00f5es. Este massageador para pesco\u00e7o \u00e9 leve e possui um design compacto.<\/div>\n<div><\/div>\n<div class=\"gtx-body\">5. \u00d3tima op\u00e7\u00e3o de presente: O massageador para pesco\u00e7o e costas com aquecimento \u00e9 um excelente presente para amigos e familiares, perfeito para homens e mulheres.<\/div>\n<p><strong>Informa\u00e7\u00f5es do produto:<\/strong><\/p>\n<p>Tipo de alimenta\u00e7\u00e3o: Recarreg\u00e1vel<\/p>\n<p>Cor: Verde musgo N7 (leve e potente, ideal para avia\u00e7\u00e3o)<\/p>\n<p>Dimens\u00f5es do produto: 211 \u00d7 184 \u00d7 158 mm<\/p>\n<p>Fun\u00e7\u00f5es: Multimodo<\/p>\n<p>Material: Pl\u00e1stico Conte\u00fado da embalagem: Massageador * 1, cabo de carregamento * 1<\/p>\n<div class=\"gtx-body\"><strong>Imagem do produto:<\/strong><\/div>\n<div><\/div>\n<div>Observa\u00e7\u00e3o: A embalagem real do produto pode variar, mas a fun\u00e7\u00e3o e o estilo s\u00e3o os mesmos.<\/div>\n<div>\n<div><img decoding=\"async\" src=\"https:\/\/oss-cf.cjdropshipping.com\/product\/2025\/10\/29\/07\/decd30da-409b-4ce9-9f8e-7d515d2f8d46_trans.jpeg\" \/><br \/>\n<img loading=\"lazy\" decoding=\"async\" src=\"https:\/\/oss-cf.cjdropshipping.com\/product\/2025\/10\/29\/07\/50d5521d-f42e-4803-a1c9-8651b4ccabba_trans.jpeg\" width=\"798\" height=\"798\" \/><br \/>\n<img decoding=\"async\" src=\"https:\/\/oss-cf.cjdropshipping.com\/product\/2025\/10\/29\/07\/75d7fa0c-4148-4243-91df-1d83aa11a1c7_trans.jpeg\" \/><br \/>\n<img decoding=\"async\" src=\"https:\/\/oss-cf.cjdropshipping.com\/product\/2025\/10\/29\/07\/8e531766-6b60-435c-8de9-3a5fe9b6a127_trans.jpeg\" \/><br \/>\n<img decoding=\"async\" src=\"https:\/\/oss-cf.cjdropshipping.com\/product\/2025\/10\/29\/07\/8e5438cd-cfad-4a99-9387-69f5f15eb70a_trans.jpeg\" \/><br \/>\n<img decoding=\"async\" src=\"https:\/\/oss-cf.cjdropshipping.com\/product\/2025\/10\/29\/07\/f7f48ead-5937-49bc-a509-96388b176d8e_trans.jpeg\" \/><br \/>\n<img decoding=\"async\" src=\"https:\/\/oss-cf.cjdropshipping.com\/product\/2025\/10\/29\/07\/4545eda4-e5cf-4d68-9e36-01ec6ab89310_trans.jpeg\" \/><br \/>\n<img decoding=\"async\" src=\"https:\/\/oss-cf.cjdropshipping.com\/product\/2025\/10\/29\/07\/05e16453-4e7a-4a5a-b205-1e83bd4802d0_trans.jpeg\" \/><br \/>\n<img decoding=\"async\" src=\"https:\/\/oss-cf.cjdropshipping.com\/product\/2025\/10\/29\/07\/7ff8e851-0389-43d7-85df-9b97b7ececa9_trans.jpeg\" \/><br \/>\n<img decoding=\"async\" src=\"https:\/\/oss-cf.cjdropshipping.com\/product\/2025\/10\/29\/07\/2d072f89-ecda-4ba2-bcad-41537608f429_trans.jpeg\" \/><br \/>\n<img decoding=\"async\" src=\"https:\/\/oss-cf.cjdropshipping.com\/product\/2026\/04\/03\/07\/4b2f0a6e-dc89-435e-a7f6-fe30442fdb0e.jpg\" \/><br \/>\n<img decoding=\"async\" src=\"https:\/\/oss-cf.cjdropshipping.com\/product\/2026\/04\/03\/07\/dd0a2609-2b04-49be-8f7b-5acf0ed6fd6d.jpg\" \/><br \/>\n<img decoding=\"async\" src=\"https:\/\/oss-cf.cjdropshipping.com\/product\/2026\/04\/03\/07\/eba6b9ab-23ff-4d5a-9628-89b4fffbf838.jpg\" \/><br \/>\n<img decoding=\"async\" src=\"https:\/\/oss-cf.cjdropshipping.com\/product\/2026\/04\/03\/07\/d7049269-b824-4dd9-9896-1aa9e4e4b233.jpg\" \/><\/div>\n<\/div>\n","protected":false},"excerpt":{"rendered":"[video width=\"540\" height=\"960\" mp4=\"https:\/\/fluxolimpo.ia.br\/loja\/wp-content\/uploads\/2026\/04\/Electric-Neck-And-Shoulder-Muscle-Massager-Wireless-Shoulder-And-Back-Kneading-Massage-Shawl-Neck-Masajeador-Relax-Pain-Relief-CJdropshipping-1.mp4\"][\/video]\n","protected":false},"featured_media":23086,"template":"","meta":{"inline_featured_image":false,"_monsterinsights_skip_tracking":false,"_monsterinsights_sitenote_active":false,"_monsterinsights_sitenote_note":"","_monsterinsights_sitenote_category":0,"_mbp_gutenberg_autopost":false},"product_brand":[],"product_cat":[663],"product_tag":[704,697],"class_list":{"0":"post-23096","1":"product","2":"type-product","3":"status-publish","4":"has-post-thumbnail","6":"product_cat-eletronicos-consumo","7":"product_tag-massageador-eletrico","8":"product_tag-sem-fio","10":"first","11":"instock","12":"shipping-taxable","13":"purchasable","14":"product-type-variable"},"yoast_head":"<!-- This site is optimized with the Yoast SEO plugin v27.4 - https:\/\/yoast.com\/product\/yoast-seo-wordpress\/ -->\n<title>Massageador el\u00e9trico sem fio para m\u00fasculos do pesco\u00e7o e ombros, com fun\u00e7\u00e3o de amassamento, para ombros e costas. Ideal para relaxar e aliviar dores - Fluxo limpo Tech - Loja Virtual<\/title>\n<meta name=\"robots\" content=\"index, follow, max-snippet:-1, max-image-preview:large, max-video-preview:-1\" \/>\n<link rel=\"canonical\" href=\"https:\/\/fluxolimpo.ia.br\/loja\/produto\/massageador-eletrico-sem-fio-para-musculos-do-pescoco-e-ombros-com-funcao-de-amassamento-para-ombros-e-costas-ideal-para-relaxar-e-aliviar-dores\/\" \/>\n<meta property=\"og:locale\" content=\"pt_BR\" \/>\n<meta property=\"og:type\" content=\"article\" \/>\n<meta property=\"og:title\" content=\"Massageador el\u00e9trico sem fio para m\u00fasculos do pesco\u00e7o e ombros, com fun\u00e7\u00e3o de amassamento, para ombros e costas. Ideal para relaxar e aliviar dores - Fluxo limpo Tech - Loja Virtual\" \/>\n<meta property=\"og:url\" content=\"https:\/\/fluxolimpo.ia.br\/loja\/produto\/massageador-eletrico-sem-fio-para-musculos-do-pescoco-e-ombros-com-funcao-de-amassamento-para-ombros-e-costas-ideal-para-relaxar-e-aliviar-dores\/\" \/>\n<meta property=\"og:site_name\" content=\"Fluxo limpo Tech - Loja Virtual\" \/>\n<meta property=\"article:modified_time\" content=\"2026-04-16T23:30:36+00:00\" \/>\n<meta property=\"og:image\" content=\"https:\/\/fluxolimpo.ia.br\/loja\/wp-content\/uploads\/2026\/04\/8c193386-d33e-4ad6-bfc1-fe812bd466fc.jpg\" \/>\n\t<meta property=\"og:image:width\" content=\"800\" \/>\n\t<meta property=\"og:image:height\" content=\"800\" \/>\n\t<meta property=\"og:image:type\" content=\"image\/jpeg\" \/>\n<meta name=\"twitter:card\" content=\"summary_large_image\" \/>\n<meta name=\"twitter:description\" content=\"[video width=&quot;540&quot; height=&quot;960&quot; mp4=&quot;https:\/\/fluxolimpo.ia.br\/loja\/wp-content\/uploads\/2026\/04\/Electric-Neck-And-Shoulder-Muscle-Massager-Wireless-Shoulder-And-Back-Kneading-Massage-Shawl-Neck-Masajeador-Relax-Pain-Relief-CJdropshipping-1.mp4&quot;][\/video]\" \/>\n<meta name=\"twitter:label1\" content=\"Est. tempo de leitura\" \/>\n\t<meta name=\"twitter:data1\" content=\"1 minuto\" \/>\n<script type=\"application\/ld+json\" class=\"yoast-schema-graph\">{\"@context\":\"https:\\\/\\\/schema.org\",\"@graph\":[{\"@type\":\"WebPage\",\"@id\":\"https:\\\/\\\/fluxolimpo.ia.br\\\/loja\\\/produto\\\/massageador-eletrico-sem-fio-para-musculos-do-pescoco-e-ombros-com-funcao-de-amassamento-para-ombros-e-costas-ideal-para-relaxar-e-aliviar-dores\\\/\",\"url\":\"https:\\\/\\\/fluxolimpo.ia.br\\\/loja\\\/produto\\\/massageador-eletrico-sem-fio-para-musculos-do-pescoco-e-ombros-com-funcao-de-amassamento-para-ombros-e-costas-ideal-para-relaxar-e-aliviar-dores\\\/\",\"name\":\"Massageador el\u00e9trico sem fio para m\u00fasculos do pesco\u00e7o e ombros, com fun\u00e7\u00e3o de amassamento, para ombros e costas. Ideal para relaxar e aliviar dores - Fluxo limpo Tech - Loja Virtual\",\"isPartOf\":{\"@id\":\"https:\\\/\\\/fluxolimpo.ia.br\\\/loja\\\/#website\"},\"primaryImageOfPage\":{\"@id\":\"https:\\\/\\\/fluxolimpo.ia.br\\\/loja\\\/produto\\\/massageador-eletrico-sem-fio-para-musculos-do-pescoco-e-ombros-com-funcao-de-amassamento-para-ombros-e-costas-ideal-para-relaxar-e-aliviar-dores\\\/#primaryimage\"},\"image\":{\"@id\":\"https:\\\/\\\/fluxolimpo.ia.br\\\/loja\\\/produto\\\/massageador-eletrico-sem-fio-para-musculos-do-pescoco-e-ombros-com-funcao-de-amassamento-para-ombros-e-costas-ideal-para-relaxar-e-aliviar-dores\\\/#primaryimage\"},\"thumbnailUrl\":\"https:\\\/\\\/fluxolimpo.ia.br\\\/loja\\\/wp-content\\\/uploads\\\/2026\\\/04\\\/8c193386-d33e-4ad6-bfc1-fe812bd466fc.jpg\",\"datePublished\":\"2026-04-16T20:32:15+00:00\",\"dateModified\":\"2026-04-16T23:30:36+00:00\",\"breadcrumb\":{\"@id\":\"https:\\\/\\\/fluxolimpo.ia.br\\\/loja\\\/produto\\\/massageador-eletrico-sem-fio-para-musculos-do-pescoco-e-ombros-com-funcao-de-amassamento-para-ombros-e-costas-ideal-para-relaxar-e-aliviar-dores\\\/#breadcrumb\"},\"inLanguage\":\"pt-BR\",\"potentialAction\":[{\"@type\":\"ReadAction\",\"target\":[\"https:\\\/\\\/fluxolimpo.ia.br\\\/loja\\\/produto\\\/massageador-eletrico-sem-fio-para-musculos-do-pescoco-e-ombros-com-funcao-de-amassamento-para-ombros-e-costas-ideal-para-relaxar-e-aliviar-dores\\\/\"]}]},{\"@type\":\"ImageObject\",\"inLanguage\":\"pt-BR\",\"@id\":\"https:\\\/\\\/fluxolimpo.ia.br\\\/loja\\\/produto\\\/massageador-eletrico-sem-fio-para-musculos-do-pescoco-e-ombros-com-funcao-de-amassamento-para-ombros-e-costas-ideal-para-relaxar-e-aliviar-dores\\\/#primaryimage\",\"url\":\"https:\\\/\\\/fluxolimpo.ia.br\\\/loja\\\/wp-content\\\/uploads\\\/2026\\\/04\\\/8c193386-d33e-4ad6-bfc1-fe812bd466fc.jpg\",\"contentUrl\":\"https:\\\/\\\/fluxolimpo.ia.br\\\/loja\\\/wp-content\\\/uploads\\\/2026\\\/04\\\/8c193386-d33e-4ad6-bfc1-fe812bd466fc.jpg\",\"width\":800,\"height\":800},{\"@type\":\"BreadcrumbList\",\"@id\":\"https:\\\/\\\/fluxolimpo.ia.br\\\/loja\\\/produto\\\/massageador-eletrico-sem-fio-para-musculos-do-pescoco-e-ombros-com-funcao-de-amassamento-para-ombros-e-costas-ideal-para-relaxar-e-aliviar-dores\\\/#breadcrumb\",\"itemListElement\":[{\"@type\":\"ListItem\",\"position\":1,\"name\":\"In\u00edcio\",\"item\":\"https:\\\/\\\/fluxolimpo.ia.br\\\/loja\\\/\"},{\"@type\":\"ListItem\",\"position\":2,\"name\":\"Shop\",\"item\":\"https:\\\/\\\/fluxolimpo.ia.br\\\/loja\\\/\"},{\"@type\":\"ListItem\",\"position\":3,\"name\":\"Massageador el\u00e9trico sem fio para m\u00fasculos do pesco\u00e7o e ombros, com fun\u00e7\u00e3o de amassamento, para ombros e costas. Ideal para relaxar e aliviar dores\"}]},{\"@type\":\"WebSite\",\"@id\":\"https:\\\/\\\/fluxolimpo.ia.br\\\/loja\\\/#website\",\"url\":\"https:\\\/\\\/fluxolimpo.ia.br\\\/loja\\\/\",\"name\":\"Fluxo limpo Tech - Loja Virtual\",\"description\":\"AppS, Scripts e Produtos Importados Exclusivos\",\"publisher\":{\"@id\":\"https:\\\/\\\/fluxolimpo.ia.br\\\/loja\\\/#organization\"},\"potentialAction\":[{\"@type\":\"SearchAction\",\"target\":{\"@type\":\"EntryPoint\",\"urlTemplate\":\"https:\\\/\\\/fluxolimpo.ia.br\\\/loja\\\/?s={search_term_string}\"},\"query-input\":{\"@type\":\"PropertyValueSpecification\",\"valueRequired\":true,\"valueName\":\"search_term_string\"}}],\"inLanguage\":\"pt-BR\"},{\"@type\":\"Organization\",\"@id\":\"https:\\\/\\\/fluxolimpo.ia.br\\\/loja\\\/#organization\",\"name\":\"Fluxo limpo Tech - Loja Virtual\",\"url\":\"https:\\\/\\\/fluxolimpo.ia.br\\\/loja\\\/\",\"logo\":{\"@type\":\"ImageObject\",\"inLanguage\":\"pt-BR\",\"@id\":\"https:\\\/\\\/fluxolimpo.ia.br\\\/loja\\\/#\\\/schema\\\/logo\\\/image\\\/\",\"url\":\"https:\\\/\\\/fluxolimpo.ia.br\\\/loja\\\/wp-content\\\/uploads\\\/2026\\\/03\\\/cropped-logolojamini-1.png\",\"contentUrl\":\"https:\\\/\\\/fluxolimpo.ia.br\\\/loja\\\/wp-content\\\/uploads\\\/2026\\\/03\\\/cropped-logolojamini-1.png\",\"width\":321,\"height\":87,\"caption\":\"Fluxo limpo Tech - Loja Virtual\"},\"image\":{\"@id\":\"https:\\\/\\\/fluxolimpo.ia.br\\\/loja\\\/#\\\/schema\\\/logo\\\/image\\\/\"}}]}<\/script>\n<!-- \/ Yoast SEO plugin. -->","yoast_head_json":{"title":"Massageador el\u00e9trico sem fio para m\u00fasculos do pesco\u00e7o e ombros, com fun\u00e7\u00e3o de amassamento, para ombros e costas. Ideal para relaxar e aliviar dores - Fluxo limpo Tech - Loja Virtual","robots":{"index":"index","follow":"follow","max-snippet":"max-snippet:-1","max-image-preview":"max-image-preview:large","max-video-preview":"max-video-preview:-1"},"canonical":"https:\/\/fluxolimpo.ia.br\/loja\/produto\/massageador-eletrico-sem-fio-para-musculos-do-pescoco-e-ombros-com-funcao-de-amassamento-para-ombros-e-costas-ideal-para-relaxar-e-aliviar-dores\/","og_locale":"pt_BR","og_type":"article","og_title":"Massageador el\u00e9trico sem fio para m\u00fasculos do pesco\u00e7o e ombros, com fun\u00e7\u00e3o de amassamento, para ombros e costas. Ideal para relaxar e aliviar dores - Fluxo limpo Tech - Loja Virtual","og_url":"https:\/\/fluxolimpo.ia.br\/loja\/produto\/massageador-eletrico-sem-fio-para-musculos-do-pescoco-e-ombros-com-funcao-de-amassamento-para-ombros-e-costas-ideal-para-relaxar-e-aliviar-dores\/","og_site_name":"Fluxo limpo Tech - Loja Virtual","article_modified_time":"2026-04-16T23:30:36+00:00","og_image":[{"width":800,"height":800,"url":"https:\/\/fluxolimpo.ia.br\/loja\/wp-content\/uploads\/2026\/04\/8c193386-d33e-4ad6-bfc1-fe812bd466fc.jpg","type":"image\/jpeg"}],"twitter_card":"summary_large_image","twitter_description":"[video width=\"540\" height=\"960\" mp4=\"https:\/\/fluxolimpo.ia.br\/loja\/wp-content\/uploads\/2026\/04\/Electric-Neck-And-Shoulder-Muscle-Massager-Wireless-Shoulder-And-Back-Kneading-Massage-Shawl-Neck-Masajeador-Relax-Pain-Relief-CJdropshipping-1.mp4\"][\/video]","twitter_misc":{"Est. tempo de leitura":"1 minuto"},"schema":{"@context":"https:\/\/schema.org","@graph":[{"@type":"WebPage","@id":"https:\/\/fluxolimpo.ia.br\/loja\/produto\/massageador-eletrico-sem-fio-para-musculos-do-pescoco-e-ombros-com-funcao-de-amassamento-para-ombros-e-costas-ideal-para-relaxar-e-aliviar-dores\/","url":"https:\/\/fluxolimpo.ia.br\/loja\/produto\/massageador-eletrico-sem-fio-para-musculos-do-pescoco-e-ombros-com-funcao-de-amassamento-para-ombros-e-costas-ideal-para-relaxar-e-aliviar-dores\/","name":"Massageador el\u00e9trico sem fio para m\u00fasculos do pesco\u00e7o e ombros, com fun\u00e7\u00e3o de amassamento, para ombros e costas. Ideal para relaxar e aliviar dores - Fluxo limpo Tech - Loja Virtual","isPartOf":{"@id":"https:\/\/fluxolimpo.ia.br\/loja\/#website"},"primaryImageOfPage":{"@id":"https:\/\/fluxolimpo.ia.br\/loja\/produto\/massageador-eletrico-sem-fio-para-musculos-do-pescoco-e-ombros-com-funcao-de-amassamento-para-ombros-e-costas-ideal-para-relaxar-e-aliviar-dores\/#primaryimage"},"image":{"@id":"https:\/\/fluxolimpo.ia.br\/loja\/produto\/massageador-eletrico-sem-fio-para-musculos-do-pescoco-e-ombros-com-funcao-de-amassamento-para-ombros-e-costas-ideal-para-relaxar-e-aliviar-dores\/#primaryimage"},"thumbnailUrl":"https:\/\/fluxolimpo.ia.br\/loja\/wp-content\/uploads\/2026\/04\/8c193386-d33e-4ad6-bfc1-fe812bd466fc.jpg","datePublished":"2026-04-16T20:32:15+00:00","dateModified":"2026-04-16T23:30:36+00:00","breadcrumb":{"@id":"https:\/\/fluxolimpo.ia.br\/loja\/produto\/massageador-eletrico-sem-fio-para-musculos-do-pescoco-e-ombros-com-funcao-de-amassamento-para-ombros-e-costas-ideal-para-relaxar-e-aliviar-dores\/#breadcrumb"},"inLanguage":"pt-BR","potentialAction":[{"@type":"ReadAction","target":["https:\/\/fluxolimpo.ia.br\/loja\/produto\/massageador-eletrico-sem-fio-para-musculos-do-pescoco-e-ombros-com-funcao-de-amassamento-para-ombros-e-costas-ideal-para-relaxar-e-aliviar-dores\/"]}]},{"@type":"ImageObject","inLanguage":"pt-BR","@id":"https:\/\/fluxolimpo.ia.br\/loja\/produto\/massageador-eletrico-sem-fio-para-musculos-do-pescoco-e-ombros-com-funcao-de-amassamento-para-ombros-e-costas-ideal-para-relaxar-e-aliviar-dores\/#primaryimage","url":"https:\/\/fluxolimpo.ia.br\/loja\/wp-content\/uploads\/2026\/04\/8c193386-d33e-4ad6-bfc1-fe812bd466fc.jpg","contentUrl":"https:\/\/fluxolimpo.ia.br\/loja\/wp-content\/uploads\/2026\/04\/8c193386-d33e-4ad6-bfc1-fe812bd466fc.jpg","width":800,"height":800},{"@type":"BreadcrumbList","@id":"https:\/\/fluxolimpo.ia.br\/loja\/produto\/massageador-eletrico-sem-fio-para-musculos-do-pescoco-e-ombros-com-funcao-de-amassamento-para-ombros-e-costas-ideal-para-relaxar-e-aliviar-dores\/#breadcrumb","itemListElement":[{"@type":"ListItem","position":1,"name":"In\u00edcio","item":"https:\/\/fluxolimpo.ia.br\/loja\/"},{"@type":"ListItem","position":2,"name":"Shop","item":"https:\/\/fluxolimpo.ia.br\/loja\/"},{"@type":"ListItem","position":3,"name":"Massageador el\u00e9trico sem fio para m\u00fasculos do pesco\u00e7o e ombros, com fun\u00e7\u00e3o de amassamento, para ombros e costas. Ideal para relaxar e aliviar dores"}]},{"@type":"WebSite","@id":"https:\/\/fluxolimpo.ia.br\/loja\/#website","url":"https:\/\/fluxolimpo.ia.br\/loja\/","name":"Fluxo limpo Tech - Loja Virtual","description":"AppS, Scripts e Produtos Importados Exclusivos","publisher":{"@id":"https:\/\/fluxolimpo.ia.br\/loja\/#organization"},"potentialAction":[{"@type":"SearchAction","target":{"@type":"EntryPoint","urlTemplate":"https:\/\/fluxolimpo.ia.br\/loja\/?s={search_term_string}"},"query-input":{"@type":"PropertyValueSpecification","valueRequired":true,"valueName":"search_term_string"}}],"inLanguage":"pt-BR"},{"@type":"Organization","@id":"https:\/\/fluxolimpo.ia.br\/loja\/#organization","name":"Fluxo limpo Tech - Loja Virtual","url":"https:\/\/fluxolimpo.ia.br\/loja\/","logo":{"@type":"ImageObject","inLanguage":"pt-BR","@id":"https:\/\/fluxolimpo.ia.br\/loja\/#\/schema\/logo\/image\/","url":"https:\/\/fluxolimpo.ia.br\/loja\/wp-content\/uploads\/2026\/03\/cropped-logolojamini-1.png","contentUrl":"https:\/\/fluxolimpo.ia.br\/loja\/wp-content\/uploads\/2026\/03\/cropped-logolojamini-1.png","width":321,"height":87,"caption":"Fluxo limpo Tech - Loja Virtual"},"image":{"@id":"https:\/\/fluxolimpo.ia.br\/loja\/#\/schema\/logo\/image\/"}}]}},"_links":{"self":[{"href":"https:\/\/fluxolimpo.ia.br\/loja\/wp-json\/wp\/v2\/product\/23096","targetHints":{"allow":["GET"]}}],"collection":[{"href":"https:\/\/fluxolimpo.ia.br\/loja\/wp-json\/wp\/v2\/product"}],"about":[{"href":"https:\/\/fluxolimpo.ia.br\/loja\/wp-json\/wp\/v2\/types\/product"}],"wp:featuredmedia":[{"embeddable":true,"href":"https:\/\/fluxolimpo.ia.br\/loja\/wp-json\/wp\/v2\/media\/23086"}],"wp:attachment":[{"href":"https:\/\/fluxolimpo.ia.br\/loja\/wp-json\/wp\/v2\/media?parent=23096"}],"wp:term":[{"taxonomy":"product_brand","embeddable":true,"href":"https:\/\/fluxolimpo.ia.br\/loja\/wp-json\/wp\/v2\/product_brand?post=23096"},{"taxonomy":"product_cat","embeddable":true,"href":"https:\/\/fluxolimpo.ia.br\/loja\/wp-json\/wp\/v2\/product_cat?post=23096"},{"taxonomy":"product_tag","embeddable":true,"href":"https:\/\/fluxolimpo.ia.br\/loja\/wp-json\/wp\/v2\/product_tag?post=23096"}],"curies":[{"name":"wp","href":"https:\/\/api.w.org\/{rel}","templated":true}]}}