{"id":23031,"date":"2026-04-16T16:44:29","date_gmt":"2026-04-16T19:44:29","guid":{"rendered":"https:\/\/fluxolimpo.ia.br\/loja\/produto\/teclado-de-projecao-a-laser-com-projecao-virtual-sem-fio-bluetooth\/"},"modified":"2026-04-16T16:44:39","modified_gmt":"2026-04-16T19:44:39","slug":"teclado-de-projecao-a-laser-com-projecao-virtual-sem-fio-bluetooth","status":"publish","type":"product","link":"https:\/\/fluxolimpo.ia.br\/loja\/produto\/teclado-de-projecao-a-laser-com-projecao-virtual-sem-fio-bluetooth\/","title":{"rendered":"Teclado de proje\u00e7\u00e3o a laser com proje\u00e7\u00e3o virtual sem fio Bluetooth"},"content":{"rendered":"<p> <b> Overview\uff1a <\/p>\n<p> <\/b> <\/p>\n<p>Projection keyboard Bluetooth wireless virtual projection speaker voice broadcast mouse function<\/p>\n<p> <b>Specification\uff1a&nbsp;&nbsp;<\/b> <\/p>\n<p> Model used: General <br \/> Interface: Bluetooth <br \/> Connection with computer: Wired: <br \/> Waterproofing function does not support waterproofing <br \/> Material: ABS. <br \/> Voice speaker broadcast mouse function <\/p>\n<p> <img decoding=\"async\" src=\"https:\/\/cf.cjdropshipping.com\/1614855926712.jpg\"> <img decoding=\"async\" src=\"https:\/\/cf.cjdropshipping.com\/1614855926717.jpg\"> <img decoding=\"async\" src=\"https:\/\/cf.cjdropshipping.com\/1614855926744.jpg\"> <img decoding=\"async\" src=\"https:\/\/cf.cjdropshipping.com\/1614855926742.jpg\"> <img decoding=\"async\" src=\"https:\/\/cf.cjdropshipping.com\/1614855926740.jpg\">  <\/p>\n","protected":false},"excerpt":{"rendered":"<p>Overview\uff1a Projection keyboard Bluetooth wireless virtual projection speaker voice broadcast mouse function Specification\uff1a&nbsp;&nbsp; Model used: General Interface: Bluetooth Connection with computer: Wired: Waterproofing function does not support waterproofing Material: ABS. Voice speaker broadcast mouse function<\/p>\n","protected":false},"featured_media":23025,"template":"","meta":{"inline_featured_image":false,"_monsterinsights_skip_tracking":false,"_monsterinsights_sitenote_active":false,"_monsterinsights_sitenote_note":"","_monsterinsights_sitenote_category":0,"_mbp_gutenberg_autopost":false},"product_brand":[],"product_cat":[663],"product_tag":[693,697,696],"class_list":{"0":"post-23031","1":"product","2":"type-product","3":"status-publish","4":"has-post-thumbnail","6":"product_cat-eletronicos-consumo","7":"product_tag-bluetooth","8":"product_tag-sem-fio","9":"product_tag-teclado","11":"first","12":"instock","13":"shipping-taxable","14":"purchasable","15":"product-type-variable"},"yoast_head":"<!-- This site is optimized with the Yoast SEO plugin v27.4 - https:\/\/yoast.com\/product\/yoast-seo-wordpress\/ -->\n<title>Teclado de proje\u00e7\u00e3o a laser com proje\u00e7\u00e3o virtual sem fio Bluetooth - Fluxo limpo Tech - Loja Virtual<\/title>\n<meta name=\"robots\" content=\"index, follow, max-snippet:-1, max-image-preview:large, max-video-preview:-1\" \/>\n<link rel=\"canonical\" href=\"https:\/\/fluxolimpo.ia.br\/loja\/produto\/teclado-de-projecao-a-laser-com-projecao-virtual-sem-fio-bluetooth\/\" \/>\n<meta property=\"og:locale\" content=\"pt_BR\" \/>\n<meta property=\"og:type\" content=\"article\" \/>\n<meta property=\"og:title\" content=\"Teclado de proje\u00e7\u00e3o a laser com proje\u00e7\u00e3o virtual sem fio Bluetooth - Fluxo limpo Tech - Loja Virtual\" \/>\n<meta property=\"og:description\" content=\"Overview\uff1a Projection keyboard Bluetooth wireless virtual projection speaker voice broadcast mouse function Specification\uff1a&nbsp;&nbsp; Model used: General Interface: Bluetooth Connection with computer: Wired: Waterproofing function does not support waterproofing Material: ABS. Voice speaker broadcast mouse function\" \/>\n<meta property=\"og:url\" content=\"https:\/\/fluxolimpo.ia.br\/loja\/produto\/teclado-de-projecao-a-laser-com-projecao-virtual-sem-fio-bluetooth\/\" \/>\n<meta property=\"og:site_name\" content=\"Fluxo limpo Tech - Loja Virtual\" \/>\n<meta property=\"article:modified_time\" content=\"2026-04-16T19:44:39+00:00\" \/>\n<meta property=\"og:image\" content=\"https:\/\/fluxolimpo.ia.br\/loja\/wp-content\/uploads\/2026\/04\/1614855935105.jpg\" \/>\n\t<meta property=\"og:image:width\" content=\"620\" \/>\n\t<meta property=\"og:image:height\" content=\"620\" \/>\n\t<meta property=\"og:image:type\" content=\"image\/jpeg\" \/>\n<meta name=\"twitter:card\" content=\"summary_large_image\" \/>\n<script type=\"application\/ld+json\" class=\"yoast-schema-graph\">{\"@context\":\"https:\\\/\\\/schema.org\",\"@graph\":[{\"@type\":\"WebPage\",\"@id\":\"https:\\\/\\\/fluxolimpo.ia.br\\\/loja\\\/produto\\\/teclado-de-projecao-a-laser-com-projecao-virtual-sem-fio-bluetooth\\\/\",\"url\":\"https:\\\/\\\/fluxolimpo.ia.br\\\/loja\\\/produto\\\/teclado-de-projecao-a-laser-com-projecao-virtual-sem-fio-bluetooth\\\/\",\"name\":\"Teclado de proje\u00e7\u00e3o a laser com proje\u00e7\u00e3o virtual sem fio Bluetooth - Fluxo limpo Tech - Loja Virtual\",\"isPartOf\":{\"@id\":\"https:\\\/\\\/fluxolimpo.ia.br\\\/loja\\\/#website\"},\"primaryImageOfPage\":{\"@id\":\"https:\\\/\\\/fluxolimpo.ia.br\\\/loja\\\/produto\\\/teclado-de-projecao-a-laser-com-projecao-virtual-sem-fio-bluetooth\\\/#primaryimage\"},\"image\":{\"@id\":\"https:\\\/\\\/fluxolimpo.ia.br\\\/loja\\\/produto\\\/teclado-de-projecao-a-laser-com-projecao-virtual-sem-fio-bluetooth\\\/#primaryimage\"},\"thumbnailUrl\":\"https:\\\/\\\/fluxolimpo.ia.br\\\/loja\\\/wp-content\\\/uploads\\\/2026\\\/04\\\/1614855935105.jpg\",\"datePublished\":\"2026-04-16T19:44:29+00:00\",\"dateModified\":\"2026-04-16T19:44:39+00:00\",\"breadcrumb\":{\"@id\":\"https:\\\/\\\/fluxolimpo.ia.br\\\/loja\\\/produto\\\/teclado-de-projecao-a-laser-com-projecao-virtual-sem-fio-bluetooth\\\/#breadcrumb\"},\"inLanguage\":\"pt-BR\",\"potentialAction\":[{\"@type\":\"ReadAction\",\"target\":[\"https:\\\/\\\/fluxolimpo.ia.br\\\/loja\\\/produto\\\/teclado-de-projecao-a-laser-com-projecao-virtual-sem-fio-bluetooth\\\/\"]}]},{\"@type\":\"ImageObject\",\"inLanguage\":\"pt-BR\",\"@id\":\"https:\\\/\\\/fluxolimpo.ia.br\\\/loja\\\/produto\\\/teclado-de-projecao-a-laser-com-projecao-virtual-sem-fio-bluetooth\\\/#primaryimage\",\"url\":\"https:\\\/\\\/fluxolimpo.ia.br\\\/loja\\\/wp-content\\\/uploads\\\/2026\\\/04\\\/1614855935105.jpg\",\"contentUrl\":\"https:\\\/\\\/fluxolimpo.ia.br\\\/loja\\\/wp-content\\\/uploads\\\/2026\\\/04\\\/1614855935105.jpg\",\"width\":620,\"height\":620},{\"@type\":\"BreadcrumbList\",\"@id\":\"https:\\\/\\\/fluxolimpo.ia.br\\\/loja\\\/produto\\\/teclado-de-projecao-a-laser-com-projecao-virtual-sem-fio-bluetooth\\\/#breadcrumb\",\"itemListElement\":[{\"@type\":\"ListItem\",\"position\":1,\"name\":\"In\u00edcio\",\"item\":\"https:\\\/\\\/fluxolimpo.ia.br\\\/loja\\\/\"},{\"@type\":\"ListItem\",\"position\":2,\"name\":\"Shop\",\"item\":\"https:\\\/\\\/fluxolimpo.ia.br\\\/loja\\\/\"},{\"@type\":\"ListItem\",\"position\":3,\"name\":\"Teclado de proje\u00e7\u00e3o a laser com proje\u00e7\u00e3o virtual sem fio Bluetooth\"}]},{\"@type\":\"WebSite\",\"@id\":\"https:\\\/\\\/fluxolimpo.ia.br\\\/loja\\\/#website\",\"url\":\"https:\\\/\\\/fluxolimpo.ia.br\\\/loja\\\/\",\"name\":\"Fluxo limpo Tech - Loja Virtual\",\"description\":\"AppS, Scripts e Produtos Importados Exclusivos\",\"publisher\":{\"@id\":\"https:\\\/\\\/fluxolimpo.ia.br\\\/loja\\\/#organization\"},\"potentialAction\":[{\"@type\":\"SearchAction\",\"target\":{\"@type\":\"EntryPoint\",\"urlTemplate\":\"https:\\\/\\\/fluxolimpo.ia.br\\\/loja\\\/?s={search_term_string}\"},\"query-input\":{\"@type\":\"PropertyValueSpecification\",\"valueRequired\":true,\"valueName\":\"search_term_string\"}}],\"inLanguage\":\"pt-BR\"},{\"@type\":\"Organization\",\"@id\":\"https:\\\/\\\/fluxolimpo.ia.br\\\/loja\\\/#organization\",\"name\":\"Fluxo limpo Tech - Loja Virtual\",\"url\":\"https:\\\/\\\/fluxolimpo.ia.br\\\/loja\\\/\",\"logo\":{\"@type\":\"ImageObject\",\"inLanguage\":\"pt-BR\",\"@id\":\"https:\\\/\\\/fluxolimpo.ia.br\\\/loja\\\/#\\\/schema\\\/logo\\\/image\\\/\",\"url\":\"https:\\\/\\\/fluxolimpo.ia.br\\\/loja\\\/wp-content\\\/uploads\\\/2026\\\/03\\\/cropped-logolojamini-1.png\",\"contentUrl\":\"https:\\\/\\\/fluxolimpo.ia.br\\\/loja\\\/wp-content\\\/uploads\\\/2026\\\/03\\\/cropped-logolojamini-1.png\",\"width\":321,\"height\":87,\"caption\":\"Fluxo limpo Tech - Loja Virtual\"},\"image\":{\"@id\":\"https:\\\/\\\/fluxolimpo.ia.br\\\/loja\\\/#\\\/schema\\\/logo\\\/image\\\/\"}}]}<\/script>\n<!-- \/ Yoast SEO plugin. -->","yoast_head_json":{"title":"Teclado de proje\u00e7\u00e3o a laser com proje\u00e7\u00e3o virtual sem fio Bluetooth - Fluxo limpo Tech - Loja Virtual","robots":{"index":"index","follow":"follow","max-snippet":"max-snippet:-1","max-image-preview":"max-image-preview:large","max-video-preview":"max-video-preview:-1"},"canonical":"https:\/\/fluxolimpo.ia.br\/loja\/produto\/teclado-de-projecao-a-laser-com-projecao-virtual-sem-fio-bluetooth\/","og_locale":"pt_BR","og_type":"article","og_title":"Teclado de proje\u00e7\u00e3o a laser com proje\u00e7\u00e3o virtual sem fio Bluetooth - Fluxo limpo Tech - Loja Virtual","og_description":"Overview\uff1a Projection keyboard Bluetooth wireless virtual projection speaker voice broadcast mouse function Specification\uff1a&nbsp;&nbsp; Model used: General Interface: Bluetooth Connection with computer: Wired: Waterproofing function does not support waterproofing Material: ABS. Voice speaker broadcast mouse function","og_url":"https:\/\/fluxolimpo.ia.br\/loja\/produto\/teclado-de-projecao-a-laser-com-projecao-virtual-sem-fio-bluetooth\/","og_site_name":"Fluxo limpo Tech - Loja Virtual","article_modified_time":"2026-04-16T19:44:39+00:00","og_image":[{"width":620,"height":620,"url":"https:\/\/fluxolimpo.ia.br\/loja\/wp-content\/uploads\/2026\/04\/1614855935105.jpg","type":"image\/jpeg"}],"twitter_card":"summary_large_image","schema":{"@context":"https:\/\/schema.org","@graph":[{"@type":"WebPage","@id":"https:\/\/fluxolimpo.ia.br\/loja\/produto\/teclado-de-projecao-a-laser-com-projecao-virtual-sem-fio-bluetooth\/","url":"https:\/\/fluxolimpo.ia.br\/loja\/produto\/teclado-de-projecao-a-laser-com-projecao-virtual-sem-fio-bluetooth\/","name":"Teclado de proje\u00e7\u00e3o a laser com proje\u00e7\u00e3o virtual sem fio Bluetooth - Fluxo limpo Tech - Loja Virtual","isPartOf":{"@id":"https:\/\/fluxolimpo.ia.br\/loja\/#website"},"primaryImageOfPage":{"@id":"https:\/\/fluxolimpo.ia.br\/loja\/produto\/teclado-de-projecao-a-laser-com-projecao-virtual-sem-fio-bluetooth\/#primaryimage"},"image":{"@id":"https:\/\/fluxolimpo.ia.br\/loja\/produto\/teclado-de-projecao-a-laser-com-projecao-virtual-sem-fio-bluetooth\/#primaryimage"},"thumbnailUrl":"https:\/\/fluxolimpo.ia.br\/loja\/wp-content\/uploads\/2026\/04\/1614855935105.jpg","datePublished":"2026-04-16T19:44:29+00:00","dateModified":"2026-04-16T19:44:39+00:00","breadcrumb":{"@id":"https:\/\/fluxolimpo.ia.br\/loja\/produto\/teclado-de-projecao-a-laser-com-projecao-virtual-sem-fio-bluetooth\/#breadcrumb"},"inLanguage":"pt-BR","potentialAction":[{"@type":"ReadAction","target":["https:\/\/fluxolimpo.ia.br\/loja\/produto\/teclado-de-projecao-a-laser-com-projecao-virtual-sem-fio-bluetooth\/"]}]},{"@type":"ImageObject","inLanguage":"pt-BR","@id":"https:\/\/fluxolimpo.ia.br\/loja\/produto\/teclado-de-projecao-a-laser-com-projecao-virtual-sem-fio-bluetooth\/#primaryimage","url":"https:\/\/fluxolimpo.ia.br\/loja\/wp-content\/uploads\/2026\/04\/1614855935105.jpg","contentUrl":"https:\/\/fluxolimpo.ia.br\/loja\/wp-content\/uploads\/2026\/04\/1614855935105.jpg","width":620,"height":620},{"@type":"BreadcrumbList","@id":"https:\/\/fluxolimpo.ia.br\/loja\/produto\/teclado-de-projecao-a-laser-com-projecao-virtual-sem-fio-bluetooth\/#breadcrumb","itemListElement":[{"@type":"ListItem","position":1,"name":"In\u00edcio","item":"https:\/\/fluxolimpo.ia.br\/loja\/"},{"@type":"ListItem","position":2,"name":"Shop","item":"https:\/\/fluxolimpo.ia.br\/loja\/"},{"@type":"ListItem","position":3,"name":"Teclado de proje\u00e7\u00e3o a laser com proje\u00e7\u00e3o virtual sem fio Bluetooth"}]},{"@type":"WebSite","@id":"https:\/\/fluxolimpo.ia.br\/loja\/#website","url":"https:\/\/fluxolimpo.ia.br\/loja\/","name":"Fluxo limpo Tech - Loja Virtual","description":"AppS, Scripts e Produtos Importados Exclusivos","publisher":{"@id":"https:\/\/fluxolimpo.ia.br\/loja\/#organization"},"potentialAction":[{"@type":"SearchAction","target":{"@type":"EntryPoint","urlTemplate":"https:\/\/fluxolimpo.ia.br\/loja\/?s={search_term_string}"},"query-input":{"@type":"PropertyValueSpecification","valueRequired":true,"valueName":"search_term_string"}}],"inLanguage":"pt-BR"},{"@type":"Organization","@id":"https:\/\/fluxolimpo.ia.br\/loja\/#organization","name":"Fluxo limpo Tech - Loja Virtual","url":"https:\/\/fluxolimpo.ia.br\/loja\/","logo":{"@type":"ImageObject","inLanguage":"pt-BR","@id":"https:\/\/fluxolimpo.ia.br\/loja\/#\/schema\/logo\/image\/","url":"https:\/\/fluxolimpo.ia.br\/loja\/wp-content\/uploads\/2026\/03\/cropped-logolojamini-1.png","contentUrl":"https:\/\/fluxolimpo.ia.br\/loja\/wp-content\/uploads\/2026\/03\/cropped-logolojamini-1.png","width":321,"height":87,"caption":"Fluxo limpo Tech - Loja Virtual"},"image":{"@id":"https:\/\/fluxolimpo.ia.br\/loja\/#\/schema\/logo\/image\/"}}]}},"_links":{"self":[{"href":"https:\/\/fluxolimpo.ia.br\/loja\/wp-json\/wp\/v2\/product\/23031","targetHints":{"allow":["GET"]}}],"collection":[{"href":"https:\/\/fluxolimpo.ia.br\/loja\/wp-json\/wp\/v2\/product"}],"about":[{"href":"https:\/\/fluxolimpo.ia.br\/loja\/wp-json\/wp\/v2\/types\/product"}],"wp:featuredmedia":[{"embeddable":true,"href":"https:\/\/fluxolimpo.ia.br\/loja\/wp-json\/wp\/v2\/media\/23025"}],"wp:attachment":[{"href":"https:\/\/fluxolimpo.ia.br\/loja\/wp-json\/wp\/v2\/media?parent=23031"}],"wp:term":[{"taxonomy":"product_brand","embeddable":true,"href":"https:\/\/fluxolimpo.ia.br\/loja\/wp-json\/wp\/v2\/product_brand?post=23031"},{"taxonomy":"product_cat","embeddable":true,"href":"https:\/\/fluxolimpo.ia.br\/loja\/wp-json\/wp\/v2\/product_cat?post=23031"},{"taxonomy":"product_tag","embeddable":true,"href":"https:\/\/fluxolimpo.ia.br\/loja\/wp-json\/wp\/v2\/product_tag?post=23031"}],"curies":[{"name":"wp","href":"https:\/\/api.w.org\/{rel}","templated":true}]}}