{"id":22998,"date":"2026-04-16T16:10:04","date_gmt":"2026-04-16T19:10:04","guid":{"rendered":"https:\/\/fluxolimpo.ia.br\/loja\/produto\/fone-de-ouvido-bluetooth\/"},"modified":"2026-04-16T16:10:17","modified_gmt":"2026-04-16T19:10:17","slug":"fone-de-ouvido-bluetooth","status":"publish","type":"product","link":"https:\/\/fluxolimpo.ia.br\/loja\/produto\/fone-de-ouvido-bluetooth\/","title":{"rendered":"Fone de ouvido Bluetooth"},"content":{"rendered":"<div class=\"detailmodule_html\">\n<div class=\"detail-desc-decorate-richtext\">\n<p> <font dir=\"auto\" style=\"vertical-align: inherit\"> <font dir=\"auto\" style=\"vertical-align: inherit\">Marca: Blue Ling <\/font> <\/font> <br \/> <font dir=\"auto\" style=\"vertical-align: inherit\"> <font dir=\"auto\" style=\"vertical-align: inherit\">N\u00ba do item: T13 <\/font> <\/font> <br \/> <font dir=\"auto\" style=\"vertical-align: inherit\"> <font dir=\"auto\" style=\"vertical-align: inherit\">Alcance de transmiss\u00e3o: 10 metros <\/font> <\/font> <br \/> <font dir=\"auto\" style=\"vertical-align: inherit\"> <font dir=\"auto\" style=\"vertical-align: inherit\">Fun\u00e7\u00f5es: indicador de bateria, fun\u00e7\u00e3o de chamada, fun\u00e7\u00e3o NFC, controle de voz, suporte para m\u00fasica, conex\u00e3o multiponto <\/font> <\/font> <br \/> <font dir=\"auto\" style=\"vertical-align: inherit\"> <font dir=\"auto\" style=\"vertical-align: inherit\">Personaliza\u00e7\u00e3o: Sim <\/font> <\/font> <br \/> <font dir=\"auto\" style=\"vertical-align: inherit\"> <font dir=\"auto\" style=\"vertical-align: inherit\">Impress\u00e3o de LOGOTIPO: Sim <\/font> <\/font> <br \/> <font dir=\"auto\" style=\"vertical-align: inherit\"> <font dir=\"auto\" style=\"vertical-align: inherit\">Protocolo Bluetooth: 5.0 <\/font> <\/font> <br \/> <font dir=\"auto\" style=\"vertical-align: inherit\"> <font dir=\"auto\" style=\"vertical-align: inherit\">Canal: est\u00e9reo <\/font> <\/font> <br \/> <font dir=\"auto\" style=\"vertical-align: inherit\"> <font dir=\"auto\" style=\"vertical-align: inherit\">Modo de usar: fone de ouvido Uso <\/font> <\/font> <br \/> <font dir=\"auto\" style=\"vertical-align: inherit\"> <font dir=\"auto\" style=\"vertical-align: inherit\">: est\u00e9reo bilateral <\/font> <\/font> <br \/> <font dir=\"auto\" style=\"vertical-align: inherit\"> <font dir=\"auto\" style=\"vertical-align: inherit\">Ocasi\u00f5es para presentear: casamentos, anivers\u00e1rios, feiras comerciais, promo\u00e7\u00f5es publicit\u00e1rias, benef\u00edcios para funcion\u00e1rios, comemora\u00e7\u00f5es de anivers\u00e1rio, presentes corporativos, cerim\u00f4nias de inaugura\u00e7\u00e3o, premia\u00e7\u00f5es, planejamento de rela\u00e7\u00f5es p\u00fablicas<\/font> <\/font>  <\/p>\n<p> <font dir=\"auto\" style=\"vertical-align: inherit\"> <font dir=\"auto\" style=\"vertical-align: inherit\">Cores: preto, branco, rosa<\/font> <\/font> <img decoding=\"async\" src=\"https:\/\/cf.cjdropshipping.com\/17089056\/2402260830070321700.jpg\">  <\/p>\n<p> <img decoding=\"async\" src=\"https:\/\/cf.cjdropshipping.com\/17089056\/2402260830070322000.jpg\"> <img decoding=\"async\" src=\"https:\/\/cf.cjdropshipping.com\/17089056\/2402260830070322200.jpg\"> <img decoding=\"async\" src=\"https:\/\/cf.cjdropshipping.com\/17089056\/2402260830070322400.jpg\"> <img decoding=\"async\" src=\"https:\/\/cf.cjdropshipping.com\/17089056\/2402260830070322900.jpg\"> <\/p>\n<p> <\/p>\n<p> <img decoding=\"async\" src=\"https:\/\/cf.cjdropshipping.com\/17089056\/2402260830070323200.jpg\"> <\/p>\n<\/p><\/div>\n<\/div>\n<p> <img decoding=\"async\" src=\"https:\/\/cf.cjdropshipping.com\/17089056\/2402260830070323400.jpg\"> <\/p>\n<p> <img decoding=\"async\" src=\"https:\/\/cf.cjdropshipping.com\/17089056\/2402260830070323700.jpg\"> <\/p>\n","protected":false},"excerpt":{"rendered":"<p>Marca: Blue Ling N\u00ba do item: T13 Alcance de transmiss\u00e3o: 10 metros Fun\u00e7\u00f5es: indicador de bateria, fun\u00e7\u00e3o de chamada, fun\u00e7\u00e3o NFC, controle de voz, suporte para m\u00fasica, conex\u00e3o multiponto Personaliza\u00e7\u00e3o: Sim Impress\u00e3o de LOGOTIPO: Sim Protocolo Bluetooth: 5.0 Canal: est\u00e9reo Modo de usar: fone de ouvido Uso : est\u00e9reo bilateral Ocasi\u00f5es para presentear: casamentos, anivers\u00e1rios, [&hellip;]<\/p>\n","protected":false},"featured_media":22988,"template":"","meta":{"inline_featured_image":false,"_monsterinsights_skip_tracking":false,"_monsterinsights_sitenote_active":false,"_monsterinsights_sitenote_note":"","_monsterinsights_sitenote_category":0,"_mbp_gutenberg_autopost":false},"product_brand":[],"product_cat":[663],"product_tag":[693,694],"class_list":{"0":"post-22998","1":"product","2":"type-product","3":"status-publish","4":"has-post-thumbnail","6":"product_cat-eletronicos-consumo","7":"product_tag-bluetooth","8":"product_tag-fone","10":"first","11":"instock","12":"shipping-taxable","13":"purchasable","14":"product-type-variable"},"yoast_head":"<!-- This site is optimized with the Yoast SEO plugin v27.4 - https:\/\/yoast.com\/product\/yoast-seo-wordpress\/ -->\n<title>Fone de ouvido Bluetooth - Fluxo limpo Tech - Loja Virtual<\/title>\n<meta name=\"robots\" content=\"index, follow, max-snippet:-1, max-image-preview:large, max-video-preview:-1\" \/>\n<link rel=\"canonical\" href=\"https:\/\/fluxolimpo.ia.br\/loja\/produto\/fone-de-ouvido-bluetooth\/\" \/>\n<meta property=\"og:locale\" content=\"pt_BR\" \/>\n<meta property=\"og:type\" content=\"article\" \/>\n<meta property=\"og:title\" content=\"Fone de ouvido Bluetooth - Fluxo limpo Tech - Loja Virtual\" \/>\n<meta property=\"og:description\" content=\"Marca: Blue Ling N\u00ba do item: T13 Alcance de transmiss\u00e3o: 10 metros Fun\u00e7\u00f5es: indicador de bateria, fun\u00e7\u00e3o de chamada, fun\u00e7\u00e3o NFC, controle de voz, suporte para m\u00fasica, conex\u00e3o multiponto Personaliza\u00e7\u00e3o: Sim Impress\u00e3o de LOGOTIPO: Sim Protocolo Bluetooth: 5.0 Canal: est\u00e9reo Modo de usar: fone de ouvido Uso : est\u00e9reo bilateral Ocasi\u00f5es para presentear: casamentos, anivers\u00e1rios, [&hellip;]\" \/>\n<meta property=\"og:url\" content=\"https:\/\/fluxolimpo.ia.br\/loja\/produto\/fone-de-ouvido-bluetooth\/\" \/>\n<meta property=\"og:site_name\" content=\"Fluxo limpo Tech - Loja Virtual\" \/>\n<meta property=\"article:modified_time\" content=\"2026-04-16T19:10:17+00:00\" \/>\n<meta property=\"og:image\" content=\"https:\/\/fluxolimpo.ia.br\/loja\/wp-content\/uploads\/2026\/04\/2383812119493.jpg\" \/>\n\t<meta property=\"og:image:width\" content=\"640\" \/>\n\t<meta property=\"og:image:height\" content=\"550\" \/>\n\t<meta property=\"og:image:type\" content=\"image\/jpeg\" \/>\n<meta name=\"twitter:card\" content=\"summary_large_image\" \/>\n<script type=\"application\/ld+json\" class=\"yoast-schema-graph\">{\"@context\":\"https:\\\/\\\/schema.org\",\"@graph\":[{\"@type\":\"WebPage\",\"@id\":\"https:\\\/\\\/fluxolimpo.ia.br\\\/loja\\\/produto\\\/fone-de-ouvido-bluetooth\\\/\",\"url\":\"https:\\\/\\\/fluxolimpo.ia.br\\\/loja\\\/produto\\\/fone-de-ouvido-bluetooth\\\/\",\"name\":\"Fone de ouvido Bluetooth - Fluxo limpo Tech - Loja Virtual\",\"isPartOf\":{\"@id\":\"https:\\\/\\\/fluxolimpo.ia.br\\\/loja\\\/#website\"},\"primaryImageOfPage\":{\"@id\":\"https:\\\/\\\/fluxolimpo.ia.br\\\/loja\\\/produto\\\/fone-de-ouvido-bluetooth\\\/#primaryimage\"},\"image\":{\"@id\":\"https:\\\/\\\/fluxolimpo.ia.br\\\/loja\\\/produto\\\/fone-de-ouvido-bluetooth\\\/#primaryimage\"},\"thumbnailUrl\":\"https:\\\/\\\/fluxolimpo.ia.br\\\/loja\\\/wp-content\\\/uploads\\\/2026\\\/04\\\/2383812119493.jpg\",\"datePublished\":\"2026-04-16T19:10:04+00:00\",\"dateModified\":\"2026-04-16T19:10:17+00:00\",\"breadcrumb\":{\"@id\":\"https:\\\/\\\/fluxolimpo.ia.br\\\/loja\\\/produto\\\/fone-de-ouvido-bluetooth\\\/#breadcrumb\"},\"inLanguage\":\"pt-BR\",\"potentialAction\":[{\"@type\":\"ReadAction\",\"target\":[\"https:\\\/\\\/fluxolimpo.ia.br\\\/loja\\\/produto\\\/fone-de-ouvido-bluetooth\\\/\"]}]},{\"@type\":\"ImageObject\",\"inLanguage\":\"pt-BR\",\"@id\":\"https:\\\/\\\/fluxolimpo.ia.br\\\/loja\\\/produto\\\/fone-de-ouvido-bluetooth\\\/#primaryimage\",\"url\":\"https:\\\/\\\/fluxolimpo.ia.br\\\/loja\\\/wp-content\\\/uploads\\\/2026\\\/04\\\/2383812119493.jpg\",\"contentUrl\":\"https:\\\/\\\/fluxolimpo.ia.br\\\/loja\\\/wp-content\\\/uploads\\\/2026\\\/04\\\/2383812119493.jpg\",\"width\":640,\"height\":550},{\"@type\":\"BreadcrumbList\",\"@id\":\"https:\\\/\\\/fluxolimpo.ia.br\\\/loja\\\/produto\\\/fone-de-ouvido-bluetooth\\\/#breadcrumb\",\"itemListElement\":[{\"@type\":\"ListItem\",\"position\":1,\"name\":\"In\u00edcio\",\"item\":\"https:\\\/\\\/fluxolimpo.ia.br\\\/loja\\\/\"},{\"@type\":\"ListItem\",\"position\":2,\"name\":\"Shop\",\"item\":\"https:\\\/\\\/fluxolimpo.ia.br\\\/loja\\\/\"},{\"@type\":\"ListItem\",\"position\":3,\"name\":\"Fone de ouvido Bluetooth\"}]},{\"@type\":\"WebSite\",\"@id\":\"https:\\\/\\\/fluxolimpo.ia.br\\\/loja\\\/#website\",\"url\":\"https:\\\/\\\/fluxolimpo.ia.br\\\/loja\\\/\",\"name\":\"Fluxo limpo Tech - Loja Virtual\",\"description\":\"AppS, Scripts e Produtos Importados Exclusivos\",\"publisher\":{\"@id\":\"https:\\\/\\\/fluxolimpo.ia.br\\\/loja\\\/#organization\"},\"potentialAction\":[{\"@type\":\"SearchAction\",\"target\":{\"@type\":\"EntryPoint\",\"urlTemplate\":\"https:\\\/\\\/fluxolimpo.ia.br\\\/loja\\\/?s={search_term_string}\"},\"query-input\":{\"@type\":\"PropertyValueSpecification\",\"valueRequired\":true,\"valueName\":\"search_term_string\"}}],\"inLanguage\":\"pt-BR\"},{\"@type\":\"Organization\",\"@id\":\"https:\\\/\\\/fluxolimpo.ia.br\\\/loja\\\/#organization\",\"name\":\"Fluxo limpo Tech - Loja Virtual\",\"url\":\"https:\\\/\\\/fluxolimpo.ia.br\\\/loja\\\/\",\"logo\":{\"@type\":\"ImageObject\",\"inLanguage\":\"pt-BR\",\"@id\":\"https:\\\/\\\/fluxolimpo.ia.br\\\/loja\\\/#\\\/schema\\\/logo\\\/image\\\/\",\"url\":\"https:\\\/\\\/fluxolimpo.ia.br\\\/loja\\\/wp-content\\\/uploads\\\/2026\\\/03\\\/cropped-logolojamini-1.png\",\"contentUrl\":\"https:\\\/\\\/fluxolimpo.ia.br\\\/loja\\\/wp-content\\\/uploads\\\/2026\\\/03\\\/cropped-logolojamini-1.png\",\"width\":321,\"height\":87,\"caption\":\"Fluxo limpo Tech - Loja Virtual\"},\"image\":{\"@id\":\"https:\\\/\\\/fluxolimpo.ia.br\\\/loja\\\/#\\\/schema\\\/logo\\\/image\\\/\"}}]}<\/script>\n<!-- \/ Yoast SEO plugin. -->","yoast_head_json":{"title":"Fone de ouvido Bluetooth - Fluxo limpo Tech - Loja Virtual","robots":{"index":"index","follow":"follow","max-snippet":"max-snippet:-1","max-image-preview":"max-image-preview:large","max-video-preview":"max-video-preview:-1"},"canonical":"https:\/\/fluxolimpo.ia.br\/loja\/produto\/fone-de-ouvido-bluetooth\/","og_locale":"pt_BR","og_type":"article","og_title":"Fone de ouvido Bluetooth - Fluxo limpo Tech - Loja Virtual","og_description":"Marca: Blue Ling N\u00ba do item: T13 Alcance de transmiss\u00e3o: 10 metros Fun\u00e7\u00f5es: indicador de bateria, fun\u00e7\u00e3o de chamada, fun\u00e7\u00e3o NFC, controle de voz, suporte para m\u00fasica, conex\u00e3o multiponto Personaliza\u00e7\u00e3o: Sim Impress\u00e3o de LOGOTIPO: Sim Protocolo Bluetooth: 5.0 Canal: est\u00e9reo Modo de usar: fone de ouvido Uso : est\u00e9reo bilateral Ocasi\u00f5es para presentear: casamentos, anivers\u00e1rios, [&hellip;]","og_url":"https:\/\/fluxolimpo.ia.br\/loja\/produto\/fone-de-ouvido-bluetooth\/","og_site_name":"Fluxo limpo Tech - Loja Virtual","article_modified_time":"2026-04-16T19:10:17+00:00","og_image":[{"width":640,"height":550,"url":"https:\/\/fluxolimpo.ia.br\/loja\/wp-content\/uploads\/2026\/04\/2383812119493.jpg","type":"image\/jpeg"}],"twitter_card":"summary_large_image","schema":{"@context":"https:\/\/schema.org","@graph":[{"@type":"WebPage","@id":"https:\/\/fluxolimpo.ia.br\/loja\/produto\/fone-de-ouvido-bluetooth\/","url":"https:\/\/fluxolimpo.ia.br\/loja\/produto\/fone-de-ouvido-bluetooth\/","name":"Fone de ouvido Bluetooth - Fluxo limpo Tech - Loja Virtual","isPartOf":{"@id":"https:\/\/fluxolimpo.ia.br\/loja\/#website"},"primaryImageOfPage":{"@id":"https:\/\/fluxolimpo.ia.br\/loja\/produto\/fone-de-ouvido-bluetooth\/#primaryimage"},"image":{"@id":"https:\/\/fluxolimpo.ia.br\/loja\/produto\/fone-de-ouvido-bluetooth\/#primaryimage"},"thumbnailUrl":"https:\/\/fluxolimpo.ia.br\/loja\/wp-content\/uploads\/2026\/04\/2383812119493.jpg","datePublished":"2026-04-16T19:10:04+00:00","dateModified":"2026-04-16T19:10:17+00:00","breadcrumb":{"@id":"https:\/\/fluxolimpo.ia.br\/loja\/produto\/fone-de-ouvido-bluetooth\/#breadcrumb"},"inLanguage":"pt-BR","potentialAction":[{"@type":"ReadAction","target":["https:\/\/fluxolimpo.ia.br\/loja\/produto\/fone-de-ouvido-bluetooth\/"]}]},{"@type":"ImageObject","inLanguage":"pt-BR","@id":"https:\/\/fluxolimpo.ia.br\/loja\/produto\/fone-de-ouvido-bluetooth\/#primaryimage","url":"https:\/\/fluxolimpo.ia.br\/loja\/wp-content\/uploads\/2026\/04\/2383812119493.jpg","contentUrl":"https:\/\/fluxolimpo.ia.br\/loja\/wp-content\/uploads\/2026\/04\/2383812119493.jpg","width":640,"height":550},{"@type":"BreadcrumbList","@id":"https:\/\/fluxolimpo.ia.br\/loja\/produto\/fone-de-ouvido-bluetooth\/#breadcrumb","itemListElement":[{"@type":"ListItem","position":1,"name":"In\u00edcio","item":"https:\/\/fluxolimpo.ia.br\/loja\/"},{"@type":"ListItem","position":2,"name":"Shop","item":"https:\/\/fluxolimpo.ia.br\/loja\/"},{"@type":"ListItem","position":3,"name":"Fone de ouvido Bluetooth"}]},{"@type":"WebSite","@id":"https:\/\/fluxolimpo.ia.br\/loja\/#website","url":"https:\/\/fluxolimpo.ia.br\/loja\/","name":"Fluxo limpo Tech - Loja Virtual","description":"AppS, Scripts e Produtos Importados Exclusivos","publisher":{"@id":"https:\/\/fluxolimpo.ia.br\/loja\/#organization"},"potentialAction":[{"@type":"SearchAction","target":{"@type":"EntryPoint","urlTemplate":"https:\/\/fluxolimpo.ia.br\/loja\/?s={search_term_string}"},"query-input":{"@type":"PropertyValueSpecification","valueRequired":true,"valueName":"search_term_string"}}],"inLanguage":"pt-BR"},{"@type":"Organization","@id":"https:\/\/fluxolimpo.ia.br\/loja\/#organization","name":"Fluxo limpo Tech - Loja Virtual","url":"https:\/\/fluxolimpo.ia.br\/loja\/","logo":{"@type":"ImageObject","inLanguage":"pt-BR","@id":"https:\/\/fluxolimpo.ia.br\/loja\/#\/schema\/logo\/image\/","url":"https:\/\/fluxolimpo.ia.br\/loja\/wp-content\/uploads\/2026\/03\/cropped-logolojamini-1.png","contentUrl":"https:\/\/fluxolimpo.ia.br\/loja\/wp-content\/uploads\/2026\/03\/cropped-logolojamini-1.png","width":321,"height":87,"caption":"Fluxo limpo Tech - Loja Virtual"},"image":{"@id":"https:\/\/fluxolimpo.ia.br\/loja\/#\/schema\/logo\/image\/"}}]}},"_links":{"self":[{"href":"https:\/\/fluxolimpo.ia.br\/loja\/wp-json\/wp\/v2\/product\/22998","targetHints":{"allow":["GET"]}}],"collection":[{"href":"https:\/\/fluxolimpo.ia.br\/loja\/wp-json\/wp\/v2\/product"}],"about":[{"href":"https:\/\/fluxolimpo.ia.br\/loja\/wp-json\/wp\/v2\/types\/product"}],"wp:featuredmedia":[{"embeddable":true,"href":"https:\/\/fluxolimpo.ia.br\/loja\/wp-json\/wp\/v2\/media\/22988"}],"wp:attachment":[{"href":"https:\/\/fluxolimpo.ia.br\/loja\/wp-json\/wp\/v2\/media?parent=22998"}],"wp:term":[{"taxonomy":"product_brand","embeddable":true,"href":"https:\/\/fluxolimpo.ia.br\/loja\/wp-json\/wp\/v2\/product_brand?post=22998"},{"taxonomy":"product_cat","embeddable":true,"href":"https:\/\/fluxolimpo.ia.br\/loja\/wp-json\/wp\/v2\/product_cat?post=22998"},{"taxonomy":"product_tag","embeddable":true,"href":"https:\/\/fluxolimpo.ia.br\/loja\/wp-json\/wp\/v2\/product_tag?post=22998"}],"curies":[{"name":"wp","href":"https:\/\/api.w.org\/{rel}","templated":true}]}}