{"id":22985,"date":"2026-04-16T16:08:28","date_gmt":"2026-04-16T19:08:28","guid":{"rendered":"https:\/\/fluxolimpo.ia.br\/loja\/produto\/fone-de-ouvido-bluetooth-m3-com-subwoofer-tws\/"},"modified":"2026-04-16T16:08:39","modified_gmt":"2026-04-16T19:08:39","slug":"fone-de-ouvido-bluetooth-m3-com-subwoofer-tws","status":"publish","type":"product","link":"https:\/\/fluxolimpo.ia.br\/loja\/produto\/fone-de-ouvido-bluetooth-m3-com-subwoofer-tws\/","title":{"rendered":"Fone de ouvido Bluetooth M3 com subwoofer TWS"},"content":{"rendered":"<p> <b> <font dir=\"auto\" style=\"vertical-align: inherit\"> <font dir=\"auto\" style=\"vertical-align: inherit\">Informa\u00e7\u00f5es sobre o produto:<\/font> <\/font> <\/b> <\/p>\n<p> <font dir=\"auto\" style=\"vertical-align: inherit\"> <font dir=\"auto\" style=\"vertical-align: inherit\">Modelo do produto: fone de ouvido Bluetooth sem fio <\/font> <\/font> <br \/> <font dir=\"auto\" style=\"vertical-align: inherit\"> <font dir=\"auto\" style=\"vertical-align: inherit\">Especifica\u00e7\u00f5es: 62 x 40 x 27 mm <\/font> <\/font> <br \/> <font dir=\"auto\" style=\"vertical-align: inherit\"> <font dir=\"auto\" style=\"vertical-align: inherit\">Tens\u00e3o de opera\u00e7\u00e3o: 3,3 V &#8211; 4,2 V <\/font> <\/font> <br \/> <font dir=\"auto\" style=\"vertical-align: inherit\"> <font dir=\"auto\" style=\"vertical-align: inherit\">Vers\u00e3o Bluetooth: V5.1 + EDR <\/font> <\/font> <br \/> <font dir=\"auto\" style=\"vertical-align: inherit\"> <font dir=\"auto\" style=\"vertical-align: inherit\">Capacidade da bateria: 50 mAh\/280 mAh <\/font> <\/font> <br \/> <font dir=\"auto\" style=\"vertical-align: inherit\"> <font dir=\"auto\" style=\"vertical-align: inherit\">Tempo de uso: 3 a 4 horas <\/font> <\/font> <br \/> <font dir=\"auto\" style=\"vertical-align: inherit\"> <font dir=\"auto\" style=\"vertical-align: inherit\">Tempo em espera: aproximadamente 300 horas <\/font> <\/font> <br \/> <font dir=\"auto\" style=\"vertical-align: inherit\"> <font dir=\"auto\" style=\"vertical-align: inherit\">Tipo de alto-falante: din\u00e2mico com anel de cobre de 8 cm <\/font> <\/font> <br \/> <font dir=\"auto\" style=\"vertical-align: inherit\"> <font dir=\"auto\" style=\"vertical-align: inherit\">Faixa de transmiss\u00e3o: 2,40 GHz &#8211; 2,48 GHz <\/font> <\/font> <br \/> <font dir=\"auto\" style=\"vertical-align: inherit\"> <font dir=\"auto\" style=\"vertical-align: inherit\">Sensibilidade: 98 dB + 3 dB <\/font> <\/font> <br \/> <font dir=\"auto\" style=\"vertical-align: inherit\"> <font dir=\"auto\" style=\"vertical-align: inherit\">Dist\u00e2ncia de comunica\u00e7\u00e3o: alcance efetivo de 15 metros <\/font> <\/font> <br \/> <font dir=\"auto\" style=\"vertical-align: inherit\"> <font dir=\"auto\" style=\"vertical-align: inherit\">M\u00e9todo de entrada no ouvido: entrada obl\u00edqua para se ajustar ao contorno da orelha<\/font> <\/font> <\/p>\n<p> &nbsp; <br \/> <b> <br \/> <\/b> <\/p>\n<p> <b> <font dir=\"auto\" style=\"vertical-align: inherit\"> <font dir=\"auto\" style=\"vertical-align: inherit\">Lista de embalagem:<\/font> <\/font> <\/b> <br \/> <font dir=\"auto\" style=\"vertical-align: inherit\"> <font dir=\"auto\" style=\"vertical-align: inherit\"> Fone de ouvido sem fio x1<\/font> <\/font> <\/p>\n<p> <img decoding=\"async\" src=\"https:\/\/cf.cjdropshipping.com\/497dcecf-777f-400c-9ba4-2479d0c5cb15.jpg\"> <img decoding=\"async\" src=\"https:\/\/cf.cjdropshipping.com\/578a6707-097c-45c3-86f3-5175c7a96632.jpg\"> <img decoding=\"async\" src=\"https:\/\/cf.cjdropshipping.com\/5a4e6a61-ca47-4e32-a1b6-c048fe194861.jpg\"> <img decoding=\"async\" src=\"https:\/\/cf.cjdropshipping.com\/3696d978-c68f-47be-8a39-e1b2afb9aae9.jpg\"> <img decoding=\"async\" src=\"https:\/\/cf.cjdropshipping.com\/f768effc-d2b7-4b1e-b469-fb48fc321384.jpg\"> <img decoding=\"async\" src=\"https:\/\/cf.cjdropshipping.com\/3d16ddde-b8c1-4141-82a3-8cb2001c1409.jpg\">  <\/p>\n","protected":false},"excerpt":{"rendered":"<p>Informa\u00e7\u00f5es sobre o produto: Modelo do produto: fone de ouvido Bluetooth sem fio Especifica\u00e7\u00f5es: 62 x 40 x 27 mm Tens\u00e3o de opera\u00e7\u00e3o: 3,3 V &#8211; 4,2 V Vers\u00e3o Bluetooth: V5.1 + EDR Capacidade da bateria: 50 mAh\/280 mAh Tempo de uso: 3 a 4 horas Tempo em espera: aproximadamente 300 horas Tipo de alto-falante: [&hellip;]<\/p>\n","protected":false},"featured_media":22979,"template":"","meta":{"inline_featured_image":false,"_monsterinsights_skip_tracking":false,"_monsterinsights_sitenote_active":false,"_monsterinsights_sitenote_note":"","_monsterinsights_sitenote_category":0,"_mbp_gutenberg_autopost":false},"product_brand":[],"product_cat":[663],"product_tag":[],"class_list":{"0":"post-22985","1":"product","2":"type-product","3":"status-publish","4":"has-post-thumbnail","6":"product_cat-eletronicos-consumo","8":"first","9":"instock","10":"shipping-taxable","11":"purchasable","12":"product-type-variable"},"yoast_head":"<!-- This site is optimized with the Yoast SEO plugin v27.4 - https:\/\/yoast.com\/product\/yoast-seo-wordpress\/ -->\n<title>Fone de ouvido Bluetooth M3 com subwoofer TWS - Fluxo limpo Tech - Loja Virtual<\/title>\n<meta name=\"robots\" content=\"index, follow, max-snippet:-1, max-image-preview:large, max-video-preview:-1\" \/>\n<link rel=\"canonical\" href=\"https:\/\/fluxolimpo.ia.br\/loja\/produto\/fone-de-ouvido-bluetooth-m3-com-subwoofer-tws\/\" \/>\n<meta property=\"og:locale\" content=\"pt_BR\" \/>\n<meta property=\"og:type\" content=\"article\" \/>\n<meta property=\"og:title\" content=\"Fone de ouvido Bluetooth M3 com subwoofer TWS - Fluxo limpo Tech - Loja Virtual\" \/>\n<meta property=\"og:description\" content=\"Informa\u00e7\u00f5es sobre o produto: Modelo do produto: fone de ouvido Bluetooth sem fio Especifica\u00e7\u00f5es: 62 x 40 x 27 mm Tens\u00e3o de opera\u00e7\u00e3o: 3,3 V &#8211; 4,2 V Vers\u00e3o Bluetooth: V5.1 + EDR Capacidade da bateria: 50 mAh\/280 mAh Tempo de uso: 3 a 4 horas Tempo em espera: aproximadamente 300 horas Tipo de alto-falante: [&hellip;]\" \/>\n<meta property=\"og:url\" content=\"https:\/\/fluxolimpo.ia.br\/loja\/produto\/fone-de-ouvido-bluetooth-m3-com-subwoofer-tws\/\" \/>\n<meta property=\"og:site_name\" content=\"Fluxo limpo Tech - Loja Virtual\" \/>\n<meta property=\"article:modified_time\" content=\"2026-04-16T19:08:39+00:00\" \/>\n<meta property=\"og:image\" content=\"https:\/\/fluxolimpo.ia.br\/loja\/wp-content\/uploads\/2026\/04\/6ae25be9-f902-40af-89c5-f0553644e8c0.jpg\" \/>\n\t<meta property=\"og:image:width\" content=\"800\" \/>\n\t<meta property=\"og:image:height\" content=\"800\" \/>\n\t<meta property=\"og:image:type\" content=\"image\/jpeg\" \/>\n<meta name=\"twitter:card\" content=\"summary_large_image\" \/>\n<meta name=\"twitter:label1\" content=\"Est. tempo de leitura\" \/>\n\t<meta name=\"twitter:data1\" content=\"1 minuto\" \/>\n<script type=\"application\/ld+json\" class=\"yoast-schema-graph\">{\"@context\":\"https:\\\/\\\/schema.org\",\"@graph\":[{\"@type\":\"WebPage\",\"@id\":\"https:\\\/\\\/fluxolimpo.ia.br\\\/loja\\\/produto\\\/fone-de-ouvido-bluetooth-m3-com-subwoofer-tws\\\/\",\"url\":\"https:\\\/\\\/fluxolimpo.ia.br\\\/loja\\\/produto\\\/fone-de-ouvido-bluetooth-m3-com-subwoofer-tws\\\/\",\"name\":\"Fone de ouvido Bluetooth M3 com subwoofer TWS - Fluxo limpo Tech - Loja Virtual\",\"isPartOf\":{\"@id\":\"https:\\\/\\\/fluxolimpo.ia.br\\\/loja\\\/#website\"},\"primaryImageOfPage\":{\"@id\":\"https:\\\/\\\/fluxolimpo.ia.br\\\/loja\\\/produto\\\/fone-de-ouvido-bluetooth-m3-com-subwoofer-tws\\\/#primaryimage\"},\"image\":{\"@id\":\"https:\\\/\\\/fluxolimpo.ia.br\\\/loja\\\/produto\\\/fone-de-ouvido-bluetooth-m3-com-subwoofer-tws\\\/#primaryimage\"},\"thumbnailUrl\":\"https:\\\/\\\/fluxolimpo.ia.br\\\/loja\\\/wp-content\\\/uploads\\\/2026\\\/04\\\/6ae25be9-f902-40af-89c5-f0553644e8c0.jpg\",\"datePublished\":\"2026-04-16T19:08:28+00:00\",\"dateModified\":\"2026-04-16T19:08:39+00:00\",\"breadcrumb\":{\"@id\":\"https:\\\/\\\/fluxolimpo.ia.br\\\/loja\\\/produto\\\/fone-de-ouvido-bluetooth-m3-com-subwoofer-tws\\\/#breadcrumb\"},\"inLanguage\":\"pt-BR\",\"potentialAction\":[{\"@type\":\"ReadAction\",\"target\":[\"https:\\\/\\\/fluxolimpo.ia.br\\\/loja\\\/produto\\\/fone-de-ouvido-bluetooth-m3-com-subwoofer-tws\\\/\"]}]},{\"@type\":\"ImageObject\",\"inLanguage\":\"pt-BR\",\"@id\":\"https:\\\/\\\/fluxolimpo.ia.br\\\/loja\\\/produto\\\/fone-de-ouvido-bluetooth-m3-com-subwoofer-tws\\\/#primaryimage\",\"url\":\"https:\\\/\\\/fluxolimpo.ia.br\\\/loja\\\/wp-content\\\/uploads\\\/2026\\\/04\\\/6ae25be9-f902-40af-89c5-f0553644e8c0.jpg\",\"contentUrl\":\"https:\\\/\\\/fluxolimpo.ia.br\\\/loja\\\/wp-content\\\/uploads\\\/2026\\\/04\\\/6ae25be9-f902-40af-89c5-f0553644e8c0.jpg\",\"width\":800,\"height\":800},{\"@type\":\"BreadcrumbList\",\"@id\":\"https:\\\/\\\/fluxolimpo.ia.br\\\/loja\\\/produto\\\/fone-de-ouvido-bluetooth-m3-com-subwoofer-tws\\\/#breadcrumb\",\"itemListElement\":[{\"@type\":\"ListItem\",\"position\":1,\"name\":\"In\u00edcio\",\"item\":\"https:\\\/\\\/fluxolimpo.ia.br\\\/loja\\\/\"},{\"@type\":\"ListItem\",\"position\":2,\"name\":\"Shop\",\"item\":\"https:\\\/\\\/fluxolimpo.ia.br\\\/loja\\\/\"},{\"@type\":\"ListItem\",\"position\":3,\"name\":\"Fone de ouvido Bluetooth M3 com subwoofer TWS\"}]},{\"@type\":\"WebSite\",\"@id\":\"https:\\\/\\\/fluxolimpo.ia.br\\\/loja\\\/#website\",\"url\":\"https:\\\/\\\/fluxolimpo.ia.br\\\/loja\\\/\",\"name\":\"Fluxo limpo Tech - Loja Virtual\",\"description\":\"AppS, Scripts e Produtos Importados Exclusivos\",\"publisher\":{\"@id\":\"https:\\\/\\\/fluxolimpo.ia.br\\\/loja\\\/#organization\"},\"potentialAction\":[{\"@type\":\"SearchAction\",\"target\":{\"@type\":\"EntryPoint\",\"urlTemplate\":\"https:\\\/\\\/fluxolimpo.ia.br\\\/loja\\\/?s={search_term_string}\"},\"query-input\":{\"@type\":\"PropertyValueSpecification\",\"valueRequired\":true,\"valueName\":\"search_term_string\"}}],\"inLanguage\":\"pt-BR\"},{\"@type\":\"Organization\",\"@id\":\"https:\\\/\\\/fluxolimpo.ia.br\\\/loja\\\/#organization\",\"name\":\"Fluxo limpo Tech - Loja Virtual\",\"url\":\"https:\\\/\\\/fluxolimpo.ia.br\\\/loja\\\/\",\"logo\":{\"@type\":\"ImageObject\",\"inLanguage\":\"pt-BR\",\"@id\":\"https:\\\/\\\/fluxolimpo.ia.br\\\/loja\\\/#\\\/schema\\\/logo\\\/image\\\/\",\"url\":\"https:\\\/\\\/fluxolimpo.ia.br\\\/loja\\\/wp-content\\\/uploads\\\/2026\\\/03\\\/cropped-logolojamini-1.png\",\"contentUrl\":\"https:\\\/\\\/fluxolimpo.ia.br\\\/loja\\\/wp-content\\\/uploads\\\/2026\\\/03\\\/cropped-logolojamini-1.png\",\"width\":321,\"height\":87,\"caption\":\"Fluxo limpo Tech - Loja Virtual\"},\"image\":{\"@id\":\"https:\\\/\\\/fluxolimpo.ia.br\\\/loja\\\/#\\\/schema\\\/logo\\\/image\\\/\"}}]}<\/script>\n<!-- \/ Yoast SEO plugin. -->","yoast_head_json":{"title":"Fone de ouvido Bluetooth M3 com subwoofer TWS - Fluxo limpo Tech - Loja Virtual","robots":{"index":"index","follow":"follow","max-snippet":"max-snippet:-1","max-image-preview":"max-image-preview:large","max-video-preview":"max-video-preview:-1"},"canonical":"https:\/\/fluxolimpo.ia.br\/loja\/produto\/fone-de-ouvido-bluetooth-m3-com-subwoofer-tws\/","og_locale":"pt_BR","og_type":"article","og_title":"Fone de ouvido Bluetooth M3 com subwoofer TWS - Fluxo limpo Tech - Loja Virtual","og_description":"Informa\u00e7\u00f5es sobre o produto: Modelo do produto: fone de ouvido Bluetooth sem fio Especifica\u00e7\u00f5es: 62 x 40 x 27 mm Tens\u00e3o de opera\u00e7\u00e3o: 3,3 V &#8211; 4,2 V Vers\u00e3o Bluetooth: V5.1 + EDR Capacidade da bateria: 50 mAh\/280 mAh Tempo de uso: 3 a 4 horas Tempo em espera: aproximadamente 300 horas Tipo de alto-falante: [&hellip;]","og_url":"https:\/\/fluxolimpo.ia.br\/loja\/produto\/fone-de-ouvido-bluetooth-m3-com-subwoofer-tws\/","og_site_name":"Fluxo limpo Tech - Loja Virtual","article_modified_time":"2026-04-16T19:08:39+00:00","og_image":[{"width":800,"height":800,"url":"https:\/\/fluxolimpo.ia.br\/loja\/wp-content\/uploads\/2026\/04\/6ae25be9-f902-40af-89c5-f0553644e8c0.jpg","type":"image\/jpeg"}],"twitter_card":"summary_large_image","twitter_misc":{"Est. tempo de leitura":"1 minuto"},"schema":{"@context":"https:\/\/schema.org","@graph":[{"@type":"WebPage","@id":"https:\/\/fluxolimpo.ia.br\/loja\/produto\/fone-de-ouvido-bluetooth-m3-com-subwoofer-tws\/","url":"https:\/\/fluxolimpo.ia.br\/loja\/produto\/fone-de-ouvido-bluetooth-m3-com-subwoofer-tws\/","name":"Fone de ouvido Bluetooth M3 com subwoofer TWS - Fluxo limpo Tech - Loja Virtual","isPartOf":{"@id":"https:\/\/fluxolimpo.ia.br\/loja\/#website"},"primaryImageOfPage":{"@id":"https:\/\/fluxolimpo.ia.br\/loja\/produto\/fone-de-ouvido-bluetooth-m3-com-subwoofer-tws\/#primaryimage"},"image":{"@id":"https:\/\/fluxolimpo.ia.br\/loja\/produto\/fone-de-ouvido-bluetooth-m3-com-subwoofer-tws\/#primaryimage"},"thumbnailUrl":"https:\/\/fluxolimpo.ia.br\/loja\/wp-content\/uploads\/2026\/04\/6ae25be9-f902-40af-89c5-f0553644e8c0.jpg","datePublished":"2026-04-16T19:08:28+00:00","dateModified":"2026-04-16T19:08:39+00:00","breadcrumb":{"@id":"https:\/\/fluxolimpo.ia.br\/loja\/produto\/fone-de-ouvido-bluetooth-m3-com-subwoofer-tws\/#breadcrumb"},"inLanguage":"pt-BR","potentialAction":[{"@type":"ReadAction","target":["https:\/\/fluxolimpo.ia.br\/loja\/produto\/fone-de-ouvido-bluetooth-m3-com-subwoofer-tws\/"]}]},{"@type":"ImageObject","inLanguage":"pt-BR","@id":"https:\/\/fluxolimpo.ia.br\/loja\/produto\/fone-de-ouvido-bluetooth-m3-com-subwoofer-tws\/#primaryimage","url":"https:\/\/fluxolimpo.ia.br\/loja\/wp-content\/uploads\/2026\/04\/6ae25be9-f902-40af-89c5-f0553644e8c0.jpg","contentUrl":"https:\/\/fluxolimpo.ia.br\/loja\/wp-content\/uploads\/2026\/04\/6ae25be9-f902-40af-89c5-f0553644e8c0.jpg","width":800,"height":800},{"@type":"BreadcrumbList","@id":"https:\/\/fluxolimpo.ia.br\/loja\/produto\/fone-de-ouvido-bluetooth-m3-com-subwoofer-tws\/#breadcrumb","itemListElement":[{"@type":"ListItem","position":1,"name":"In\u00edcio","item":"https:\/\/fluxolimpo.ia.br\/loja\/"},{"@type":"ListItem","position":2,"name":"Shop","item":"https:\/\/fluxolimpo.ia.br\/loja\/"},{"@type":"ListItem","position":3,"name":"Fone de ouvido Bluetooth M3 com subwoofer TWS"}]},{"@type":"WebSite","@id":"https:\/\/fluxolimpo.ia.br\/loja\/#website","url":"https:\/\/fluxolimpo.ia.br\/loja\/","name":"Fluxo limpo Tech - Loja Virtual","description":"AppS, Scripts e Produtos Importados Exclusivos","publisher":{"@id":"https:\/\/fluxolimpo.ia.br\/loja\/#organization"},"potentialAction":[{"@type":"SearchAction","target":{"@type":"EntryPoint","urlTemplate":"https:\/\/fluxolimpo.ia.br\/loja\/?s={search_term_string}"},"query-input":{"@type":"PropertyValueSpecification","valueRequired":true,"valueName":"search_term_string"}}],"inLanguage":"pt-BR"},{"@type":"Organization","@id":"https:\/\/fluxolimpo.ia.br\/loja\/#organization","name":"Fluxo limpo Tech - Loja Virtual","url":"https:\/\/fluxolimpo.ia.br\/loja\/","logo":{"@type":"ImageObject","inLanguage":"pt-BR","@id":"https:\/\/fluxolimpo.ia.br\/loja\/#\/schema\/logo\/image\/","url":"https:\/\/fluxolimpo.ia.br\/loja\/wp-content\/uploads\/2026\/03\/cropped-logolojamini-1.png","contentUrl":"https:\/\/fluxolimpo.ia.br\/loja\/wp-content\/uploads\/2026\/03\/cropped-logolojamini-1.png","width":321,"height":87,"caption":"Fluxo limpo Tech - Loja Virtual"},"image":{"@id":"https:\/\/fluxolimpo.ia.br\/loja\/#\/schema\/logo\/image\/"}}]}},"_links":{"self":[{"href":"https:\/\/fluxolimpo.ia.br\/loja\/wp-json\/wp\/v2\/product\/22985","targetHints":{"allow":["GET"]}}],"collection":[{"href":"https:\/\/fluxolimpo.ia.br\/loja\/wp-json\/wp\/v2\/product"}],"about":[{"href":"https:\/\/fluxolimpo.ia.br\/loja\/wp-json\/wp\/v2\/types\/product"}],"wp:featuredmedia":[{"embeddable":true,"href":"https:\/\/fluxolimpo.ia.br\/loja\/wp-json\/wp\/v2\/media\/22979"}],"wp:attachment":[{"href":"https:\/\/fluxolimpo.ia.br\/loja\/wp-json\/wp\/v2\/media?parent=22985"}],"wp:term":[{"taxonomy":"product_brand","embeddable":true,"href":"https:\/\/fluxolimpo.ia.br\/loja\/wp-json\/wp\/v2\/product_brand?post=22985"},{"taxonomy":"product_cat","embeddable":true,"href":"https:\/\/fluxolimpo.ia.br\/loja\/wp-json\/wp\/v2\/product_cat?post=22985"},{"taxonomy":"product_tag","embeddable":true,"href":"https:\/\/fluxolimpo.ia.br\/loja\/wp-json\/wp\/v2\/product_tag?post=22985"}],"curies":[{"name":"wp","href":"https:\/\/api.w.org\/{rel}","templated":true}]}}