{"id":22624,"date":"2026-04-12T21:20:52","date_gmt":"2026-04-13T00:20:52","guid":{"rendered":"https:\/\/fluxolimpo.ia.br\/loja\/produto\/alimentador-automatico-inteligente-para-animais-de-estimacao-dispensador-de-racao-para-caes-e-gatos-com-temporizador-tigela-de-aco-inoxidavel-acessorios-para-alimentacao-de-animais-de-estimacao\/"},"modified":"2026-04-12T21:21:06","modified_gmt":"2026-04-13T00:21:06","slug":"alimentador-automatico-inteligente-para-animais-de-estimacao-dispensador-de-racao-para-caes-e-gatos-com-temporizador-tigela-de-aco-inoxidavel-acessorios-para-alimentacao-de-animais-de-estimacao","status":"publish","type":"product","link":"https:\/\/fluxolimpo.ia.br\/loja\/produto\/alimentador-automatico-inteligente-para-animais-de-estimacao-dispensador-de-racao-para-caes-e-gatos-com-temporizador-tigela-de-aco-inoxidavel-acessorios-para-alimentacao-de-animais-de-estimacao\/","title":{"rendered":"Alimentador autom\u00e1tico inteligente para animais de estima\u00e7\u00e3o, dispensador de ra\u00e7\u00e3o para c\u00e3es e gatos, com temporizador, tigela de a\u00e7o inoxid\u00e1vel, acess\u00f3rios para alimenta\u00e7\u00e3o de animais de estima\u00e7\u00e3o."},"content":{"rendered":"<p> <b>Overview:<\/b> <\/p>\n<p> 2-in-1 Gravity Food Feeder. A pet water feeder can hold a gallon of water. <br \/> Gravity cat feeder and Water dispenser natural gravity water supply and feeding system, do not need to use electricity. You can save electricity and be more secure. <\/p>\n<p> <\/p>\n<p> <b>Product Information:<\/b>  <\/p>\n<p> Material: Plastic <br \/> Specification: single meal, double meal <br \/> Color: pink, gray <br \/> Size: single meal 24 * 14 * 7.5cm, double meal 28.5 * 24.5 * 7.5cm <\/p>\n<p> <b>Packing List:<\/b> <\/p>\n<p>Feeder*1<\/p>\n<p> <\/p>\n<p> <img decoding=\"async\" src=\"https:\/\/cf.cjdropshipping.com\/7002b1ed-c3ca-4a9c-ba7e-5d3fc336c182.jpg\"> <img decoding=\"async\" src=\"https:\/\/cf.cjdropshipping.com\/b3a24bb1-86d2-4ff6-85eb-c1dfe650af24.jpg\"> <img decoding=\"async\" src=\"https:\/\/cf.cjdropshipping.com\/71c9762c-7e9d-4030-9b01-1e009c4dd5d0.jpg\"> <img decoding=\"async\" src=\"https:\/\/cf.cjdropshipping.com\/39fbf714-cdc1-4800-be51-26f325e0d6f3.jpg\"> <img decoding=\"async\" src=\"https:\/\/cf.cjdropshipping.com\/ace95885-381a-4019-a21b-0d77d3ae3cd3.jpg\"> <img decoding=\"async\" src=\"https:\/\/cf.cjdropshipping.com\/4fc06668-ff8b-4ed8-81c8-86a42e933445.jpg\"> <img decoding=\"async\" src=\"https:\/\/cf.cjdropshipping.com\/6cc45193-3c21-43ac-8ed5-2ba6a071336e.jpg\"> <img decoding=\"async\" src=\"https:\/\/cf.cjdropshipping.com\/66ee272a-976f-4af2-99fc-e3bd3b3cb283.jpg\"> <img decoding=\"async\" src=\"https:\/\/cf.cjdropshipping.com\/7c3614a7-efdd-4e39-ba16-0b5926d4a948.jpg\"> <img decoding=\"async\" src=\"https:\/\/cf.cjdropshipping.com\/c512d8ae-e77b-4155-9949-7f93d0097fe8.jpg\"> <img decoding=\"async\" src=\"https:\/\/cf.cjdropshipping.com\/f03fd280-57c0-450a-9070-b523ead760ac.jpg\">  <\/p>\n","protected":false},"excerpt":{"rendered":"<p>Overview: 2-in-1 Gravity Food Feeder. A pet water feeder can hold a gallon of water. Gravity cat feeder and Water dispenser natural gravity water supply and feeding system, do not need to use electricity. You can save electricity and be more secure. Product Information: Material: Plastic Specification: single meal, double meal Color: pink, gray Size: [&hellip;]<\/p>\n","protected":false},"featured_media":22614,"template":"","meta":{"inline_featured_image":false,"_monsterinsights_skip_tracking":false,"_monsterinsights_sitenote_active":false,"_monsterinsights_sitenote_note":"","_monsterinsights_sitenote_category":0,"_mbp_gutenberg_autopost":false},"product_brand":[],"product_cat":[663],"product_tag":[671,672,673,674,675],"class_list":{"0":"post-22624","1":"product","2":"type-product","3":"status-publish","4":"has-post-thumbnail","6":"product_cat-eletronicos-consumo","7":"product_tag-alimentador-auto","8":"product_tag-animais","9":"product_tag-estimacao","10":"product_tag-racao-para-caes","11":"product_tag-racao-para-gatos","13":"first","14":"instock","15":"shipping-taxable","16":"purchasable","17":"product-type-variable"},"yoast_head":"<!-- This site is optimized with the Yoast SEO plugin v27.4 - https:\/\/yoast.com\/product\/yoast-seo-wordpress\/ -->\n<title>Alimentador autom\u00e1tico inteligente para animais de estima\u00e7\u00e3o, dispensador de ra\u00e7\u00e3o para c\u00e3es e gatos, com temporizador, tigela de a\u00e7o inoxid\u00e1vel, acess\u00f3rios para alimenta\u00e7\u00e3o de animais de estima\u00e7\u00e3o. - Fluxo limpo Tech - Loja Virtual<\/title>\n<meta name=\"robots\" content=\"index, follow, max-snippet:-1, max-image-preview:large, max-video-preview:-1\" \/>\n<link rel=\"canonical\" href=\"https:\/\/fluxolimpo.ia.br\/loja\/produto\/alimentador-automatico-inteligente-para-animais-de-estimacao-dispensador-de-racao-para-caes-e-gatos-com-temporizador-tigela-de-aco-inoxidavel-acessorios-para-alimentacao-de-animais-de-estimacao\/\" \/>\n<meta property=\"og:locale\" content=\"pt_BR\" \/>\n<meta property=\"og:type\" content=\"article\" \/>\n<meta property=\"og:title\" content=\"Alimentador autom\u00e1tico inteligente para animais de estima\u00e7\u00e3o, dispensador de ra\u00e7\u00e3o para c\u00e3es e gatos, com temporizador, tigela de a\u00e7o inoxid\u00e1vel, acess\u00f3rios para alimenta\u00e7\u00e3o de animais de estima\u00e7\u00e3o. - Fluxo limpo Tech - Loja Virtual\" \/>\n<meta property=\"og:description\" content=\"Overview: 2-in-1 Gravity Food Feeder. A pet water feeder can hold a gallon of water. Gravity cat feeder and Water dispenser natural gravity water supply and feeding system, do not need to use electricity. You can save electricity and be more secure. Product Information: Material: Plastic Specification: single meal, double meal Color: pink, gray Size: [&hellip;]\" \/>\n<meta property=\"og:url\" content=\"https:\/\/fluxolimpo.ia.br\/loja\/produto\/alimentador-automatico-inteligente-para-animais-de-estimacao-dispensador-de-racao-para-caes-e-gatos-com-temporizador-tigela-de-aco-inoxidavel-acessorios-para-alimentacao-de-animais-de-estimacao\/\" \/>\n<meta property=\"og:site_name\" content=\"Fluxo limpo Tech - Loja Virtual\" \/>\n<meta property=\"article:modified_time\" content=\"2026-04-13T00:21:06+00:00\" \/>\n<meta property=\"og:image\" content=\"https:\/\/fluxolimpo.ia.br\/loja\/wp-content\/uploads\/2026\/04\/db1580b8-2be0-482e-b649-b19f235929e9.jpg\" \/>\n\t<meta property=\"og:image:width\" content=\"800\" \/>\n\t<meta property=\"og:image:height\" content=\"800\" \/>\n\t<meta property=\"og:image:type\" content=\"image\/jpeg\" \/>\n<meta name=\"twitter:card\" content=\"summary_large_image\" \/>\n<script type=\"application\/ld+json\" class=\"yoast-schema-graph\">{\"@context\":\"https:\\\/\\\/schema.org\",\"@graph\":[{\"@type\":\"WebPage\",\"@id\":\"https:\\\/\\\/fluxolimpo.ia.br\\\/loja\\\/produto\\\/alimentador-automatico-inteligente-para-animais-de-estimacao-dispensador-de-racao-para-caes-e-gatos-com-temporizador-tigela-de-aco-inoxidavel-acessorios-para-alimentacao-de-animais-de-estimacao\\\/\",\"url\":\"https:\\\/\\\/fluxolimpo.ia.br\\\/loja\\\/produto\\\/alimentador-automatico-inteligente-para-animais-de-estimacao-dispensador-de-racao-para-caes-e-gatos-com-temporizador-tigela-de-aco-inoxidavel-acessorios-para-alimentacao-de-animais-de-estimacao\\\/\",\"name\":\"Alimentador autom\u00e1tico inteligente para animais de estima\u00e7\u00e3o, dispensador de ra\u00e7\u00e3o para c\u00e3es e gatos, com temporizador, tigela de a\u00e7o inoxid\u00e1vel, acess\u00f3rios para alimenta\u00e7\u00e3o de animais de estima\u00e7\u00e3o. - Fluxo limpo Tech - Loja Virtual\",\"isPartOf\":{\"@id\":\"https:\\\/\\\/fluxolimpo.ia.br\\\/loja\\\/#website\"},\"primaryImageOfPage\":{\"@id\":\"https:\\\/\\\/fluxolimpo.ia.br\\\/loja\\\/produto\\\/alimentador-automatico-inteligente-para-animais-de-estimacao-dispensador-de-racao-para-caes-e-gatos-com-temporizador-tigela-de-aco-inoxidavel-acessorios-para-alimentacao-de-animais-de-estimacao\\\/#primaryimage\"},\"image\":{\"@id\":\"https:\\\/\\\/fluxolimpo.ia.br\\\/loja\\\/produto\\\/alimentador-automatico-inteligente-para-animais-de-estimacao-dispensador-de-racao-para-caes-e-gatos-com-temporizador-tigela-de-aco-inoxidavel-acessorios-para-alimentacao-de-animais-de-estimacao\\\/#primaryimage\"},\"thumbnailUrl\":\"https:\\\/\\\/fluxolimpo.ia.br\\\/loja\\\/wp-content\\\/uploads\\\/2026\\\/04\\\/db1580b8-2be0-482e-b649-b19f235929e9.jpg\",\"datePublished\":\"2026-04-13T00:20:52+00:00\",\"dateModified\":\"2026-04-13T00:21:06+00:00\",\"breadcrumb\":{\"@id\":\"https:\\\/\\\/fluxolimpo.ia.br\\\/loja\\\/produto\\\/alimentador-automatico-inteligente-para-animais-de-estimacao-dispensador-de-racao-para-caes-e-gatos-com-temporizador-tigela-de-aco-inoxidavel-acessorios-para-alimentacao-de-animais-de-estimacao\\\/#breadcrumb\"},\"inLanguage\":\"pt-BR\",\"potentialAction\":[{\"@type\":\"ReadAction\",\"target\":[\"https:\\\/\\\/fluxolimpo.ia.br\\\/loja\\\/produto\\\/alimentador-automatico-inteligente-para-animais-de-estimacao-dispensador-de-racao-para-caes-e-gatos-com-temporizador-tigela-de-aco-inoxidavel-acessorios-para-alimentacao-de-animais-de-estimacao\\\/\"]}]},{\"@type\":\"ImageObject\",\"inLanguage\":\"pt-BR\",\"@id\":\"https:\\\/\\\/fluxolimpo.ia.br\\\/loja\\\/produto\\\/alimentador-automatico-inteligente-para-animais-de-estimacao-dispensador-de-racao-para-caes-e-gatos-com-temporizador-tigela-de-aco-inoxidavel-acessorios-para-alimentacao-de-animais-de-estimacao\\\/#primaryimage\",\"url\":\"https:\\\/\\\/fluxolimpo.ia.br\\\/loja\\\/wp-content\\\/uploads\\\/2026\\\/04\\\/db1580b8-2be0-482e-b649-b19f235929e9.jpg\",\"contentUrl\":\"https:\\\/\\\/fluxolimpo.ia.br\\\/loja\\\/wp-content\\\/uploads\\\/2026\\\/04\\\/db1580b8-2be0-482e-b649-b19f235929e9.jpg\",\"width\":800,\"height\":800},{\"@type\":\"BreadcrumbList\",\"@id\":\"https:\\\/\\\/fluxolimpo.ia.br\\\/loja\\\/produto\\\/alimentador-automatico-inteligente-para-animais-de-estimacao-dispensador-de-racao-para-caes-e-gatos-com-temporizador-tigela-de-aco-inoxidavel-acessorios-para-alimentacao-de-animais-de-estimacao\\\/#breadcrumb\",\"itemListElement\":[{\"@type\":\"ListItem\",\"position\":1,\"name\":\"In\u00edcio\",\"item\":\"https:\\\/\\\/fluxolimpo.ia.br\\\/loja\\\/\"},{\"@type\":\"ListItem\",\"position\":2,\"name\":\"Shop\",\"item\":\"https:\\\/\\\/fluxolimpo.ia.br\\\/loja\\\/\"},{\"@type\":\"ListItem\",\"position\":3,\"name\":\"Alimentador autom\u00e1tico inteligente para animais de estima\u00e7\u00e3o, dispensador de ra\u00e7\u00e3o para c\u00e3es e gatos, com temporizador, tigela de a\u00e7o inoxid\u00e1vel, acess\u00f3rios para alimenta\u00e7\u00e3o de animais de estima\u00e7\u00e3o.\"}]},{\"@type\":\"WebSite\",\"@id\":\"https:\\\/\\\/fluxolimpo.ia.br\\\/loja\\\/#website\",\"url\":\"https:\\\/\\\/fluxolimpo.ia.br\\\/loja\\\/\",\"name\":\"Fluxo limpo Tech - Loja Virtual\",\"description\":\"AppS, Scripts e Produtos Importados Exclusivos\",\"publisher\":{\"@id\":\"https:\\\/\\\/fluxolimpo.ia.br\\\/loja\\\/#organization\"},\"potentialAction\":[{\"@type\":\"SearchAction\",\"target\":{\"@type\":\"EntryPoint\",\"urlTemplate\":\"https:\\\/\\\/fluxolimpo.ia.br\\\/loja\\\/?s={search_term_string}\"},\"query-input\":{\"@type\":\"PropertyValueSpecification\",\"valueRequired\":true,\"valueName\":\"search_term_string\"}}],\"inLanguage\":\"pt-BR\"},{\"@type\":\"Organization\",\"@id\":\"https:\\\/\\\/fluxolimpo.ia.br\\\/loja\\\/#organization\",\"name\":\"Fluxo limpo Tech - Loja Virtual\",\"url\":\"https:\\\/\\\/fluxolimpo.ia.br\\\/loja\\\/\",\"logo\":{\"@type\":\"ImageObject\",\"inLanguage\":\"pt-BR\",\"@id\":\"https:\\\/\\\/fluxolimpo.ia.br\\\/loja\\\/#\\\/schema\\\/logo\\\/image\\\/\",\"url\":\"https:\\\/\\\/fluxolimpo.ia.br\\\/loja\\\/wp-content\\\/uploads\\\/2026\\\/03\\\/cropped-logolojamini-1.png\",\"contentUrl\":\"https:\\\/\\\/fluxolimpo.ia.br\\\/loja\\\/wp-content\\\/uploads\\\/2026\\\/03\\\/cropped-logolojamini-1.png\",\"width\":321,\"height\":87,\"caption\":\"Fluxo limpo Tech - Loja Virtual\"},\"image\":{\"@id\":\"https:\\\/\\\/fluxolimpo.ia.br\\\/loja\\\/#\\\/schema\\\/logo\\\/image\\\/\"}}]}<\/script>\n<!-- \/ Yoast SEO plugin. -->","yoast_head_json":{"title":"Alimentador autom\u00e1tico inteligente para animais de estima\u00e7\u00e3o, dispensador de ra\u00e7\u00e3o para c\u00e3es e gatos, com temporizador, tigela de a\u00e7o inoxid\u00e1vel, acess\u00f3rios para alimenta\u00e7\u00e3o de animais de estima\u00e7\u00e3o. - Fluxo limpo Tech - Loja Virtual","robots":{"index":"index","follow":"follow","max-snippet":"max-snippet:-1","max-image-preview":"max-image-preview:large","max-video-preview":"max-video-preview:-1"},"canonical":"https:\/\/fluxolimpo.ia.br\/loja\/produto\/alimentador-automatico-inteligente-para-animais-de-estimacao-dispensador-de-racao-para-caes-e-gatos-com-temporizador-tigela-de-aco-inoxidavel-acessorios-para-alimentacao-de-animais-de-estimacao\/","og_locale":"pt_BR","og_type":"article","og_title":"Alimentador autom\u00e1tico inteligente para animais de estima\u00e7\u00e3o, dispensador de ra\u00e7\u00e3o para c\u00e3es e gatos, com temporizador, tigela de a\u00e7o inoxid\u00e1vel, acess\u00f3rios para alimenta\u00e7\u00e3o de animais de estima\u00e7\u00e3o. - Fluxo limpo Tech - Loja Virtual","og_description":"Overview: 2-in-1 Gravity Food Feeder. A pet water feeder can hold a gallon of water. Gravity cat feeder and Water dispenser natural gravity water supply and feeding system, do not need to use electricity. You can save electricity and be more secure. Product Information: Material: Plastic Specification: single meal, double meal Color: pink, gray Size: [&hellip;]","og_url":"https:\/\/fluxolimpo.ia.br\/loja\/produto\/alimentador-automatico-inteligente-para-animais-de-estimacao-dispensador-de-racao-para-caes-e-gatos-com-temporizador-tigela-de-aco-inoxidavel-acessorios-para-alimentacao-de-animais-de-estimacao\/","og_site_name":"Fluxo limpo Tech - Loja Virtual","article_modified_time":"2026-04-13T00:21:06+00:00","og_image":[{"width":800,"height":800,"url":"https:\/\/fluxolimpo.ia.br\/loja\/wp-content\/uploads\/2026\/04\/db1580b8-2be0-482e-b649-b19f235929e9.jpg","type":"image\/jpeg"}],"twitter_card":"summary_large_image","schema":{"@context":"https:\/\/schema.org","@graph":[{"@type":"WebPage","@id":"https:\/\/fluxolimpo.ia.br\/loja\/produto\/alimentador-automatico-inteligente-para-animais-de-estimacao-dispensador-de-racao-para-caes-e-gatos-com-temporizador-tigela-de-aco-inoxidavel-acessorios-para-alimentacao-de-animais-de-estimacao\/","url":"https:\/\/fluxolimpo.ia.br\/loja\/produto\/alimentador-automatico-inteligente-para-animais-de-estimacao-dispensador-de-racao-para-caes-e-gatos-com-temporizador-tigela-de-aco-inoxidavel-acessorios-para-alimentacao-de-animais-de-estimacao\/","name":"Alimentador autom\u00e1tico inteligente para animais de estima\u00e7\u00e3o, dispensador de ra\u00e7\u00e3o para c\u00e3es e gatos, com temporizador, tigela de a\u00e7o inoxid\u00e1vel, acess\u00f3rios para alimenta\u00e7\u00e3o de animais de estima\u00e7\u00e3o. - Fluxo limpo Tech - Loja Virtual","isPartOf":{"@id":"https:\/\/fluxolimpo.ia.br\/loja\/#website"},"primaryImageOfPage":{"@id":"https:\/\/fluxolimpo.ia.br\/loja\/produto\/alimentador-automatico-inteligente-para-animais-de-estimacao-dispensador-de-racao-para-caes-e-gatos-com-temporizador-tigela-de-aco-inoxidavel-acessorios-para-alimentacao-de-animais-de-estimacao\/#primaryimage"},"image":{"@id":"https:\/\/fluxolimpo.ia.br\/loja\/produto\/alimentador-automatico-inteligente-para-animais-de-estimacao-dispensador-de-racao-para-caes-e-gatos-com-temporizador-tigela-de-aco-inoxidavel-acessorios-para-alimentacao-de-animais-de-estimacao\/#primaryimage"},"thumbnailUrl":"https:\/\/fluxolimpo.ia.br\/loja\/wp-content\/uploads\/2026\/04\/db1580b8-2be0-482e-b649-b19f235929e9.jpg","datePublished":"2026-04-13T00:20:52+00:00","dateModified":"2026-04-13T00:21:06+00:00","breadcrumb":{"@id":"https:\/\/fluxolimpo.ia.br\/loja\/produto\/alimentador-automatico-inteligente-para-animais-de-estimacao-dispensador-de-racao-para-caes-e-gatos-com-temporizador-tigela-de-aco-inoxidavel-acessorios-para-alimentacao-de-animais-de-estimacao\/#breadcrumb"},"inLanguage":"pt-BR","potentialAction":[{"@type":"ReadAction","target":["https:\/\/fluxolimpo.ia.br\/loja\/produto\/alimentador-automatico-inteligente-para-animais-de-estimacao-dispensador-de-racao-para-caes-e-gatos-com-temporizador-tigela-de-aco-inoxidavel-acessorios-para-alimentacao-de-animais-de-estimacao\/"]}]},{"@type":"ImageObject","inLanguage":"pt-BR","@id":"https:\/\/fluxolimpo.ia.br\/loja\/produto\/alimentador-automatico-inteligente-para-animais-de-estimacao-dispensador-de-racao-para-caes-e-gatos-com-temporizador-tigela-de-aco-inoxidavel-acessorios-para-alimentacao-de-animais-de-estimacao\/#primaryimage","url":"https:\/\/fluxolimpo.ia.br\/loja\/wp-content\/uploads\/2026\/04\/db1580b8-2be0-482e-b649-b19f235929e9.jpg","contentUrl":"https:\/\/fluxolimpo.ia.br\/loja\/wp-content\/uploads\/2026\/04\/db1580b8-2be0-482e-b649-b19f235929e9.jpg","width":800,"height":800},{"@type":"BreadcrumbList","@id":"https:\/\/fluxolimpo.ia.br\/loja\/produto\/alimentador-automatico-inteligente-para-animais-de-estimacao-dispensador-de-racao-para-caes-e-gatos-com-temporizador-tigela-de-aco-inoxidavel-acessorios-para-alimentacao-de-animais-de-estimacao\/#breadcrumb","itemListElement":[{"@type":"ListItem","position":1,"name":"In\u00edcio","item":"https:\/\/fluxolimpo.ia.br\/loja\/"},{"@type":"ListItem","position":2,"name":"Shop","item":"https:\/\/fluxolimpo.ia.br\/loja\/"},{"@type":"ListItem","position":3,"name":"Alimentador autom\u00e1tico inteligente para animais de estima\u00e7\u00e3o, dispensador de ra\u00e7\u00e3o para c\u00e3es e gatos, com temporizador, tigela de a\u00e7o inoxid\u00e1vel, acess\u00f3rios para alimenta\u00e7\u00e3o de animais de estima\u00e7\u00e3o."}]},{"@type":"WebSite","@id":"https:\/\/fluxolimpo.ia.br\/loja\/#website","url":"https:\/\/fluxolimpo.ia.br\/loja\/","name":"Fluxo limpo Tech - Loja Virtual","description":"AppS, Scripts e Produtos Importados Exclusivos","publisher":{"@id":"https:\/\/fluxolimpo.ia.br\/loja\/#organization"},"potentialAction":[{"@type":"SearchAction","target":{"@type":"EntryPoint","urlTemplate":"https:\/\/fluxolimpo.ia.br\/loja\/?s={search_term_string}"},"query-input":{"@type":"PropertyValueSpecification","valueRequired":true,"valueName":"search_term_string"}}],"inLanguage":"pt-BR"},{"@type":"Organization","@id":"https:\/\/fluxolimpo.ia.br\/loja\/#organization","name":"Fluxo limpo Tech - Loja Virtual","url":"https:\/\/fluxolimpo.ia.br\/loja\/","logo":{"@type":"ImageObject","inLanguage":"pt-BR","@id":"https:\/\/fluxolimpo.ia.br\/loja\/#\/schema\/logo\/image\/","url":"https:\/\/fluxolimpo.ia.br\/loja\/wp-content\/uploads\/2026\/03\/cropped-logolojamini-1.png","contentUrl":"https:\/\/fluxolimpo.ia.br\/loja\/wp-content\/uploads\/2026\/03\/cropped-logolojamini-1.png","width":321,"height":87,"caption":"Fluxo limpo Tech - Loja Virtual"},"image":{"@id":"https:\/\/fluxolimpo.ia.br\/loja\/#\/schema\/logo\/image\/"}}]}},"_links":{"self":[{"href":"https:\/\/fluxolimpo.ia.br\/loja\/wp-json\/wp\/v2\/product\/22624","targetHints":{"allow":["GET"]}}],"collection":[{"href":"https:\/\/fluxolimpo.ia.br\/loja\/wp-json\/wp\/v2\/product"}],"about":[{"href":"https:\/\/fluxolimpo.ia.br\/loja\/wp-json\/wp\/v2\/types\/product"}],"wp:featuredmedia":[{"embeddable":true,"href":"https:\/\/fluxolimpo.ia.br\/loja\/wp-json\/wp\/v2\/media\/22614"}],"wp:attachment":[{"href":"https:\/\/fluxolimpo.ia.br\/loja\/wp-json\/wp\/v2\/media?parent=22624"}],"wp:term":[{"taxonomy":"product_brand","embeddable":true,"href":"https:\/\/fluxolimpo.ia.br\/loja\/wp-json\/wp\/v2\/product_brand?post=22624"},{"taxonomy":"product_cat","embeddable":true,"href":"https:\/\/fluxolimpo.ia.br\/loja\/wp-json\/wp\/v2\/product_cat?post=22624"},{"taxonomy":"product_tag","embeddable":true,"href":"https:\/\/fluxolimpo.ia.br\/loja\/wp-json\/wp\/v2\/product_tag?post=22624"}],"curies":[{"name":"wp","href":"https:\/\/api.w.org\/{rel}","templated":true}]}}