{"id":22596,"date":"2026-04-12T21:00:22","date_gmt":"2026-04-13T00:00:22","guid":{"rendered":"https:\/\/fluxolimpo.ia.br\/loja\/produto\/walnut-magsafe-magnetic-wireless-charging-bracket-mobile-phone-solid-wood-base-wooden\/"},"modified":"2026-04-20T16:49:30","modified_gmt":"2026-04-20T19:49:30","slug":"suporte-de-carregamento-sem-fio-magnetico-magsafe","status":"publish","type":"product","link":"https:\/\/fluxolimpo.ia.br\/loja\/produto\/suporte-de-carregamento-sem-fio-magnetico-magsafe\/","title":{"rendered":"Suporte de carregamento sem fio magn\u00e9tico Magsafe para celular em madeira maci\u00e7a de nogueira, com base em madeira"},"content":{"rendered":"<p><b>Informa\u00e7\u00f5es do produto:<\/b> Cor: Base preta em nogueira, base branca em bordo, suporte para celular SAMDI em nogueira, suporte para celular SAMDI em b\u00e9tula Marca aplic\u00e1vel: iPhone Material: A\u00e7o inoxid\u00e1vel com acabamento em nogueira Estilo: Universal <b>Lista de embalagem:<\/b> Suporte para celular \u00d7 1 <b>Imagem do produto:<\/b><\/p>\n<p><img decoding=\"async\" src=\"https:\/\/cf.cjdropshipping.com\/17178912\/2406090844220322800.jpg\" \/><br \/>\n<img decoding=\"async\" src=\"https:\/\/cf.cjdropshipping.com\/17178912\/2406090844220327000.jpg\" \/><br \/>\n<img decoding=\"async\" src=\"https:\/\/cf.cjdropshipping.com\/17178912\/2406090844230327800.jpg\" \/><br \/>\n<img decoding=\"async\" src=\"https:\/\/cf.cjdropshipping.com\/17178912\/2406090844240323600.jpg\" \/><br \/>\n<img decoding=\"async\" src=\"https:\/\/cf.cjdropshipping.com\/17178912\/2406090844260320900.jpg\" \/><br \/>\n<img decoding=\"async\" src=\"https:\/\/cf.cjdropshipping.com\/17178912\/2406090844260322500.jpg\" \/><br \/>\n<img decoding=\"async\" src=\"https:\/\/cf.cjdropshipping.com\/17178912\/2406090844260324400.jpg\" \/><br \/>\n<img decoding=\"async\" src=\"https:\/\/cf.cjdropshipping.com\/17178912\/2406090844260328700.jpg\" \/><br \/>\n<img decoding=\"async\" src=\"https:\/\/cf.cjdropshipping.com\/17178912\/2406090844270321200.jpg\" \/><\/p>\n","protected":false},"excerpt":{"rendered":"<p>Informa\u00e7\u00f5es do produto: Cor: Base preta em nogueira, base branca em bordo, suporte para celular SAMDI em nogueira, suporte para celular SAMDI em b\u00e9tula Marca aplic\u00e1vel: iPhone Material: A\u00e7o inoxid\u00e1vel com acabamento em nogueira Estilo: Universal Lista de embalagem: Suporte para celular \u00d7 1 Imagem do produto:<\/p>\n","protected":false},"featured_media":22586,"template":"","meta":{"inline_featured_image":false,"_monsterinsights_skip_tracking":false,"_monsterinsights_sitenote_active":false,"_monsterinsights_sitenote_note":"","_monsterinsights_sitenote_category":0,"_mbp_gutenberg_autopost":false},"product_brand":[],"product_cat":[663],"product_tag":[670,665],"class_list":{"0":"post-22596","1":"product","2":"type-product","3":"status-publish","4":"has-post-thumbnail","6":"product_cat-eletronicos-consumo","7":"product_tag-magnetic","8":"product_tag-magsafe","10":"first","11":"instock","12":"shipping-taxable","13":"purchasable","14":"product-type-variable"},"yoast_head":"<!-- This site is optimized with the Yoast SEO plugin v27.4 - https:\/\/yoast.com\/product\/yoast-seo-wordpress\/ -->\n<title>Suporte de carregamento sem fio magn\u00e9tico Magsafe para celular em madeira maci\u00e7a de nogueira, com base em madeira - Fluxo limpo Tech - Loja Virtual<\/title>\n<meta name=\"robots\" content=\"index, follow, max-snippet:-1, max-image-preview:large, max-video-preview:-1\" \/>\n<link rel=\"canonical\" href=\"https:\/\/fluxolimpo.ia.br\/loja\/produto\/suporte-de-carregamento-sem-fio-magnetico-magsafe\/\" \/>\n<meta property=\"og:locale\" content=\"pt_BR\" \/>\n<meta property=\"og:type\" content=\"article\" \/>\n<meta property=\"og:title\" content=\"Suporte de carregamento sem fio magn\u00e9tico Magsafe para celular em madeira maci\u00e7a de nogueira, com base em madeira - Fluxo limpo Tech - Loja Virtual\" \/>\n<meta property=\"og:description\" content=\"Informa\u00e7\u00f5es do produto: Cor: Base preta em nogueira, base branca em bordo, suporte para celular SAMDI em nogueira, suporte para celular SAMDI em b\u00e9tula Marca aplic\u00e1vel: iPhone Material: A\u00e7o inoxid\u00e1vel com acabamento em nogueira Estilo: Universal Lista de embalagem: Suporte para celular \u00d7 1 Imagem do produto:\" \/>\n<meta property=\"og:url\" content=\"https:\/\/fluxolimpo.ia.br\/loja\/produto\/suporte-de-carregamento-sem-fio-magnetico-magsafe\/\" \/>\n<meta property=\"og:site_name\" content=\"Fluxo limpo Tech - Loja Virtual\" \/>\n<meta property=\"article:modified_time\" content=\"2026-04-20T19:49:30+00:00\" \/>\n<meta property=\"og:image\" content=\"https:\/\/fluxolimpo.ia.br\/loja\/wp-content\/uploads\/2026\/04\/94701091-0e18-4e9e-9920-33f5097b4413.jpg\" \/>\n\t<meta property=\"og:image:width\" content=\"800\" \/>\n\t<meta property=\"og:image:height\" content=\"800\" \/>\n\t<meta property=\"og:image:type\" content=\"image\/jpeg\" \/>\n<meta name=\"twitter:card\" content=\"summary_large_image\" \/>\n<script type=\"application\/ld+json\" class=\"yoast-schema-graph\">{\"@context\":\"https:\\\/\\\/schema.org\",\"@graph\":[{\"@type\":\"WebPage\",\"@id\":\"https:\\\/\\\/fluxolimpo.ia.br\\\/loja\\\/produto\\\/suporte-de-carregamento-sem-fio-magnetico-magsafe\\\/\",\"url\":\"https:\\\/\\\/fluxolimpo.ia.br\\\/loja\\\/produto\\\/suporte-de-carregamento-sem-fio-magnetico-magsafe\\\/\",\"name\":\"Suporte de carregamento sem fio magn\u00e9tico Magsafe para celular em madeira maci\u00e7a de nogueira, com base em madeira - Fluxo limpo Tech - Loja Virtual\",\"isPartOf\":{\"@id\":\"https:\\\/\\\/fluxolimpo.ia.br\\\/loja\\\/#website\"},\"primaryImageOfPage\":{\"@id\":\"https:\\\/\\\/fluxolimpo.ia.br\\\/loja\\\/produto\\\/suporte-de-carregamento-sem-fio-magnetico-magsafe\\\/#primaryimage\"},\"image\":{\"@id\":\"https:\\\/\\\/fluxolimpo.ia.br\\\/loja\\\/produto\\\/suporte-de-carregamento-sem-fio-magnetico-magsafe\\\/#primaryimage\"},\"thumbnailUrl\":\"https:\\\/\\\/fluxolimpo.ia.br\\\/loja\\\/wp-content\\\/uploads\\\/2026\\\/04\\\/94701091-0e18-4e9e-9920-33f5097b4413.jpg\",\"datePublished\":\"2026-04-13T00:00:22+00:00\",\"dateModified\":\"2026-04-20T19:49:30+00:00\",\"breadcrumb\":{\"@id\":\"https:\\\/\\\/fluxolimpo.ia.br\\\/loja\\\/produto\\\/suporte-de-carregamento-sem-fio-magnetico-magsafe\\\/#breadcrumb\"},\"inLanguage\":\"pt-BR\",\"potentialAction\":[{\"@type\":\"ReadAction\",\"target\":[\"https:\\\/\\\/fluxolimpo.ia.br\\\/loja\\\/produto\\\/suporte-de-carregamento-sem-fio-magnetico-magsafe\\\/\"]}]},{\"@type\":\"ImageObject\",\"inLanguage\":\"pt-BR\",\"@id\":\"https:\\\/\\\/fluxolimpo.ia.br\\\/loja\\\/produto\\\/suporte-de-carregamento-sem-fio-magnetico-magsafe\\\/#primaryimage\",\"url\":\"https:\\\/\\\/fluxolimpo.ia.br\\\/loja\\\/wp-content\\\/uploads\\\/2026\\\/04\\\/94701091-0e18-4e9e-9920-33f5097b4413.jpg\",\"contentUrl\":\"https:\\\/\\\/fluxolimpo.ia.br\\\/loja\\\/wp-content\\\/uploads\\\/2026\\\/04\\\/94701091-0e18-4e9e-9920-33f5097b4413.jpg\",\"width\":800,\"height\":800},{\"@type\":\"BreadcrumbList\",\"@id\":\"https:\\\/\\\/fluxolimpo.ia.br\\\/loja\\\/produto\\\/suporte-de-carregamento-sem-fio-magnetico-magsafe\\\/#breadcrumb\",\"itemListElement\":[{\"@type\":\"ListItem\",\"position\":1,\"name\":\"In\u00edcio\",\"item\":\"https:\\\/\\\/fluxolimpo.ia.br\\\/loja\\\/\"},{\"@type\":\"ListItem\",\"position\":2,\"name\":\"Shop\",\"item\":\"https:\\\/\\\/fluxolimpo.ia.br\\\/loja\\\/\"},{\"@type\":\"ListItem\",\"position\":3,\"name\":\"Suporte de carregamento sem fio magn\u00e9tico Magsafe para celular em madeira maci\u00e7a de nogueira, com base em madeira\"}]},{\"@type\":\"WebSite\",\"@id\":\"https:\\\/\\\/fluxolimpo.ia.br\\\/loja\\\/#website\",\"url\":\"https:\\\/\\\/fluxolimpo.ia.br\\\/loja\\\/\",\"name\":\"Fluxo limpo Tech - Loja Virtual\",\"description\":\"AppS, Scripts e Produtos Importados Exclusivos\",\"publisher\":{\"@id\":\"https:\\\/\\\/fluxolimpo.ia.br\\\/loja\\\/#organization\"},\"potentialAction\":[{\"@type\":\"SearchAction\",\"target\":{\"@type\":\"EntryPoint\",\"urlTemplate\":\"https:\\\/\\\/fluxolimpo.ia.br\\\/loja\\\/?s={search_term_string}\"},\"query-input\":{\"@type\":\"PropertyValueSpecification\",\"valueRequired\":true,\"valueName\":\"search_term_string\"}}],\"inLanguage\":\"pt-BR\"},{\"@type\":\"Organization\",\"@id\":\"https:\\\/\\\/fluxolimpo.ia.br\\\/loja\\\/#organization\",\"name\":\"Fluxo limpo Tech - Loja Virtual\",\"url\":\"https:\\\/\\\/fluxolimpo.ia.br\\\/loja\\\/\",\"logo\":{\"@type\":\"ImageObject\",\"inLanguage\":\"pt-BR\",\"@id\":\"https:\\\/\\\/fluxolimpo.ia.br\\\/loja\\\/#\\\/schema\\\/logo\\\/image\\\/\",\"url\":\"https:\\\/\\\/fluxolimpo.ia.br\\\/loja\\\/wp-content\\\/uploads\\\/2026\\\/03\\\/cropped-logolojamini-1.png\",\"contentUrl\":\"https:\\\/\\\/fluxolimpo.ia.br\\\/loja\\\/wp-content\\\/uploads\\\/2026\\\/03\\\/cropped-logolojamini-1.png\",\"width\":321,\"height\":87,\"caption\":\"Fluxo limpo Tech - Loja Virtual\"},\"image\":{\"@id\":\"https:\\\/\\\/fluxolimpo.ia.br\\\/loja\\\/#\\\/schema\\\/logo\\\/image\\\/\"}}]}<\/script>\n<!-- \/ Yoast SEO plugin. -->","yoast_head_json":{"title":"Suporte de carregamento sem fio magn\u00e9tico Magsafe para celular em madeira maci\u00e7a de nogueira, com base em madeira - Fluxo limpo Tech - Loja Virtual","robots":{"index":"index","follow":"follow","max-snippet":"max-snippet:-1","max-image-preview":"max-image-preview:large","max-video-preview":"max-video-preview:-1"},"canonical":"https:\/\/fluxolimpo.ia.br\/loja\/produto\/suporte-de-carregamento-sem-fio-magnetico-magsafe\/","og_locale":"pt_BR","og_type":"article","og_title":"Suporte de carregamento sem fio magn\u00e9tico Magsafe para celular em madeira maci\u00e7a de nogueira, com base em madeira - Fluxo limpo Tech - Loja Virtual","og_description":"Informa\u00e7\u00f5es do produto: Cor: Base preta em nogueira, base branca em bordo, suporte para celular SAMDI em nogueira, suporte para celular SAMDI em b\u00e9tula Marca aplic\u00e1vel: iPhone Material: A\u00e7o inoxid\u00e1vel com acabamento em nogueira Estilo: Universal Lista de embalagem: Suporte para celular \u00d7 1 Imagem do produto:","og_url":"https:\/\/fluxolimpo.ia.br\/loja\/produto\/suporte-de-carregamento-sem-fio-magnetico-magsafe\/","og_site_name":"Fluxo limpo Tech - Loja Virtual","article_modified_time":"2026-04-20T19:49:30+00:00","og_image":[{"width":800,"height":800,"url":"https:\/\/fluxolimpo.ia.br\/loja\/wp-content\/uploads\/2026\/04\/94701091-0e18-4e9e-9920-33f5097b4413.jpg","type":"image\/jpeg"}],"twitter_card":"summary_large_image","schema":{"@context":"https:\/\/schema.org","@graph":[{"@type":"WebPage","@id":"https:\/\/fluxolimpo.ia.br\/loja\/produto\/suporte-de-carregamento-sem-fio-magnetico-magsafe\/","url":"https:\/\/fluxolimpo.ia.br\/loja\/produto\/suporte-de-carregamento-sem-fio-magnetico-magsafe\/","name":"Suporte de carregamento sem fio magn\u00e9tico Magsafe para celular em madeira maci\u00e7a de nogueira, com base em madeira - Fluxo limpo Tech - Loja Virtual","isPartOf":{"@id":"https:\/\/fluxolimpo.ia.br\/loja\/#website"},"primaryImageOfPage":{"@id":"https:\/\/fluxolimpo.ia.br\/loja\/produto\/suporte-de-carregamento-sem-fio-magnetico-magsafe\/#primaryimage"},"image":{"@id":"https:\/\/fluxolimpo.ia.br\/loja\/produto\/suporte-de-carregamento-sem-fio-magnetico-magsafe\/#primaryimage"},"thumbnailUrl":"https:\/\/fluxolimpo.ia.br\/loja\/wp-content\/uploads\/2026\/04\/94701091-0e18-4e9e-9920-33f5097b4413.jpg","datePublished":"2026-04-13T00:00:22+00:00","dateModified":"2026-04-20T19:49:30+00:00","breadcrumb":{"@id":"https:\/\/fluxolimpo.ia.br\/loja\/produto\/suporte-de-carregamento-sem-fio-magnetico-magsafe\/#breadcrumb"},"inLanguage":"pt-BR","potentialAction":[{"@type":"ReadAction","target":["https:\/\/fluxolimpo.ia.br\/loja\/produto\/suporte-de-carregamento-sem-fio-magnetico-magsafe\/"]}]},{"@type":"ImageObject","inLanguage":"pt-BR","@id":"https:\/\/fluxolimpo.ia.br\/loja\/produto\/suporte-de-carregamento-sem-fio-magnetico-magsafe\/#primaryimage","url":"https:\/\/fluxolimpo.ia.br\/loja\/wp-content\/uploads\/2026\/04\/94701091-0e18-4e9e-9920-33f5097b4413.jpg","contentUrl":"https:\/\/fluxolimpo.ia.br\/loja\/wp-content\/uploads\/2026\/04\/94701091-0e18-4e9e-9920-33f5097b4413.jpg","width":800,"height":800},{"@type":"BreadcrumbList","@id":"https:\/\/fluxolimpo.ia.br\/loja\/produto\/suporte-de-carregamento-sem-fio-magnetico-magsafe\/#breadcrumb","itemListElement":[{"@type":"ListItem","position":1,"name":"In\u00edcio","item":"https:\/\/fluxolimpo.ia.br\/loja\/"},{"@type":"ListItem","position":2,"name":"Shop","item":"https:\/\/fluxolimpo.ia.br\/loja\/"},{"@type":"ListItem","position":3,"name":"Suporte de carregamento sem fio magn\u00e9tico Magsafe para celular em madeira maci\u00e7a de nogueira, com base em madeira"}]},{"@type":"WebSite","@id":"https:\/\/fluxolimpo.ia.br\/loja\/#website","url":"https:\/\/fluxolimpo.ia.br\/loja\/","name":"Fluxo limpo Tech - Loja Virtual","description":"AppS, Scripts e Produtos Importados Exclusivos","publisher":{"@id":"https:\/\/fluxolimpo.ia.br\/loja\/#organization"},"potentialAction":[{"@type":"SearchAction","target":{"@type":"EntryPoint","urlTemplate":"https:\/\/fluxolimpo.ia.br\/loja\/?s={search_term_string}"},"query-input":{"@type":"PropertyValueSpecification","valueRequired":true,"valueName":"search_term_string"}}],"inLanguage":"pt-BR"},{"@type":"Organization","@id":"https:\/\/fluxolimpo.ia.br\/loja\/#organization","name":"Fluxo limpo Tech - Loja Virtual","url":"https:\/\/fluxolimpo.ia.br\/loja\/","logo":{"@type":"ImageObject","inLanguage":"pt-BR","@id":"https:\/\/fluxolimpo.ia.br\/loja\/#\/schema\/logo\/image\/","url":"https:\/\/fluxolimpo.ia.br\/loja\/wp-content\/uploads\/2026\/03\/cropped-logolojamini-1.png","contentUrl":"https:\/\/fluxolimpo.ia.br\/loja\/wp-content\/uploads\/2026\/03\/cropped-logolojamini-1.png","width":321,"height":87,"caption":"Fluxo limpo Tech - Loja Virtual"},"image":{"@id":"https:\/\/fluxolimpo.ia.br\/loja\/#\/schema\/logo\/image\/"}}]}},"_links":{"self":[{"href":"https:\/\/fluxolimpo.ia.br\/loja\/wp-json\/wp\/v2\/product\/22596","targetHints":{"allow":["GET"]}}],"collection":[{"href":"https:\/\/fluxolimpo.ia.br\/loja\/wp-json\/wp\/v2\/product"}],"about":[{"href":"https:\/\/fluxolimpo.ia.br\/loja\/wp-json\/wp\/v2\/types\/product"}],"wp:featuredmedia":[{"embeddable":true,"href":"https:\/\/fluxolimpo.ia.br\/loja\/wp-json\/wp\/v2\/media\/22586"}],"wp:attachment":[{"href":"https:\/\/fluxolimpo.ia.br\/loja\/wp-json\/wp\/v2\/media?parent=22596"}],"wp:term":[{"taxonomy":"product_brand","embeddable":true,"href":"https:\/\/fluxolimpo.ia.br\/loja\/wp-json\/wp\/v2\/product_brand?post=22596"},{"taxonomy":"product_cat","embeddable":true,"href":"https:\/\/fluxolimpo.ia.br\/loja\/wp-json\/wp\/v2\/product_cat?post=22596"},{"taxonomy":"product_tag","embeddable":true,"href":"https:\/\/fluxolimpo.ia.br\/loja\/wp-json\/wp\/v2\/product_tag?post=22596"}],"curies":[{"name":"wp","href":"https:\/\/api.w.org\/{rel}","templated":true}]}}