{"id":22571,"date":"2026-04-12T20:47:23","date_gmt":"2026-04-12T23:47:23","guid":{"rendered":"https:\/\/fluxolimpo.ia.br\/loja\/produto\/magsafe-bracket-15pro-wireless-charging-wooden-base\/"},"modified":"2026-04-20T16:59:18","modified_gmt":"2026-04-20T19:59:18","slug":"carregamento-sem-fio-magsafe","status":"publish","type":"product","link":"https:\/\/fluxolimpo.ia.br\/loja\/produto\/carregamento-sem-fio-magsafe\/","title":{"rendered":"Base de madeira para carregamento sem fio Magsafe"},"content":{"rendered":"<p><b> <span dir=\"auto\" style=\"vertical-align: inherit;\"> <span dir=\"auto\" style=\"vertical-align: inherit;\">Informa\u00e7\u00f5es do produto:<\/span> <\/span> <\/b><br \/>\n<span dir=\"auto\" style=\"vertical-align: inherit;\"> <span dir=\"auto\" style=\"vertical-align: inherit;\"> Tamanho: comprimento, largura e altura: 9,5*9,5*2,7 cm. <\/span> <\/span><br \/>\n<span dir=\"auto\" style=\"vertical-align: inherit;\"> <span dir=\"auto\" style=\"vertical-align: inherit;\">Material: Madeira. <\/span> <\/span><br \/>\n<span dir=\"auto\" style=\"vertical-align: inherit;\"> <span dir=\"auto\" style=\"vertical-align: inherit;\">Classifica\u00e7\u00e3o de cores: Bord\u00f4, c\u00e1qui.<\/span> <\/span><\/p>\n<p><b> <span dir=\"auto\" style=\"vertical-align: inherit;\"> <span dir=\"auto\" style=\"vertical-align: inherit;\">Lista de embalagem:<\/span> <\/span> <\/b><\/p>\n<p><span dir=\"auto\" style=\"vertical-align: inherit;\"> <span dir=\"auto\" style=\"vertical-align: inherit;\"> 1 * Base de carregamento <\/span> <\/span><\/p>\n<p><b> <span dir=\"auto\" style=\"vertical-align: inherit;\"> <span dir=\"auto\" style=\"vertical-align: inherit;\">Imagem do produto:<\/span> <\/span> <\/b><\/p>\n<p><img decoding=\"async\" src=\"https:\/\/oss-cf.cjdropshipping.com\/product\/2024\/10\/14\/05\/0aabb50a-fa97-4396-9ac4-56a8199ad19d_trans.jpeg\" \/><br \/>\n<img decoding=\"async\" src=\"https:\/\/oss-cf.cjdropshipping.com\/product\/2024\/10\/14\/05\/b41645f2-2931-473b-8768-b25211d69923_trans.jpeg\" \/><br \/>\n<img decoding=\"async\" src=\"https:\/\/oss-cf.cjdropshipping.com\/product\/2024\/10\/14\/05\/fcb2cbdf-d768-4816-a1a3-76e3913232cc_trans.jpeg\" \/><br \/>\n<img decoding=\"async\" src=\"https:\/\/oss-cf.cjdropshipping.com\/product\/2024\/10\/14\/05\/c326040a-dafa-40f6-9ec5-c69956f355dd_trans.jpeg\" \/><br \/>\n<img decoding=\"async\" src=\"https:\/\/oss-cf.cjdropshipping.com\/product\/2024\/10\/14\/05\/64456d32-efc1-4ca1-8692-baa46628d269_trans.jpeg\" \/><br \/>\n<img decoding=\"async\" src=\"https:\/\/oss-cf.cjdropshipping.com\/product\/2024\/10\/14\/05\/5c66a596-8f04-4a71-95aa-62fe3e409151.jpg\" \/><br \/>\n<img decoding=\"async\" src=\"https:\/\/oss-cf.cjdropshipping.com\/product\/2024\/10\/14\/05\/b2e394fe-a0e9-474b-a2a1-30b6776765a4.jpg\" \/><\/p>\n","protected":false},"excerpt":{"rendered":"<p>Informa\u00e7\u00f5es do produto: Tamanho: comprimento, largura e altura: 9,5*9,5*2,7 cm. Material: Madeira. Classifica\u00e7\u00e3o de cores: Bord\u00f4, c\u00e1qui. Lista de embalagem: 1 * Base de carregamento Imagem do produto:<\/p>\n","protected":false},"featured_media":22564,"template":"","meta":{"inline_featured_image":false,"_monsterinsights_skip_tracking":false,"_monsterinsights_sitenote_active":false,"_monsterinsights_sitenote_note":"","_monsterinsights_sitenote_category":0,"_mbp_gutenberg_autopost":false},"product_brand":[],"product_cat":[663],"product_tag":[665,668],"class_list":{"0":"post-22571","1":"product","2":"type-product","3":"status-publish","4":"has-post-thumbnail","6":"product_cat-eletronicos-consumo","7":"product_tag-magsafe","8":"product_tag-wireless","10":"first","11":"instock","12":"shipping-taxable","13":"purchasable","14":"product-type-variable"},"yoast_head":"<!-- This site is optimized with the Yoast SEO plugin v27.4 - https:\/\/yoast.com\/product\/yoast-seo-wordpress\/ -->\n<title>Base de madeira para carregamento sem fio Magsafe - Fluxo limpo Tech - Loja Virtual<\/title>\n<meta name=\"robots\" content=\"index, follow, max-snippet:-1, max-image-preview:large, max-video-preview:-1\" \/>\n<link rel=\"canonical\" href=\"https:\/\/fluxolimpo.ia.br\/loja\/produto\/carregamento-sem-fio-magsafe\/\" \/>\n<meta property=\"og:locale\" content=\"pt_BR\" \/>\n<meta property=\"og:type\" content=\"article\" \/>\n<meta property=\"og:title\" content=\"Base de madeira para carregamento sem fio Magsafe - Fluxo limpo Tech - Loja Virtual\" \/>\n<meta property=\"og:description\" content=\"Informa\u00e7\u00f5es do produto: Tamanho: comprimento, largura e altura: 9,5*9,5*2,7 cm. Material: Madeira. Classifica\u00e7\u00e3o de cores: Bord\u00f4, c\u00e1qui. Lista de embalagem: 1 * Base de carregamento Imagem do produto:\" \/>\n<meta property=\"og:url\" content=\"https:\/\/fluxolimpo.ia.br\/loja\/produto\/carregamento-sem-fio-magsafe\/\" \/>\n<meta property=\"og:site_name\" content=\"Fluxo limpo Tech - Loja Virtual\" \/>\n<meta property=\"article:modified_time\" content=\"2026-04-20T19:59:18+00:00\" \/>\n<meta property=\"og:image\" content=\"https:\/\/fluxolimpo.ia.br\/loja\/wp-content\/uploads\/2026\/04\/ff5ab310-6e55-4381-88c6-5503f9beee12_trans.jpeg\" \/>\n\t<meta property=\"og:image:width\" content=\"800\" \/>\n\t<meta property=\"og:image:height\" content=\"800\" \/>\n\t<meta property=\"og:image:type\" content=\"image\/jpeg\" \/>\n<meta name=\"twitter:card\" content=\"summary_large_image\" \/>\n<script type=\"application\/ld+json\" class=\"yoast-schema-graph\">{\"@context\":\"https:\\\/\\\/schema.org\",\"@graph\":[{\"@type\":\"WebPage\",\"@id\":\"https:\\\/\\\/fluxolimpo.ia.br\\\/loja\\\/produto\\\/carregamento-sem-fio-magsafe\\\/\",\"url\":\"https:\\\/\\\/fluxolimpo.ia.br\\\/loja\\\/produto\\\/carregamento-sem-fio-magsafe\\\/\",\"name\":\"Base de madeira para carregamento sem fio Magsafe - Fluxo limpo Tech - Loja Virtual\",\"isPartOf\":{\"@id\":\"https:\\\/\\\/fluxolimpo.ia.br\\\/loja\\\/#website\"},\"primaryImageOfPage\":{\"@id\":\"https:\\\/\\\/fluxolimpo.ia.br\\\/loja\\\/produto\\\/carregamento-sem-fio-magsafe\\\/#primaryimage\"},\"image\":{\"@id\":\"https:\\\/\\\/fluxolimpo.ia.br\\\/loja\\\/produto\\\/carregamento-sem-fio-magsafe\\\/#primaryimage\"},\"thumbnailUrl\":\"https:\\\/\\\/fluxolimpo.ia.br\\\/loja\\\/wp-content\\\/uploads\\\/2026\\\/04\\\/ff5ab310-6e55-4381-88c6-5503f9beee12_trans.jpeg\",\"datePublished\":\"2026-04-12T23:47:23+00:00\",\"dateModified\":\"2026-04-20T19:59:18+00:00\",\"breadcrumb\":{\"@id\":\"https:\\\/\\\/fluxolimpo.ia.br\\\/loja\\\/produto\\\/carregamento-sem-fio-magsafe\\\/#breadcrumb\"},\"inLanguage\":\"pt-BR\",\"potentialAction\":[{\"@type\":\"ReadAction\",\"target\":[\"https:\\\/\\\/fluxolimpo.ia.br\\\/loja\\\/produto\\\/carregamento-sem-fio-magsafe\\\/\"]}]},{\"@type\":\"ImageObject\",\"inLanguage\":\"pt-BR\",\"@id\":\"https:\\\/\\\/fluxolimpo.ia.br\\\/loja\\\/produto\\\/carregamento-sem-fio-magsafe\\\/#primaryimage\",\"url\":\"https:\\\/\\\/fluxolimpo.ia.br\\\/loja\\\/wp-content\\\/uploads\\\/2026\\\/04\\\/ff5ab310-6e55-4381-88c6-5503f9beee12_trans.jpeg\",\"contentUrl\":\"https:\\\/\\\/fluxolimpo.ia.br\\\/loja\\\/wp-content\\\/uploads\\\/2026\\\/04\\\/ff5ab310-6e55-4381-88c6-5503f9beee12_trans.jpeg\",\"width\":800,\"height\":800},{\"@type\":\"BreadcrumbList\",\"@id\":\"https:\\\/\\\/fluxolimpo.ia.br\\\/loja\\\/produto\\\/carregamento-sem-fio-magsafe\\\/#breadcrumb\",\"itemListElement\":[{\"@type\":\"ListItem\",\"position\":1,\"name\":\"In\u00edcio\",\"item\":\"https:\\\/\\\/fluxolimpo.ia.br\\\/loja\\\/\"},{\"@type\":\"ListItem\",\"position\":2,\"name\":\"Shop\",\"item\":\"https:\\\/\\\/fluxolimpo.ia.br\\\/loja\\\/\"},{\"@type\":\"ListItem\",\"position\":3,\"name\":\"Base de madeira para carregamento sem fio Magsafe\"}]},{\"@type\":\"WebSite\",\"@id\":\"https:\\\/\\\/fluxolimpo.ia.br\\\/loja\\\/#website\",\"url\":\"https:\\\/\\\/fluxolimpo.ia.br\\\/loja\\\/\",\"name\":\"Fluxo limpo Tech - Loja Virtual\",\"description\":\"AppS, Scripts e Produtos Importados Exclusivos\",\"publisher\":{\"@id\":\"https:\\\/\\\/fluxolimpo.ia.br\\\/loja\\\/#organization\"},\"potentialAction\":[{\"@type\":\"SearchAction\",\"target\":{\"@type\":\"EntryPoint\",\"urlTemplate\":\"https:\\\/\\\/fluxolimpo.ia.br\\\/loja\\\/?s={search_term_string}\"},\"query-input\":{\"@type\":\"PropertyValueSpecification\",\"valueRequired\":true,\"valueName\":\"search_term_string\"}}],\"inLanguage\":\"pt-BR\"},{\"@type\":\"Organization\",\"@id\":\"https:\\\/\\\/fluxolimpo.ia.br\\\/loja\\\/#organization\",\"name\":\"Fluxo limpo Tech - Loja Virtual\",\"url\":\"https:\\\/\\\/fluxolimpo.ia.br\\\/loja\\\/\",\"logo\":{\"@type\":\"ImageObject\",\"inLanguage\":\"pt-BR\",\"@id\":\"https:\\\/\\\/fluxolimpo.ia.br\\\/loja\\\/#\\\/schema\\\/logo\\\/image\\\/\",\"url\":\"https:\\\/\\\/fluxolimpo.ia.br\\\/loja\\\/wp-content\\\/uploads\\\/2026\\\/03\\\/cropped-logolojamini-1.png\",\"contentUrl\":\"https:\\\/\\\/fluxolimpo.ia.br\\\/loja\\\/wp-content\\\/uploads\\\/2026\\\/03\\\/cropped-logolojamini-1.png\",\"width\":321,\"height\":87,\"caption\":\"Fluxo limpo Tech - Loja Virtual\"},\"image\":{\"@id\":\"https:\\\/\\\/fluxolimpo.ia.br\\\/loja\\\/#\\\/schema\\\/logo\\\/image\\\/\"}}]}<\/script>\n<!-- \/ Yoast SEO plugin. -->","yoast_head_json":{"title":"Base de madeira para carregamento sem fio Magsafe - Fluxo limpo Tech - Loja Virtual","robots":{"index":"index","follow":"follow","max-snippet":"max-snippet:-1","max-image-preview":"max-image-preview:large","max-video-preview":"max-video-preview:-1"},"canonical":"https:\/\/fluxolimpo.ia.br\/loja\/produto\/carregamento-sem-fio-magsafe\/","og_locale":"pt_BR","og_type":"article","og_title":"Base de madeira para carregamento sem fio Magsafe - Fluxo limpo Tech - Loja Virtual","og_description":"Informa\u00e7\u00f5es do produto: Tamanho: comprimento, largura e altura: 9,5*9,5*2,7 cm. Material: Madeira. Classifica\u00e7\u00e3o de cores: Bord\u00f4, c\u00e1qui. Lista de embalagem: 1 * Base de carregamento Imagem do produto:","og_url":"https:\/\/fluxolimpo.ia.br\/loja\/produto\/carregamento-sem-fio-magsafe\/","og_site_name":"Fluxo limpo Tech - Loja Virtual","article_modified_time":"2026-04-20T19:59:18+00:00","og_image":[{"width":800,"height":800,"url":"https:\/\/fluxolimpo.ia.br\/loja\/wp-content\/uploads\/2026\/04\/ff5ab310-6e55-4381-88c6-5503f9beee12_trans.jpeg","type":"image\/jpeg"}],"twitter_card":"summary_large_image","schema":{"@context":"https:\/\/schema.org","@graph":[{"@type":"WebPage","@id":"https:\/\/fluxolimpo.ia.br\/loja\/produto\/carregamento-sem-fio-magsafe\/","url":"https:\/\/fluxolimpo.ia.br\/loja\/produto\/carregamento-sem-fio-magsafe\/","name":"Base de madeira para carregamento sem fio Magsafe - Fluxo limpo Tech - Loja Virtual","isPartOf":{"@id":"https:\/\/fluxolimpo.ia.br\/loja\/#website"},"primaryImageOfPage":{"@id":"https:\/\/fluxolimpo.ia.br\/loja\/produto\/carregamento-sem-fio-magsafe\/#primaryimage"},"image":{"@id":"https:\/\/fluxolimpo.ia.br\/loja\/produto\/carregamento-sem-fio-magsafe\/#primaryimage"},"thumbnailUrl":"https:\/\/fluxolimpo.ia.br\/loja\/wp-content\/uploads\/2026\/04\/ff5ab310-6e55-4381-88c6-5503f9beee12_trans.jpeg","datePublished":"2026-04-12T23:47:23+00:00","dateModified":"2026-04-20T19:59:18+00:00","breadcrumb":{"@id":"https:\/\/fluxolimpo.ia.br\/loja\/produto\/carregamento-sem-fio-magsafe\/#breadcrumb"},"inLanguage":"pt-BR","potentialAction":[{"@type":"ReadAction","target":["https:\/\/fluxolimpo.ia.br\/loja\/produto\/carregamento-sem-fio-magsafe\/"]}]},{"@type":"ImageObject","inLanguage":"pt-BR","@id":"https:\/\/fluxolimpo.ia.br\/loja\/produto\/carregamento-sem-fio-magsafe\/#primaryimage","url":"https:\/\/fluxolimpo.ia.br\/loja\/wp-content\/uploads\/2026\/04\/ff5ab310-6e55-4381-88c6-5503f9beee12_trans.jpeg","contentUrl":"https:\/\/fluxolimpo.ia.br\/loja\/wp-content\/uploads\/2026\/04\/ff5ab310-6e55-4381-88c6-5503f9beee12_trans.jpeg","width":800,"height":800},{"@type":"BreadcrumbList","@id":"https:\/\/fluxolimpo.ia.br\/loja\/produto\/carregamento-sem-fio-magsafe\/#breadcrumb","itemListElement":[{"@type":"ListItem","position":1,"name":"In\u00edcio","item":"https:\/\/fluxolimpo.ia.br\/loja\/"},{"@type":"ListItem","position":2,"name":"Shop","item":"https:\/\/fluxolimpo.ia.br\/loja\/"},{"@type":"ListItem","position":3,"name":"Base de madeira para carregamento sem fio Magsafe"}]},{"@type":"WebSite","@id":"https:\/\/fluxolimpo.ia.br\/loja\/#website","url":"https:\/\/fluxolimpo.ia.br\/loja\/","name":"Fluxo limpo Tech - Loja Virtual","description":"AppS, Scripts e Produtos Importados Exclusivos","publisher":{"@id":"https:\/\/fluxolimpo.ia.br\/loja\/#organization"},"potentialAction":[{"@type":"SearchAction","target":{"@type":"EntryPoint","urlTemplate":"https:\/\/fluxolimpo.ia.br\/loja\/?s={search_term_string}"},"query-input":{"@type":"PropertyValueSpecification","valueRequired":true,"valueName":"search_term_string"}}],"inLanguage":"pt-BR"},{"@type":"Organization","@id":"https:\/\/fluxolimpo.ia.br\/loja\/#organization","name":"Fluxo limpo Tech - Loja Virtual","url":"https:\/\/fluxolimpo.ia.br\/loja\/","logo":{"@type":"ImageObject","inLanguage":"pt-BR","@id":"https:\/\/fluxolimpo.ia.br\/loja\/#\/schema\/logo\/image\/","url":"https:\/\/fluxolimpo.ia.br\/loja\/wp-content\/uploads\/2026\/03\/cropped-logolojamini-1.png","contentUrl":"https:\/\/fluxolimpo.ia.br\/loja\/wp-content\/uploads\/2026\/03\/cropped-logolojamini-1.png","width":321,"height":87,"caption":"Fluxo limpo Tech - Loja Virtual"},"image":{"@id":"https:\/\/fluxolimpo.ia.br\/loja\/#\/schema\/logo\/image\/"}}]}},"_links":{"self":[{"href":"https:\/\/fluxolimpo.ia.br\/loja\/wp-json\/wp\/v2\/product\/22571","targetHints":{"allow":["GET"]}}],"collection":[{"href":"https:\/\/fluxolimpo.ia.br\/loja\/wp-json\/wp\/v2\/product"}],"about":[{"href":"https:\/\/fluxolimpo.ia.br\/loja\/wp-json\/wp\/v2\/types\/product"}],"wp:featuredmedia":[{"embeddable":true,"href":"https:\/\/fluxolimpo.ia.br\/loja\/wp-json\/wp\/v2\/media\/22564"}],"wp:attachment":[{"href":"https:\/\/fluxolimpo.ia.br\/loja\/wp-json\/wp\/v2\/media?parent=22571"}],"wp:term":[{"taxonomy":"product_brand","embeddable":true,"href":"https:\/\/fluxolimpo.ia.br\/loja\/wp-json\/wp\/v2\/product_brand?post=22571"},{"taxonomy":"product_cat","embeddable":true,"href":"https:\/\/fluxolimpo.ia.br\/loja\/wp-json\/wp\/v2\/product_cat?post=22571"},{"taxonomy":"product_tag","embeddable":true,"href":"https:\/\/fluxolimpo.ia.br\/loja\/wp-json\/wp\/v2\/product_tag?post=22571"}],"curies":[{"name":"wp","href":"https:\/\/api.w.org\/{rel}","templated":true}]}}