{"id":22555,"date":"2026-04-12T20:19:22","date_gmt":"2026-04-12T23:19:22","guid":{"rendered":"https:\/\/fluxolimpo.ia.br\/loja\/produto\/carregador-sem-fio-magnetico-magsafe-multifuncional-resistente-a-quedas-com-compartimento-traseiro-para-cartao\/"},"modified":"2026-04-12T20:19:22","modified_gmt":"2026-04-12T23:19:22","slug":"carregador-sem-fio-magnetico-magsafe-multifuncional-resistente-a-quedas-com-compartimento-traseiro-para-cartao","status":"publish","type":"product","link":"https:\/\/fluxolimpo.ia.br\/loja\/produto\/carregador-sem-fio-magnetico-magsafe-multifuncional-resistente-a-quedas-com-compartimento-traseiro-para-cartao\/","title":{"rendered":"Carregador sem fio magn\u00e9tico MagSafe, multifuncional, resistente a quedas, com compartimento traseiro para cart\u00e3o."},"content":{"rendered":"<p> <b> <font dir=\"auto\" style=\"vertical-align: inherit\"> <font dir=\"auto\" style=\"vertical-align: inherit\">Informa\u00e7\u00f5es do produto:<\/font> <\/font> <\/b> <br \/> <font dir=\"auto\" style=\"vertical-align: inherit\"> <font dir=\"auto\" style=\"vertical-align: inherit\"> Cor: [preto] padr\u00e3o de cera oleada | Porta-cart\u00f5es magn\u00e9tico, [marrom] padr\u00e3o de cera oleada | Porta-cart\u00f5es magn\u00e9tico, [c\u00e1qui] padr\u00e3o de cera oleada | Porta-cart\u00f5es magn\u00e9tico, [azul] padr\u00e3o de cera oleada | Porta-cart\u00f5es magn\u00e9tico, [vermelho] padr\u00e3o de cera oleada | Porta-cart\u00f5es magn\u00e9tico <\/font> <\/font> <br \/> <font dir=\"auto\" style=\"vertical-align: inherit\"> <font dir=\"auto\" style=\"vertical-align: inherit\">Modelo aplic\u00e1vel: Apple <\/font> <\/font> <br \/> <font dir=\"auto\" style=\"vertical-align: inherit\"> <font dir=\"auto\" style=\"vertical-align: inherit\">Fun\u00e7\u00e3o: Prote\u00e7\u00e3o contra quedas <\/font> <\/font> <br \/> <font dir=\"auto\" style=\"vertical-align: inherit\"> <font dir=\"auto\" style=\"vertical-align: inherit\">Material: Silicone <\/font> <\/font> <br \/> <font dir=\"auto\" style=\"vertical-align: inherit\"> <font dir=\"auto\" style=\"vertical-align: inherit\">Estilo: capa protetora <\/font> <\/font> <br \/> <font dir=\"auto\" style=\"vertical-align: inherit\"> <font dir=\"auto\" style=\"vertical-align: inherit\">Estilo: executivo, simples, moderno <\/font> <\/font> <br \/> <font dir=\"auto\" style=\"vertical-align: inherit\"> <font dir=\"auto\" style=\"vertical-align: inherit\">Observa\u00e7\u00e3o: Produtos de outras marcas, compat\u00edveis com modelos de iPhone<\/font> <\/font> <\/p>\n<p> <br \/>\n<b> <font dir=\"auto\" style=\"vertical-align: inherit\"> <font dir=\"auto\" style=\"vertical-align: inherit\">Lista de embalagem:<\/font> <\/font> <\/b><br \/>\n<br \/> <br \/>\n<font dir=\"auto\" style=\"vertical-align: inherit\"> <font dir=\"auto\" style=\"vertical-align: inherit\"> Capa para celular * 1 <\/font> <\/font><br \/>\n<br \/> <br \/>\n<b> <font dir=\"auto\" style=\"vertical-align: inherit\"> <font dir=\"auto\" style=\"vertical-align: inherit\">Imagem do produto:<\/font> <\/font> <\/b><br \/>\n<br \/> <br \/>\n<img decoding=\"async\" src=\"https:\/\/cf.cjdropshipping.com\/17122752\/2404050709240327900.jpg\"><br \/>\n<img decoding=\"async\" src=\"https:\/\/cf.cjdropshipping.com\/17122752\/2404050709240328600.jpg\"><br \/>\n<img decoding=\"async\" src=\"https:\/\/cf.cjdropshipping.com\/17122752\/2404050709240329200.jpg\"><br \/>\n<img decoding=\"async\" src=\"https:\/\/cf.cjdropshipping.com\/17122752\/2404050709240329900.jpg\"><br \/>\n<img decoding=\"async\" src=\"https:\/\/cf.cjdropshipping.com\/17122752\/2404050709250320700.jpg\"><br \/>\n<img decoding=\"async\" src=\"https:\/\/cf.cjdropshipping.com\/17122752\/2404050709250321700.jpg\"><br \/>\n<img decoding=\"async\" src=\"https:\/\/cf.cjdropshipping.com\/17122752\/2404050709250322300.jpg\"><br \/>\n<img decoding=\"async\" src=\"https:\/\/cf.cjdropshipping.com\/17122752\/2404050709250322900.jpg\"><br \/>\n<img decoding=\"async\" src=\"https:\/\/cf.cjdropshipping.com\/17122752\/2404050709250323700.jpg\"><br \/>\n<img decoding=\"async\" src=\"https:\/\/cf.cjdropshipping.com\/17122752\/2404050709250324400.jpg\"><br \/>\n<img decoding=\"async\" src=\"https:\/\/cf.cjdropshipping.com\/17122752\/2404050709250324900.jpg\"><br \/>\n<img decoding=\"async\" src=\"https:\/\/cf.cjdropshipping.com\/17122752\/2404050709250325500.jpg\"><br \/>\n<img decoding=\"async\" src=\"https:\/\/cf.cjdropshipping.com\/17122752\/2404050709250326100.jpg\"><br \/>\n<img decoding=\"async\" src=\"https:\/\/cf.cjdropshipping.com\/17122752\/2404050709250326800.jpg\"><br \/>\n<img decoding=\"async\" src=\"https:\/\/cf.cjdropshipping.com\/17122752\/2404050709250327600.jpg\"><br \/>\n<img decoding=\"async\" src=\"https:\/\/cf.cjdropshipping.com\/17122752\/2404050709250328300.jpg\"><br \/>\n<img decoding=\"async\" src=\"https:\/\/cf.cjdropshipping.com\/17122752\/2404050709250328800.jpg\"><br \/>\n<img decoding=\"async\" src=\"https:\/\/cf.cjdropshipping.com\/17122752\/2404050709250329400.jpg\"><br \/>\n<img decoding=\"async\" src=\"https:\/\/cf.cjdropshipping.com\/17122752\/2404050709260320000.jpg\"><br \/>\n<img decoding=\"async\" src=\"https:\/\/cf.cjdropshipping.com\/17122752\/2404050709260320600.jpg\"><br \/>\n<img decoding=\"async\" src=\"https:\/\/cf.cjdropshipping.com\/17122752\/2404050709260321100.jpg\"><br \/>\n<img decoding=\"async\" src=\"https:\/\/cf.cjdropshipping.com\/17122752\/2404050709260322000.jpg\"><br \/>\n<img decoding=\"async\" src=\"https:\/\/cf.cjdropshipping.com\/17122752\/2404050709260322500.jpg\"><\/p>\n","protected":false},"excerpt":{"rendered":"<p>Informa\u00e7\u00f5es do produto: Cor: [preto] padr\u00e3o de cera oleada | Porta-cart\u00f5es magn\u00e9tico, [marrom] padr\u00e3o de cera oleada | Porta-cart\u00f5es magn\u00e9tico, [c\u00e1qui] padr\u00e3o de cera oleada | Porta-cart\u00f5es magn\u00e9tico, [azul] padr\u00e3o de cera oleada | Porta-cart\u00f5es magn\u00e9tico, [vermelho] padr\u00e3o de cera oleada | Porta-cart\u00f5es magn\u00e9tico Modelo aplic\u00e1vel: Apple Fun\u00e7\u00e3o: Prote\u00e7\u00e3o contra quedas Material: Silicone Estilo: capa [&hellip;]<\/p>\n","protected":false},"featured_media":22545,"template":"","meta":{"inline_featured_image":false,"_monsterinsights_skip_tracking":false,"_monsterinsights_sitenote_active":false,"_monsterinsights_sitenote_note":"","_monsterinsights_sitenote_category":0,"_mbp_gutenberg_autopost":false},"product_brand":[],"product_cat":[663],"product_tag":[],"class_list":{"0":"post-22555","1":"product","2":"type-product","3":"status-publish","4":"has-post-thumbnail","6":"product_cat-eletronicos-consumo","8":"first","9":"outofstock","10":"shipping-taxable","11":"product-type-variable"},"yoast_head":"<!-- This site is optimized with the Yoast SEO plugin v27.4 - https:\/\/yoast.com\/product\/yoast-seo-wordpress\/ -->\n<title>Carregador sem fio magn\u00e9tico MagSafe, multifuncional, resistente a quedas, com compartimento traseiro para cart\u00e3o. - Fluxo limpo Tech - Loja Virtual<\/title>\n<meta name=\"robots\" content=\"index, follow, max-snippet:-1, max-image-preview:large, max-video-preview:-1\" \/>\n<link rel=\"canonical\" href=\"https:\/\/fluxolimpo.ia.br\/loja\/produto\/carregador-sem-fio-magnetico-magsafe-multifuncional-resistente-a-quedas-com-compartimento-traseiro-para-cartao\/\" \/>\n<meta property=\"og:locale\" content=\"pt_BR\" \/>\n<meta property=\"og:type\" content=\"article\" \/>\n<meta property=\"og:title\" content=\"Carregador sem fio magn\u00e9tico MagSafe, multifuncional, resistente a quedas, com compartimento traseiro para cart\u00e3o. - Fluxo limpo Tech - Loja Virtual\" \/>\n<meta property=\"og:description\" content=\"Informa\u00e7\u00f5es do produto: Cor: [preto] padr\u00e3o de cera oleada | Porta-cart\u00f5es magn\u00e9tico, [marrom] padr\u00e3o de cera oleada | Porta-cart\u00f5es magn\u00e9tico, [c\u00e1qui] padr\u00e3o de cera oleada | Porta-cart\u00f5es magn\u00e9tico, [azul] padr\u00e3o de cera oleada | Porta-cart\u00f5es magn\u00e9tico, [vermelho] padr\u00e3o de cera oleada | Porta-cart\u00f5es magn\u00e9tico Modelo aplic\u00e1vel: Apple Fun\u00e7\u00e3o: Prote\u00e7\u00e3o contra quedas Material: Silicone Estilo: capa [&hellip;]\" \/>\n<meta property=\"og:url\" content=\"https:\/\/fluxolimpo.ia.br\/loja\/produto\/carregador-sem-fio-magnetico-magsafe-multifuncional-resistente-a-quedas-com-compartimento-traseiro-para-cartao\/\" \/>\n<meta property=\"og:site_name\" content=\"Fluxo limpo Tech - Loja Virtual\" \/>\n<meta property=\"og:image\" content=\"https:\/\/fluxolimpo.ia.br\/loja\/wp-content\/uploads\/2026\/04\/d414222b-c5f5-45b2-9400-e7923e337e51.jpg\" \/>\n\t<meta property=\"og:image:width\" content=\"1600\" \/>\n\t<meta property=\"og:image:height\" content=\"1600\" \/>\n\t<meta property=\"og:image:type\" content=\"image\/jpeg\" \/>\n<meta name=\"twitter:card\" content=\"summary_large_image\" \/>\n<script type=\"application\/ld+json\" class=\"yoast-schema-graph\">{\"@context\":\"https:\\\/\\\/schema.org\",\"@graph\":[{\"@type\":\"WebPage\",\"@id\":\"https:\\\/\\\/fluxolimpo.ia.br\\\/loja\\\/produto\\\/carregador-sem-fio-magnetico-magsafe-multifuncional-resistente-a-quedas-com-compartimento-traseiro-para-cartao\\\/\",\"url\":\"https:\\\/\\\/fluxolimpo.ia.br\\\/loja\\\/produto\\\/carregador-sem-fio-magnetico-magsafe-multifuncional-resistente-a-quedas-com-compartimento-traseiro-para-cartao\\\/\",\"name\":\"Carregador sem fio magn\u00e9tico MagSafe, multifuncional, resistente a quedas, com compartimento traseiro para cart\u00e3o. - Fluxo limpo Tech - Loja Virtual\",\"isPartOf\":{\"@id\":\"https:\\\/\\\/fluxolimpo.ia.br\\\/loja\\\/#website\"},\"primaryImageOfPage\":{\"@id\":\"https:\\\/\\\/fluxolimpo.ia.br\\\/loja\\\/produto\\\/carregador-sem-fio-magnetico-magsafe-multifuncional-resistente-a-quedas-com-compartimento-traseiro-para-cartao\\\/#primaryimage\"},\"image\":{\"@id\":\"https:\\\/\\\/fluxolimpo.ia.br\\\/loja\\\/produto\\\/carregador-sem-fio-magnetico-magsafe-multifuncional-resistente-a-quedas-com-compartimento-traseiro-para-cartao\\\/#primaryimage\"},\"thumbnailUrl\":\"https:\\\/\\\/fluxolimpo.ia.br\\\/loja\\\/wp-content\\\/uploads\\\/2026\\\/04\\\/d414222b-c5f5-45b2-9400-e7923e337e51.jpg\",\"datePublished\":\"2026-04-12T23:19:22+00:00\",\"breadcrumb\":{\"@id\":\"https:\\\/\\\/fluxolimpo.ia.br\\\/loja\\\/produto\\\/carregador-sem-fio-magnetico-magsafe-multifuncional-resistente-a-quedas-com-compartimento-traseiro-para-cartao\\\/#breadcrumb\"},\"inLanguage\":\"pt-BR\",\"potentialAction\":[{\"@type\":\"ReadAction\",\"target\":[\"https:\\\/\\\/fluxolimpo.ia.br\\\/loja\\\/produto\\\/carregador-sem-fio-magnetico-magsafe-multifuncional-resistente-a-quedas-com-compartimento-traseiro-para-cartao\\\/\"]}]},{\"@type\":\"ImageObject\",\"inLanguage\":\"pt-BR\",\"@id\":\"https:\\\/\\\/fluxolimpo.ia.br\\\/loja\\\/produto\\\/carregador-sem-fio-magnetico-magsafe-multifuncional-resistente-a-quedas-com-compartimento-traseiro-para-cartao\\\/#primaryimage\",\"url\":\"https:\\\/\\\/fluxolimpo.ia.br\\\/loja\\\/wp-content\\\/uploads\\\/2026\\\/04\\\/d414222b-c5f5-45b2-9400-e7923e337e51.jpg\",\"contentUrl\":\"https:\\\/\\\/fluxolimpo.ia.br\\\/loja\\\/wp-content\\\/uploads\\\/2026\\\/04\\\/d414222b-c5f5-45b2-9400-e7923e337e51.jpg\",\"width\":1600,\"height\":1600},{\"@type\":\"BreadcrumbList\",\"@id\":\"https:\\\/\\\/fluxolimpo.ia.br\\\/loja\\\/produto\\\/carregador-sem-fio-magnetico-magsafe-multifuncional-resistente-a-quedas-com-compartimento-traseiro-para-cartao\\\/#breadcrumb\",\"itemListElement\":[{\"@type\":\"ListItem\",\"position\":1,\"name\":\"In\u00edcio\",\"item\":\"https:\\\/\\\/fluxolimpo.ia.br\\\/loja\\\/\"},{\"@type\":\"ListItem\",\"position\":2,\"name\":\"Shop\",\"item\":\"https:\\\/\\\/fluxolimpo.ia.br\\\/loja\\\/\"},{\"@type\":\"ListItem\",\"position\":3,\"name\":\"Carregador sem fio magn\u00e9tico MagSafe, multifuncional, resistente a quedas, com compartimento traseiro para cart\u00e3o.\"}]},{\"@type\":\"WebSite\",\"@id\":\"https:\\\/\\\/fluxolimpo.ia.br\\\/loja\\\/#website\",\"url\":\"https:\\\/\\\/fluxolimpo.ia.br\\\/loja\\\/\",\"name\":\"Fluxo limpo Tech - Loja Virtual\",\"description\":\"AppS, Scripts e Produtos Importados Exclusivos\",\"publisher\":{\"@id\":\"https:\\\/\\\/fluxolimpo.ia.br\\\/loja\\\/#organization\"},\"potentialAction\":[{\"@type\":\"SearchAction\",\"target\":{\"@type\":\"EntryPoint\",\"urlTemplate\":\"https:\\\/\\\/fluxolimpo.ia.br\\\/loja\\\/?s={search_term_string}\"},\"query-input\":{\"@type\":\"PropertyValueSpecification\",\"valueRequired\":true,\"valueName\":\"search_term_string\"}}],\"inLanguage\":\"pt-BR\"},{\"@type\":\"Organization\",\"@id\":\"https:\\\/\\\/fluxolimpo.ia.br\\\/loja\\\/#organization\",\"name\":\"Fluxo limpo Tech - Loja Virtual\",\"url\":\"https:\\\/\\\/fluxolimpo.ia.br\\\/loja\\\/\",\"logo\":{\"@type\":\"ImageObject\",\"inLanguage\":\"pt-BR\",\"@id\":\"https:\\\/\\\/fluxolimpo.ia.br\\\/loja\\\/#\\\/schema\\\/logo\\\/image\\\/\",\"url\":\"https:\\\/\\\/fluxolimpo.ia.br\\\/loja\\\/wp-content\\\/uploads\\\/2026\\\/03\\\/cropped-logolojamini-1.png\",\"contentUrl\":\"https:\\\/\\\/fluxolimpo.ia.br\\\/loja\\\/wp-content\\\/uploads\\\/2026\\\/03\\\/cropped-logolojamini-1.png\",\"width\":321,\"height\":87,\"caption\":\"Fluxo limpo Tech - Loja Virtual\"},\"image\":{\"@id\":\"https:\\\/\\\/fluxolimpo.ia.br\\\/loja\\\/#\\\/schema\\\/logo\\\/image\\\/\"}}]}<\/script>\n<!-- \/ Yoast SEO plugin. -->","yoast_head_json":{"title":"Carregador sem fio magn\u00e9tico MagSafe, multifuncional, resistente a quedas, com compartimento traseiro para cart\u00e3o. - Fluxo limpo Tech - Loja Virtual","robots":{"index":"index","follow":"follow","max-snippet":"max-snippet:-1","max-image-preview":"max-image-preview:large","max-video-preview":"max-video-preview:-1"},"canonical":"https:\/\/fluxolimpo.ia.br\/loja\/produto\/carregador-sem-fio-magnetico-magsafe-multifuncional-resistente-a-quedas-com-compartimento-traseiro-para-cartao\/","og_locale":"pt_BR","og_type":"article","og_title":"Carregador sem fio magn\u00e9tico MagSafe, multifuncional, resistente a quedas, com compartimento traseiro para cart\u00e3o. - Fluxo limpo Tech - Loja Virtual","og_description":"Informa\u00e7\u00f5es do produto: Cor: [preto] padr\u00e3o de cera oleada | Porta-cart\u00f5es magn\u00e9tico, [marrom] padr\u00e3o de cera oleada | Porta-cart\u00f5es magn\u00e9tico, [c\u00e1qui] padr\u00e3o de cera oleada | Porta-cart\u00f5es magn\u00e9tico, [azul] padr\u00e3o de cera oleada | Porta-cart\u00f5es magn\u00e9tico, [vermelho] padr\u00e3o de cera oleada | Porta-cart\u00f5es magn\u00e9tico Modelo aplic\u00e1vel: Apple Fun\u00e7\u00e3o: Prote\u00e7\u00e3o contra quedas Material: Silicone Estilo: capa [&hellip;]","og_url":"https:\/\/fluxolimpo.ia.br\/loja\/produto\/carregador-sem-fio-magnetico-magsafe-multifuncional-resistente-a-quedas-com-compartimento-traseiro-para-cartao\/","og_site_name":"Fluxo limpo Tech - Loja Virtual","og_image":[{"width":1600,"height":1600,"url":"https:\/\/fluxolimpo.ia.br\/loja\/wp-content\/uploads\/2026\/04\/d414222b-c5f5-45b2-9400-e7923e337e51.jpg","type":"image\/jpeg"}],"twitter_card":"summary_large_image","schema":{"@context":"https:\/\/schema.org","@graph":[{"@type":"WebPage","@id":"https:\/\/fluxolimpo.ia.br\/loja\/produto\/carregador-sem-fio-magnetico-magsafe-multifuncional-resistente-a-quedas-com-compartimento-traseiro-para-cartao\/","url":"https:\/\/fluxolimpo.ia.br\/loja\/produto\/carregador-sem-fio-magnetico-magsafe-multifuncional-resistente-a-quedas-com-compartimento-traseiro-para-cartao\/","name":"Carregador sem fio magn\u00e9tico MagSafe, multifuncional, resistente a quedas, com compartimento traseiro para cart\u00e3o. - Fluxo limpo Tech - Loja Virtual","isPartOf":{"@id":"https:\/\/fluxolimpo.ia.br\/loja\/#website"},"primaryImageOfPage":{"@id":"https:\/\/fluxolimpo.ia.br\/loja\/produto\/carregador-sem-fio-magnetico-magsafe-multifuncional-resistente-a-quedas-com-compartimento-traseiro-para-cartao\/#primaryimage"},"image":{"@id":"https:\/\/fluxolimpo.ia.br\/loja\/produto\/carregador-sem-fio-magnetico-magsafe-multifuncional-resistente-a-quedas-com-compartimento-traseiro-para-cartao\/#primaryimage"},"thumbnailUrl":"https:\/\/fluxolimpo.ia.br\/loja\/wp-content\/uploads\/2026\/04\/d414222b-c5f5-45b2-9400-e7923e337e51.jpg","datePublished":"2026-04-12T23:19:22+00:00","breadcrumb":{"@id":"https:\/\/fluxolimpo.ia.br\/loja\/produto\/carregador-sem-fio-magnetico-magsafe-multifuncional-resistente-a-quedas-com-compartimento-traseiro-para-cartao\/#breadcrumb"},"inLanguage":"pt-BR","potentialAction":[{"@type":"ReadAction","target":["https:\/\/fluxolimpo.ia.br\/loja\/produto\/carregador-sem-fio-magnetico-magsafe-multifuncional-resistente-a-quedas-com-compartimento-traseiro-para-cartao\/"]}]},{"@type":"ImageObject","inLanguage":"pt-BR","@id":"https:\/\/fluxolimpo.ia.br\/loja\/produto\/carregador-sem-fio-magnetico-magsafe-multifuncional-resistente-a-quedas-com-compartimento-traseiro-para-cartao\/#primaryimage","url":"https:\/\/fluxolimpo.ia.br\/loja\/wp-content\/uploads\/2026\/04\/d414222b-c5f5-45b2-9400-e7923e337e51.jpg","contentUrl":"https:\/\/fluxolimpo.ia.br\/loja\/wp-content\/uploads\/2026\/04\/d414222b-c5f5-45b2-9400-e7923e337e51.jpg","width":1600,"height":1600},{"@type":"BreadcrumbList","@id":"https:\/\/fluxolimpo.ia.br\/loja\/produto\/carregador-sem-fio-magnetico-magsafe-multifuncional-resistente-a-quedas-com-compartimento-traseiro-para-cartao\/#breadcrumb","itemListElement":[{"@type":"ListItem","position":1,"name":"In\u00edcio","item":"https:\/\/fluxolimpo.ia.br\/loja\/"},{"@type":"ListItem","position":2,"name":"Shop","item":"https:\/\/fluxolimpo.ia.br\/loja\/"},{"@type":"ListItem","position":3,"name":"Carregador sem fio magn\u00e9tico MagSafe, multifuncional, resistente a quedas, com compartimento traseiro para cart\u00e3o."}]},{"@type":"WebSite","@id":"https:\/\/fluxolimpo.ia.br\/loja\/#website","url":"https:\/\/fluxolimpo.ia.br\/loja\/","name":"Fluxo limpo Tech - Loja Virtual","description":"AppS, Scripts e Produtos Importados Exclusivos","publisher":{"@id":"https:\/\/fluxolimpo.ia.br\/loja\/#organization"},"potentialAction":[{"@type":"SearchAction","target":{"@type":"EntryPoint","urlTemplate":"https:\/\/fluxolimpo.ia.br\/loja\/?s={search_term_string}"},"query-input":{"@type":"PropertyValueSpecification","valueRequired":true,"valueName":"search_term_string"}}],"inLanguage":"pt-BR"},{"@type":"Organization","@id":"https:\/\/fluxolimpo.ia.br\/loja\/#organization","name":"Fluxo limpo Tech - Loja Virtual","url":"https:\/\/fluxolimpo.ia.br\/loja\/","logo":{"@type":"ImageObject","inLanguage":"pt-BR","@id":"https:\/\/fluxolimpo.ia.br\/loja\/#\/schema\/logo\/image\/","url":"https:\/\/fluxolimpo.ia.br\/loja\/wp-content\/uploads\/2026\/03\/cropped-logolojamini-1.png","contentUrl":"https:\/\/fluxolimpo.ia.br\/loja\/wp-content\/uploads\/2026\/03\/cropped-logolojamini-1.png","width":321,"height":87,"caption":"Fluxo limpo Tech - Loja Virtual"},"image":{"@id":"https:\/\/fluxolimpo.ia.br\/loja\/#\/schema\/logo\/image\/"}}]}},"_links":{"self":[{"href":"https:\/\/fluxolimpo.ia.br\/loja\/wp-json\/wp\/v2\/product\/22555","targetHints":{"allow":["GET"]}}],"collection":[{"href":"https:\/\/fluxolimpo.ia.br\/loja\/wp-json\/wp\/v2\/product"}],"about":[{"href":"https:\/\/fluxolimpo.ia.br\/loja\/wp-json\/wp\/v2\/types\/product"}],"wp:featuredmedia":[{"embeddable":true,"href":"https:\/\/fluxolimpo.ia.br\/loja\/wp-json\/wp\/v2\/media\/22545"}],"wp:attachment":[{"href":"https:\/\/fluxolimpo.ia.br\/loja\/wp-json\/wp\/v2\/media?parent=22555"}],"wp:term":[{"taxonomy":"product_brand","embeddable":true,"href":"https:\/\/fluxolimpo.ia.br\/loja\/wp-json\/wp\/v2\/product_brand?post=22555"},{"taxonomy":"product_cat","embeddable":true,"href":"https:\/\/fluxolimpo.ia.br\/loja\/wp-json\/wp\/v2\/product_cat?post=22555"},{"taxonomy":"product_tag","embeddable":true,"href":"https:\/\/fluxolimpo.ia.br\/loja\/wp-json\/wp\/v2\/product_tag?post=22555"}],"curies":[{"name":"wp","href":"https:\/\/api.w.org\/{rel}","templated":true}]}}