{"id":22360,"date":"2026-04-12T01:01:16","date_gmt":"2026-04-12T04:01:16","guid":{"rendered":"https:\/\/fluxolimpo.ia.br\/loja\/produto\/gradient-bluetooth-headset-foldable-wireless\/"},"modified":"2026-04-20T16:56:57","modified_gmt":"2026-04-20T19:56:57","slug":"fone-de-ouvido-bluetooth-dobravel-sem-fio","status":"publish","type":"product","link":"https:\/\/fluxolimpo.ia.br\/loja\/produto\/fone-de-ouvido-bluetooth-dobravel-sem-fio\/","title":{"rendered":"Fone de ouvido Bluetooth dobr\u00e1vel sem fio"},"content":{"rendered":"<p><b>Informa\u00e7\u00f5es do produto:<\/b><\/p>\n<p>Alcance de transmiss\u00e3o: 10 metros<br \/>\nRecursos: indicador de bateria, fun\u00e7\u00e3o de chamada, controle de voz, suporte para m\u00fasica, conex\u00e3o multiponto<br \/>\nProtocolo Bluetooth: 5.2<br \/>\nCanal: Est\u00e9reo<br \/>\nCores: azul, rosa, verde, roxo, preto<br \/>\n<span style=\"font-size: 1em;\">M\u00e9todo de carregamento: USB<\/span><\/p>\n<p><b>Lista de embalagem:<\/b><\/p>\n<p>Fone de ouvido*1<\/p>\n<p>&nbsp;<\/p>\n<p><img decoding=\"async\" src=\"https:\/\/cf.cjdropshipping.com\/295839a0-422e-4796-af65-8bc4f9b92cf6.jpg\" \/> <img decoding=\"async\" src=\"https:\/\/cf.cjdropshipping.com\/a6496a53-fb1b-4162-8d9a-ae090ffc31aa.jpg\" \/> <img decoding=\"async\" src=\"https:\/\/cf.cjdropshipping.com\/21b0d08e-87cd-4ab1-8bc7-13d70e421379.jpg\" \/> <img decoding=\"async\" src=\"https:\/\/cf.cjdropshipping.com\/e5c68495-d73c-4799-9b1c-3827704504a2.jpg\" \/> <img decoding=\"async\" src=\"https:\/\/cf.cjdropshipping.com\/8aa382a3-6ccc-4e06-abf1-1eb2a70025a4.jpg\" \/> <img decoding=\"async\" src=\"https:\/\/cf.cjdropshipping.com\/94daa855-07b2-42ea-b797-a5a44e048012.jpg\" \/> <img decoding=\"async\" src=\"https:\/\/cf.cjdropshipping.com\/58abe0b9-d9ea-4bc8-b53d-808a3fe9d5e5.jpg\" \/><\/p>\n","protected":false},"excerpt":{"rendered":"<p>Informa\u00e7\u00f5es do produto: Alcance de transmiss\u00e3o: 10 metros Recursos: indicador de bateria, fun\u00e7\u00e3o de chamada, controle de voz, suporte para m\u00fasica, conex\u00e3o multiponto Protocolo Bluetooth: 5.2 Canal: Est\u00e9reo Cores: azul, rosa, verde, roxo, preto M\u00e9todo de carregamento: USB Lista de embalagem: Fone de ouvido*1 &nbsp;<\/p>\n","protected":false},"featured_media":22350,"template":"","meta":{"inline_featured_image":false,"_monsterinsights_skip_tracking":false,"_monsterinsights_sitenote_active":false,"_monsterinsights_sitenote_note":"","_monsterinsights_sitenote_category":0,"_mbp_gutenberg_autopost":false},"product_brand":[],"product_cat":[234,663],"product_tag":[693,728],"class_list":{"0":"post-22360","1":"product","2":"type-product","3":"status-publish","4":"has-post-thumbnail","6":"product_cat-pc-gaming","7":"product_cat-eletronicos-consumo","8":"product_tag-bluetooth","9":"product_tag-fone-de-ouvido","11":"first","12":"instock","13":"shipping-taxable","14":"purchasable","15":"product-type-variable"},"yoast_head":"<!-- This site is optimized with the Yoast SEO plugin v27.4 - https:\/\/yoast.com\/product\/yoast-seo-wordpress\/ -->\n<title>Fone de ouvido Bluetooth dobr\u00e1vel sem fio - Fluxo limpo Tech - Loja Virtual<\/title>\n<meta name=\"robots\" content=\"index, follow, max-snippet:-1, max-image-preview:large, max-video-preview:-1\" \/>\n<link rel=\"canonical\" href=\"https:\/\/fluxolimpo.ia.br\/loja\/produto\/fone-de-ouvido-bluetooth-dobravel-sem-fio\/\" \/>\n<meta property=\"og:locale\" content=\"pt_BR\" \/>\n<meta property=\"og:type\" content=\"article\" \/>\n<meta property=\"og:title\" content=\"Fone de ouvido Bluetooth dobr\u00e1vel sem fio - Fluxo limpo Tech - Loja Virtual\" \/>\n<meta property=\"og:description\" content=\"Informa\u00e7\u00f5es do produto: Alcance de transmiss\u00e3o: 10 metros Recursos: indicador de bateria, fun\u00e7\u00e3o de chamada, controle de voz, suporte para m\u00fasica, conex\u00e3o multiponto Protocolo Bluetooth: 5.2 Canal: Est\u00e9reo Cores: azul, rosa, verde, roxo, preto M\u00e9todo de carregamento: USB Lista de embalagem: Fone de ouvido*1 &nbsp;\" \/>\n<meta property=\"og:url\" content=\"https:\/\/fluxolimpo.ia.br\/loja\/produto\/fone-de-ouvido-bluetooth-dobravel-sem-fio\/\" \/>\n<meta property=\"og:site_name\" content=\"Fluxo limpo Tech - Loja Virtual\" \/>\n<meta property=\"article:modified_time\" content=\"2026-04-20T19:56:57+00:00\" \/>\n<meta property=\"og:image\" content=\"https:\/\/fluxolimpo.ia.br\/loja\/wp-content\/uploads\/2026\/04\/3b3b492e-a4bc-457b-9557-5dfe10a36892.jpg\" \/>\n\t<meta property=\"og:image:width\" content=\"800\" \/>\n\t<meta property=\"og:image:height\" content=\"800\" \/>\n\t<meta property=\"og:image:type\" content=\"image\/jpeg\" \/>\n<meta name=\"twitter:card\" content=\"summary_large_image\" \/>\n<script type=\"application\/ld+json\" class=\"yoast-schema-graph\">{\"@context\":\"https:\\\/\\\/schema.org\",\"@graph\":[{\"@type\":\"WebPage\",\"@id\":\"https:\\\/\\\/fluxolimpo.ia.br\\\/loja\\\/produto\\\/fone-de-ouvido-bluetooth-dobravel-sem-fio\\\/\",\"url\":\"https:\\\/\\\/fluxolimpo.ia.br\\\/loja\\\/produto\\\/fone-de-ouvido-bluetooth-dobravel-sem-fio\\\/\",\"name\":\"Fone de ouvido Bluetooth dobr\u00e1vel sem fio - Fluxo limpo Tech - Loja Virtual\",\"isPartOf\":{\"@id\":\"https:\\\/\\\/fluxolimpo.ia.br\\\/loja\\\/#website\"},\"primaryImageOfPage\":{\"@id\":\"https:\\\/\\\/fluxolimpo.ia.br\\\/loja\\\/produto\\\/fone-de-ouvido-bluetooth-dobravel-sem-fio\\\/#primaryimage\"},\"image\":{\"@id\":\"https:\\\/\\\/fluxolimpo.ia.br\\\/loja\\\/produto\\\/fone-de-ouvido-bluetooth-dobravel-sem-fio\\\/#primaryimage\"},\"thumbnailUrl\":\"https:\\\/\\\/fluxolimpo.ia.br\\\/loja\\\/wp-content\\\/uploads\\\/2026\\\/04\\\/3b3b492e-a4bc-457b-9557-5dfe10a36892.jpg\",\"datePublished\":\"2026-04-12T04:01:16+00:00\",\"dateModified\":\"2026-04-20T19:56:57+00:00\",\"breadcrumb\":{\"@id\":\"https:\\\/\\\/fluxolimpo.ia.br\\\/loja\\\/produto\\\/fone-de-ouvido-bluetooth-dobravel-sem-fio\\\/#breadcrumb\"},\"inLanguage\":\"pt-BR\",\"potentialAction\":[{\"@type\":\"ReadAction\",\"target\":[\"https:\\\/\\\/fluxolimpo.ia.br\\\/loja\\\/produto\\\/fone-de-ouvido-bluetooth-dobravel-sem-fio\\\/\"]}]},{\"@type\":\"ImageObject\",\"inLanguage\":\"pt-BR\",\"@id\":\"https:\\\/\\\/fluxolimpo.ia.br\\\/loja\\\/produto\\\/fone-de-ouvido-bluetooth-dobravel-sem-fio\\\/#primaryimage\",\"url\":\"https:\\\/\\\/fluxolimpo.ia.br\\\/loja\\\/wp-content\\\/uploads\\\/2026\\\/04\\\/3b3b492e-a4bc-457b-9557-5dfe10a36892.jpg\",\"contentUrl\":\"https:\\\/\\\/fluxolimpo.ia.br\\\/loja\\\/wp-content\\\/uploads\\\/2026\\\/04\\\/3b3b492e-a4bc-457b-9557-5dfe10a36892.jpg\",\"width\":800,\"height\":800},{\"@type\":\"BreadcrumbList\",\"@id\":\"https:\\\/\\\/fluxolimpo.ia.br\\\/loja\\\/produto\\\/fone-de-ouvido-bluetooth-dobravel-sem-fio\\\/#breadcrumb\",\"itemListElement\":[{\"@type\":\"ListItem\",\"position\":1,\"name\":\"In\u00edcio\",\"item\":\"https:\\\/\\\/fluxolimpo.ia.br\\\/loja\\\/\"},{\"@type\":\"ListItem\",\"position\":2,\"name\":\"Shop\",\"item\":\"https:\\\/\\\/fluxolimpo.ia.br\\\/loja\\\/\"},{\"@type\":\"ListItem\",\"position\":3,\"name\":\"Fone de ouvido Bluetooth dobr\u00e1vel sem fio\"}]},{\"@type\":\"WebSite\",\"@id\":\"https:\\\/\\\/fluxolimpo.ia.br\\\/loja\\\/#website\",\"url\":\"https:\\\/\\\/fluxolimpo.ia.br\\\/loja\\\/\",\"name\":\"Fluxo limpo Tech - Loja Virtual\",\"description\":\"AppS, Scripts e Produtos Importados Exclusivos\",\"publisher\":{\"@id\":\"https:\\\/\\\/fluxolimpo.ia.br\\\/loja\\\/#organization\"},\"potentialAction\":[{\"@type\":\"SearchAction\",\"target\":{\"@type\":\"EntryPoint\",\"urlTemplate\":\"https:\\\/\\\/fluxolimpo.ia.br\\\/loja\\\/?s={search_term_string}\"},\"query-input\":{\"@type\":\"PropertyValueSpecification\",\"valueRequired\":true,\"valueName\":\"search_term_string\"}}],\"inLanguage\":\"pt-BR\"},{\"@type\":\"Organization\",\"@id\":\"https:\\\/\\\/fluxolimpo.ia.br\\\/loja\\\/#organization\",\"name\":\"Fluxo limpo Tech - Loja Virtual\",\"url\":\"https:\\\/\\\/fluxolimpo.ia.br\\\/loja\\\/\",\"logo\":{\"@type\":\"ImageObject\",\"inLanguage\":\"pt-BR\",\"@id\":\"https:\\\/\\\/fluxolimpo.ia.br\\\/loja\\\/#\\\/schema\\\/logo\\\/image\\\/\",\"url\":\"https:\\\/\\\/fluxolimpo.ia.br\\\/loja\\\/wp-content\\\/uploads\\\/2026\\\/03\\\/cropped-logolojamini-1.png\",\"contentUrl\":\"https:\\\/\\\/fluxolimpo.ia.br\\\/loja\\\/wp-content\\\/uploads\\\/2026\\\/03\\\/cropped-logolojamini-1.png\",\"width\":321,\"height\":87,\"caption\":\"Fluxo limpo Tech - Loja Virtual\"},\"image\":{\"@id\":\"https:\\\/\\\/fluxolimpo.ia.br\\\/loja\\\/#\\\/schema\\\/logo\\\/image\\\/\"}}]}<\/script>\n<!-- \/ Yoast SEO plugin. -->","yoast_head_json":{"title":"Fone de ouvido Bluetooth dobr\u00e1vel sem fio - Fluxo limpo Tech - Loja Virtual","robots":{"index":"index","follow":"follow","max-snippet":"max-snippet:-1","max-image-preview":"max-image-preview:large","max-video-preview":"max-video-preview:-1"},"canonical":"https:\/\/fluxolimpo.ia.br\/loja\/produto\/fone-de-ouvido-bluetooth-dobravel-sem-fio\/","og_locale":"pt_BR","og_type":"article","og_title":"Fone de ouvido Bluetooth dobr\u00e1vel sem fio - Fluxo limpo Tech - Loja Virtual","og_description":"Informa\u00e7\u00f5es do produto: Alcance de transmiss\u00e3o: 10 metros Recursos: indicador de bateria, fun\u00e7\u00e3o de chamada, controle de voz, suporte para m\u00fasica, conex\u00e3o multiponto Protocolo Bluetooth: 5.2 Canal: Est\u00e9reo Cores: azul, rosa, verde, roxo, preto M\u00e9todo de carregamento: USB Lista de embalagem: Fone de ouvido*1 &nbsp;","og_url":"https:\/\/fluxolimpo.ia.br\/loja\/produto\/fone-de-ouvido-bluetooth-dobravel-sem-fio\/","og_site_name":"Fluxo limpo Tech - Loja Virtual","article_modified_time":"2026-04-20T19:56:57+00:00","og_image":[{"width":800,"height":800,"url":"https:\/\/fluxolimpo.ia.br\/loja\/wp-content\/uploads\/2026\/04\/3b3b492e-a4bc-457b-9557-5dfe10a36892.jpg","type":"image\/jpeg"}],"twitter_card":"summary_large_image","schema":{"@context":"https:\/\/schema.org","@graph":[{"@type":"WebPage","@id":"https:\/\/fluxolimpo.ia.br\/loja\/produto\/fone-de-ouvido-bluetooth-dobravel-sem-fio\/","url":"https:\/\/fluxolimpo.ia.br\/loja\/produto\/fone-de-ouvido-bluetooth-dobravel-sem-fio\/","name":"Fone de ouvido Bluetooth dobr\u00e1vel sem fio - Fluxo limpo Tech - Loja Virtual","isPartOf":{"@id":"https:\/\/fluxolimpo.ia.br\/loja\/#website"},"primaryImageOfPage":{"@id":"https:\/\/fluxolimpo.ia.br\/loja\/produto\/fone-de-ouvido-bluetooth-dobravel-sem-fio\/#primaryimage"},"image":{"@id":"https:\/\/fluxolimpo.ia.br\/loja\/produto\/fone-de-ouvido-bluetooth-dobravel-sem-fio\/#primaryimage"},"thumbnailUrl":"https:\/\/fluxolimpo.ia.br\/loja\/wp-content\/uploads\/2026\/04\/3b3b492e-a4bc-457b-9557-5dfe10a36892.jpg","datePublished":"2026-04-12T04:01:16+00:00","dateModified":"2026-04-20T19:56:57+00:00","breadcrumb":{"@id":"https:\/\/fluxolimpo.ia.br\/loja\/produto\/fone-de-ouvido-bluetooth-dobravel-sem-fio\/#breadcrumb"},"inLanguage":"pt-BR","potentialAction":[{"@type":"ReadAction","target":["https:\/\/fluxolimpo.ia.br\/loja\/produto\/fone-de-ouvido-bluetooth-dobravel-sem-fio\/"]}]},{"@type":"ImageObject","inLanguage":"pt-BR","@id":"https:\/\/fluxolimpo.ia.br\/loja\/produto\/fone-de-ouvido-bluetooth-dobravel-sem-fio\/#primaryimage","url":"https:\/\/fluxolimpo.ia.br\/loja\/wp-content\/uploads\/2026\/04\/3b3b492e-a4bc-457b-9557-5dfe10a36892.jpg","contentUrl":"https:\/\/fluxolimpo.ia.br\/loja\/wp-content\/uploads\/2026\/04\/3b3b492e-a4bc-457b-9557-5dfe10a36892.jpg","width":800,"height":800},{"@type":"BreadcrumbList","@id":"https:\/\/fluxolimpo.ia.br\/loja\/produto\/fone-de-ouvido-bluetooth-dobravel-sem-fio\/#breadcrumb","itemListElement":[{"@type":"ListItem","position":1,"name":"In\u00edcio","item":"https:\/\/fluxolimpo.ia.br\/loja\/"},{"@type":"ListItem","position":2,"name":"Shop","item":"https:\/\/fluxolimpo.ia.br\/loja\/"},{"@type":"ListItem","position":3,"name":"Fone de ouvido Bluetooth dobr\u00e1vel sem fio"}]},{"@type":"WebSite","@id":"https:\/\/fluxolimpo.ia.br\/loja\/#website","url":"https:\/\/fluxolimpo.ia.br\/loja\/","name":"Fluxo limpo Tech - Loja Virtual","description":"AppS, Scripts e Produtos Importados Exclusivos","publisher":{"@id":"https:\/\/fluxolimpo.ia.br\/loja\/#organization"},"potentialAction":[{"@type":"SearchAction","target":{"@type":"EntryPoint","urlTemplate":"https:\/\/fluxolimpo.ia.br\/loja\/?s={search_term_string}"},"query-input":{"@type":"PropertyValueSpecification","valueRequired":true,"valueName":"search_term_string"}}],"inLanguage":"pt-BR"},{"@type":"Organization","@id":"https:\/\/fluxolimpo.ia.br\/loja\/#organization","name":"Fluxo limpo Tech - Loja Virtual","url":"https:\/\/fluxolimpo.ia.br\/loja\/","logo":{"@type":"ImageObject","inLanguage":"pt-BR","@id":"https:\/\/fluxolimpo.ia.br\/loja\/#\/schema\/logo\/image\/","url":"https:\/\/fluxolimpo.ia.br\/loja\/wp-content\/uploads\/2026\/03\/cropped-logolojamini-1.png","contentUrl":"https:\/\/fluxolimpo.ia.br\/loja\/wp-content\/uploads\/2026\/03\/cropped-logolojamini-1.png","width":321,"height":87,"caption":"Fluxo limpo Tech - Loja Virtual"},"image":{"@id":"https:\/\/fluxolimpo.ia.br\/loja\/#\/schema\/logo\/image\/"}}]}},"_links":{"self":[{"href":"https:\/\/fluxolimpo.ia.br\/loja\/wp-json\/wp\/v2\/product\/22360","targetHints":{"allow":["GET"]}}],"collection":[{"href":"https:\/\/fluxolimpo.ia.br\/loja\/wp-json\/wp\/v2\/product"}],"about":[{"href":"https:\/\/fluxolimpo.ia.br\/loja\/wp-json\/wp\/v2\/types\/product"}],"wp:featuredmedia":[{"embeddable":true,"href":"https:\/\/fluxolimpo.ia.br\/loja\/wp-json\/wp\/v2\/media\/22350"}],"wp:attachment":[{"href":"https:\/\/fluxolimpo.ia.br\/loja\/wp-json\/wp\/v2\/media?parent=22360"}],"wp:term":[{"taxonomy":"product_brand","embeddable":true,"href":"https:\/\/fluxolimpo.ia.br\/loja\/wp-json\/wp\/v2\/product_brand?post=22360"},{"taxonomy":"product_cat","embeddable":true,"href":"https:\/\/fluxolimpo.ia.br\/loja\/wp-json\/wp\/v2\/product_cat?post=22360"},{"taxonomy":"product_tag","embeddable":true,"href":"https:\/\/fluxolimpo.ia.br\/loja\/wp-json\/wp\/v2\/product_tag?post=22360"}],"curies":[{"name":"wp","href":"https:\/\/api.w.org\/{rel}","templated":true}]}}