{"id":22211,"date":"2026-04-12T00:44:59","date_gmt":"2026-04-12T03:44:59","guid":{"rendered":"https:\/\/fluxolimpo.ia.br\/loja\/produto\/teclado-virtual-laser-projetor-telefone-com-teclado-sem-fio-bluetooth-para-pad-computador-portatil-com-a-funcao-de-mouse\/"},"modified":"2026-04-12T00:45:20","modified_gmt":"2026-04-12T03:45:20","slug":"teclado-virtual-laser-projetor-telefone-com-teclado-sem-fio-bluetooth-para-pad-computador-portatil-com-a-funcao-de-mouse","status":"publish","type":"product","link":"https:\/\/fluxolimpo.ia.br\/loja\/produto\/teclado-virtual-laser-projetor-telefone-com-teclado-sem-fio-bluetooth-para-pad-computador-portatil-com-a-funcao-de-mouse\/","title":{"rendered":"Teclado Virtual Laser Projetor Telefone com Teclado Sem Fio Bluetooth Para Pad Computador Port\u00e1til Com a Fun\u00e7\u00e3o de Mouse"},"content":{"rendered":"<p> <b> <font dir=\"auto\" style=\"vertical-align: inherit\"> <font dir=\"auto\" style=\"vertical-align: inherit\">Vis\u00e3o geral:<\/font> <\/font> <\/b> <br \/> <font dir=\"auto\" style=\"vertical-align: inherit\"> <font dir=\"auto\" style=\"vertical-align: inherit\"> Utilizando um novo algoritmo independente de pesquisa e desenvolvimento para lidar com o chip A80, o chip com algoritmo A80 consegue identificar efetivamente 7 pontos diferentes simultaneamente. A mudan\u00e7a visa aprimorar a anti-interfer\u00eancia do teclado, resultando em uma sensibilidade e precis\u00e3o de entrada superiores \u00e0 gera\u00e7\u00e3o anterior. Al\u00e9m disso, o modo mouse tamb\u00e9m suporta o aumento e a redu\u00e7\u00e3o da imagem no sistema Windows 7 e o reconhecimento do gesto de virar p\u00e1ginas. <\/font> <\/font> <br \/> <b> <br \/> <font dir=\"auto\" style=\"vertical-align: inherit\"> <font dir=\"auto\" style=\"vertical-align: inherit\">Especifica\u00e7\u00f5es<\/font> <\/font> <\/b>  <\/p>\n<p> <b> <font dir=\"auto\" style=\"vertical-align: inherit\"> <font dir=\"auto\" style=\"vertical-align: inherit\">1. Teclado branco<\/font> <\/font> <\/b> <br \/> <font dir=\"auto\" style=\"vertical-align: inherit\"> <font dir=\"auto\" style=\"vertical-align: inherit\"> Nome: KB630-M1 <\/font> <\/font> <br \/> <font dir=\"auto\" style=\"vertical-align: inherit\"> <font dir=\"auto\" style=\"vertical-align: inherit\">Tamanho do teclado: 9cm*4,5cm*5cm <\/font> <\/font> <br \/> <font dir=\"auto\" style=\"vertical-align: inherit\"> <font dir=\"auto\" style=\"vertical-align: inherit\">Tamanho da proje\u00e7\u00e3o: 10cm*25cm <\/font> <\/font> <br \/> <font dir=\"auto\" style=\"vertical-align: inherit\"> <font dir=\"auto\" style=\"vertical-align: inherit\">M\u00e9todo de conex\u00e3o: Cabo USB, Bluetooth (chip Bluetooth importado)&nbsp;<\/font> <\/font> <\/p>\n<p> <font dir=\"auto\" style=\"vertical-align: inherit\"> <font dir=\"auto\" style=\"vertical-align: inherit\">Capacidade da bateria: 2500mAh (m\u00e1x.) a 3,7V. <\/font> <\/font> <br \/> <font dir=\"auto\" style=\"vertical-align: inherit\"> <font dir=\"auto\" style=\"vertical-align: inherit\">Autonomia da bateria: 6 horas. <\/font> <\/font> <br \/> <font dir=\"auto\" style=\"vertical-align: inherit\"> <font dir=\"auto\" style=\"vertical-align: inherit\">Fun\u00e7\u00f5es principais: fun\u00e7\u00e3o de suporte, fun\u00e7\u00e3o de carregador port\u00e1til, cabo USB. <\/font> <\/font> <br \/> <font dir=\"auto\" style=\"vertical-align: inherit\"> <font dir=\"auto\" style=\"vertical-align: inherit\">Conex\u00e3o direta com o computador, fun\u00e7\u00e3o de teclado, fun\u00e7\u00e3o de mouse.<\/font> <\/font> <\/p>\n<p> <font dir=\"auto\" style=\"vertical-align: inherit\"> <font dir=\"auto\" style=\"vertical-align: inherit\">Layout do teclado: QWERTY (espa\u00e7amento de aproximadamente 20 mm) <\/font> <\/font> <br \/> <font dir=\"auto\" style=\"vertical-align: inherit\"> <font dir=\"auto\" style=\"vertical-align: inherit\">Fonte de luz: laser vermelho <\/font> <\/font> <br \/> <font dir=\"auto\" style=\"vertical-align: inherit\"> <font dir=\"auto\" style=\"vertical-align: inherit\">Plataforma de trabalho: superf\u00edcie plana e opaca n\u00e3o refletora <\/font> <\/font> <br \/> <font dir=\"auto\" style=\"vertical-align: inherit\"> <font dir=\"auto\" style=\"vertical-align: inherit\">Bluetooth: v3.0 HID PROFILEVER 1.0 <\/font> <\/font> <br \/> <font dir=\"auto\" style=\"vertical-align: inherit\"> <font dir=\"auto\" style=\"vertical-align: inherit\">Faixa de frequ\u00eancia: 2402-2480 MHz <\/font> <\/font> <br \/> <font dir=\"auto\" style=\"vertical-align: inherit\"> <font dir=\"auto\" style=\"vertical-align: inherit\">M\u00e9todo de modula\u00e7\u00e3o: GFSK <\/font> <\/font> <br \/> <font dir=\"auto\" style=\"vertical-align: inherit\"> <font dir=\"auto\" style=\"vertical-align: inherit\">Canais: 79<\/font> <\/font> <\/p>\n<p> <b> <font dir=\"auto\" style=\"vertical-align: inherit\"> <font dir=\"auto\" style=\"vertical-align: inherit\">2. Teclado preto<\/font> <\/font> <\/b> <br \/> <font dir=\"auto\" style=\"vertical-align: inherit\"> <font dir=\"auto\" style=\"vertical-align: inherit\"> Nome: KB560S <\/font> <\/font> <br \/> <font dir=\"auto\" style=\"vertical-align: inherit\"> <font dir=\"auto\" style=\"vertical-align: inherit\">Tamanho do teclado: 7,8 cm * 4 cm * 1,9 cm Tamanho da proje\u00e7\u00e3o: 10 cm * 24 cm <\/font> <\/font> <br \/> <font dir=\"auto\" style=\"vertical-align: inherit\"> <font dir=\"auto\" style=\"vertical-align: inherit\">M\u00e9todo de conex\u00e3o: Bluetooth (caso n\u00e3o possua Bluetooth, ser\u00e1 necess\u00e1rio um adaptador Bluetooth)&nbsp;<\/font> <\/font> <\/p>\n<p> <font dir=\"auto\" style=\"vertical-align: inherit\"> <font dir=\"auto\" style=\"vertical-align: inherit\">Capacidade da bateria: 700mAh (m\u00e1x.) a 3,7V. <\/font> <\/font> <br \/> <font dir=\"auto\" style=\"vertical-align: inherit\"> <font dir=\"auto\" style=\"vertical-align: inherit\">Autonomia da bateria: 120 minutos. <\/font> <\/font> <br \/> <font dir=\"auto\" style=\"vertical-align: inherit\"> <font dir=\"auto\" style=\"vertical-align: inherit\">Fun\u00e7\u00f5es principais: teclado e mouse.<\/font> <\/font> <\/p>\n<p> <font dir=\"auto\" style=\"vertical-align: inherit\"> <font dir=\"auto\" style=\"vertical-align: inherit\">Layout do teclado: QWERTY (espa\u00e7amento de aproximadamente 20 mm) <\/font> <\/font> <br \/> <font dir=\"auto\" style=\"vertical-align: inherit\"> <font dir=\"auto\" style=\"vertical-align: inherit\">Fonte de luz: laser vermelho <\/font> <\/font> <br \/> <font dir=\"auto\" style=\"vertical-align: inherit\"> <font dir=\"auto\" style=\"vertical-align: inherit\">Plataforma de trabalho: superf\u00edcie plana e opaca n\u00e3o refletiva <\/font> <\/font> <br \/> <font dir=\"auto\" style=\"vertical-align: inherit\"> <font dir=\"auto\" style=\"vertical-align: inherit\">Taxa de reconhecimento: 350 palavras\/min <\/font> <\/font> <br \/> <font dir=\"auto\" style=\"vertical-align: inherit\"> <font dir=\"auto\" style=\"vertical-align: inherit\">Bluetooth: v3.0 HID PROFILEVER 1.0 <\/font> <\/font> <br \/> <font dir=\"auto\" style=\"vertical-align: inherit\"> <font dir=\"auto\" style=\"vertical-align: inherit\">Faixa de frequ\u00eancia: 2402-2480 MHz <\/font> <\/font> <br \/> <font dir=\"auto\" style=\"vertical-align: inherit\"> <font dir=\"auto\" style=\"vertical-align: inherit\">M\u00e9todo de modula\u00e7\u00e3o: GFSK <\/font> <\/font> <br \/> <font dir=\"auto\" style=\"vertical-align: inherit\"> <font dir=\"auto\" style=\"vertical-align: inherit\">Canais: 79<\/font> <\/font> <\/p>\n<p> <b>Package Content :<\/b> <br \/> 1*Laser Keyboard <\/p>\n<p> <img decoding=\"async\" src=\"https:\/\/cf.cjdropshipping.com\/17157312\/2405150939040326700.jpg\"> <img decoding=\"async\" src=\"https:\/\/cf.cjdropshipping.com\/17157312\/2405150939040327100.jpg\"> <img decoding=\"async\" src=\"https:\/\/cf.cjdropshipping.com\/17157312\/2405150939040327500.jpg\">  <\/p>\n<p> <img decoding=\"async\" src=\"https:\/\/cf.cjdropshipping.com\/17157312\/2405150939040327800.jpg\"> <img decoding=\"async\" src=\"https:\/\/cf.cjdropshipping.com\/17157312\/2405150939040328100.jpg\"> <img decoding=\"async\" src=\"https:\/\/cf.cjdropshipping.com\/17157312\/2405150939040328500.jpg\"> <img decoding=\"async\" src=\"https:\/\/cf.cjdropshipping.com\/17157312\/2405150939040328800.jpg\"> <img decoding=\"async\" src=\"https:\/\/cf.cjdropshipping.com\/17157312\/2405150939040329100.jpg\"> <img decoding=\"async\" src=\"https:\/\/cf.cjdropshipping.com\/17157312\/2405150939040329700.jpg\"> <img decoding=\"async\" src=\"https:\/\/cf.cjdropshipping.com\/17157312\/2405150939050320000.jpg\"> <img decoding=\"async\" src=\"https:\/\/cf.cjdropshipping.com\/17157312\/2405150939050320500.jpg\"> <img decoding=\"async\" src=\"https:\/\/cf.cjdropshipping.com\/17157312\/2405150939050320900.jpg\"> <\/p>\n<p> <\/p>\n","protected":false},"excerpt":{"rendered":"<p>Vis\u00e3o geral: Utilizando um novo algoritmo independente de pesquisa e desenvolvimento para lidar com o chip A80, o chip com algoritmo A80 consegue identificar efetivamente 7 pontos diferentes simultaneamente. A mudan\u00e7a visa aprimorar a anti-interfer\u00eancia do teclado, resultando em uma sensibilidade e precis\u00e3o de entrada superiores \u00e0 gera\u00e7\u00e3o anterior. Al\u00e9m disso, o modo mouse tamb\u00e9m [&hellip;]<\/p>\n","protected":false},"featured_media":22201,"template":"","meta":{"inline_featured_image":false,"_monsterinsights_skip_tracking":false,"_monsterinsights_sitenote_active":false,"_monsterinsights_sitenote_note":"","_monsterinsights_sitenote_category":0,"_mbp_gutenberg_autopost":false},"product_brand":[],"product_cat":[234],"product_tag":[],"class_list":{"0":"post-22211","1":"product","2":"type-product","3":"status-publish","4":"has-post-thumbnail","6":"product_cat-pc-gaming","8":"first","9":"instock","10":"shipping-taxable","11":"purchasable","12":"product-type-variable"},"yoast_head":"<!-- This site is optimized with the Yoast SEO plugin v27.4 - https:\/\/yoast.com\/product\/yoast-seo-wordpress\/ -->\n<title>Teclado Virtual Laser Projetor Telefone com Teclado Sem Fio Bluetooth Para Pad Computador Port\u00e1til Com a Fun\u00e7\u00e3o de Mouse - Fluxo limpo Tech - Loja Virtual<\/title>\n<meta name=\"robots\" content=\"index, follow, max-snippet:-1, max-image-preview:large, max-video-preview:-1\" \/>\n<link rel=\"canonical\" href=\"https:\/\/fluxolimpo.ia.br\/loja\/produto\/teclado-virtual-laser-projetor-telefone-com-teclado-sem-fio-bluetooth-para-pad-computador-portatil-com-a-funcao-de-mouse\/\" \/>\n<meta property=\"og:locale\" content=\"pt_BR\" \/>\n<meta property=\"og:type\" content=\"article\" \/>\n<meta property=\"og:title\" content=\"Teclado Virtual Laser Projetor Telefone com Teclado Sem Fio Bluetooth Para Pad Computador Port\u00e1til Com a Fun\u00e7\u00e3o de Mouse - Fluxo limpo Tech - Loja Virtual\" \/>\n<meta property=\"og:description\" content=\"Vis\u00e3o geral: Utilizando um novo algoritmo independente de pesquisa e desenvolvimento para lidar com o chip A80, o chip com algoritmo A80 consegue identificar efetivamente 7 pontos diferentes simultaneamente. A mudan\u00e7a visa aprimorar a anti-interfer\u00eancia do teclado, resultando em uma sensibilidade e precis\u00e3o de entrada superiores \u00e0 gera\u00e7\u00e3o anterior. Al\u00e9m disso, o modo mouse tamb\u00e9m [&hellip;]\" \/>\n<meta property=\"og:url\" content=\"https:\/\/fluxolimpo.ia.br\/loja\/produto\/teclado-virtual-laser-projetor-telefone-com-teclado-sem-fio-bluetooth-para-pad-computador-portatil-com-a-funcao-de-mouse\/\" \/>\n<meta property=\"og:site_name\" content=\"Fluxo limpo Tech - Loja Virtual\" \/>\n<meta property=\"article:modified_time\" content=\"2026-04-12T03:45:20+00:00\" \/>\n<meta property=\"og:image\" content=\"https:\/\/fluxolimpo.ia.br\/loja\/wp-content\/uploads\/2026\/04\/2934374673762.jpg\" \/>\n\t<meta property=\"og:image:width\" content=\"400\" \/>\n\t<meta property=\"og:image:height\" content=\"400\" \/>\n\t<meta property=\"og:image:type\" content=\"image\/jpeg\" \/>\n<meta name=\"twitter:card\" content=\"summary_large_image\" \/>\n<meta name=\"twitter:label1\" content=\"Est. tempo de leitura\" \/>\n\t<meta name=\"twitter:data1\" content=\"1 minuto\" \/>\n<script type=\"application\/ld+json\" class=\"yoast-schema-graph\">{\"@context\":\"https:\\\/\\\/schema.org\",\"@graph\":[{\"@type\":\"WebPage\",\"@id\":\"https:\\\/\\\/fluxolimpo.ia.br\\\/loja\\\/produto\\\/teclado-virtual-laser-projetor-telefone-com-teclado-sem-fio-bluetooth-para-pad-computador-portatil-com-a-funcao-de-mouse\\\/\",\"url\":\"https:\\\/\\\/fluxolimpo.ia.br\\\/loja\\\/produto\\\/teclado-virtual-laser-projetor-telefone-com-teclado-sem-fio-bluetooth-para-pad-computador-portatil-com-a-funcao-de-mouse\\\/\",\"name\":\"Teclado Virtual Laser Projetor Telefone com Teclado Sem Fio Bluetooth Para Pad Computador Port\u00e1til Com a Fun\u00e7\u00e3o de Mouse - Fluxo limpo Tech - Loja Virtual\",\"isPartOf\":{\"@id\":\"https:\\\/\\\/fluxolimpo.ia.br\\\/loja\\\/#website\"},\"primaryImageOfPage\":{\"@id\":\"https:\\\/\\\/fluxolimpo.ia.br\\\/loja\\\/produto\\\/teclado-virtual-laser-projetor-telefone-com-teclado-sem-fio-bluetooth-para-pad-computador-portatil-com-a-funcao-de-mouse\\\/#primaryimage\"},\"image\":{\"@id\":\"https:\\\/\\\/fluxolimpo.ia.br\\\/loja\\\/produto\\\/teclado-virtual-laser-projetor-telefone-com-teclado-sem-fio-bluetooth-para-pad-computador-portatil-com-a-funcao-de-mouse\\\/#primaryimage\"},\"thumbnailUrl\":\"https:\\\/\\\/fluxolimpo.ia.br\\\/loja\\\/wp-content\\\/uploads\\\/2026\\\/04\\\/2934374673762.jpg\",\"datePublished\":\"2026-04-12T03:44:59+00:00\",\"dateModified\":\"2026-04-12T03:45:20+00:00\",\"breadcrumb\":{\"@id\":\"https:\\\/\\\/fluxolimpo.ia.br\\\/loja\\\/produto\\\/teclado-virtual-laser-projetor-telefone-com-teclado-sem-fio-bluetooth-para-pad-computador-portatil-com-a-funcao-de-mouse\\\/#breadcrumb\"},\"inLanguage\":\"pt-BR\",\"potentialAction\":[{\"@type\":\"ReadAction\",\"target\":[\"https:\\\/\\\/fluxolimpo.ia.br\\\/loja\\\/produto\\\/teclado-virtual-laser-projetor-telefone-com-teclado-sem-fio-bluetooth-para-pad-computador-portatil-com-a-funcao-de-mouse\\\/\"]}]},{\"@type\":\"ImageObject\",\"inLanguage\":\"pt-BR\",\"@id\":\"https:\\\/\\\/fluxolimpo.ia.br\\\/loja\\\/produto\\\/teclado-virtual-laser-projetor-telefone-com-teclado-sem-fio-bluetooth-para-pad-computador-portatil-com-a-funcao-de-mouse\\\/#primaryimage\",\"url\":\"https:\\\/\\\/fluxolimpo.ia.br\\\/loja\\\/wp-content\\\/uploads\\\/2026\\\/04\\\/2934374673762.jpg\",\"contentUrl\":\"https:\\\/\\\/fluxolimpo.ia.br\\\/loja\\\/wp-content\\\/uploads\\\/2026\\\/04\\\/2934374673762.jpg\",\"width\":400,\"height\":400},{\"@type\":\"BreadcrumbList\",\"@id\":\"https:\\\/\\\/fluxolimpo.ia.br\\\/loja\\\/produto\\\/teclado-virtual-laser-projetor-telefone-com-teclado-sem-fio-bluetooth-para-pad-computador-portatil-com-a-funcao-de-mouse\\\/#breadcrumb\",\"itemListElement\":[{\"@type\":\"ListItem\",\"position\":1,\"name\":\"In\u00edcio\",\"item\":\"https:\\\/\\\/fluxolimpo.ia.br\\\/loja\\\/\"},{\"@type\":\"ListItem\",\"position\":2,\"name\":\"Shop\",\"item\":\"https:\\\/\\\/fluxolimpo.ia.br\\\/loja\\\/\"},{\"@type\":\"ListItem\",\"position\":3,\"name\":\"Teclado Virtual Laser Projetor Telefone com Teclado Sem Fio Bluetooth Para Pad Computador Port\u00e1til Com a Fun\u00e7\u00e3o de Mouse\"}]},{\"@type\":\"WebSite\",\"@id\":\"https:\\\/\\\/fluxolimpo.ia.br\\\/loja\\\/#website\",\"url\":\"https:\\\/\\\/fluxolimpo.ia.br\\\/loja\\\/\",\"name\":\"Fluxo limpo Tech - Loja Virtual\",\"description\":\"AppS, Scripts e Produtos Importados Exclusivos\",\"publisher\":{\"@id\":\"https:\\\/\\\/fluxolimpo.ia.br\\\/loja\\\/#organization\"},\"potentialAction\":[{\"@type\":\"SearchAction\",\"target\":{\"@type\":\"EntryPoint\",\"urlTemplate\":\"https:\\\/\\\/fluxolimpo.ia.br\\\/loja\\\/?s={search_term_string}\"},\"query-input\":{\"@type\":\"PropertyValueSpecification\",\"valueRequired\":true,\"valueName\":\"search_term_string\"}}],\"inLanguage\":\"pt-BR\"},{\"@type\":\"Organization\",\"@id\":\"https:\\\/\\\/fluxolimpo.ia.br\\\/loja\\\/#organization\",\"name\":\"Fluxo limpo Tech - Loja Virtual\",\"url\":\"https:\\\/\\\/fluxolimpo.ia.br\\\/loja\\\/\",\"logo\":{\"@type\":\"ImageObject\",\"inLanguage\":\"pt-BR\",\"@id\":\"https:\\\/\\\/fluxolimpo.ia.br\\\/loja\\\/#\\\/schema\\\/logo\\\/image\\\/\",\"url\":\"https:\\\/\\\/fluxolimpo.ia.br\\\/loja\\\/wp-content\\\/uploads\\\/2026\\\/03\\\/cropped-logolojamini-1.png\",\"contentUrl\":\"https:\\\/\\\/fluxolimpo.ia.br\\\/loja\\\/wp-content\\\/uploads\\\/2026\\\/03\\\/cropped-logolojamini-1.png\",\"width\":321,\"height\":87,\"caption\":\"Fluxo limpo Tech - Loja Virtual\"},\"image\":{\"@id\":\"https:\\\/\\\/fluxolimpo.ia.br\\\/loja\\\/#\\\/schema\\\/logo\\\/image\\\/\"}}]}<\/script>\n<!-- \/ Yoast SEO plugin. -->","yoast_head_json":{"title":"Teclado Virtual Laser Projetor Telefone com Teclado Sem Fio Bluetooth Para Pad Computador Port\u00e1til Com a Fun\u00e7\u00e3o de Mouse - Fluxo limpo Tech - Loja Virtual","robots":{"index":"index","follow":"follow","max-snippet":"max-snippet:-1","max-image-preview":"max-image-preview:large","max-video-preview":"max-video-preview:-1"},"canonical":"https:\/\/fluxolimpo.ia.br\/loja\/produto\/teclado-virtual-laser-projetor-telefone-com-teclado-sem-fio-bluetooth-para-pad-computador-portatil-com-a-funcao-de-mouse\/","og_locale":"pt_BR","og_type":"article","og_title":"Teclado Virtual Laser Projetor Telefone com Teclado Sem Fio Bluetooth Para Pad Computador Port\u00e1til Com a Fun\u00e7\u00e3o de Mouse - Fluxo limpo Tech - Loja Virtual","og_description":"Vis\u00e3o geral: Utilizando um novo algoritmo independente de pesquisa e desenvolvimento para lidar com o chip A80, o chip com algoritmo A80 consegue identificar efetivamente 7 pontos diferentes simultaneamente. A mudan\u00e7a visa aprimorar a anti-interfer\u00eancia do teclado, resultando em uma sensibilidade e precis\u00e3o de entrada superiores \u00e0 gera\u00e7\u00e3o anterior. Al\u00e9m disso, o modo mouse tamb\u00e9m [&hellip;]","og_url":"https:\/\/fluxolimpo.ia.br\/loja\/produto\/teclado-virtual-laser-projetor-telefone-com-teclado-sem-fio-bluetooth-para-pad-computador-portatil-com-a-funcao-de-mouse\/","og_site_name":"Fluxo limpo Tech - Loja Virtual","article_modified_time":"2026-04-12T03:45:20+00:00","og_image":[{"width":400,"height":400,"url":"https:\/\/fluxolimpo.ia.br\/loja\/wp-content\/uploads\/2026\/04\/2934374673762.jpg","type":"image\/jpeg"}],"twitter_card":"summary_large_image","twitter_misc":{"Est. tempo de leitura":"1 minuto"},"schema":{"@context":"https:\/\/schema.org","@graph":[{"@type":"WebPage","@id":"https:\/\/fluxolimpo.ia.br\/loja\/produto\/teclado-virtual-laser-projetor-telefone-com-teclado-sem-fio-bluetooth-para-pad-computador-portatil-com-a-funcao-de-mouse\/","url":"https:\/\/fluxolimpo.ia.br\/loja\/produto\/teclado-virtual-laser-projetor-telefone-com-teclado-sem-fio-bluetooth-para-pad-computador-portatil-com-a-funcao-de-mouse\/","name":"Teclado Virtual Laser Projetor Telefone com Teclado Sem Fio Bluetooth Para Pad Computador Port\u00e1til Com a Fun\u00e7\u00e3o de Mouse - Fluxo limpo Tech - Loja Virtual","isPartOf":{"@id":"https:\/\/fluxolimpo.ia.br\/loja\/#website"},"primaryImageOfPage":{"@id":"https:\/\/fluxolimpo.ia.br\/loja\/produto\/teclado-virtual-laser-projetor-telefone-com-teclado-sem-fio-bluetooth-para-pad-computador-portatil-com-a-funcao-de-mouse\/#primaryimage"},"image":{"@id":"https:\/\/fluxolimpo.ia.br\/loja\/produto\/teclado-virtual-laser-projetor-telefone-com-teclado-sem-fio-bluetooth-para-pad-computador-portatil-com-a-funcao-de-mouse\/#primaryimage"},"thumbnailUrl":"https:\/\/fluxolimpo.ia.br\/loja\/wp-content\/uploads\/2026\/04\/2934374673762.jpg","datePublished":"2026-04-12T03:44:59+00:00","dateModified":"2026-04-12T03:45:20+00:00","breadcrumb":{"@id":"https:\/\/fluxolimpo.ia.br\/loja\/produto\/teclado-virtual-laser-projetor-telefone-com-teclado-sem-fio-bluetooth-para-pad-computador-portatil-com-a-funcao-de-mouse\/#breadcrumb"},"inLanguage":"pt-BR","potentialAction":[{"@type":"ReadAction","target":["https:\/\/fluxolimpo.ia.br\/loja\/produto\/teclado-virtual-laser-projetor-telefone-com-teclado-sem-fio-bluetooth-para-pad-computador-portatil-com-a-funcao-de-mouse\/"]}]},{"@type":"ImageObject","inLanguage":"pt-BR","@id":"https:\/\/fluxolimpo.ia.br\/loja\/produto\/teclado-virtual-laser-projetor-telefone-com-teclado-sem-fio-bluetooth-para-pad-computador-portatil-com-a-funcao-de-mouse\/#primaryimage","url":"https:\/\/fluxolimpo.ia.br\/loja\/wp-content\/uploads\/2026\/04\/2934374673762.jpg","contentUrl":"https:\/\/fluxolimpo.ia.br\/loja\/wp-content\/uploads\/2026\/04\/2934374673762.jpg","width":400,"height":400},{"@type":"BreadcrumbList","@id":"https:\/\/fluxolimpo.ia.br\/loja\/produto\/teclado-virtual-laser-projetor-telefone-com-teclado-sem-fio-bluetooth-para-pad-computador-portatil-com-a-funcao-de-mouse\/#breadcrumb","itemListElement":[{"@type":"ListItem","position":1,"name":"In\u00edcio","item":"https:\/\/fluxolimpo.ia.br\/loja\/"},{"@type":"ListItem","position":2,"name":"Shop","item":"https:\/\/fluxolimpo.ia.br\/loja\/"},{"@type":"ListItem","position":3,"name":"Teclado Virtual Laser Projetor Telefone com Teclado Sem Fio Bluetooth Para Pad Computador Port\u00e1til Com a Fun\u00e7\u00e3o de Mouse"}]},{"@type":"WebSite","@id":"https:\/\/fluxolimpo.ia.br\/loja\/#website","url":"https:\/\/fluxolimpo.ia.br\/loja\/","name":"Fluxo limpo Tech - Loja Virtual","description":"AppS, Scripts e Produtos Importados Exclusivos","publisher":{"@id":"https:\/\/fluxolimpo.ia.br\/loja\/#organization"},"potentialAction":[{"@type":"SearchAction","target":{"@type":"EntryPoint","urlTemplate":"https:\/\/fluxolimpo.ia.br\/loja\/?s={search_term_string}"},"query-input":{"@type":"PropertyValueSpecification","valueRequired":true,"valueName":"search_term_string"}}],"inLanguage":"pt-BR"},{"@type":"Organization","@id":"https:\/\/fluxolimpo.ia.br\/loja\/#organization","name":"Fluxo limpo Tech - Loja Virtual","url":"https:\/\/fluxolimpo.ia.br\/loja\/","logo":{"@type":"ImageObject","inLanguage":"pt-BR","@id":"https:\/\/fluxolimpo.ia.br\/loja\/#\/schema\/logo\/image\/","url":"https:\/\/fluxolimpo.ia.br\/loja\/wp-content\/uploads\/2026\/03\/cropped-logolojamini-1.png","contentUrl":"https:\/\/fluxolimpo.ia.br\/loja\/wp-content\/uploads\/2026\/03\/cropped-logolojamini-1.png","width":321,"height":87,"caption":"Fluxo limpo Tech - Loja Virtual"},"image":{"@id":"https:\/\/fluxolimpo.ia.br\/loja\/#\/schema\/logo\/image\/"}}]}},"_links":{"self":[{"href":"https:\/\/fluxolimpo.ia.br\/loja\/wp-json\/wp\/v2\/product\/22211","targetHints":{"allow":["GET"]}}],"collection":[{"href":"https:\/\/fluxolimpo.ia.br\/loja\/wp-json\/wp\/v2\/product"}],"about":[{"href":"https:\/\/fluxolimpo.ia.br\/loja\/wp-json\/wp\/v2\/types\/product"}],"wp:featuredmedia":[{"embeddable":true,"href":"https:\/\/fluxolimpo.ia.br\/loja\/wp-json\/wp\/v2\/media\/22201"}],"wp:attachment":[{"href":"https:\/\/fluxolimpo.ia.br\/loja\/wp-json\/wp\/v2\/media?parent=22211"}],"wp:term":[{"taxonomy":"product_brand","embeddable":true,"href":"https:\/\/fluxolimpo.ia.br\/loja\/wp-json\/wp\/v2\/product_brand?post=22211"},{"taxonomy":"product_cat","embeddable":true,"href":"https:\/\/fluxolimpo.ia.br\/loja\/wp-json\/wp\/v2\/product_cat?post=22211"},{"taxonomy":"product_tag","embeddable":true,"href":"https:\/\/fluxolimpo.ia.br\/loja\/wp-json\/wp\/v2\/product_tag?post=22211"}],"curies":[{"name":"wp","href":"https:\/\/api.w.org\/{rel}","templated":true}]}}