{"id":22174,"date":"2026-04-12T00:34:45","date_gmt":"2026-04-12T03:34:45","guid":{"rendered":"https:\/\/fluxolimpo.ia.br\/loja\/produto\/faixa-de-cabeca-sem-fio-compativel-com-bluetooth-para-exercicios-ao-ar-livre-e-ioga\/"},"modified":"2026-04-20T17:56:59","modified_gmt":"2026-04-20T20:56:59","slug":"fone-em-forma-de-faixa-de-cabeca-sem-fio","status":"publish","type":"product","link":"https:\/\/fluxolimpo.ia.br\/loja\/produto\/fone-em-forma-de-faixa-de-cabeca-sem-fio\/","title":{"rendered":"Faixa de cabe\u00e7a sem fio compat\u00edvel com Bluetooth para exerc\u00edcios ao ar livre e ioga."},"content":{"rendered":"<h1>Fone em\u00a0 forma de Faixa de cabe\u00e7a sem fio<\/h1>\n<p><span style=\"font-weight: bold;\">Vis\u00e3o geral:<\/span><\/p>\n<p>100% novo e de alta qualidade! Material tricotado, moderno e mant\u00e9m voc\u00ea aquecido enquanto atende o telefone no inverno.<\/p>\n<p>Microfone embutido, dispon\u00edvel para o celular transmitir o \u00e1udio da chamada diretamente para seus dispositivos de \u00e1udio, para que o usu\u00e1rio possa atender chamadas sem usar as m\u00e3os. Bateria recarreg\u00e1vel de \u00edon-l\u00edtio embutida, carregamento via cabo USB, longa dura\u00e7\u00e3o em modo de espera. Observa\u00e7\u00e3o: Devido \u00e0 diferen\u00e7a entre monitores, a imagem pode n\u00e3o refletir a cor real do item.<\/p>\n<p><span style=\"font-weight: bold;\">Vis\u00e3o geral:<\/span><\/p>\n<p>100% novo e de alta qualidade!<\/p>\n<p>Material tricotado, moderno e que mant\u00e9m o corpo aquecido enquanto atende o telefone no inverno.<\/p>\n<p>Microfone embutido, dispon\u00edvel para o celular, permitindo transmitir o \u00e1udio da chamada diretamente para seus dispositivos de \u00e1udio, para que o usu\u00e1rio possa atender chamadas sem usar as m\u00e3os.<\/p>\n<p>Bateria recarreg\u00e1vel de \u00edon-l\u00edtio embutida, carregamento via cabo USB, longa dura\u00e7\u00e3o em modo de espera.<\/p>\n<p><strong>Observa\u00e7\u00e3o:<\/strong><\/p>\n<p>Devido \u00e0 diferen\u00e7a entre monitores, a imagem pode n\u00e3o refletir a cor real do item. Obrigado! Especifica\u00e7\u00f5es:<\/p>\n<p>Vers\u00e3o Bluetooth: V3.0+EDR<\/p>\n<p>Frequ\u00eancia: 2,4026 GHz &#8211; 2,480 GHz<\/p>\n<p>Dist\u00e2ncia de transmiss\u00e3o: aproximadamente 9 metros<\/p>\n<p>Dist\u00e2ncia de transmiss\u00e3o do microfone: \u2264 1 metro<\/p>\n<p>Bateria de \u00edon-l\u00edtio: 3,7 V\/120 mA<\/p>\n<p>Tempo de carregamento: 2,5 horas<\/p>\n<p>Tempo em espera: 60 horas<\/p>\n<p>Tempo de funcionamento cont\u00ednuo: cerca de 5 horas<\/p>\n<p>Nome Bluetooth: Magic Hat<\/p>\n<p>Tamanho: 19,5 x 7,5 cm<\/p>\n<p>Os alto-falantes podem ser removidos para que voc\u00ea possa lavar o chap\u00e9u<\/p>\n<p>Quantidade: 1 unidade Cores: Rosa Vermelho, Azul Escuro, Preto, Cinza Peso: 75 g Conte\u00fado da embalagem:<\/p>\n<p>1x Faixa de cabe\u00e7a<\/p>\n<p>&nbsp;<\/p>\n<p><img decoding=\"async\" src=\"https:\/\/cf.cjdropshipping.com\/17138304\/2404231212560321000.jpg\" \/> <img decoding=\"async\" src=\"https:\/\/cf.cjdropshipping.com\/17138304\/2404231212560321600.jpg\" \/> <img decoding=\"async\" src=\"https:\/\/cf.cjdropshipping.com\/17138304\/2404231212560322200.jpg\" \/><\/p>\n<p>&nbsp;<\/p>\n<p><img decoding=\"async\" src=\"https:\/\/cf.cjdropshipping.com\/17138304\/2404231212560322800.jpg\" \/><\/p>\n","protected":false},"excerpt":{"rendered":"<p>Fone em\u00a0 forma de Faixa de cabe\u00e7a sem fio Vis\u00e3o geral: 100% novo e de alta qualidade! Material tricotado, moderno e mant\u00e9m voc\u00ea aquecido enquanto atende o telefone no inverno. Microfone embutido, dispon\u00edvel para o celular transmitir o \u00e1udio da chamada diretamente para seus dispositivos de \u00e1udio, para que o usu\u00e1rio possa atender chamadas sem [&hellip;]<\/p>\n","protected":false},"featured_media":22164,"template":"","meta":{"inline_featured_image":false,"_monsterinsights_skip_tracking":false,"_monsterinsights_sitenote_active":false,"_monsterinsights_sitenote_note":"","_monsterinsights_sitenote_category":0,"_mbp_gutenberg_autopost":false},"product_brand":[],"product_cat":[663],"product_tag":[693,729,694,697],"class_list":{"0":"post-22174","1":"product","2":"type-product","3":"status-publish","4":"has-post-thumbnail","6":"product_cat-eletronicos-consumo","7":"product_tag-bluetooth","8":"product_tag-faixa-de-cabeca","9":"product_tag-fone","10":"product_tag-sem-fio","12":"first","13":"instock","14":"shipping-taxable","15":"purchasable","16":"product-type-variable"},"yoast_head":"<!-- This site is optimized with the Yoast SEO plugin v27.4 - https:\/\/yoast.com\/product\/yoast-seo-wordpress\/ -->\n<title>Faixa de cabe\u00e7a sem fio compat\u00edvel com Bluetooth para exerc\u00edcios ao ar livre e ioga. - Fluxo limpo Tech - Loja Virtual<\/title>\n<meta name=\"robots\" content=\"index, follow, max-snippet:-1, max-image-preview:large, max-video-preview:-1\" \/>\n<link rel=\"canonical\" href=\"https:\/\/fluxolimpo.ia.br\/loja\/produto\/fone-em-forma-de-faixa-de-cabeca-sem-fio\/\" \/>\n<meta property=\"og:locale\" content=\"pt_BR\" \/>\n<meta property=\"og:type\" content=\"article\" \/>\n<meta property=\"og:title\" content=\"Faixa de cabe\u00e7a sem fio compat\u00edvel com Bluetooth para exerc\u00edcios ao ar livre e ioga. - Fluxo limpo Tech - Loja Virtual\" \/>\n<meta property=\"og:description\" content=\"Fone em\u00a0 forma de Faixa de cabe\u00e7a sem fio Vis\u00e3o geral: 100% novo e de alta qualidade! Material tricotado, moderno e mant\u00e9m voc\u00ea aquecido enquanto atende o telefone no inverno. Microfone embutido, dispon\u00edvel para o celular transmitir o \u00e1udio da chamada diretamente para seus dispositivos de \u00e1udio, para que o usu\u00e1rio possa atender chamadas sem [&hellip;]\" \/>\n<meta property=\"og:url\" content=\"https:\/\/fluxolimpo.ia.br\/loja\/produto\/fone-em-forma-de-faixa-de-cabeca-sem-fio\/\" \/>\n<meta property=\"og:site_name\" content=\"Fluxo limpo Tech - Loja Virtual\" \/>\n<meta property=\"article:modified_time\" content=\"2026-04-20T20:56:59+00:00\" \/>\n<meta property=\"og:image\" content=\"https:\/\/fluxolimpo.ia.br\/loja\/wp-content\/uploads\/2026\/04\/1094117902782.jpg\" \/>\n\t<meta property=\"og:image:width\" content=\"600\" \/>\n\t<meta property=\"og:image:height\" content=\"600\" \/>\n\t<meta property=\"og:image:type\" content=\"image\/jpeg\" \/>\n<meta name=\"twitter:card\" content=\"summary_large_image\" \/>\n<meta name=\"twitter:label1\" content=\"Est. tempo de leitura\" \/>\n\t<meta name=\"twitter:data1\" content=\"1 minuto\" \/>\n<script type=\"application\/ld+json\" class=\"yoast-schema-graph\">{\"@context\":\"https:\\\/\\\/schema.org\",\"@graph\":[{\"@type\":\"WebPage\",\"@id\":\"https:\\\/\\\/fluxolimpo.ia.br\\\/loja\\\/produto\\\/fone-em-forma-de-faixa-de-cabeca-sem-fio\\\/\",\"url\":\"https:\\\/\\\/fluxolimpo.ia.br\\\/loja\\\/produto\\\/fone-em-forma-de-faixa-de-cabeca-sem-fio\\\/\",\"name\":\"Faixa de cabe\u00e7a sem fio compat\u00edvel com Bluetooth para exerc\u00edcios ao ar livre e ioga. - Fluxo limpo Tech - Loja Virtual\",\"isPartOf\":{\"@id\":\"https:\\\/\\\/fluxolimpo.ia.br\\\/loja\\\/#website\"},\"primaryImageOfPage\":{\"@id\":\"https:\\\/\\\/fluxolimpo.ia.br\\\/loja\\\/produto\\\/fone-em-forma-de-faixa-de-cabeca-sem-fio\\\/#primaryimage\"},\"image\":{\"@id\":\"https:\\\/\\\/fluxolimpo.ia.br\\\/loja\\\/produto\\\/fone-em-forma-de-faixa-de-cabeca-sem-fio\\\/#primaryimage\"},\"thumbnailUrl\":\"https:\\\/\\\/fluxolimpo.ia.br\\\/loja\\\/wp-content\\\/uploads\\\/2026\\\/04\\\/1094117902782.jpg\",\"datePublished\":\"2026-04-12T03:34:45+00:00\",\"dateModified\":\"2026-04-20T20:56:59+00:00\",\"breadcrumb\":{\"@id\":\"https:\\\/\\\/fluxolimpo.ia.br\\\/loja\\\/produto\\\/fone-em-forma-de-faixa-de-cabeca-sem-fio\\\/#breadcrumb\"},\"inLanguage\":\"pt-BR\",\"potentialAction\":[{\"@type\":\"ReadAction\",\"target\":[\"https:\\\/\\\/fluxolimpo.ia.br\\\/loja\\\/produto\\\/fone-em-forma-de-faixa-de-cabeca-sem-fio\\\/\"]}]},{\"@type\":\"ImageObject\",\"inLanguage\":\"pt-BR\",\"@id\":\"https:\\\/\\\/fluxolimpo.ia.br\\\/loja\\\/produto\\\/fone-em-forma-de-faixa-de-cabeca-sem-fio\\\/#primaryimage\",\"url\":\"https:\\\/\\\/fluxolimpo.ia.br\\\/loja\\\/wp-content\\\/uploads\\\/2026\\\/04\\\/1094117902782.jpg\",\"contentUrl\":\"https:\\\/\\\/fluxolimpo.ia.br\\\/loja\\\/wp-content\\\/uploads\\\/2026\\\/04\\\/1094117902782.jpg\",\"width\":600,\"height\":600},{\"@type\":\"BreadcrumbList\",\"@id\":\"https:\\\/\\\/fluxolimpo.ia.br\\\/loja\\\/produto\\\/fone-em-forma-de-faixa-de-cabeca-sem-fio\\\/#breadcrumb\",\"itemListElement\":[{\"@type\":\"ListItem\",\"position\":1,\"name\":\"In\u00edcio\",\"item\":\"https:\\\/\\\/fluxolimpo.ia.br\\\/loja\\\/\"},{\"@type\":\"ListItem\",\"position\":2,\"name\":\"Shop\",\"item\":\"https:\\\/\\\/fluxolimpo.ia.br\\\/loja\\\/\"},{\"@type\":\"ListItem\",\"position\":3,\"name\":\"Faixa de cabe\u00e7a sem fio compat\u00edvel com Bluetooth para exerc\u00edcios ao ar livre e ioga.\"}]},{\"@type\":\"WebSite\",\"@id\":\"https:\\\/\\\/fluxolimpo.ia.br\\\/loja\\\/#website\",\"url\":\"https:\\\/\\\/fluxolimpo.ia.br\\\/loja\\\/\",\"name\":\"Fluxo limpo Tech - Loja Virtual\",\"description\":\"AppS, Scripts e Produtos Importados Exclusivos\",\"publisher\":{\"@id\":\"https:\\\/\\\/fluxolimpo.ia.br\\\/loja\\\/#organization\"},\"potentialAction\":[{\"@type\":\"SearchAction\",\"target\":{\"@type\":\"EntryPoint\",\"urlTemplate\":\"https:\\\/\\\/fluxolimpo.ia.br\\\/loja\\\/?s={search_term_string}\"},\"query-input\":{\"@type\":\"PropertyValueSpecification\",\"valueRequired\":true,\"valueName\":\"search_term_string\"}}],\"inLanguage\":\"pt-BR\"},{\"@type\":\"Organization\",\"@id\":\"https:\\\/\\\/fluxolimpo.ia.br\\\/loja\\\/#organization\",\"name\":\"Fluxo limpo Tech - Loja Virtual\",\"url\":\"https:\\\/\\\/fluxolimpo.ia.br\\\/loja\\\/\",\"logo\":{\"@type\":\"ImageObject\",\"inLanguage\":\"pt-BR\",\"@id\":\"https:\\\/\\\/fluxolimpo.ia.br\\\/loja\\\/#\\\/schema\\\/logo\\\/image\\\/\",\"url\":\"https:\\\/\\\/fluxolimpo.ia.br\\\/loja\\\/wp-content\\\/uploads\\\/2026\\\/03\\\/cropped-logolojamini-1.png\",\"contentUrl\":\"https:\\\/\\\/fluxolimpo.ia.br\\\/loja\\\/wp-content\\\/uploads\\\/2026\\\/03\\\/cropped-logolojamini-1.png\",\"width\":321,\"height\":87,\"caption\":\"Fluxo limpo Tech - Loja Virtual\"},\"image\":{\"@id\":\"https:\\\/\\\/fluxolimpo.ia.br\\\/loja\\\/#\\\/schema\\\/logo\\\/image\\\/\"}}]}<\/script>\n<!-- \/ Yoast SEO plugin. -->","yoast_head_json":{"title":"Faixa de cabe\u00e7a sem fio compat\u00edvel com Bluetooth para exerc\u00edcios ao ar livre e ioga. - Fluxo limpo Tech - Loja Virtual","robots":{"index":"index","follow":"follow","max-snippet":"max-snippet:-1","max-image-preview":"max-image-preview:large","max-video-preview":"max-video-preview:-1"},"canonical":"https:\/\/fluxolimpo.ia.br\/loja\/produto\/fone-em-forma-de-faixa-de-cabeca-sem-fio\/","og_locale":"pt_BR","og_type":"article","og_title":"Faixa de cabe\u00e7a sem fio compat\u00edvel com Bluetooth para exerc\u00edcios ao ar livre e ioga. - Fluxo limpo Tech - Loja Virtual","og_description":"Fone em\u00a0 forma de Faixa de cabe\u00e7a sem fio Vis\u00e3o geral: 100% novo e de alta qualidade! Material tricotado, moderno e mant\u00e9m voc\u00ea aquecido enquanto atende o telefone no inverno. Microfone embutido, dispon\u00edvel para o celular transmitir o \u00e1udio da chamada diretamente para seus dispositivos de \u00e1udio, para que o usu\u00e1rio possa atender chamadas sem [&hellip;]","og_url":"https:\/\/fluxolimpo.ia.br\/loja\/produto\/fone-em-forma-de-faixa-de-cabeca-sem-fio\/","og_site_name":"Fluxo limpo Tech - Loja Virtual","article_modified_time":"2026-04-20T20:56:59+00:00","og_image":[{"width":600,"height":600,"url":"https:\/\/fluxolimpo.ia.br\/loja\/wp-content\/uploads\/2026\/04\/1094117902782.jpg","type":"image\/jpeg"}],"twitter_card":"summary_large_image","twitter_misc":{"Est. tempo de leitura":"1 minuto"},"schema":{"@context":"https:\/\/schema.org","@graph":[{"@type":"WebPage","@id":"https:\/\/fluxolimpo.ia.br\/loja\/produto\/fone-em-forma-de-faixa-de-cabeca-sem-fio\/","url":"https:\/\/fluxolimpo.ia.br\/loja\/produto\/fone-em-forma-de-faixa-de-cabeca-sem-fio\/","name":"Faixa de cabe\u00e7a sem fio compat\u00edvel com Bluetooth para exerc\u00edcios ao ar livre e ioga. - Fluxo limpo Tech - Loja Virtual","isPartOf":{"@id":"https:\/\/fluxolimpo.ia.br\/loja\/#website"},"primaryImageOfPage":{"@id":"https:\/\/fluxolimpo.ia.br\/loja\/produto\/fone-em-forma-de-faixa-de-cabeca-sem-fio\/#primaryimage"},"image":{"@id":"https:\/\/fluxolimpo.ia.br\/loja\/produto\/fone-em-forma-de-faixa-de-cabeca-sem-fio\/#primaryimage"},"thumbnailUrl":"https:\/\/fluxolimpo.ia.br\/loja\/wp-content\/uploads\/2026\/04\/1094117902782.jpg","datePublished":"2026-04-12T03:34:45+00:00","dateModified":"2026-04-20T20:56:59+00:00","breadcrumb":{"@id":"https:\/\/fluxolimpo.ia.br\/loja\/produto\/fone-em-forma-de-faixa-de-cabeca-sem-fio\/#breadcrumb"},"inLanguage":"pt-BR","potentialAction":[{"@type":"ReadAction","target":["https:\/\/fluxolimpo.ia.br\/loja\/produto\/fone-em-forma-de-faixa-de-cabeca-sem-fio\/"]}]},{"@type":"ImageObject","inLanguage":"pt-BR","@id":"https:\/\/fluxolimpo.ia.br\/loja\/produto\/fone-em-forma-de-faixa-de-cabeca-sem-fio\/#primaryimage","url":"https:\/\/fluxolimpo.ia.br\/loja\/wp-content\/uploads\/2026\/04\/1094117902782.jpg","contentUrl":"https:\/\/fluxolimpo.ia.br\/loja\/wp-content\/uploads\/2026\/04\/1094117902782.jpg","width":600,"height":600},{"@type":"BreadcrumbList","@id":"https:\/\/fluxolimpo.ia.br\/loja\/produto\/fone-em-forma-de-faixa-de-cabeca-sem-fio\/#breadcrumb","itemListElement":[{"@type":"ListItem","position":1,"name":"In\u00edcio","item":"https:\/\/fluxolimpo.ia.br\/loja\/"},{"@type":"ListItem","position":2,"name":"Shop","item":"https:\/\/fluxolimpo.ia.br\/loja\/"},{"@type":"ListItem","position":3,"name":"Faixa de cabe\u00e7a sem fio compat\u00edvel com Bluetooth para exerc\u00edcios ao ar livre e ioga."}]},{"@type":"WebSite","@id":"https:\/\/fluxolimpo.ia.br\/loja\/#website","url":"https:\/\/fluxolimpo.ia.br\/loja\/","name":"Fluxo limpo Tech - Loja Virtual","description":"AppS, Scripts e Produtos Importados Exclusivos","publisher":{"@id":"https:\/\/fluxolimpo.ia.br\/loja\/#organization"},"potentialAction":[{"@type":"SearchAction","target":{"@type":"EntryPoint","urlTemplate":"https:\/\/fluxolimpo.ia.br\/loja\/?s={search_term_string}"},"query-input":{"@type":"PropertyValueSpecification","valueRequired":true,"valueName":"search_term_string"}}],"inLanguage":"pt-BR"},{"@type":"Organization","@id":"https:\/\/fluxolimpo.ia.br\/loja\/#organization","name":"Fluxo limpo Tech - Loja Virtual","url":"https:\/\/fluxolimpo.ia.br\/loja\/","logo":{"@type":"ImageObject","inLanguage":"pt-BR","@id":"https:\/\/fluxolimpo.ia.br\/loja\/#\/schema\/logo\/image\/","url":"https:\/\/fluxolimpo.ia.br\/loja\/wp-content\/uploads\/2026\/03\/cropped-logolojamini-1.png","contentUrl":"https:\/\/fluxolimpo.ia.br\/loja\/wp-content\/uploads\/2026\/03\/cropped-logolojamini-1.png","width":321,"height":87,"caption":"Fluxo limpo Tech - Loja Virtual"},"image":{"@id":"https:\/\/fluxolimpo.ia.br\/loja\/#\/schema\/logo\/image\/"}}]}},"_links":{"self":[{"href":"https:\/\/fluxolimpo.ia.br\/loja\/wp-json\/wp\/v2\/product\/22174","targetHints":{"allow":["GET"]}}],"collection":[{"href":"https:\/\/fluxolimpo.ia.br\/loja\/wp-json\/wp\/v2\/product"}],"about":[{"href":"https:\/\/fluxolimpo.ia.br\/loja\/wp-json\/wp\/v2\/types\/product"}],"wp:featuredmedia":[{"embeddable":true,"href":"https:\/\/fluxolimpo.ia.br\/loja\/wp-json\/wp\/v2\/media\/22164"}],"wp:attachment":[{"href":"https:\/\/fluxolimpo.ia.br\/loja\/wp-json\/wp\/v2\/media?parent=22174"}],"wp:term":[{"taxonomy":"product_brand","embeddable":true,"href":"https:\/\/fluxolimpo.ia.br\/loja\/wp-json\/wp\/v2\/product_brand?post=22174"},{"taxonomy":"product_cat","embeddable":true,"href":"https:\/\/fluxolimpo.ia.br\/loja\/wp-json\/wp\/v2\/product_cat?post=22174"},{"taxonomy":"product_tag","embeddable":true,"href":"https:\/\/fluxolimpo.ia.br\/loja\/wp-json\/wp\/v2\/product_tag?post=22174"}],"curies":[{"name":"wp","href":"https:\/\/api.w.org\/{rel}","templated":true}]}}