{"id":22155,"date":"2026-04-11T23:17:48","date_gmt":"2026-04-12T02:17:48","guid":{"rendered":"https:\/\/fluxolimpo.ia.br\/loja\/produto\/fone-de-ouvido-sem-fio-yd03-compativel-com-bluetooth-tws-com-tela-grande-visor-digital-inteligente-e-luz-de-respiracao-intra-auricular\/"},"modified":"2026-04-17T00:06:09","modified_gmt":"2026-04-17T03:06:09","slug":"fone-de-ouvido-sem-fio-yd03-compativel-com-bluetooth-tws-com-tela-grande-visor-digital-inteligente-e-luz-de-respiracao-intra-auricular","status":"publish","type":"product","link":"https:\/\/fluxolimpo.ia.br\/loja\/produto\/fone-de-ouvido-sem-fio-yd03-compativel-com-bluetooth-tws-com-tela-grande-visor-digital-inteligente-e-luz-de-respiracao-intra-auricular\/","title":{"rendered":"Fone de ouvido sem fio YD03 compat\u00edvel com Bluetooth TWS com tela grande, visor digital inteligente e luz de respira\u00e7\u00e3o intra-auricular."},"content":{"rendered":"<p><b> <span dir=\"auto\" style=\"vertical-align: inherit;\"> <span dir=\"auto\" style=\"vertical-align: inherit;\">Vis\u00e3o geral:<\/span> <\/span> <\/b><\/p>\n<p><span dir=\"auto\" style=\"vertical-align: inherit;\"> <span dir=\"auto\" style=\"vertical-align: inherit;\">Visor de luz LED suave aprimorado, que permite visualizar a carga restante dos fones de ouvido rapidamente, sem precisar abrir a tampa.<\/span> <\/span><\/p>\n<p><span dir=\"auto\" style=\"vertical-align: inherit;\"> <span dir=\"auto\" style=\"vertical-align: inherit;\">Chip de 5.3 n\u00facleos com atualiza\u00e7\u00e3o completa e est\u00e1vel, proporcionando transmiss\u00e3o mais est\u00e1vel, conex\u00e3o mais f\u00e1cil e chamadas e m\u00fasicas mais fluidas.<\/span> <\/span><\/p>\n<p><span dir=\"auto\" style=\"vertical-align: inherit;\"> <span dir=\"auto\" style=\"vertical-align: inherit;\">O diafragma composto de grafeno \u00e9 leve, tem resposta r\u00e1pida e alta fidelidade.<\/span> <\/span><\/p>\n<p><span dir=\"auto\" style=\"vertical-align: inherit;\"> <span dir=\"auto\" style=\"vertical-align: inherit;\">Carrega mais r\u00e1pido com microcargas, mas demora mais.<\/span> <\/span><\/p>\n<p><span dir=\"auto\" style=\"vertical-align: inherit;\"> <span dir=\"auto\" style=\"vertical-align: inherit;\">Microfone com cancelamento de ru\u00eddo para uma fala clara e f\u00e1cil em qualquer ambiente.<\/span> <\/span><\/p>\n<p><b><br \/>\n<\/b><\/p>\n<p><b> <span dir=\"auto\" style=\"vertical-align: inherit;\"> <span dir=\"auto\" style=\"vertical-align: inherit;\">Especifica\u00e7\u00f5es:<\/span> <\/span> <\/b><br \/>\n<span dir=\"auto\" style=\"vertical-align: inherit;\"> <span dir=\"auto\" style=\"vertical-align: inherit;\"> N\u00famero do modelo: Yd03 <\/span> <\/span><br \/>\n<span dir=\"auto\" style=\"vertical-align: inherit;\"> <span dir=\"auto\" style=\"vertical-align: inherit;\">Dura\u00e7\u00e3o da bateria: 4 a 5 horas <\/span> <\/span><br \/>\n<span dir=\"auto\" style=\"vertical-align: inherit;\"> <span dir=\"auto\" style=\"vertical-align: inherit;\">Vers\u00e3o do Bluetooth: 5.3 <\/span> <\/span><br \/>\n<span dir=\"auto\" style=\"vertical-align: inherit;\"> <span dir=\"auto\" style=\"vertical-align: inherit;\">Dist\u00e2ncia de transmiss\u00e3o: At\u00e9 10 metros <\/span> <\/span><br \/>\n<span dir=\"auto\" style=\"vertical-align: inherit;\"> <span dir=\"auto\" style=\"vertical-align: inherit;\">Dimens\u00f5es do compartimento de carregamento: 80,8 x 55 x 30,7 mm <\/span> <\/span><br \/>\n<span dir=\"auto\" style=\"vertical-align: inherit;\"> <span dir=\"auto\" style=\"vertical-align: inherit;\">Dimens\u00f5es dos fones de ouvido: 24 x 16,8 x 14,5 mm <\/span> <\/span><\/p>\n<p><b> <span dir=\"auto\" style=\"vertical-align: inherit;\"> <span dir=\"auto\" style=\"vertical-align: inherit;\">Lista de embalagem:\u00a0<\/span> <\/span> <\/b><\/p>\n<p><span dir=\"auto\" style=\"vertical-align: inherit;\"> <span dir=\"auto\" style=\"vertical-align: inherit;\">Fone de ouvido*1 + cabo de dados USB*1 + manual de instru\u00e7\u00f5es*1<\/span> <\/span><\/p>\n<p><img decoding=\"async\" src=\"https:\/\/cf.cjdropshipping.com\/17133984\/2404180944460325100.jpg\" \/> <img decoding=\"async\" src=\"https:\/\/cf.cjdropshipping.com\/17133984\/2404180944460325900.jpg\" \/> <img decoding=\"async\" src=\"https:\/\/cf.cjdropshipping.com\/17133984\/2404180944460326500.jpg\" \/> <img decoding=\"async\" src=\"https:\/\/cf.cjdropshipping.com\/17133984\/2404180944460327100.jpg\" \/> <img decoding=\"async\" src=\"https:\/\/cf.cjdropshipping.com\/17133984\/2404180944460327900.jpg\" \/> <img decoding=\"async\" src=\"https:\/\/cf.cjdropshipping.com\/17133984\/2404180944460328500.jpg\" \/> <img decoding=\"async\" src=\"https:\/\/cf.cjdropshipping.com\/17133984\/2404180944460329200.jpg\" \/> <img decoding=\"async\" src=\"https:\/\/cf.cjdropshipping.com\/17133984\/2404180944470320300.jpg\" \/> <img decoding=\"async\" src=\"https:\/\/cf.cjdropshipping.com\/17133984\/2404180944470321000.jpg\" \/> <img decoding=\"async\" src=\"https:\/\/cf.cjdropshipping.com\/17133984\/2404180944470321700.jpg\" \/> <img decoding=\"async\" src=\"https:\/\/cf.cjdropshipping.com\/17133984\/2404180944470322400.jpg\" \/><\/p>\n","protected":false},"excerpt":{"rendered":"<p>Vis\u00e3o geral: Visor de luz LED suave aprimorado, que permite visualizar a carga restante dos fones de ouvido rapidamente, sem precisar abrir a tampa. Chip de 5.3 n\u00facleos com atualiza\u00e7\u00e3o completa e est\u00e1vel, proporcionando transmiss\u00e3o mais est\u00e1vel, conex\u00e3o mais f\u00e1cil e chamadas e m\u00fasicas mais fluidas. O diafragma composto de grafeno \u00e9 leve, tem resposta [&hellip;]<\/p>\n","protected":false},"featured_media":22145,"template":"","meta":{"inline_featured_image":false,"_monsterinsights_skip_tracking":false,"_monsterinsights_sitenote_active":false,"_monsterinsights_sitenote_note":"","_monsterinsights_sitenote_category":0,"_mbp_gutenberg_autopost":false},"product_brand":[],"product_cat":[663,691],"product_tag":[],"class_list":{"0":"post-22155","1":"product","2":"type-product","3":"status-publish","4":"has-post-thumbnail","6":"product_cat-eletronicos-consumo","7":"product_cat-trabalho-remoto","9":"first","10":"instock","11":"shipping-taxable","12":"purchasable","13":"product-type-variable"},"yoast_head":"<!-- This site is optimized with the Yoast SEO plugin v27.4 - https:\/\/yoast.com\/product\/yoast-seo-wordpress\/ -->\n<title>Fone de ouvido sem fio YD03 compat\u00edvel com Bluetooth TWS com tela grande, visor digital inteligente e luz de respira\u00e7\u00e3o intra-auricular. - Fluxo limpo Tech - Loja Virtual<\/title>\n<meta name=\"robots\" content=\"index, follow, max-snippet:-1, max-image-preview:large, max-video-preview:-1\" \/>\n<link rel=\"canonical\" href=\"https:\/\/fluxolimpo.ia.br\/loja\/produto\/fone-de-ouvido-sem-fio-yd03-compativel-com-bluetooth-tws-com-tela-grande-visor-digital-inteligente-e-luz-de-respiracao-intra-auricular\/\" \/>\n<meta property=\"og:locale\" content=\"pt_BR\" \/>\n<meta property=\"og:type\" content=\"article\" \/>\n<meta property=\"og:title\" content=\"Fone de ouvido sem fio YD03 compat\u00edvel com Bluetooth TWS com tela grande, visor digital inteligente e luz de respira\u00e7\u00e3o intra-auricular. - Fluxo limpo Tech - Loja Virtual\" \/>\n<meta property=\"og:description\" content=\"Vis\u00e3o geral: Visor de luz LED suave aprimorado, que permite visualizar a carga restante dos fones de ouvido rapidamente, sem precisar abrir a tampa. Chip de 5.3 n\u00facleos com atualiza\u00e7\u00e3o completa e est\u00e1vel, proporcionando transmiss\u00e3o mais est\u00e1vel, conex\u00e3o mais f\u00e1cil e chamadas e m\u00fasicas mais fluidas. O diafragma composto de grafeno \u00e9 leve, tem resposta [&hellip;]\" \/>\n<meta property=\"og:url\" content=\"https:\/\/fluxolimpo.ia.br\/loja\/produto\/fone-de-ouvido-sem-fio-yd03-compativel-com-bluetooth-tws-com-tela-grande-visor-digital-inteligente-e-luz-de-respiracao-intra-auricular\/\" \/>\n<meta property=\"og:site_name\" content=\"Fluxo limpo Tech - Loja Virtual\" \/>\n<meta property=\"article:modified_time\" content=\"2026-04-17T03:06:09+00:00\" \/>\n<meta property=\"og:image\" content=\"https:\/\/fluxolimpo.ia.br\/loja\/wp-content\/uploads\/2026\/04\/e18cca14-8953-4cf9-9966-c55e7c99f5ee.jpg\" \/>\n\t<meta property=\"og:image:width\" content=\"800\" \/>\n\t<meta property=\"og:image:height\" content=\"800\" \/>\n\t<meta property=\"og:image:type\" content=\"image\/jpeg\" \/>\n<meta name=\"twitter:card\" content=\"summary_large_image\" \/>\n<meta name=\"twitter:label1\" content=\"Est. tempo de leitura\" \/>\n\t<meta name=\"twitter:data1\" content=\"1 minuto\" \/>\n<script type=\"application\/ld+json\" class=\"yoast-schema-graph\">{\"@context\":\"https:\\\/\\\/schema.org\",\"@graph\":[{\"@type\":\"WebPage\",\"@id\":\"https:\\\/\\\/fluxolimpo.ia.br\\\/loja\\\/produto\\\/fone-de-ouvido-sem-fio-yd03-compativel-com-bluetooth-tws-com-tela-grande-visor-digital-inteligente-e-luz-de-respiracao-intra-auricular\\\/\",\"url\":\"https:\\\/\\\/fluxolimpo.ia.br\\\/loja\\\/produto\\\/fone-de-ouvido-sem-fio-yd03-compativel-com-bluetooth-tws-com-tela-grande-visor-digital-inteligente-e-luz-de-respiracao-intra-auricular\\\/\",\"name\":\"Fone de ouvido sem fio YD03 compat\u00edvel com Bluetooth TWS com tela grande, visor digital inteligente e luz de respira\u00e7\u00e3o intra-auricular. - Fluxo limpo Tech - Loja Virtual\",\"isPartOf\":{\"@id\":\"https:\\\/\\\/fluxolimpo.ia.br\\\/loja\\\/#website\"},\"primaryImageOfPage\":{\"@id\":\"https:\\\/\\\/fluxolimpo.ia.br\\\/loja\\\/produto\\\/fone-de-ouvido-sem-fio-yd03-compativel-com-bluetooth-tws-com-tela-grande-visor-digital-inteligente-e-luz-de-respiracao-intra-auricular\\\/#primaryimage\"},\"image\":{\"@id\":\"https:\\\/\\\/fluxolimpo.ia.br\\\/loja\\\/produto\\\/fone-de-ouvido-sem-fio-yd03-compativel-com-bluetooth-tws-com-tela-grande-visor-digital-inteligente-e-luz-de-respiracao-intra-auricular\\\/#primaryimage\"},\"thumbnailUrl\":\"https:\\\/\\\/fluxolimpo.ia.br\\\/loja\\\/wp-content\\\/uploads\\\/2026\\\/04\\\/e18cca14-8953-4cf9-9966-c55e7c99f5ee.jpg\",\"datePublished\":\"2026-04-12T02:17:48+00:00\",\"dateModified\":\"2026-04-17T03:06:09+00:00\",\"breadcrumb\":{\"@id\":\"https:\\\/\\\/fluxolimpo.ia.br\\\/loja\\\/produto\\\/fone-de-ouvido-sem-fio-yd03-compativel-com-bluetooth-tws-com-tela-grande-visor-digital-inteligente-e-luz-de-respiracao-intra-auricular\\\/#breadcrumb\"},\"inLanguage\":\"pt-BR\",\"potentialAction\":[{\"@type\":\"ReadAction\",\"target\":[\"https:\\\/\\\/fluxolimpo.ia.br\\\/loja\\\/produto\\\/fone-de-ouvido-sem-fio-yd03-compativel-com-bluetooth-tws-com-tela-grande-visor-digital-inteligente-e-luz-de-respiracao-intra-auricular\\\/\"]}]},{\"@type\":\"ImageObject\",\"inLanguage\":\"pt-BR\",\"@id\":\"https:\\\/\\\/fluxolimpo.ia.br\\\/loja\\\/produto\\\/fone-de-ouvido-sem-fio-yd03-compativel-com-bluetooth-tws-com-tela-grande-visor-digital-inteligente-e-luz-de-respiracao-intra-auricular\\\/#primaryimage\",\"url\":\"https:\\\/\\\/fluxolimpo.ia.br\\\/loja\\\/wp-content\\\/uploads\\\/2026\\\/04\\\/e18cca14-8953-4cf9-9966-c55e7c99f5ee.jpg\",\"contentUrl\":\"https:\\\/\\\/fluxolimpo.ia.br\\\/loja\\\/wp-content\\\/uploads\\\/2026\\\/04\\\/e18cca14-8953-4cf9-9966-c55e7c99f5ee.jpg\",\"width\":800,\"height\":800},{\"@type\":\"BreadcrumbList\",\"@id\":\"https:\\\/\\\/fluxolimpo.ia.br\\\/loja\\\/produto\\\/fone-de-ouvido-sem-fio-yd03-compativel-com-bluetooth-tws-com-tela-grande-visor-digital-inteligente-e-luz-de-respiracao-intra-auricular\\\/#breadcrumb\",\"itemListElement\":[{\"@type\":\"ListItem\",\"position\":1,\"name\":\"In\u00edcio\",\"item\":\"https:\\\/\\\/fluxolimpo.ia.br\\\/loja\\\/\"},{\"@type\":\"ListItem\",\"position\":2,\"name\":\"Shop\",\"item\":\"https:\\\/\\\/fluxolimpo.ia.br\\\/loja\\\/\"},{\"@type\":\"ListItem\",\"position\":3,\"name\":\"Fone de ouvido sem fio YD03 compat\u00edvel com Bluetooth TWS com tela grande, visor digital inteligente e luz de respira\u00e7\u00e3o intra-auricular.\"}]},{\"@type\":\"WebSite\",\"@id\":\"https:\\\/\\\/fluxolimpo.ia.br\\\/loja\\\/#website\",\"url\":\"https:\\\/\\\/fluxolimpo.ia.br\\\/loja\\\/\",\"name\":\"Fluxo limpo Tech - Loja Virtual\",\"description\":\"AppS, Scripts e Produtos Importados Exclusivos\",\"publisher\":{\"@id\":\"https:\\\/\\\/fluxolimpo.ia.br\\\/loja\\\/#organization\"},\"potentialAction\":[{\"@type\":\"SearchAction\",\"target\":{\"@type\":\"EntryPoint\",\"urlTemplate\":\"https:\\\/\\\/fluxolimpo.ia.br\\\/loja\\\/?s={search_term_string}\"},\"query-input\":{\"@type\":\"PropertyValueSpecification\",\"valueRequired\":true,\"valueName\":\"search_term_string\"}}],\"inLanguage\":\"pt-BR\"},{\"@type\":\"Organization\",\"@id\":\"https:\\\/\\\/fluxolimpo.ia.br\\\/loja\\\/#organization\",\"name\":\"Fluxo limpo Tech - Loja Virtual\",\"url\":\"https:\\\/\\\/fluxolimpo.ia.br\\\/loja\\\/\",\"logo\":{\"@type\":\"ImageObject\",\"inLanguage\":\"pt-BR\",\"@id\":\"https:\\\/\\\/fluxolimpo.ia.br\\\/loja\\\/#\\\/schema\\\/logo\\\/image\\\/\",\"url\":\"https:\\\/\\\/fluxolimpo.ia.br\\\/loja\\\/wp-content\\\/uploads\\\/2026\\\/03\\\/cropped-logolojamini-1.png\",\"contentUrl\":\"https:\\\/\\\/fluxolimpo.ia.br\\\/loja\\\/wp-content\\\/uploads\\\/2026\\\/03\\\/cropped-logolojamini-1.png\",\"width\":321,\"height\":87,\"caption\":\"Fluxo limpo Tech - Loja Virtual\"},\"image\":{\"@id\":\"https:\\\/\\\/fluxolimpo.ia.br\\\/loja\\\/#\\\/schema\\\/logo\\\/image\\\/\"}}]}<\/script>\n<!-- \/ Yoast SEO plugin. -->","yoast_head_json":{"title":"Fone de ouvido sem fio YD03 compat\u00edvel com Bluetooth TWS com tela grande, visor digital inteligente e luz de respira\u00e7\u00e3o intra-auricular. - Fluxo limpo Tech - Loja Virtual","robots":{"index":"index","follow":"follow","max-snippet":"max-snippet:-1","max-image-preview":"max-image-preview:large","max-video-preview":"max-video-preview:-1"},"canonical":"https:\/\/fluxolimpo.ia.br\/loja\/produto\/fone-de-ouvido-sem-fio-yd03-compativel-com-bluetooth-tws-com-tela-grande-visor-digital-inteligente-e-luz-de-respiracao-intra-auricular\/","og_locale":"pt_BR","og_type":"article","og_title":"Fone de ouvido sem fio YD03 compat\u00edvel com Bluetooth TWS com tela grande, visor digital inteligente e luz de respira\u00e7\u00e3o intra-auricular. - Fluxo limpo Tech - Loja Virtual","og_description":"Vis\u00e3o geral: Visor de luz LED suave aprimorado, que permite visualizar a carga restante dos fones de ouvido rapidamente, sem precisar abrir a tampa. Chip de 5.3 n\u00facleos com atualiza\u00e7\u00e3o completa e est\u00e1vel, proporcionando transmiss\u00e3o mais est\u00e1vel, conex\u00e3o mais f\u00e1cil e chamadas e m\u00fasicas mais fluidas. O diafragma composto de grafeno \u00e9 leve, tem resposta [&hellip;]","og_url":"https:\/\/fluxolimpo.ia.br\/loja\/produto\/fone-de-ouvido-sem-fio-yd03-compativel-com-bluetooth-tws-com-tela-grande-visor-digital-inteligente-e-luz-de-respiracao-intra-auricular\/","og_site_name":"Fluxo limpo Tech - Loja Virtual","article_modified_time":"2026-04-17T03:06:09+00:00","og_image":[{"width":800,"height":800,"url":"https:\/\/fluxolimpo.ia.br\/loja\/wp-content\/uploads\/2026\/04\/e18cca14-8953-4cf9-9966-c55e7c99f5ee.jpg","type":"image\/jpeg"}],"twitter_card":"summary_large_image","twitter_misc":{"Est. tempo de leitura":"1 minuto"},"schema":{"@context":"https:\/\/schema.org","@graph":[{"@type":"WebPage","@id":"https:\/\/fluxolimpo.ia.br\/loja\/produto\/fone-de-ouvido-sem-fio-yd03-compativel-com-bluetooth-tws-com-tela-grande-visor-digital-inteligente-e-luz-de-respiracao-intra-auricular\/","url":"https:\/\/fluxolimpo.ia.br\/loja\/produto\/fone-de-ouvido-sem-fio-yd03-compativel-com-bluetooth-tws-com-tela-grande-visor-digital-inteligente-e-luz-de-respiracao-intra-auricular\/","name":"Fone de ouvido sem fio YD03 compat\u00edvel com Bluetooth TWS com tela grande, visor digital inteligente e luz de respira\u00e7\u00e3o intra-auricular. - Fluxo limpo Tech - Loja Virtual","isPartOf":{"@id":"https:\/\/fluxolimpo.ia.br\/loja\/#website"},"primaryImageOfPage":{"@id":"https:\/\/fluxolimpo.ia.br\/loja\/produto\/fone-de-ouvido-sem-fio-yd03-compativel-com-bluetooth-tws-com-tela-grande-visor-digital-inteligente-e-luz-de-respiracao-intra-auricular\/#primaryimage"},"image":{"@id":"https:\/\/fluxolimpo.ia.br\/loja\/produto\/fone-de-ouvido-sem-fio-yd03-compativel-com-bluetooth-tws-com-tela-grande-visor-digital-inteligente-e-luz-de-respiracao-intra-auricular\/#primaryimage"},"thumbnailUrl":"https:\/\/fluxolimpo.ia.br\/loja\/wp-content\/uploads\/2026\/04\/e18cca14-8953-4cf9-9966-c55e7c99f5ee.jpg","datePublished":"2026-04-12T02:17:48+00:00","dateModified":"2026-04-17T03:06:09+00:00","breadcrumb":{"@id":"https:\/\/fluxolimpo.ia.br\/loja\/produto\/fone-de-ouvido-sem-fio-yd03-compativel-com-bluetooth-tws-com-tela-grande-visor-digital-inteligente-e-luz-de-respiracao-intra-auricular\/#breadcrumb"},"inLanguage":"pt-BR","potentialAction":[{"@type":"ReadAction","target":["https:\/\/fluxolimpo.ia.br\/loja\/produto\/fone-de-ouvido-sem-fio-yd03-compativel-com-bluetooth-tws-com-tela-grande-visor-digital-inteligente-e-luz-de-respiracao-intra-auricular\/"]}]},{"@type":"ImageObject","inLanguage":"pt-BR","@id":"https:\/\/fluxolimpo.ia.br\/loja\/produto\/fone-de-ouvido-sem-fio-yd03-compativel-com-bluetooth-tws-com-tela-grande-visor-digital-inteligente-e-luz-de-respiracao-intra-auricular\/#primaryimage","url":"https:\/\/fluxolimpo.ia.br\/loja\/wp-content\/uploads\/2026\/04\/e18cca14-8953-4cf9-9966-c55e7c99f5ee.jpg","contentUrl":"https:\/\/fluxolimpo.ia.br\/loja\/wp-content\/uploads\/2026\/04\/e18cca14-8953-4cf9-9966-c55e7c99f5ee.jpg","width":800,"height":800},{"@type":"BreadcrumbList","@id":"https:\/\/fluxolimpo.ia.br\/loja\/produto\/fone-de-ouvido-sem-fio-yd03-compativel-com-bluetooth-tws-com-tela-grande-visor-digital-inteligente-e-luz-de-respiracao-intra-auricular\/#breadcrumb","itemListElement":[{"@type":"ListItem","position":1,"name":"In\u00edcio","item":"https:\/\/fluxolimpo.ia.br\/loja\/"},{"@type":"ListItem","position":2,"name":"Shop","item":"https:\/\/fluxolimpo.ia.br\/loja\/"},{"@type":"ListItem","position":3,"name":"Fone de ouvido sem fio YD03 compat\u00edvel com Bluetooth TWS com tela grande, visor digital inteligente e luz de respira\u00e7\u00e3o intra-auricular."}]},{"@type":"WebSite","@id":"https:\/\/fluxolimpo.ia.br\/loja\/#website","url":"https:\/\/fluxolimpo.ia.br\/loja\/","name":"Fluxo limpo Tech - Loja Virtual","description":"AppS, Scripts e Produtos Importados Exclusivos","publisher":{"@id":"https:\/\/fluxolimpo.ia.br\/loja\/#organization"},"potentialAction":[{"@type":"SearchAction","target":{"@type":"EntryPoint","urlTemplate":"https:\/\/fluxolimpo.ia.br\/loja\/?s={search_term_string}"},"query-input":{"@type":"PropertyValueSpecification","valueRequired":true,"valueName":"search_term_string"}}],"inLanguage":"pt-BR"},{"@type":"Organization","@id":"https:\/\/fluxolimpo.ia.br\/loja\/#organization","name":"Fluxo limpo Tech - Loja Virtual","url":"https:\/\/fluxolimpo.ia.br\/loja\/","logo":{"@type":"ImageObject","inLanguage":"pt-BR","@id":"https:\/\/fluxolimpo.ia.br\/loja\/#\/schema\/logo\/image\/","url":"https:\/\/fluxolimpo.ia.br\/loja\/wp-content\/uploads\/2026\/03\/cropped-logolojamini-1.png","contentUrl":"https:\/\/fluxolimpo.ia.br\/loja\/wp-content\/uploads\/2026\/03\/cropped-logolojamini-1.png","width":321,"height":87,"caption":"Fluxo limpo Tech - Loja Virtual"},"image":{"@id":"https:\/\/fluxolimpo.ia.br\/loja\/#\/schema\/logo\/image\/"}}]}},"_links":{"self":[{"href":"https:\/\/fluxolimpo.ia.br\/loja\/wp-json\/wp\/v2\/product\/22155","targetHints":{"allow":["GET"]}}],"collection":[{"href":"https:\/\/fluxolimpo.ia.br\/loja\/wp-json\/wp\/v2\/product"}],"about":[{"href":"https:\/\/fluxolimpo.ia.br\/loja\/wp-json\/wp\/v2\/types\/product"}],"wp:featuredmedia":[{"embeddable":true,"href":"https:\/\/fluxolimpo.ia.br\/loja\/wp-json\/wp\/v2\/media\/22145"}],"wp:attachment":[{"href":"https:\/\/fluxolimpo.ia.br\/loja\/wp-json\/wp\/v2\/media?parent=22155"}],"wp:term":[{"taxonomy":"product_brand","embeddable":true,"href":"https:\/\/fluxolimpo.ia.br\/loja\/wp-json\/wp\/v2\/product_brand?post=22155"},{"taxonomy":"product_cat","embeddable":true,"href":"https:\/\/fluxolimpo.ia.br\/loja\/wp-json\/wp\/v2\/product_cat?post=22155"},{"taxonomy":"product_tag","embeddable":true,"href":"https:\/\/fluxolimpo.ia.br\/loja\/wp-json\/wp\/v2\/product_tag?post=22155"}],"curies":[{"name":"wp","href":"https:\/\/api.w.org\/{rel}","templated":true}]}}