{"id":22010,"date":"2026-03-26T23:53:44","date_gmt":"2026-03-27T02:53:44","guid":{"rendered":"https:\/\/fluxolimpo.ia.br\/loja\/?post_type=product&#038;p=22010"},"modified":"2026-03-27T00:18:34","modified_gmt":"2026-03-27T03:18:34","slug":"codigo-fonte-bet-plataformas-estilo-bet-tigrinho-roleta-e-subway-surf","status":"publish","type":"product","link":"https:\/\/fluxolimpo.ia.br\/loja\/produto\/codigo-fonte-bet-plataformas-estilo-bet-tigrinho-roleta-e-subway-surf\/","title":{"rendered":"Codigo fonte Bet &#8211; Plataformas estilo Bet, tigrinho, roleta e subway surf"},"content":{"rendered":"<h3><span style=\"color: #003300;\">Varios Scripts Roleta, Cassino, Bet e Tigrinho\u00a0<\/span><\/h3>\n<h4>Recursos como pix e mercado pago<br \/>\nReconhecimento Facial<\/h4>\n<p><strong><span dir=\"auto\">Compatibilidade moderna e entre navegadores:<\/span><\/strong><br \/>\n<span dir=\"auto\">Garantindo desempenho perfeito em todos os principais navegadores.<\/span><\/p>\n<p><strong><span dir=\"auto\">\u2666 Interface administrativa poderosa:<\/span><\/strong><br \/>\n<span dir=\"auto\">Um painel robusto e intuitivo para gerenciamento descomplicado.<\/span><\/p>\n<p><strong><span dir=\"auto\">\u2666 Interface de usu\u00e1rio limpa e moderna:<\/span><\/strong><br \/>\n<span dir=\"auto\">Design elegante e f\u00e1cil de usar para uma experi\u00eancia tranquila.<\/span><\/p>\n<p><strong><span dir=\"auto\">\u2666 Publica\u00e7\u00e3o de an\u00fancios flex\u00edvel:<\/span><\/strong><br \/>\n<span dir=\"auto\">M\u00faltiplas op\u00e7\u00f5es de tamanho para atender a diferentes necessidades.<\/span><\/p>\n<p><strong><span dir=\"auto\">\u2666 Funcionalidade din\u00e2mica e simples:<\/span><\/strong><br \/>\n<span dir=\"auto\">Inteligente, eficiente e f\u00e1cil de usar.<\/span><\/p>\n<p><strong><span dir=\"auto\">\u2666 Documenta\u00e7\u00e3o completa e conformidade com o GDPR:<\/span><\/strong><br \/>\n<span dir=\"auto\">Orienta\u00e7\u00f5es claras e forte prote\u00e7\u00e3o de dados.<\/span><\/p>\n<p><strong><span dir=\"auto\">\u2666 Atualiza\u00e7\u00f5es regulares:<\/span><\/strong><br \/>\n<span dir=\"auto\">Melhorias cont\u00ednuas e novos recursos.<\/span><\/p>\n","protected":false},"excerpt":{"rendered":"<p>Varios Scripts Roleta, Cassino, Bet e Tigrinho\u00a0 Recursos como pix e mercado pago Reconhecimento Facial Compatibilidade moderna e entre navegadores: Garantindo desempenho perfeito em todos os principais navegadores. \u2666 Interface administrativa poderosa: Um painel robusto e intuitivo para gerenciamento descomplicado. \u2666 Interface de usu\u00e1rio limpa e moderna: Design elegante e f\u00e1cil de usar para uma [&hellip;]<\/p>\n","protected":false},"featured_media":22021,"template":"","meta":{"inline_featured_image":false,"_monsterinsights_skip_tracking":false,"_monsterinsights_sitenote_active":false,"_monsterinsights_sitenote_note":"","_monsterinsights_sitenote_category":0,"_mbp_gutenberg_autopost":false},"product_brand":[],"product_cat":[609],"product_tag":[657,658,660,661,659],"class_list":{"0":"post-22010","1":"product","2":"type-product","3":"status-publish","4":"has-post-thumbnail","6":"product_cat-scripts","7":"product_tag-bet","8":"product_tag-plataformas-estilo-bet","9":"product_tag-roleta","10":"product_tag-subway-surf","11":"product_tag-tigrinho","13":"first","14":"instock","15":"downloadable","16":"virtual","17":"purchasable","18":"product-type-simple"},"yoast_head":"<!-- This site is optimized with the Yoast SEO plugin v27.4 - https:\/\/yoast.com\/product\/yoast-seo-wordpress\/ -->\n<title>Codigo fonte Bet - Plataformas estilo Bet, tigrinho, roleta e subway surf - Fluxo limpo Tech - Loja Virtual<\/title>\n<meta name=\"robots\" content=\"index, follow, max-snippet:-1, max-image-preview:large, max-video-preview:-1\" \/>\n<link rel=\"canonical\" href=\"https:\/\/fluxolimpo.ia.br\/loja\/produto\/codigo-fonte-bet-plataformas-estilo-bet-tigrinho-roleta-e-subway-surf\/\" \/>\n<meta property=\"og:locale\" content=\"pt_BR\" \/>\n<meta property=\"og:type\" content=\"article\" \/>\n<meta property=\"og:title\" content=\"Codigo fonte Bet - Plataformas estilo Bet, tigrinho, roleta e subway surf - Fluxo limpo Tech - Loja Virtual\" \/>\n<meta property=\"og:description\" content=\"Varios Scripts Roleta, Cassino, Bet e Tigrinho\u00a0 Recursos como pix e mercado pago Reconhecimento Facial Compatibilidade moderna e entre navegadores: Garantindo desempenho perfeito em todos os principais navegadores. \u2666 Interface administrativa poderosa: Um painel robusto e intuitivo para gerenciamento descomplicado. \u2666 Interface de usu\u00e1rio limpa e moderna: Design elegante e f\u00e1cil de usar para uma [&hellip;]\" \/>\n<meta property=\"og:url\" content=\"https:\/\/fluxolimpo.ia.br\/loja\/produto\/codigo-fonte-bet-plataformas-estilo-bet-tigrinho-roleta-e-subway-surf\/\" \/>\n<meta property=\"og:site_name\" content=\"Fluxo limpo Tech - Loja Virtual\" \/>\n<meta property=\"article:modified_time\" content=\"2026-03-27T03:18:34+00:00\" \/>\n<meta property=\"og:image\" content=\"https:\/\/fluxolimpo.ia.br\/loja\/wp-content\/uploads\/2026\/03\/subwaysurf2-2.jpg\" \/>\n\t<meta property=\"og:image:width\" content=\"825\" \/>\n\t<meta property=\"og:image:height\" content=\"1509\" \/>\n\t<meta property=\"og:image:type\" content=\"image\/jpeg\" \/>\n<meta name=\"twitter:card\" content=\"summary_large_image\" \/>\n<meta name=\"twitter:label1\" content=\"Est. tempo de leitura\" \/>\n\t<meta name=\"twitter:data1\" content=\"1 minuto\" \/>\n<script type=\"application\/ld+json\" class=\"yoast-schema-graph\">{\"@context\":\"https:\\\/\\\/schema.org\",\"@graph\":[{\"@type\":\"WebPage\",\"@id\":\"https:\\\/\\\/fluxolimpo.ia.br\\\/loja\\\/produto\\\/codigo-fonte-bet-plataformas-estilo-bet-tigrinho-roleta-e-subway-surf\\\/\",\"url\":\"https:\\\/\\\/fluxolimpo.ia.br\\\/loja\\\/produto\\\/codigo-fonte-bet-plataformas-estilo-bet-tigrinho-roleta-e-subway-surf\\\/\",\"name\":\"Codigo fonte Bet - Plataformas estilo Bet, tigrinho, roleta e subway surf - Fluxo limpo Tech - Loja Virtual\",\"isPartOf\":{\"@id\":\"https:\\\/\\\/fluxolimpo.ia.br\\\/loja\\\/#website\"},\"primaryImageOfPage\":{\"@id\":\"https:\\\/\\\/fluxolimpo.ia.br\\\/loja\\\/produto\\\/codigo-fonte-bet-plataformas-estilo-bet-tigrinho-roleta-e-subway-surf\\\/#primaryimage\"},\"image\":{\"@id\":\"https:\\\/\\\/fluxolimpo.ia.br\\\/loja\\\/produto\\\/codigo-fonte-bet-plataformas-estilo-bet-tigrinho-roleta-e-subway-surf\\\/#primaryimage\"},\"thumbnailUrl\":\"https:\\\/\\\/fluxolimpo.ia.br\\\/loja\\\/wp-content\\\/uploads\\\/2026\\\/03\\\/subwaysurf2-2.jpg\",\"datePublished\":\"2026-03-27T02:53:44+00:00\",\"dateModified\":\"2026-03-27T03:18:34+00:00\",\"breadcrumb\":{\"@id\":\"https:\\\/\\\/fluxolimpo.ia.br\\\/loja\\\/produto\\\/codigo-fonte-bet-plataformas-estilo-bet-tigrinho-roleta-e-subway-surf\\\/#breadcrumb\"},\"inLanguage\":\"pt-BR\",\"potentialAction\":[{\"@type\":\"ReadAction\",\"target\":[\"https:\\\/\\\/fluxolimpo.ia.br\\\/loja\\\/produto\\\/codigo-fonte-bet-plataformas-estilo-bet-tigrinho-roleta-e-subway-surf\\\/\"]}]},{\"@type\":\"ImageObject\",\"inLanguage\":\"pt-BR\",\"@id\":\"https:\\\/\\\/fluxolimpo.ia.br\\\/loja\\\/produto\\\/codigo-fonte-bet-plataformas-estilo-bet-tigrinho-roleta-e-subway-surf\\\/#primaryimage\",\"url\":\"https:\\\/\\\/fluxolimpo.ia.br\\\/loja\\\/wp-content\\\/uploads\\\/2026\\\/03\\\/subwaysurf2-2.jpg\",\"contentUrl\":\"https:\\\/\\\/fluxolimpo.ia.br\\\/loja\\\/wp-content\\\/uploads\\\/2026\\\/03\\\/subwaysurf2-2.jpg\",\"width\":825,\"height\":1509},{\"@type\":\"BreadcrumbList\",\"@id\":\"https:\\\/\\\/fluxolimpo.ia.br\\\/loja\\\/produto\\\/codigo-fonte-bet-plataformas-estilo-bet-tigrinho-roleta-e-subway-surf\\\/#breadcrumb\",\"itemListElement\":[{\"@type\":\"ListItem\",\"position\":1,\"name\":\"In\u00edcio\",\"item\":\"https:\\\/\\\/fluxolimpo.ia.br\\\/loja\\\/\"},{\"@type\":\"ListItem\",\"position\":2,\"name\":\"Shop\",\"item\":\"https:\\\/\\\/fluxolimpo.ia.br\\\/loja\\\/\"},{\"@type\":\"ListItem\",\"position\":3,\"name\":\"Codigo fonte Bet &#8211; Plataformas estilo Bet, tigrinho, roleta e subway surf\"}]},{\"@type\":\"WebSite\",\"@id\":\"https:\\\/\\\/fluxolimpo.ia.br\\\/loja\\\/#website\",\"url\":\"https:\\\/\\\/fluxolimpo.ia.br\\\/loja\\\/\",\"name\":\"Fluxo limpo Tech - Loja Virtual\",\"description\":\"AppS, Scripts e Produtos Importados Exclusivos\",\"publisher\":{\"@id\":\"https:\\\/\\\/fluxolimpo.ia.br\\\/loja\\\/#organization\"},\"potentialAction\":[{\"@type\":\"SearchAction\",\"target\":{\"@type\":\"EntryPoint\",\"urlTemplate\":\"https:\\\/\\\/fluxolimpo.ia.br\\\/loja\\\/?s={search_term_string}\"},\"query-input\":{\"@type\":\"PropertyValueSpecification\",\"valueRequired\":true,\"valueName\":\"search_term_string\"}}],\"inLanguage\":\"pt-BR\"},{\"@type\":\"Organization\",\"@id\":\"https:\\\/\\\/fluxolimpo.ia.br\\\/loja\\\/#organization\",\"name\":\"Fluxo limpo Tech - Loja Virtual\",\"url\":\"https:\\\/\\\/fluxolimpo.ia.br\\\/loja\\\/\",\"logo\":{\"@type\":\"ImageObject\",\"inLanguage\":\"pt-BR\",\"@id\":\"https:\\\/\\\/fluxolimpo.ia.br\\\/loja\\\/#\\\/schema\\\/logo\\\/image\\\/\",\"url\":\"https:\\\/\\\/fluxolimpo.ia.br\\\/loja\\\/wp-content\\\/uploads\\\/2026\\\/03\\\/cropped-logolojamini-1.png\",\"contentUrl\":\"https:\\\/\\\/fluxolimpo.ia.br\\\/loja\\\/wp-content\\\/uploads\\\/2026\\\/03\\\/cropped-logolojamini-1.png\",\"width\":321,\"height\":87,\"caption\":\"Fluxo limpo Tech - Loja Virtual\"},\"image\":{\"@id\":\"https:\\\/\\\/fluxolimpo.ia.br\\\/loja\\\/#\\\/schema\\\/logo\\\/image\\\/\"}}]}<\/script>\n<!-- \/ Yoast SEO plugin. -->","yoast_head_json":{"title":"Codigo fonte Bet - Plataformas estilo Bet, tigrinho, roleta e subway surf - Fluxo limpo Tech - Loja Virtual","robots":{"index":"index","follow":"follow","max-snippet":"max-snippet:-1","max-image-preview":"max-image-preview:large","max-video-preview":"max-video-preview:-1"},"canonical":"https:\/\/fluxolimpo.ia.br\/loja\/produto\/codigo-fonte-bet-plataformas-estilo-bet-tigrinho-roleta-e-subway-surf\/","og_locale":"pt_BR","og_type":"article","og_title":"Codigo fonte Bet - Plataformas estilo Bet, tigrinho, roleta e subway surf - Fluxo limpo Tech - Loja Virtual","og_description":"Varios Scripts Roleta, Cassino, Bet e Tigrinho\u00a0 Recursos como pix e mercado pago Reconhecimento Facial Compatibilidade moderna e entre navegadores: Garantindo desempenho perfeito em todos os principais navegadores. \u2666 Interface administrativa poderosa: Um painel robusto e intuitivo para gerenciamento descomplicado. \u2666 Interface de usu\u00e1rio limpa e moderna: Design elegante e f\u00e1cil de usar para uma [&hellip;]","og_url":"https:\/\/fluxolimpo.ia.br\/loja\/produto\/codigo-fonte-bet-plataformas-estilo-bet-tigrinho-roleta-e-subway-surf\/","og_site_name":"Fluxo limpo Tech - Loja Virtual","article_modified_time":"2026-03-27T03:18:34+00:00","og_image":[{"width":825,"height":1509,"url":"https:\/\/fluxolimpo.ia.br\/loja\/wp-content\/uploads\/2026\/03\/subwaysurf2-2.jpg","type":"image\/jpeg"}],"twitter_card":"summary_large_image","twitter_misc":{"Est. tempo de leitura":"1 minuto"},"schema":{"@context":"https:\/\/schema.org","@graph":[{"@type":"WebPage","@id":"https:\/\/fluxolimpo.ia.br\/loja\/produto\/codigo-fonte-bet-plataformas-estilo-bet-tigrinho-roleta-e-subway-surf\/","url":"https:\/\/fluxolimpo.ia.br\/loja\/produto\/codigo-fonte-bet-plataformas-estilo-bet-tigrinho-roleta-e-subway-surf\/","name":"Codigo fonte Bet - Plataformas estilo Bet, tigrinho, roleta e subway surf - Fluxo limpo Tech - Loja Virtual","isPartOf":{"@id":"https:\/\/fluxolimpo.ia.br\/loja\/#website"},"primaryImageOfPage":{"@id":"https:\/\/fluxolimpo.ia.br\/loja\/produto\/codigo-fonte-bet-plataformas-estilo-bet-tigrinho-roleta-e-subway-surf\/#primaryimage"},"image":{"@id":"https:\/\/fluxolimpo.ia.br\/loja\/produto\/codigo-fonte-bet-plataformas-estilo-bet-tigrinho-roleta-e-subway-surf\/#primaryimage"},"thumbnailUrl":"https:\/\/fluxolimpo.ia.br\/loja\/wp-content\/uploads\/2026\/03\/subwaysurf2-2.jpg","datePublished":"2026-03-27T02:53:44+00:00","dateModified":"2026-03-27T03:18:34+00:00","breadcrumb":{"@id":"https:\/\/fluxolimpo.ia.br\/loja\/produto\/codigo-fonte-bet-plataformas-estilo-bet-tigrinho-roleta-e-subway-surf\/#breadcrumb"},"inLanguage":"pt-BR","potentialAction":[{"@type":"ReadAction","target":["https:\/\/fluxolimpo.ia.br\/loja\/produto\/codigo-fonte-bet-plataformas-estilo-bet-tigrinho-roleta-e-subway-surf\/"]}]},{"@type":"ImageObject","inLanguage":"pt-BR","@id":"https:\/\/fluxolimpo.ia.br\/loja\/produto\/codigo-fonte-bet-plataformas-estilo-bet-tigrinho-roleta-e-subway-surf\/#primaryimage","url":"https:\/\/fluxolimpo.ia.br\/loja\/wp-content\/uploads\/2026\/03\/subwaysurf2-2.jpg","contentUrl":"https:\/\/fluxolimpo.ia.br\/loja\/wp-content\/uploads\/2026\/03\/subwaysurf2-2.jpg","width":825,"height":1509},{"@type":"BreadcrumbList","@id":"https:\/\/fluxolimpo.ia.br\/loja\/produto\/codigo-fonte-bet-plataformas-estilo-bet-tigrinho-roleta-e-subway-surf\/#breadcrumb","itemListElement":[{"@type":"ListItem","position":1,"name":"In\u00edcio","item":"https:\/\/fluxolimpo.ia.br\/loja\/"},{"@type":"ListItem","position":2,"name":"Shop","item":"https:\/\/fluxolimpo.ia.br\/loja\/"},{"@type":"ListItem","position":3,"name":"Codigo fonte Bet &#8211; Plataformas estilo Bet, tigrinho, roleta e subway surf"}]},{"@type":"WebSite","@id":"https:\/\/fluxolimpo.ia.br\/loja\/#website","url":"https:\/\/fluxolimpo.ia.br\/loja\/","name":"Fluxo limpo Tech - Loja Virtual","description":"AppS, Scripts e Produtos Importados Exclusivos","publisher":{"@id":"https:\/\/fluxolimpo.ia.br\/loja\/#organization"},"potentialAction":[{"@type":"SearchAction","target":{"@type":"EntryPoint","urlTemplate":"https:\/\/fluxolimpo.ia.br\/loja\/?s={search_term_string}"},"query-input":{"@type":"PropertyValueSpecification","valueRequired":true,"valueName":"search_term_string"}}],"inLanguage":"pt-BR"},{"@type":"Organization","@id":"https:\/\/fluxolimpo.ia.br\/loja\/#organization","name":"Fluxo limpo Tech - Loja Virtual","url":"https:\/\/fluxolimpo.ia.br\/loja\/","logo":{"@type":"ImageObject","inLanguage":"pt-BR","@id":"https:\/\/fluxolimpo.ia.br\/loja\/#\/schema\/logo\/image\/","url":"https:\/\/fluxolimpo.ia.br\/loja\/wp-content\/uploads\/2026\/03\/cropped-logolojamini-1.png","contentUrl":"https:\/\/fluxolimpo.ia.br\/loja\/wp-content\/uploads\/2026\/03\/cropped-logolojamini-1.png","width":321,"height":87,"caption":"Fluxo limpo Tech - Loja Virtual"},"image":{"@id":"https:\/\/fluxolimpo.ia.br\/loja\/#\/schema\/logo\/image\/"}}]}},"_links":{"self":[{"href":"https:\/\/fluxolimpo.ia.br\/loja\/wp-json\/wp\/v2\/product\/22010","targetHints":{"allow":["GET"]}}],"collection":[{"href":"https:\/\/fluxolimpo.ia.br\/loja\/wp-json\/wp\/v2\/product"}],"about":[{"href":"https:\/\/fluxolimpo.ia.br\/loja\/wp-json\/wp\/v2\/types\/product"}],"wp:featuredmedia":[{"embeddable":true,"href":"https:\/\/fluxolimpo.ia.br\/loja\/wp-json\/wp\/v2\/media\/22021"}],"wp:attachment":[{"href":"https:\/\/fluxolimpo.ia.br\/loja\/wp-json\/wp\/v2\/media?parent=22010"}],"wp:term":[{"taxonomy":"product_brand","embeddable":true,"href":"https:\/\/fluxolimpo.ia.br\/loja\/wp-json\/wp\/v2\/product_brand?post=22010"},{"taxonomy":"product_cat","embeddable":true,"href":"https:\/\/fluxolimpo.ia.br\/loja\/wp-json\/wp\/v2\/product_cat?post=22010"},{"taxonomy":"product_tag","embeddable":true,"href":"https:\/\/fluxolimpo.ia.br\/loja\/wp-json\/wp\/v2\/product_tag?post=22010"}],"curies":[{"name":"wp","href":"https:\/\/api.w.org\/{rel}","templated":true}]}}